{"id":6398,"date":"2023-09-20T08:52:45","date_gmt":"2023-09-20T08:52:45","guid":{"rendered":"http:\/\/ibn.wyd.mybluehost.me\/reanpackaging.com\/product\/wholesale-custom-logo-brown-kraft-paper-flower-packaging-bag-flower-bouquet-carrier-gift-bag\/"},"modified":"2024-10-01T16:59:47","modified_gmt":"2024-10-01T16:59:47","slug":"wholesale-custom-logo-brown-kraft-paper-flower-packaging-bag-flower-bouquet-carrier-gift-bag","status":"publish","type":"product","link":"https:\/\/reanpackaging.com\/cs\/produkt\/velkoobchodni-vlastni-logo-hnedy-kraft-papir-kvetiny-baleni-taska-kvetina-kytice-nosic-darkove-tasky\/","title":{"rendered":"Velkoobchodn\u00ed vlastn\u00ed logo Hn\u011bd\u00fd kraftov\u00fd pap\u00edr Kv\u011btinov\u00fd obalov\u00fd s\u00e1\u010dek Kv\u011btinov\u00e1 kytice D\u00e1rkov\u00e1 ta\u0161ka"},"content":{"rendered":"<h4>Atributy specifick\u00e9 pro dan\u00e9 odv\u011btv\u00ed<\/h4>\n<table border=\"1\">\n<tbody>\n<tr>\n<td><strong>Pr\u016fmyslov\u00e9 vyu\u017eit\u00ed<\/strong><\/td>\n<td>D\u00e1rky a \u0159emesla<\/td>\n<\/tr>\n<tr>\n<td><strong>Typ pap\u00edru<\/strong><\/td>\n<td>Nemastn\u00fd pap\u00edr<\/td>\n<\/tr>\n<tr>\n<td><strong>Funkce<\/strong><\/td>\n<td>Recyklovateln\u00e9<\/td>\n<\/tr>\n<\/tbody>\n<\/table>\n<h4>Dal\u0161\u00ed atributy<\/h4>\n<table border=\"1\">\n<tbody>\n<tr>\n<td><strong>M\u00edsto p\u016fvodu<\/strong><\/td>\n<td>Zhejiang, \u010c\u00edna<\/td>\n<\/tr>\n<tr>\n<td><strong>N\u00e1zev zna\u010dky<\/strong><\/td>\n<td>Zixin<\/td>\n<\/tr>\n<tr>\n<td><strong>Manipulace s povrchem<\/strong><\/td>\n<td>Ra\u017eba za tepla<\/td>\n<\/tr>\n<tr>\n<td><strong>T\u011bsn\u011bn\u00ed a rukoje\u0165<\/strong><\/td>\n<td>Rukoje\u0165 vesty<\/td>\n<\/tr>\n<tr>\n<td><strong>Vlastn\u00ed objedn\u00e1vka<\/strong><\/td>\n<td>P\u0159ijmout<\/td>\n<\/tr>\n<tr>\n<td><strong>N\u00e1zev produktu<\/strong><\/td>\n<td>Hn\u011bd\u00fd kraftov\u00fd pap\u00edr Kv\u011btinov\u00e1 obalov\u00e1 ta\u0161ka Kv\u011btinov\u00e1 kytice D\u00e1rkov\u00e1 ta\u0161ka<\/td>\n<\/tr>\n<tr>\n<td><strong>Materi\u00e1l<\/strong><\/td>\n<td>Kraftov\u00fd pap\u00edr<\/td>\n<\/tr>\n<tr>\n<td><strong>Pr\u016fmyslov\u00e9 vyu\u017eit\u00ed<\/strong><\/td>\n<td>Balen\u00ed \u010derstv\u00fdch kv\u011btin<\/td>\n<\/tr>\n<tr>\n<td><strong>Pou\u017eit\u00ed<\/strong><\/td>\n<td>Balen\u00ed polo\u017eek<\/td>\n<\/tr>\n<tr>\n<td><strong>Logo<\/strong><\/td>\n<td>P\u0159ijmout p\u0159izp\u016fsoben\u00e9 logo<\/td>\n<\/tr>\n<tr>\n<td><strong>Velikost<\/strong><\/td>\n<td>P\u0159izp\u016fsoben\u00e1 velikost<\/td>\n<\/tr>\n<tr>\n<td><strong>Barva<\/strong><\/td>\n<td>P\u0159izp\u016fsoben\u00e1 barva<\/td>\n<\/tr>\n<tr>\n<td><strong>MOQ<\/strong><\/td>\n<td>1000ks<\/td>\n<\/tr>\n<tr>\n<td><strong>Funkce<\/strong><\/td>\n<td>Jednor\u00e1zov\u00e9<\/td>\n<\/tr>\n<tr>\n<td><strong>Tisk<\/strong><\/td>\n<td>\u010cty\u0159barevn\u00fd ofsetov\u00fd tisk CMYK<\/td>\n<\/tr>\n<\/tbody>\n<\/table>\n<p><img fetchpriority=\"high\" decoding=\"async\" class=\"alignnone  wp-image-6412\" src=\"http:\/\/ibn.wyd.mybluehost.me\/reanpackaging.com\/wp-content\/uploads\/2023\/09\/1-min-3-177x300.jpg\" alt=\"velkoobchodn\u00ed vlastn\u00ed logo hn\u011bd\u00fd kraft pap\u00edr kv\u011btiny balen\u00ed ta\u0161ka kv\u011btina kytice nosi\u010d d\u00e1rkov\u00e9 ta\u0161ky\" width=\"1290\" height=\"2186\" srcset=\"https:\/\/reanpackaging.com\/wp-content\/uploads\/2023\/09\/1-min-3-177x300.jpg 177w, https:\/\/reanpackaging.com\/wp-content\/uploads\/2023\/09\/1-min-3-604x1024.jpg 604w, https:\/\/reanpackaging.com\/wp-content\/uploads\/2023\/09\/1-min-3-600x1018.jpg 600w, https:\/\/reanpackaging.com\/wp-content\/uploads\/2023\/09\/1-min-3.jpg 790w\" sizes=\"(max-width: 1290px) 100vw, 1290px\" \/><\/p>\n<p><img decoding=\"async\" class=\"alignnone  wp-image-6414\" src=\"http:\/\/ibn.wyd.mybluehost.me\/reanpackaging.com\/wp-content\/uploads\/2023\/09\/2-min-2-300x300.jpg\" alt=\"velkoobchodn\u00ed vlastn\u00ed logo hn\u011bd\u00fd kraft pap\u00edr kv\u011btiny balen\u00ed ta\u0161ka kv\u011btina kytice nosi\u010d d\u00e1rkov\u00e9 ta\u0161ky\" width=\"1302\" height=\"1302\" srcset=\"https:\/\/reanpackaging.com\/wp-content\/uploads\/2023\/09\/2-min-2-300x300.jpg 300w, https:\/\/reanpackaging.com\/wp-content\/uploads\/2023\/09\/2-min-2-150x150.jpg 150w, https:\/\/reanpackaging.com\/wp-content\/uploads\/2023\/09\/2-min-2-100x100.jpg 100w\" sizes=\"(max-width: 1302px) 100vw, 1302px\" \/><\/p>\n<p><img decoding=\"async\" class=\"alignnone  wp-image-6415\" src=\"http:\/\/ibn.wyd.mybluehost.me\/reanpackaging.com\/wp-content\/uploads\/2023\/09\/3-min-3-190x300.jpg\" alt=\"velkoobchodn\u00ed vlastn\u00ed logo hn\u011bd\u00fd kraft pap\u00edr kv\u011btiny balen\u00ed ta\u0161ka kv\u011btina kytice nosi\u010d d\u00e1rkov\u00e9 ta\u0161ky\" width=\"1301\" height=\"2054\" srcset=\"https:\/\/reanpackaging.com\/wp-content\/uploads\/2023\/09\/3-min-3-190x300.jpg 190w, https:\/\/reanpackaging.com\/wp-content\/uploads\/2023\/09\/3-min-3-600x946.jpg 600w\" sizes=\"(max-width: 1301px) 100vw, 1301px\" \/><\/p>\n<p><img loading=\"lazy\" decoding=\"async\" class=\"alignnone  wp-image-6416\" src=\"http:\/\/ibn.wyd.mybluehost.me\/reanpackaging.com\/wp-content\/uploads\/2023\/09\/4-min-3-296x300.jpg\" alt=\"velkoobchodn\u00ed vlastn\u00ed logo hn\u011bd\u00fd kraft pap\u00edr kv\u011btiny balen\u00ed ta\u0161ka kv\u011btina kytice nosi\u010d d\u00e1rkov\u00e9 ta\u0161ky\" width=\"1377\" height=\"1396\" srcset=\"https:\/\/reanpackaging.com\/wp-content\/uploads\/2023\/09\/4-min-3-296x300.jpg 296w, https:\/\/reanpackaging.com\/wp-content\/uploads\/2023\/09\/4-min-3-768x780.jpg 768w, https:\/\/reanpackaging.com\/wp-content\/uploads\/2023\/09\/4-min-3-600x609.jpg 600w, https:\/\/reanpackaging.com\/wp-content\/uploads\/2023\/09\/4-min-3-100x100.jpg 100w, https:\/\/reanpackaging.com\/wp-content\/uploads\/2023\/09\/4-min-3.jpg 790w\" sizes=\"(max-width: 1377px) 100vw, 1377px\" \/><\/p>\n<p><img loading=\"lazy\" decoding=\"async\" class=\"alignnone  wp-image-6417\" src=\"http:\/\/ibn.wyd.mybluehost.me\/reanpackaging.com\/wp-content\/uploads\/2023\/09\/5-min-3-298x300.jpg\" alt=\"velkoobchodn\u00ed vlastn\u00ed logo hn\u011bd\u00fd kraft pap\u00edr kv\u011btiny balen\u00ed ta\u0161ka kv\u011btina kytice nosi\u010d d\u00e1rkov\u00e9 ta\u0161ky\" width=\"1320\" height=\"1329\" srcset=\"https:\/\/reanpackaging.com\/wp-content\/uploads\/2023\/09\/5-min-3-298x300.jpg 298w, https:\/\/reanpackaging.com\/wp-content\/uploads\/2023\/09\/5-min-3-150x150.jpg 150w, https:\/\/reanpackaging.com\/wp-content\/uploads\/2023\/09\/5-min-3-768x774.jpg 768w, https:\/\/reanpackaging.com\/wp-content\/uploads\/2023\/09\/5-min-3-600x605.jpg 600w, https:\/\/reanpackaging.com\/wp-content\/uploads\/2023\/09\/5-min-3-100x100.jpg 100w, https:\/\/reanpackaging.com\/wp-content\/uploads\/2023\/09\/5-min-3.jpg 790w\" sizes=\"(max-width: 1320px) 100vw, 1320px\" \/><\/p>\n<p><img loading=\"lazy\" decoding=\"async\" class=\"alignnone  wp-image-6418\" src=\"http:\/\/ibn.wyd.mybluehost.me\/reanpackaging.com\/wp-content\/uploads\/2023\/09\/6-min-2-300x276.jpg\" alt=\"velkoobchodn\u00ed vlastn\u00ed logo hn\u011bd\u00fd kraft pap\u00edr kv\u011btiny balen\u00ed ta\u0161ka kv\u011btina kytice nosi\u010d d\u00e1rkov\u00e9 ta\u0161ky\" width=\"1322\" height=\"1216\" srcset=\"https:\/\/reanpackaging.com\/wp-content\/uploads\/2023\/09\/6-min-2-300x276.jpg 300w, https:\/\/reanpackaging.com\/wp-content\/uploads\/2023\/09\/6-min-2-768x706.jpg 768w, https:\/\/reanpackaging.com\/wp-content\/uploads\/2023\/09\/6-min-2-600x551.jpg 600w, https:\/\/reanpackaging.com\/wp-content\/uploads\/2023\/09\/6-min-2.jpg 790w\" sizes=\"(max-width: 1322px) 100vw, 1322px\" \/><\/p>\n<p><img loading=\"lazy\" decoding=\"async\" class=\"alignnone  wp-image-6419\" src=\"http:\/\/ibn.wyd.mybluehost.me\/reanpackaging.com\/wp-content\/uploads\/2023\/09\/7-min-2-252x300.jpg\" alt=\"velkoobchodn\u00ed vlastn\u00ed logo hn\u011bd\u00fd kraft pap\u00edr kv\u011btiny balen\u00ed ta\u0161ka kv\u011btina kytice nosi\u010d d\u00e1rkov\u00e9 ta\u0161ky\" width=\"1323\" height=\"1575\" srcset=\"https:\/\/reanpackaging.com\/wp-content\/uploads\/2023\/09\/7-min-2-252x300.jpg 252w, https:\/\/reanpackaging.com\/wp-content\/uploads\/2023\/09\/7-min-2-600x715.jpg 600w\" sizes=\"(max-width: 1323px) 100vw, 1323px\" \/><\/p>\n<p><img loading=\"lazy\" decoding=\"async\" class=\"alignnone  wp-image-6420\" src=\"http:\/\/ibn.wyd.mybluehost.me\/reanpackaging.com\/wp-content\/uploads\/2023\/09\/8-min-2-300x300.jpg\" alt=\"velkoobchodn\u00ed vlastn\u00ed logo hn\u011bd\u00fd kraft pap\u00edr kv\u011btiny balen\u00ed ta\u0161ka kv\u011btina kytice nosi\u010d d\u00e1rkov\u00e9 ta\u0161ky\" width=\"1323\" height=\"1323\" srcset=\"https:\/\/reanpackaging.com\/wp-content\/uploads\/2023\/09\/8-min-2-300x300.jpg 300w, https:\/\/reanpackaging.com\/wp-content\/uploads\/2023\/09\/8-min-2-150x150.jpg 150w, https:\/\/reanpackaging.com\/wp-content\/uploads\/2023\/09\/8-min-2-100x100.jpg 100w\" sizes=\"(max-width: 1323px) 100vw, 1323px\" \/><\/p>","protected":false},"excerpt":{"rendered":"<p>Industry-Specific Attributes Industrial Use Gift &amp; Craft Paper Type Greaseproof Paper Feature Recyclable Other Attributes Place of Origin Zhejiang, China Brand Name Zixin Surface Handling Hot Stamping Sealing &amp; Handle Vest Handle Custom Order Accept Product name Brown Kraft Paper Flower Packaging Bag Flower Bouquet Carrier Gift Bag Material Kraft paper Industrial Use Fresh flower [&hellip;]<\/p>\n","protected":false},"featured_media":6399,"template":"","meta":{"_seopress_robots_primary_cat":"none","_seopress_titles_title":"","_seopress_titles_desc":"","_seopress_robots_index":"","site-sidebar-layout":"default","site-content-layout":"default","ast-site-content-layout":"default","site-content-style":"default","site-sidebar-style":"default","ast-global-header-display":"","ast-banner-title-visibility":"","ast-main-header-display":"","ast-hfb-above-header-display":"","ast-hfb-below-header-display":"","ast-hfb-mobile-header-display":"","site-post-title":"","ast-breadcrumbs-content":"","ast-featured-img":"","footer-sml-layout":"","ast-disable-related-posts":"","theme-transparent-header-meta":"default","adv-header-id-meta":"","stick-header-meta":"default","header-above-stick-meta":"","header-main-stick-meta":"","header-below-stick-meta":"","astra-migrate-meta-layouts":"set","ast-page-background-enabled":"default","ast-page-background-meta":{"desktop":{"background-color":"","background-image":"","background-repeat":"repeat","background-position":"center center","background-size":"auto","background-attachment":"scroll","background-type":"","background-media":"","overlay-type":"","overlay-color":"","overlay-opacity":"","overlay-gradient":""},"tablet":{"background-color":"","background-image":"","background-repeat":"repeat","background-position":"center center","background-size":"auto","background-attachment":"scroll","background-type":"","background-media":"","overlay-type":"","overlay-color":"","overlay-opacity":"","overlay-gradient":""},"mobile":{"background-color":"","background-image":"","background-repeat":"repeat","background-position":"center center","background-size":"auto","background-attachment":"scroll","background-type":"","background-media":"","overlay-type":"","overlay-color":"","overlay-opacity":"","overlay-gradient":""}},"ast-content-background-meta":{"desktop":{"background-color":"var(--ast-global-color-5)","background-image":"","background-repeat":"repeat","background-position":"center center","background-size":"auto","background-attachment":"scroll","background-type":"","background-media":"","overlay-type":"","overlay-color":"","overlay-opacity":"","overlay-gradient":""},"tablet":{"background-color":"var(--ast-global-color-5)","background-image":"","background-repeat":"repeat","background-position":"center center","background-size":"auto","background-attachment":"scroll","background-type":"","background-media":"","overlay-type":"","overlay-color":"","overlay-opacity":"","overlay-gradient":""},"mobile":{"background-color":"var(--ast-global-color-5)","background-image":"","background-repeat":"repeat","background-position":"center center","background-size":"auto","background-attachment":"scroll","background-type":"","background-media":"","overlay-type":"","overlay-color":"","overlay-opacity":"","overlay-gradient":""}}},"product_brand":[],"product_cat":[40,36],"product_tag":[],"class_list":{"0":"post-6398","1":"product","2":"type-product","3":"status-publish","4":"has-post-thumbnail","6":"product_cat-gift-bags","7":"product_cat-kraft-bags","8":"desktop-align-left","9":"tablet-align-left","10":"mobile-align-left","11":"ast-product-gallery-layout-horizontal","12":"ast-product-tabs-layout-horizontal","14":"first","15":"instock","16":"purchasable","17":"product-type-simple"},"_links":{"self":[{"href":"https:\/\/reanpackaging.com\/cs\/wp-json\/wp\/v2\/product\/6398","targetHints":{"allow":["GET"]}}],"collection":[{"href":"https:\/\/reanpackaging.com\/cs\/wp-json\/wp\/v2\/product"}],"about":[{"href":"https:\/\/reanpackaging.com\/cs\/wp-json\/wp\/v2\/types\/product"}],"wp:featuredmedia":[{"embeddable":true,"href":"https:\/\/reanpackaging.com\/cs\/wp-json\/wp\/v2\/media\/6399"}],"wp:attachment":[{"href":"https:\/\/reanpackaging.com\/cs\/wp-json\/wp\/v2\/media?parent=6398"}],"wp:term":[{"taxonomy":"product_brand","embeddable":true,"href":"https:\/\/reanpackaging.com\/cs\/wp-json\/wp\/v2\/product_brand?post=6398"},{"taxonomy":"product_cat","embeddable":true,"href":"https:\/\/reanpackaging.com\/cs\/wp-json\/wp\/v2\/product_cat?post=6398"},{"taxonomy":"product_tag","embeddable":true,"href":"https:\/\/reanpackaging.com\/cs\/wp-json\/wp\/v2\/product_tag?post=6398"}],"curies":[{"name":"wp","href":"https:\/\/api.w.org\/{rel}","templated":true}]}}