{"id":6480,"date":"2023-09-20T14:47:06","date_gmt":"2023-09-20T14:47:06","guid":{"rendered":"http:\/\/ibn.wyd.mybluehost.me\/reanpackaging.com\/product\/custom-logo-luxury-boutique-black-shopping-paper-bag-with-handle-recycled-retail-small-personalised-gift-packaging-paper-bags\/"},"modified":"2024-10-01T16:59:41","modified_gmt":"2024-10-01T16:59:41","slug":"custom-logo-luxury-boutique-black-shopping-paper-bag-with-handle-recycled-retail-small-personalised-gift-packaging-paper-bags","status":"publish","type":"product","link":"https:\/\/reanpackaging.com\/cs\/produkt\/vlastni-logo-luxusni-butik-cerna-nakupni-papirova-taska-s-uchem-recyklovane-maloobchodni-male-personalizovane-darkove-baleni-papirove-tasky\/","title":{"rendered":"Vlastn\u00ed logo luxusn\u00ed butik \u010dern\u00e1 n\u00e1kupn\u00ed pap\u00edrov\u00e1 ta\u0161ka s rukojet\u00ed recyklovan\u00e9 maloobchodn\u00ed mal\u00e9 personalizovan\u00e9 d\u00e1rkov\u00e9 balen\u00ed pap\u00edrov\u00e9 ta\u0161ky"},"content":{"rendered":"<h4>Atributy specifick\u00e9 pro dan\u00e9 odv\u011btv\u00ed<\/h4>\n<table border=\"1\">\n<tbody>\n<tr>\n<td><strong>Pr\u016fmyslov\u00e9 vyu\u017eit\u00ed<\/strong><\/td>\n<td>D\u00e1rky a \u0159emesla<\/td>\n<\/tr>\n<tr>\n<td><strong>Typ pap\u00edru<\/strong><\/td>\n<td>Karton<\/td>\n<\/tr>\n<tr>\n<td><strong>Funkce<\/strong><\/td>\n<td>Recyklovateln\u00e9<\/td>\n<\/tr>\n<\/tbody>\n<\/table>\n<h4>Dal\u0161\u00ed atributy<\/h4>\n<table border=\"1\">\n<tbody>\n<tr>\n<td><strong>M\u00edsto p\u016fvodu<\/strong><\/td>\n<td>Zhejiang, \u010c\u00edna<\/td>\n<\/tr>\n<tr>\n<td><strong>N\u00e1zev zna\u010dky<\/strong><\/td>\n<td>CXJ\/OEM<\/td>\n<\/tr>\n<tr>\n<td><strong>\u010c\u00edslo modelu<\/strong><\/td>\n<td>CXJ-P17048<\/td>\n<\/tr>\n<tr>\n<td><strong>Manipulace s povrchem<\/strong><\/td>\n<td>Ra\u017eba za tepla<\/td>\n<\/tr>\n<tr>\n<td><strong>T\u011bsn\u011bn\u00ed a rukoje\u0165<\/strong><\/td>\n<td>Stahovac\u00ed \u0161\u0148\u016frka<\/td>\n<\/tr>\n<tr>\n<td><strong>Vlastn\u00ed objedn\u00e1vka<\/strong><\/td>\n<td>P\u0159ijmout<\/td>\n<\/tr>\n<tr>\n<td><strong>Pr\u016fmyslov\u00e9 vyu\u017eit\u00ed<\/strong><\/td>\n<td>D\u00e1rkov\u00e1 n\u00e1kupn\u00ed pap\u00edrov\u00e1 ta\u0161ka<\/td>\n<\/tr>\n<tr>\n<td><strong>Funkce<\/strong><\/td>\n<td>Balen\u00ed, skladov\u00e1n\u00ed<\/td>\n<\/tr>\n<tr>\n<td><strong>Materi\u00e1l<\/strong><\/td>\n<td>Karton<\/td>\n<\/tr>\n<tr>\n<td><strong>Barva<\/strong><\/td>\n<td>B\u00edl\u00e1\/\u010dern\u00e1\/\u010derven\u00e1\/modr\u00e1\/p\u0159izp\u016fsoben\u00e1 na m\u00edru<\/td>\n<\/tr>\n<tr>\n<td><strong>Logo<\/strong><\/td>\n<td>P\u0159ijmout p\u0159izp\u016fsoben\u00e9 logo<\/td>\n<\/tr>\n<tr>\n<td><strong>Pou\u017eijte<\/strong><\/td>\n<td>d\u00e1rkov\u00e9 balen\u00ed<\/td>\n<\/tr>\n<tr>\n<td><strong>Velikost<\/strong><\/td>\n<td>P\u0159ij\u00edm\u00e1 se vlastn\u00ed velikost<\/td>\n<\/tr>\n<tr>\n<td><strong>Tisk<\/strong><\/td>\n<td>\u010cty\u0159barevn\u00fd ofsetov\u00fd tisk CMYK<\/td>\n<\/tr>\n<tr>\n<td><strong>MOQ<\/strong><\/td>\n<td>100 ks<\/td>\n<\/tr>\n<tr>\n<td><strong>Design<\/strong><\/td>\n<td>P\u0159izp\u016fsoben\u00e9 designy OEM<\/td>\n<\/tr>\n<\/tbody>\n<\/table>\n<p><img fetchpriority=\"high\" decoding=\"async\" class=\"alignnone wp-image-6539\" src=\"http:\/\/ibn.wyd.mybluehost.me\/reanpackaging.com\/wp-content\/uploads\/2023\/09\/5-description-Custom-logo-luxury-boutique-black-shopping-paper-bag-with-handle-recycled-retail-small-personalised-gift-packaging-paper-bags-228x300.jpg\" alt=\"vlastn\u00ed logo luxusn\u00ed butik \u010dern\u00e1 n\u00e1kupn\u00ed pap\u00edrov\u00e1 ta\u0161ka s uchem recyklovan\u00e9 maloobchodn\u00ed mal\u00e9 personalizovan\u00e9 d\u00e1rkov\u00e9 balen\u00ed pap\u00edrov\u00e9 ta\u0161ky\" width=\"1297\" height=\"1707\" srcset=\"https:\/\/reanpackaging.com\/wp-content\/uploads\/2023\/09\/5-description-Custom-logo-luxury-boutique-black-shopping-paper-bag-with-handle-recycled-retail-small-personalised-gift-packaging-paper-bags-228x300.jpg 228w, https:\/\/reanpackaging.com\/wp-content\/uploads\/2023\/09\/5-description-Custom-logo-luxury-boutique-black-shopping-paper-bag-with-handle-recycled-retail-small-personalised-gift-packaging-paper-bags-779x1024.jpg 779w\" sizes=\"(max-width: 1297px) 100vw, 1297px\" \/><\/p>\n<p><img decoding=\"async\" class=\"alignnone wp-image-6538\" src=\"http:\/\/ibn.wyd.mybluehost.me\/reanpackaging.com\/wp-content\/uploads\/2023\/09\/4-description-Custom-logo-luxury-boutique-black-shopping-paper-bag-with-handle-recycled-retail-small-personalised-gift-packaging-paper-bags-254x300.jpg\" alt=\"vlastn\u00ed logo luxusn\u00ed butik \u010dern\u00e1 n\u00e1kupn\u00ed pap\u00edrov\u00e1 ta\u0161ka s uchem recyklovan\u00e9 maloobchodn\u00ed mal\u00e9 personalizovan\u00e9 d\u00e1rkov\u00e9 balen\u00ed pap\u00edrov\u00e9 ta\u0161ky\" width=\"1295\" height=\"1530\" srcset=\"https:\/\/reanpackaging.com\/wp-content\/uploads\/2023\/09\/4-description-Custom-logo-luxury-boutique-black-shopping-paper-bag-with-handle-recycled-retail-small-personalised-gift-packaging-paper-bags-254x300.jpg 254w, https:\/\/reanpackaging.com\/wp-content\/uploads\/2023\/09\/4-description-Custom-logo-luxury-boutique-black-shopping-paper-bag-with-handle-recycled-retail-small-personalised-gift-packaging-paper-bags-768x908.jpg 768w, https:\/\/reanpackaging.com\/wp-content\/uploads\/2023\/09\/4-description-Custom-logo-luxury-boutique-black-shopping-paper-bag-with-handle-recycled-retail-small-personalised-gift-packaging-paper-bags-600x709.jpg 600w, https:\/\/reanpackaging.com\/wp-content\/uploads\/2023\/09\/4-description-Custom-logo-luxury-boutique-black-shopping-paper-bag-with-handle-recycled-retail-small-personalised-gift-packaging-paper-bags.jpg 790w\" sizes=\"(max-width: 1295px) 100vw, 1295px\" \/><\/p>\n<p><img decoding=\"async\" class=\"alignnone wp-image-6536\" src=\"http:\/\/ibn.wyd.mybluehost.me\/reanpackaging.com\/wp-content\/uploads\/2023\/09\/2-description-Custom-logo-luxury-boutique-black-shopping-paper-bag-with-handle-recycled-retail-small-personalised-gift-packaging-paper-bags-296x300.jpg\" alt=\"vlastn\u00ed logo luxusn\u00ed butik \u010dern\u00e1 n\u00e1kupn\u00ed pap\u00edrov\u00e1 ta\u0161ka s uchem recyklovan\u00e9 maloobchodn\u00ed mal\u00e9 personalizovan\u00e9 d\u00e1rkov\u00e9 balen\u00ed pap\u00edrov\u00e9 ta\u0161ky\" width=\"1296\" height=\"1314\" srcset=\"https:\/\/reanpackaging.com\/wp-content\/uploads\/2023\/09\/2-description-Custom-logo-luxury-boutique-black-shopping-paper-bag-with-handle-recycled-retail-small-personalised-gift-packaging-paper-bags-296x300.jpg 296w, https:\/\/reanpackaging.com\/wp-content\/uploads\/2023\/09\/2-description-Custom-logo-luxury-boutique-black-shopping-paper-bag-with-handle-recycled-retail-small-personalised-gift-packaging-paper-bags-768x778.jpg 768w, https:\/\/reanpackaging.com\/wp-content\/uploads\/2023\/09\/2-description-Custom-logo-luxury-boutique-black-shopping-paper-bag-with-handle-recycled-retail-small-personalised-gift-packaging-paper-bags-600x608.jpg 600w, https:\/\/reanpackaging.com\/wp-content\/uploads\/2023\/09\/2-description-Custom-logo-luxury-boutique-black-shopping-paper-bag-with-handle-recycled-retail-small-personalised-gift-packaging-paper-bags-100x100.jpg 100w, https:\/\/reanpackaging.com\/wp-content\/uploads\/2023\/09\/2-description-Custom-logo-luxury-boutique-black-shopping-paper-bag-with-handle-recycled-retail-small-personalised-gift-packaging-paper-bags.jpg 790w\" sizes=\"(max-width: 1296px) 100vw, 1296px\" \/><\/p>\n<p><img loading=\"lazy\" decoding=\"async\" class=\"alignnone wp-image-6535\" src=\"http:\/\/ibn.wyd.mybluehost.me\/reanpackaging.com\/wp-content\/uploads\/2023\/09\/1-description-Custom-logo-luxury-boutique-black-shopping-paper-bag-with-handle-recycled-retail-small-personalised-gift-packaging-paper-bags-217x300.jpg\" alt=\"vlastn\u00ed logo luxusn\u00ed butik \u010dern\u00e1 n\u00e1kupn\u00ed pap\u00edrov\u00e1 ta\u0161ka s uchem recyklovan\u00e9 maloobchodn\u00ed mal\u00e9 personalizovan\u00e9 d\u00e1rkov\u00e9 balen\u00ed pap\u00edrov\u00e9 ta\u0161ky\" width=\"1297\" height=\"1793\" srcset=\"https:\/\/reanpackaging.com\/wp-content\/uploads\/2023\/09\/1-description-Custom-logo-luxury-boutique-black-shopping-paper-bag-with-handle-recycled-retail-small-personalised-gift-packaging-paper-bags-217x300.jpg 217w, https:\/\/reanpackaging.com\/wp-content\/uploads\/2023\/09\/1-description-Custom-logo-luxury-boutique-black-shopping-paper-bag-with-handle-recycled-retail-small-personalised-gift-packaging-paper-bags-741x1024.jpg 741w, https:\/\/reanpackaging.com\/wp-content\/uploads\/2023\/09\/1-description-Custom-logo-luxury-boutique-black-shopping-paper-bag-with-handle-recycled-retail-small-personalised-gift-packaging-paper-bags-768x1062.jpg 768w, https:\/\/reanpackaging.com\/wp-content\/uploads\/2023\/09\/1-description-Custom-logo-luxury-boutique-black-shopping-paper-bag-with-handle-recycled-retail-small-personalised-gift-packaging-paper-bags-600x829.jpg 600w, https:\/\/reanpackaging.com\/wp-content\/uploads\/2023\/09\/1-description-Custom-logo-luxury-boutique-black-shopping-paper-bag-with-handle-recycled-retail-small-personalised-gift-packaging-paper-bags.jpg 790w\" sizes=\"(max-width: 1297px) 100vw, 1297px\" \/><\/p>\n<p><img loading=\"lazy\" decoding=\"async\" class=\"alignnone wp-image-6537\" src=\"http:\/\/ibn.wyd.mybluehost.me\/reanpackaging.com\/wp-content\/uploads\/2023\/09\/3-description-Custom-logo-luxury-boutique-black-shopping-paper-bag-with-handle-recycled-retail-small-personalised-gift-packaging-paper-bags-296x300.jpg\" alt=\"vlastn\u00ed logo luxusn\u00ed butik \u010dern\u00e1 n\u00e1kupn\u00ed pap\u00edrov\u00e1 ta\u0161ka s uchem recyklovan\u00e9 maloobchodn\u00ed mal\u00e9 personalizovan\u00e9 d\u00e1rkov\u00e9 balen\u00ed pap\u00edrov\u00e9 ta\u0161ky\" width=\"1296\" height=\"1314\" srcset=\"https:\/\/reanpackaging.com\/wp-content\/uploads\/2023\/09\/3-description-Custom-logo-luxury-boutique-black-shopping-paper-bag-with-handle-recycled-retail-small-personalised-gift-packaging-paper-bags-296x300.jpg 296w, https:\/\/reanpackaging.com\/wp-content\/uploads\/2023\/09\/3-description-Custom-logo-luxury-boutique-black-shopping-paper-bag-with-handle-recycled-retail-small-personalised-gift-packaging-paper-bags-768x778.jpg 768w, https:\/\/reanpackaging.com\/wp-content\/uploads\/2023\/09\/3-description-Custom-logo-luxury-boutique-black-shopping-paper-bag-with-handle-recycled-retail-small-personalised-gift-packaging-paper-bags-600x608.jpg 600w, https:\/\/reanpackaging.com\/wp-content\/uploads\/2023\/09\/3-description-Custom-logo-luxury-boutique-black-shopping-paper-bag-with-handle-recycled-retail-small-personalised-gift-packaging-paper-bags-100x100.jpg 100w, https:\/\/reanpackaging.com\/wp-content\/uploads\/2023\/09\/3-description-Custom-logo-luxury-boutique-black-shopping-paper-bag-with-handle-recycled-retail-small-personalised-gift-packaging-paper-bags.jpg 790w\" sizes=\"(max-width: 1296px) 100vw, 1296px\" \/><\/p>","protected":false},"excerpt":{"rendered":"<p>Industry-Specific Attributes Industrial Use Gift &amp; Craft Paper Type Paperboard Feature Recyclable Other Attributes Place of Origin Zhejiang, China Brand Name CXJ\/OEM Model Number CXJ-P17048 Surface Handling Hot Stamping Sealing &amp; Handle Drawstring Custom Order Accept Industrial Use Gift Shopping Paper Bag Feature Packing,Store Material Paperboard Color White\/black\/red\/blue\/customized Logo Accept Customized Logo Use gift packaging [&hellip;]<\/p>\n","protected":false},"featured_media":6481,"template":"","meta":{"_seopress_robots_primary_cat":"none","_seopress_titles_title":"","_seopress_titles_desc":"","_seopress_robots_index":"","site-sidebar-layout":"default","site-content-layout":"default","ast-site-content-layout":"default","site-content-style":"default","site-sidebar-style":"default","ast-global-header-display":"","ast-banner-title-visibility":"","ast-main-header-display":"","ast-hfb-above-header-display":"","ast-hfb-below-header-display":"","ast-hfb-mobile-header-display":"","site-post-title":"","ast-breadcrumbs-content":"","ast-featured-img":"","footer-sml-layout":"","ast-disable-related-posts":"","theme-transparent-header-meta":"default","adv-header-id-meta":"","stick-header-meta":"default","header-above-stick-meta":"","header-main-stick-meta":"","header-below-stick-meta":"","astra-migrate-meta-layouts":"set","ast-page-background-enabled":"default","ast-page-background-meta":{"desktop":{"background-color":"","background-image":"","background-repeat":"repeat","background-position":"center center","background-size":"auto","background-attachment":"scroll","background-type":"","background-media":"","overlay-type":"","overlay-color":"","overlay-opacity":"","overlay-gradient":""},"tablet":{"background-color":"","background-image":"","background-repeat":"repeat","background-position":"center center","background-size":"auto","background-attachment":"scroll","background-type":"","background-media":"","overlay-type":"","overlay-color":"","overlay-opacity":"","overlay-gradient":""},"mobile":{"background-color":"","background-image":"","background-repeat":"repeat","background-position":"center center","background-size":"auto","background-attachment":"scroll","background-type":"","background-media":"","overlay-type":"","overlay-color":"","overlay-opacity":"","overlay-gradient":""}},"ast-content-background-meta":{"desktop":{"background-color":"var(--ast-global-color-5)","background-image":"","background-repeat":"repeat","background-position":"center center","background-size":"auto","background-attachment":"scroll","background-type":"","background-media":"","overlay-type":"","overlay-color":"","overlay-opacity":"","overlay-gradient":""},"tablet":{"background-color":"var(--ast-global-color-5)","background-image":"","background-repeat":"repeat","background-position":"center center","background-size":"auto","background-attachment":"scroll","background-type":"","background-media":"","overlay-type":"","overlay-color":"","overlay-opacity":"","overlay-gradient":""},"mobile":{"background-color":"var(--ast-global-color-5)","background-image":"","background-repeat":"repeat","background-position":"center center","background-size":"auto","background-attachment":"scroll","background-type":"","background-media":"","overlay-type":"","overlay-color":"","overlay-opacity":"","overlay-gradient":""}}},"product_brand":[],"product_cat":[40,36,44,34,32,41],"product_tag":[],"class_list":{"0":"post-6480","1":"product","2":"type-product","3":"status-publish","4":"has-post-thumbnail","6":"product_cat-gift-bags","7":"product_cat-kraft-bags","8":"product_cat-paper-bags","9":"product_cat-paper-bags-with-handles","10":"product_cat-retail-packaging","11":"product_cat-shopping-bags","12":"desktop-align-left","13":"tablet-align-left","14":"mobile-align-left","15":"ast-product-gallery-layout-horizontal","16":"ast-product-tabs-layout-horizontal","18":"first","19":"instock","20":"purchasable","21":"product-type-simple"},"_links":{"self":[{"href":"https:\/\/reanpackaging.com\/cs\/wp-json\/wp\/v2\/product\/6480","targetHints":{"allow":["GET"]}}],"collection":[{"href":"https:\/\/reanpackaging.com\/cs\/wp-json\/wp\/v2\/product"}],"about":[{"href":"https:\/\/reanpackaging.com\/cs\/wp-json\/wp\/v2\/types\/product"}],"wp:featuredmedia":[{"embeddable":true,"href":"https:\/\/reanpackaging.com\/cs\/wp-json\/wp\/v2\/media\/6481"}],"wp:attachment":[{"href":"https:\/\/reanpackaging.com\/cs\/wp-json\/wp\/v2\/media?parent=6480"}],"wp:term":[{"taxonomy":"product_brand","embeddable":true,"href":"https:\/\/reanpackaging.com\/cs\/wp-json\/wp\/v2\/product_brand?post=6480"},{"taxonomy":"product_cat","embeddable":true,"href":"https:\/\/reanpackaging.com\/cs\/wp-json\/wp\/v2\/product_cat?post=6480"},{"taxonomy":"product_tag","embeddable":true,"href":"https:\/\/reanpackaging.com\/cs\/wp-json\/wp\/v2\/product_tag?post=6480"}],"curies":[{"name":"wp","href":"https:\/\/api.w.org\/{rel}","templated":true}]}}