{"id":6488,"date":"2023-09-20T14:47:06","date_gmt":"2023-09-20T14:47:06","guid":{"rendered":"http:\/\/ibn.wyd.mybluehost.me\/reanpackaging.com\/product\/wholesale-custom-brown-kraft-disposable-paper-bag-for-food-packaging-takeaway-with-handle\/"},"modified":"2024-10-01T16:59:42","modified_gmt":"2024-10-01T16:59:42","slug":"wholesale-custom-brown-kraft-disposable-paper-bag-for-food-packaging-takeaway-with-handle","status":"publish","type":"product","link":"https:\/\/reanpackaging.com\/cs\/produkt\/velkoobchodni-hnedy-kraftovy-papirovy-sacek-na-jedno-pouziti-pro-baleni-potravin-s-rukojeti\/","title":{"rendered":"Velkoobchod Custom Brown kraft jednor\u00e1zov\u00fd pap\u00edrov\u00fd s\u00e1\u010dek pro balen\u00ed potravin Takeaway s rukojet\u00ed"},"content":{"rendered":"<h4>Atributy specifick\u00e9 pro dan\u00e9 odv\u011btv\u00ed<\/h4>\n<table border=\"1\">\n<tbody>\n<tr>\n<td><strong>Pr\u016fmyslov\u00e9 vyu\u017eit\u00ed<\/strong><\/td>\n<td>Potraviny<\/td>\n<\/tr>\n<tr>\n<td><strong>Typ pap\u00edru<\/strong><\/td>\n<td>Kraftov\u00fd pap\u00edr<\/td>\n<\/tr>\n<tr>\n<td><strong>Funkce<\/strong><\/td>\n<td>Biologicky odbourateln\u00e9<\/td>\n<\/tr>\n<\/tbody>\n<\/table>\n<h4>Dal\u0161\u00ed atributy<\/h4>\n<table border=\"1\">\n<tbody>\n<tr>\n<td><strong>M\u00edsto p\u016fvodu<\/strong><\/td>\n<td>Jiangxi, \u010c\u00edna<\/td>\n<\/tr>\n<tr>\n<td><strong>N\u00e1zev zna\u010dky<\/strong><\/td>\n<td>JAHOO PACK<\/td>\n<\/tr>\n<tr>\n<td><strong>\u010c\u00edslo modelu<\/strong><\/td>\n<td>JH-FTPB-001<\/td>\n<\/tr>\n<tr>\n<td><strong>Manipulace s povrchem<\/strong><\/td>\n<td>Ofsetov\u00fd tisk<\/td>\n<\/tr>\n<tr>\n<td><strong>T\u011bsn\u011bn\u00ed a rukoje\u0165<\/strong><\/td>\n<td>D\u00e9lka rukojeti<\/td>\n<\/tr>\n<tr>\n<td><strong>Vlastn\u00ed objedn\u00e1vka<\/strong><\/td>\n<td>P\u0159ijmout<\/td>\n<\/tr>\n<tr>\n<td><strong>Pr\u016fmyslov\u00e9 vyu\u017eit\u00ed<\/strong><\/td>\n<td>Potraviny<\/td>\n<\/tr>\n<tr>\n<td><strong>Funkce<\/strong><\/td>\n<td>BIODEGRADABILN\u00cd<\/td>\n<\/tr>\n<tr>\n<td><strong>N\u00e1zev produktu<\/strong><\/td>\n<td>Kraftov\u00fd pap\u00edr FOOD BAG<\/td>\n<\/tr>\n<tr>\n<td><strong>Pou\u017eit\u00ed<\/strong><\/td>\n<td>J\u00eddlo s sebou, j\u00eddlo s sebou<\/td>\n<\/tr>\n<tr>\n<td><strong>Velikost<\/strong><\/td>\n<td>20*15*7cm, 26*21*11cm, 32*25*11cm nebo vlastn\u00ed velikost<\/td>\n<\/tr>\n<tr>\n<td><strong>Tisk<\/strong><\/td>\n<td>Grav\u00edrov\u00e1n\u00ed<\/td>\n<\/tr>\n<tr>\n<td><strong>Tlou\u0161\u0165ka<\/strong><\/td>\n<td>Po\u017eadavek z\u00e1kazn\u00edka<\/td>\n<\/tr>\n<tr>\n<td><strong>Materi\u00e1l<\/strong><\/td>\n<td>Pap\u00edr<\/td>\n<\/tr>\n<tr>\n<td><strong>Polo\u017eka<\/strong><\/td>\n<td>Kraftov\u00fd pap\u00edrov\u00fd s\u00e1\u010dek pro potravin\u00e1\u0159sk\u00e9 \u00fa\u010dely<\/td>\n<\/tr>\n<tr>\n<td><strong>Barva<\/strong><\/td>\n<td>Kraft<\/td>\n<\/tr>\n<\/tbody>\n<\/table>\n<p><img fetchpriority=\"high\" decoding=\"async\" class=\"alignnone  wp-image-6542\" src=\"http:\/\/ibn.wyd.mybluehost.me\/reanpackaging.com\/wp-content\/uploads\/2023\/09\/1-description-Wholesale-Custom-Brown-kraft-disposable-paper-bag-for-Food-Packaging-Takeaway-with-Handle-300x209.jpg\" alt=\"velkoobchodn\u00ed hn\u011bd\u00fd kraftov\u00fd pap\u00edrov\u00fd s\u00e1\u010dek na jedno pou\u017eit\u00ed pro balen\u00ed potravin s rukojet\u00ed\" width=\"1257\" height=\"876\" srcset=\"https:\/\/reanpackaging.com\/wp-content\/uploads\/2023\/09\/1-description-Wholesale-Custom-Brown-kraft-disposable-paper-bag-for-Food-Packaging-Takeaway-with-Handle-300x209.jpg 300w, https:\/\/reanpackaging.com\/wp-content\/uploads\/2023\/09\/1-description-Wholesale-Custom-Brown-kraft-disposable-paper-bag-for-Food-Packaging-Takeaway-with-Handle-768x536.jpg 768w, https:\/\/reanpackaging.com\/wp-content\/uploads\/2023\/09\/1-description-Wholesale-Custom-Brown-kraft-disposable-paper-bag-for-Food-Packaging-Takeaway-with-Handle-600x418.jpg 600w, https:\/\/reanpackaging.com\/wp-content\/uploads\/2023\/09\/1-description-Wholesale-Custom-Brown-kraft-disposable-paper-bag-for-Food-Packaging-Takeaway-with-Handle.jpg 790w\" sizes=\"(max-width: 1257px) 100vw, 1257px\" \/><\/p>\n<p><img decoding=\"async\" class=\"alignnone  wp-image-6543\" src=\"http:\/\/ibn.wyd.mybluehost.me\/reanpackaging.com\/wp-content\/uploads\/2023\/09\/2-description-Wholesale-Custom-Brown-kraft-disposable-paper-bag-for-Food-Packaging-Takeaway-with-Handle-284x300.jpg\" alt=\"velkoobchodn\u00ed hn\u011bd\u00fd kraftov\u00fd pap\u00edrov\u00fd s\u00e1\u010dek na jedno pou\u017eit\u00ed pro balen\u00ed potravin s rukojet\u00ed\" width=\"1241\" height=\"1311\" srcset=\"https:\/\/reanpackaging.com\/wp-content\/uploads\/2023\/09\/2-description-Wholesale-Custom-Brown-kraft-disposable-paper-bag-for-Food-Packaging-Takeaway-with-Handle-284x300.jpg 284w, https:\/\/reanpackaging.com\/wp-content\/uploads\/2023\/09\/2-description-Wholesale-Custom-Brown-kraft-disposable-paper-bag-for-Food-Packaging-Takeaway-with-Handle-969x1024.jpg 969w, https:\/\/reanpackaging.com\/wp-content\/uploads\/2023\/09\/2-description-Wholesale-Custom-Brown-kraft-disposable-paper-bag-for-Food-Packaging-Takeaway-with-Handle-768x812.jpg 768w, https:\/\/reanpackaging.com\/wp-content\/uploads\/2023\/09\/2-description-Wholesale-Custom-Brown-kraft-disposable-paper-bag-for-Food-Packaging-Takeaway-with-Handle-600x634.jpg 600w, https:\/\/reanpackaging.com\/wp-content\/uploads\/2023\/09\/2-description-Wholesale-Custom-Brown-kraft-disposable-paper-bag-for-Food-Packaging-Takeaway-with-Handle.jpg 1000w\" sizes=\"(max-width: 1241px) 100vw, 1241px\" \/><\/p>\n<p><img decoding=\"async\" class=\"alignnone  wp-image-6544\" src=\"http:\/\/ibn.wyd.mybluehost.me\/reanpackaging.com\/wp-content\/uploads\/2023\/09\/3-description-Wholesale-Custom-Brown-kraft-disposable-paper-bag-for-Food-Packaging-Takeaway-with-Handle-225x300.jpg\" alt=\"velkoobchodn\u00ed hn\u011bd\u00fd kraftov\u00fd pap\u00edrov\u00fd s\u00e1\u010dek na jedno pou\u017eit\u00ed pro balen\u00ed potravin s rukojet\u00ed\" width=\"1247\" height=\"1663\" srcset=\"https:\/\/reanpackaging.com\/wp-content\/uploads\/2023\/09\/3-description-Wholesale-Custom-Brown-kraft-disposable-paper-bag-for-Food-Packaging-Takeaway-with-Handle-225x300.jpg 225w, https:\/\/reanpackaging.com\/wp-content\/uploads\/2023\/09\/3-description-Wholesale-Custom-Brown-kraft-disposable-paper-bag-for-Food-Packaging-Takeaway-with-Handle-600x799.jpg 600w\" sizes=\"(max-width: 1247px) 100vw, 1247px\" \/><\/p>\n<p><img loading=\"lazy\" decoding=\"async\" class=\"alignnone  wp-image-6545\" src=\"http:\/\/ibn.wyd.mybluehost.me\/reanpackaging.com\/wp-content\/uploads\/2023\/09\/4-description-Wholesale-Custom-Brown-kraft-disposable-paper-bag-for-Food-Packaging-Takeaway-with-Handle-237x300.jpg\" alt=\"velkoobchodn\u00ed hn\u011bd\u00fd kraftov\u00fd pap\u00edrov\u00fd s\u00e1\u010dek na jedno pou\u017eit\u00ed pro balen\u00ed potravin s rukojet\u00ed\" width=\"1266\" height=\"1603\" srcset=\"https:\/\/reanpackaging.com\/wp-content\/uploads\/2023\/09\/4-description-Wholesale-Custom-Brown-kraft-disposable-paper-bag-for-Food-Packaging-Takeaway-with-Handle-237x300.jpg 237w, https:\/\/reanpackaging.com\/wp-content\/uploads\/2023\/09\/4-description-Wholesale-Custom-Brown-kraft-disposable-paper-bag-for-Food-Packaging-Takeaway-with-Handle-809x1024.jpg 809w, https:\/\/reanpackaging.com\/wp-content\/uploads\/2023\/09\/4-description-Wholesale-Custom-Brown-kraft-disposable-paper-bag-for-Food-Packaging-Takeaway-with-Handle-768x972.jpg 768w, https:\/\/reanpackaging.com\/wp-content\/uploads\/2023\/09\/4-description-Wholesale-Custom-Brown-kraft-disposable-paper-bag-for-Food-Packaging-Takeaway-with-Handle-600x760.jpg 600w, https:\/\/reanpackaging.com\/wp-content\/uploads\/2023\/09\/4-description-Wholesale-Custom-Brown-kraft-disposable-paper-bag-for-Food-Packaging-Takeaway-with-Handle.jpg 1000w\" sizes=\"(max-width: 1266px) 100vw, 1266px\" \/><\/p>\n<p><img loading=\"lazy\" decoding=\"async\" class=\"alignnone  wp-image-6546\" src=\"http:\/\/ibn.wyd.mybluehost.me\/reanpackaging.com\/wp-content\/uploads\/2023\/09\/5-description-Wholesale-Custom-Brown-kraft-disposable-paper-bag-for-Food-Packaging-Takeaway-with-Handle-270x300.jpg\" alt=\"velkoobchodn\u00ed hn\u011bd\u00fd kraftov\u00fd pap\u00edrov\u00fd s\u00e1\u010dek na jedno pou\u017eit\u00ed pro balen\u00ed potravin s rukojet\u00ed\" width=\"1243\" height=\"1381\" srcset=\"https:\/\/reanpackaging.com\/wp-content\/uploads\/2023\/09\/5-description-Wholesale-Custom-Brown-kraft-disposable-paper-bag-for-Food-Packaging-Takeaway-with-Handle-270x300.jpg 270w, https:\/\/reanpackaging.com\/wp-content\/uploads\/2023\/09\/5-description-Wholesale-Custom-Brown-kraft-disposable-paper-bag-for-Food-Packaging-Takeaway-with-Handle-600x668.jpg 600w\" sizes=\"(max-width: 1243px) 100vw, 1243px\" \/><\/p>","protected":false},"excerpt":{"rendered":"<p>Industry-Specific Attributes Industrial Use Food Paper Type Kraft Paper Feature Bio-degradable Other Attributes Place of Origin Jiangxi, China Brand Name JAHOO PACK Model Number JH-FTPB-001 Surface Handling Offset printing Sealing &amp; Handle Hand Length Handle Custom Order Accept Industrial Use Food Feature BIODEGRADABLE Product name Kraft Paper FOOD BAG Usage Food takeaway, food takeout Size [&hellip;]<\/p>\n","protected":false},"featured_media":6489,"template":"","meta":{"_seopress_robots_primary_cat":"none","_seopress_titles_title":"","_seopress_titles_desc":"","_seopress_robots_index":"","site-sidebar-layout":"default","site-content-layout":"default","ast-site-content-layout":"default","site-content-style":"default","site-sidebar-style":"default","ast-global-header-display":"","ast-banner-title-visibility":"","ast-main-header-display":"","ast-hfb-above-header-display":"","ast-hfb-below-header-display":"","ast-hfb-mobile-header-display":"","site-post-title":"","ast-breadcrumbs-content":"","ast-featured-img":"","footer-sml-layout":"","ast-disable-related-posts":"","theme-transparent-header-meta":"default","adv-header-id-meta":"","stick-header-meta":"default","header-above-stick-meta":"","header-main-stick-meta":"","header-below-stick-meta":"","astra-migrate-meta-layouts":"set","ast-page-background-enabled":"default","ast-page-background-meta":{"desktop":{"background-color":"","background-image":"","background-repeat":"repeat","background-position":"center center","background-size":"auto","background-attachment":"scroll","background-type":"","background-media":"","overlay-type":"","overlay-color":"","overlay-opacity":"","overlay-gradient":""},"tablet":{"background-color":"","background-image":"","background-repeat":"repeat","background-position":"center center","background-size":"auto","background-attachment":"scroll","background-type":"","background-media":"","overlay-type":"","overlay-color":"","overlay-opacity":"","overlay-gradient":""},"mobile":{"background-color":"","background-image":"","background-repeat":"repeat","background-position":"center center","background-size":"auto","background-attachment":"scroll","background-type":"","background-media":"","overlay-type":"","overlay-color":"","overlay-opacity":"","overlay-gradient":""}},"ast-content-background-meta":{"desktop":{"background-color":"var(--ast-global-color-5)","background-image":"","background-repeat":"repeat","background-position":"center center","background-size":"auto","background-attachment":"scroll","background-type":"","background-media":"","overlay-type":"","overlay-color":"","overlay-opacity":"","overlay-gradient":""},"tablet":{"background-color":"var(--ast-global-color-5)","background-image":"","background-repeat":"repeat","background-position":"center center","background-size":"auto","background-attachment":"scroll","background-type":"","background-media":"","overlay-type":"","overlay-color":"","overlay-opacity":"","overlay-gradient":""},"mobile":{"background-color":"var(--ast-global-color-5)","background-image":"","background-repeat":"repeat","background-position":"center center","background-size":"auto","background-attachment":"scroll","background-type":"","background-media":"","overlay-type":"","overlay-color":"","overlay-opacity":"","overlay-gradient":""}}},"product_brand":[],"product_cat":[36,44,34,32],"product_tag":[],"class_list":{"0":"post-6488","1":"product","2":"type-product","3":"status-publish","4":"has-post-thumbnail","6":"product_cat-kraft-bags","7":"product_cat-paper-bags","8":"product_cat-paper-bags-with-handles","9":"product_cat-retail-packaging","10":"desktop-align-left","11":"tablet-align-left","12":"mobile-align-left","13":"ast-product-gallery-layout-horizontal","14":"ast-product-tabs-layout-horizontal","16":"first","17":"instock","18":"purchasable","19":"product-type-simple"},"_links":{"self":[{"href":"https:\/\/reanpackaging.com\/cs\/wp-json\/wp\/v2\/product\/6488","targetHints":{"allow":["GET"]}}],"collection":[{"href":"https:\/\/reanpackaging.com\/cs\/wp-json\/wp\/v2\/product"}],"about":[{"href":"https:\/\/reanpackaging.com\/cs\/wp-json\/wp\/v2\/types\/product"}],"wp:featuredmedia":[{"embeddable":true,"href":"https:\/\/reanpackaging.com\/cs\/wp-json\/wp\/v2\/media\/6489"}],"wp:attachment":[{"href":"https:\/\/reanpackaging.com\/cs\/wp-json\/wp\/v2\/media?parent=6488"}],"wp:term":[{"taxonomy":"product_brand","embeddable":true,"href":"https:\/\/reanpackaging.com\/cs\/wp-json\/wp\/v2\/product_brand?post=6488"},{"taxonomy":"product_cat","embeddable":true,"href":"https:\/\/reanpackaging.com\/cs\/wp-json\/wp\/v2\/product_cat?post=6488"},{"taxonomy":"product_tag","embeddable":true,"href":"https:\/\/reanpackaging.com\/cs\/wp-json\/wp\/v2\/product_tag?post=6488"}],"curies":[{"name":"wp","href":"https:\/\/api.w.org\/{rel}","templated":true}]}}