{"id":6496,"date":"2023-09-20T14:47:06","date_gmt":"2023-09-20T14:47:06","guid":{"rendered":"http:\/\/ibn.wyd.mybluehost.me\/reanpackaging.com\/product\/custom-wholesale-kraft-paper-takeaway-die-cut-handle-paper-bag-for-fast-food-packaging\/"},"modified":"2024-10-01T16:59:42","modified_gmt":"2024-10-01T16:59:42","slug":"custom-wholesale-kraft-paper-takeaway-die-cut-handle-paper-bag-for-fast-food-packaging","status":"publish","type":"product","link":"https:\/\/reanpackaging.com\/cs\/produkt\/vlastni-velkoobchodni-kraftovy-papir-takeaway-die-cut-handle-papirovy-sacek-pro-baleni-rychleho-obcerstveni\/","title":{"rendered":"vlastn\u00ed velkoobchod Kraft Paper Takeaway Die Cut Handle Paper Bag pro balen\u00ed rychl\u00e9ho ob\u010derstven\u00ed"},"content":{"rendered":"<h4>Atributy specifick\u00e9 pro dan\u00e9 odv\u011btv\u00ed<\/h4>\n<table border=\"1\">\n<tbody>\n<tr>\n<td><strong>Pr\u016fmyslov\u00e9 vyu\u017eit\u00ed<\/strong><\/td>\n<td>Potraviny<\/td>\n<\/tr>\n<tr>\n<td><strong>Typ pap\u00edru<\/strong><\/td>\n<td>Kraftov\u00fd pap\u00edr<\/td>\n<\/tr>\n<tr>\n<td><strong>Funkce<\/strong><\/td>\n<td>Biologicky odbourateln\u00e9<\/td>\n<\/tr>\n<\/tbody>\n<\/table>\n<h4>Dal\u0161\u00ed atributy<\/h4>\n<table border=\"1\">\n<tbody>\n<tr>\n<td><strong>M\u00edsto p\u016fvodu<\/strong><\/td>\n<td>Hebei, \u010c\u00edna<\/td>\n<\/tr>\n<tr>\n<td><strong>N\u00e1zev zna\u010dky<\/strong><\/td>\n<td>hn\u011bd\u00e1 pap\u00edrov\u00e1 ta\u0161ka s vysek\u00e1van\u00fdm dr\u017eadlem z kraftov\u00e9ho pap\u00edru<\/td>\n<\/tr>\n<tr>\n<td><strong>\u010c\u00edslo modelu<\/strong><\/td>\n<td>hn\u011bd\u00e1 pap\u00edrov\u00e1 ta\u0161ka s vysek\u00e1van\u00fdm dr\u017eadlem z kraftov\u00e9ho pap\u00edru<\/td>\n<\/tr>\n<tr>\n<td><strong>Manipulace s povrchem<\/strong><\/td>\n<td>Flexotisk<\/td>\n<\/tr>\n<tr>\n<td><strong>T\u011bsn\u011bn\u00ed a rukoje\u0165<\/strong><\/td>\n<td>Rukoje\u0165 z\u00e1platy<\/td>\n<\/tr>\n<tr>\n<td><strong>Vlastn\u00ed objedn\u00e1vka<\/strong><\/td>\n<td>P\u0159ijmout<\/td>\n<\/tr>\n<tr>\n<td><strong>Funkce<\/strong><\/td>\n<td>Odolnost proti vlhkosti<\/td>\n<\/tr>\n<tr>\n<td><strong>Materi\u00e1l<\/strong><\/td>\n<td>Pap\u00edr<\/td>\n<\/tr>\n<tr>\n<td><strong>Polo\u017eka<\/strong><\/td>\n<td>hn\u011bd\u00e1 pap\u00edrov\u00e1 ta\u0161ka s vysek\u00e1van\u00fdm dr\u017eadlem z kraftov\u00e9ho pap\u00edru<\/td>\n<\/tr>\n<tr>\n<td><strong>Pou\u017eit\u00ed<\/strong><\/td>\n<td>Pro pap\u00edrov\u00fd s\u00e1\u010dek pro rychl\u00e9 ob\u010derstven\u00ed<\/td>\n<\/tr>\n<tr>\n<td><strong>Barva<\/strong><\/td>\n<td>hn\u011bd\u00e1 barva<\/td>\n<\/tr>\n<tr>\n<td><strong>Design<\/strong><\/td>\n<td>P\u0159izp\u016fsoben\u00e9<\/td>\n<\/tr>\n<tr>\n<td><strong>Tlou\u0161\u0165ka<\/strong><\/td>\n<td>80 g, 100 g nebo na m\u00edru<\/td>\n<\/tr>\n<tr>\n<td><strong>V\u00fdhoda<\/strong><\/td>\n<td>recyklovateln\u00fd, biologicky rozlo\u017eiteln\u00fd, recyklovateln\u00fd<\/td>\n<\/tr>\n<tr>\n<td><strong>Velikost<\/strong><\/td>\n<td>P\u0159izp\u016fsoben\u00e1 velikost<\/td>\n<\/tr>\n<tr>\n<td><strong>Logo<\/strong><\/td>\n<td>P\u0159ijmout p\u0159izp\u016fsoben\u00e9 logo<\/td>\n<\/tr>\n<\/tbody>\n<\/table>\n<p><img fetchpriority=\"high\" decoding=\"async\" class=\"alignnone wp-image-6557\" src=\"http:\/\/ibn.wyd.mybluehost.me\/reanpackaging.com\/wp-content\/uploads\/2023\/09\/1-min-description-custom-wholesale-kraft-paper-takeaway-die-cut-handle-paper-bag-for-fast-food-packaging-300x289.jpg\" alt=\"vlastn\u00ed velkoobchodn\u00ed kraftov\u00fd pap\u00edr takeaway die cut handle pap\u00edrov\u00fd s\u00e1\u010dek pro balen\u00ed rychl\u00e9ho ob\u010derstven\u00ed\" width=\"1302\" height=\"1254\" srcset=\"https:\/\/reanpackaging.com\/wp-content\/uploads\/2023\/09\/1-min-description-custom-wholesale-kraft-paper-takeaway-die-cut-handle-paper-bag-for-fast-food-packaging-300x289.jpg 300w, https:\/\/reanpackaging.com\/wp-content\/uploads\/2023\/09\/1-min-description-custom-wholesale-kraft-paper-takeaway-die-cut-handle-paper-bag-for-fast-food-packaging-1024x987.jpg 1024w, https:\/\/reanpackaging.com\/wp-content\/uploads\/2023\/09\/1-min-description-custom-wholesale-kraft-paper-takeaway-die-cut-handle-paper-bag-for-fast-food-packaging-768x740.jpg 768w, https:\/\/reanpackaging.com\/wp-content\/uploads\/2023\/09\/1-min-description-custom-wholesale-kraft-paper-takeaway-die-cut-handle-paper-bag-for-fast-food-packaging-600x578.jpg 600w, https:\/\/reanpackaging.com\/wp-content\/uploads\/2023\/09\/1-min-description-custom-wholesale-kraft-paper-takeaway-die-cut-handle-paper-bag-for-fast-food-packaging.jpg 1300w\" sizes=\"(max-width: 1302px) 100vw, 1302px\" \/><\/p>\n<p><img decoding=\"async\" class=\"alignnone wp-image-6558\" src=\"http:\/\/ibn.wyd.mybluehost.me\/reanpackaging.com\/wp-content\/uploads\/2023\/09\/2-min-description-custom-wholesale-kraft-paper-takeaway-die-cut-handle-paper-bag-for-fast-food-packaging-300x181.jpg\" alt=\"vlastn\u00ed velkoobchodn\u00ed kraftov\u00fd pap\u00edr takeaway die cut handle pap\u00edrov\u00fd s\u00e1\u010dek pro balen\u00ed rychl\u00e9ho ob\u010derstven\u00ed\" width=\"1299\" height=\"784\" srcset=\"https:\/\/reanpackaging.com\/wp-content\/uploads\/2023\/09\/2-min-description-custom-wholesale-kraft-paper-takeaway-die-cut-handle-paper-bag-for-fast-food-packaging-300x181.jpg 300w, https:\/\/reanpackaging.com\/wp-content\/uploads\/2023\/09\/2-min-description-custom-wholesale-kraft-paper-takeaway-die-cut-handle-paper-bag-for-fast-food-packaging-1024x618.jpg 1024w, https:\/\/reanpackaging.com\/wp-content\/uploads\/2023\/09\/2-min-description-custom-wholesale-kraft-paper-takeaway-die-cut-handle-paper-bag-for-fast-food-packaging-768x464.jpg 768w, https:\/\/reanpackaging.com\/wp-content\/uploads\/2023\/09\/2-min-description-custom-wholesale-kraft-paper-takeaway-die-cut-handle-paper-bag-for-fast-food-packaging-600x362.jpg 600w, https:\/\/reanpackaging.com\/wp-content\/uploads\/2023\/09\/2-min-description-custom-wholesale-kraft-paper-takeaway-die-cut-handle-paper-bag-for-fast-food-packaging.jpg 1300w\" sizes=\"(max-width: 1299px) 100vw, 1299px\" \/><\/p>\n<p>&nbsp;<\/p>","protected":false},"excerpt":{"rendered":"<p>Industry-Specific Attributes Industrial Use Food Paper Type Kraft Paper Feature Bio-degradable Other Attributes Place of Origin Hebei, China Brand Name brown kraft die cut handle paper bag Model Number brown kraft die cut handle paper bag Surface Handling Flexo Printing Sealing &amp; Handle Patch Handle Custom Order Accept Feature Moisture Proof Material Paper Item brown [&hellip;]<\/p>\n","protected":false},"featured_media":6497,"template":"","meta":{"_seopress_robots_primary_cat":"none","_seopress_titles_title":"","_seopress_titles_desc":"","_seopress_robots_index":"","site-sidebar-layout":"default","site-content-layout":"default","ast-site-content-layout":"default","site-content-style":"default","site-sidebar-style":"default","ast-global-header-display":"","ast-banner-title-visibility":"","ast-main-header-display":"","ast-hfb-above-header-display":"","ast-hfb-below-header-display":"","ast-hfb-mobile-header-display":"","site-post-title":"","ast-breadcrumbs-content":"","ast-featured-img":"","footer-sml-layout":"","ast-disable-related-posts":"","theme-transparent-header-meta":"default","adv-header-id-meta":"","stick-header-meta":"default","header-above-stick-meta":"","header-main-stick-meta":"","header-below-stick-meta":"","astra-migrate-meta-layouts":"set","ast-page-background-enabled":"default","ast-page-background-meta":{"desktop":{"background-color":"","background-image":"","background-repeat":"repeat","background-position":"center center","background-size":"auto","background-attachment":"scroll","background-type":"","background-media":"","overlay-type":"","overlay-color":"","overlay-opacity":"","overlay-gradient":""},"tablet":{"background-color":"","background-image":"","background-repeat":"repeat","background-position":"center center","background-size":"auto","background-attachment":"scroll","background-type":"","background-media":"","overlay-type":"","overlay-color":"","overlay-opacity":"","overlay-gradient":""},"mobile":{"background-color":"","background-image":"","background-repeat":"repeat","background-position":"center center","background-size":"auto","background-attachment":"scroll","background-type":"","background-media":"","overlay-type":"","overlay-color":"","overlay-opacity":"","overlay-gradient":""}},"ast-content-background-meta":{"desktop":{"background-color":"var(--ast-global-color-5)","background-image":"","background-repeat":"repeat","background-position":"center center","background-size":"auto","background-attachment":"scroll","background-type":"","background-media":"","overlay-type":"","overlay-color":"","overlay-opacity":"","overlay-gradient":""},"tablet":{"background-color":"var(--ast-global-color-5)","background-image":"","background-repeat":"repeat","background-position":"center center","background-size":"auto","background-attachment":"scroll","background-type":"","background-media":"","overlay-type":"","overlay-color":"","overlay-opacity":"","overlay-gradient":""},"mobile":{"background-color":"var(--ast-global-color-5)","background-image":"","background-repeat":"repeat","background-position":"center center","background-size":"auto","background-attachment":"scroll","background-type":"","background-media":"","overlay-type":"","overlay-color":"","overlay-opacity":"","overlay-gradient":""}}},"product_brand":[],"product_cat":[40,36,44,34,32,41],"product_tag":[],"class_list":{"0":"post-6496","1":"product","2":"type-product","3":"status-publish","4":"has-post-thumbnail","6":"product_cat-gift-bags","7":"product_cat-kraft-bags","8":"product_cat-paper-bags","9":"product_cat-paper-bags-with-handles","10":"product_cat-retail-packaging","11":"product_cat-shopping-bags","12":"desktop-align-left","13":"tablet-align-left","14":"mobile-align-left","15":"ast-product-gallery-layout-horizontal","16":"ast-product-tabs-layout-horizontal","18":"first","19":"instock","20":"purchasable","21":"product-type-simple"},"_links":{"self":[{"href":"https:\/\/reanpackaging.com\/cs\/wp-json\/wp\/v2\/product\/6496","targetHints":{"allow":["GET"]}}],"collection":[{"href":"https:\/\/reanpackaging.com\/cs\/wp-json\/wp\/v2\/product"}],"about":[{"href":"https:\/\/reanpackaging.com\/cs\/wp-json\/wp\/v2\/types\/product"}],"wp:featuredmedia":[{"embeddable":true,"href":"https:\/\/reanpackaging.com\/cs\/wp-json\/wp\/v2\/media\/6497"}],"wp:attachment":[{"href":"https:\/\/reanpackaging.com\/cs\/wp-json\/wp\/v2\/media?parent=6496"}],"wp:term":[{"taxonomy":"product_brand","embeddable":true,"href":"https:\/\/reanpackaging.com\/cs\/wp-json\/wp\/v2\/product_brand?post=6496"},{"taxonomy":"product_cat","embeddable":true,"href":"https:\/\/reanpackaging.com\/cs\/wp-json\/wp\/v2\/product_cat?post=6496"},{"taxonomy":"product_tag","embeddable":true,"href":"https:\/\/reanpackaging.com\/cs\/wp-json\/wp\/v2\/product_tag?post=6496"}],"curies":[{"name":"wp","href":"https:\/\/api.w.org\/{rel}","templated":true}]}}