{"id":6503,"date":"2023-09-20T14:47:06","date_gmt":"2023-09-20T14:47:06","guid":{"rendered":"http:\/\/ibn.wyd.mybluehost.me\/reanpackaging.com\/product\/wholesale-custom-printed-white-brown-shopping-kraft-paper-bag-with-handle-restaurant-carry-out-to-go-bag-fast-food-takeaway-bag\/"},"modified":"2024-10-01T16:59:43","modified_gmt":"2024-10-01T16:59:43","slug":"wholesale-custom-printed-white-brown-shopping-kraft-paper-bag-with-handle-restaurant-carry-out-to-go-bag-fast-food-takeaway-bag","status":"publish","type":"product","link":"https:\/\/reanpackaging.com\/cs\/produkt\/velkoobchodni-vlastni-tistene-bile-hnede-nakupni-kraft-papirove-tasky-s-rukojeti-restaurace-carry-out-jit-taska-rychle-jidlo-takeaway-taska\/","title":{"rendered":"Velkoobchodn\u00ed zak\u00e1zkov\u00e9 ti\u0161t\u011bn\u00e9 b\u00edl\u00e9 hn\u011bd\u00e9 n\u00e1kupn\u00ed kraft pap\u00edrov\u00e9 ta\u0161ky s rukojet\u00ed restaurace carry out j\u00edt ta\u0161ka rychl\u00e9 j\u00eddlo takeaway ta\u0161ka"},"content":{"rendered":"<h4>Atributy specifick\u00e9 pro dan\u00e9 odv\u011btv\u00ed<\/h4>\n<table border=\"1\">\n<tbody>\n<tr>\n<td><strong>Pr\u016fmyslov\u00e9 vyu\u017eit\u00ed<\/strong><\/td>\n<td>Obchod&amp;N\u00e1kupy&amp;potraviny&amp;d\u00e1rky<\/td>\n<\/tr>\n<tr>\n<td><strong>Typ pap\u00edru<\/strong><\/td>\n<td>Hn\u011bd\u00fd kraftov\u00fd pap\u00edr, b\u00edl\u00fd kraftov\u00fd pap\u00edr, speci\u00e1ln\u00ed pap\u00edr<\/td>\n<\/tr>\n<tr>\n<td><strong>Funkce<\/strong><\/td>\n<td>Recyklovateln\u00fd, biologicky odbourateln\u00fd Ekologicky \u0161etrn\u00fd<\/td>\n<\/tr>\n<\/tbody>\n<\/table>\n<h4>Dal\u0161\u00ed atributy<\/h4>\n<table border=\"1\">\n<tbody>\n<tr>\n<td><strong>M\u00edsto p\u016fvodu<\/strong><\/td>\n<td>Zhejiang, \u010c\u00edna<\/td>\n<\/tr>\n<tr>\n<td><strong>N\u00e1zev zna\u010dky<\/strong><\/td>\n<td>Kapky<\/td>\n<\/tr>\n<tr>\n<td><strong>\u010c\u00edslo modelu<\/strong><\/td>\n<td>Pap\u00edrov\u00e1 ta\u0161ka<\/td>\n<\/tr>\n<tr>\n<td><strong>Manipulace s povrchem<\/strong><\/td>\n<td>Flexotisk<\/td>\n<\/tr>\n<tr>\n<td><strong>T\u011bsn\u011bn\u00ed a rukoje\u0165<\/strong><\/td>\n<td>D\u00e9lka rukojeti<\/td>\n<\/tr>\n<tr>\n<td><strong>Vlastn\u00ed objedn\u00e1vka<\/strong><\/td>\n<td>P\u0159ijmout<\/td>\n<\/tr>\n<tr>\n<td><strong>N\u00e1zev produktu<\/strong><\/td>\n<td>Pap\u00edrov\u00e1 ta\u0161ka<\/td>\n<\/tr>\n<tr>\n<td><strong>Materi\u00e1l<\/strong><\/td>\n<td>Potravin\u00e1\u0159sk\u00fd materi\u00e1l<\/td>\n<\/tr>\n<tr>\n<td><strong>Tlou\u0161\u0165ka<\/strong><\/td>\n<td>Z\u00e1kazn\u00edkovy \u0161kody<\/td>\n<\/tr>\n<tr>\n<td><strong>Logo<\/strong><\/td>\n<td>P\u0159ijmout p\u0159izp\u016fsoben\u00e9 logo<\/td>\n<\/tr>\n<tr>\n<td><strong>V\u00fdhoda<\/strong><\/td>\n<td>Ekologicky \u0161etrn\u00e9<\/td>\n<\/tr>\n<tr>\n<td><strong>MOQ<\/strong><\/td>\n<td>500ks<\/td>\n<\/tr>\n<tr>\n<td><strong>OEM\/ODM<\/strong><\/td>\n<td>P\u0159ijateln\u00e9<\/td>\n<\/tr>\n<tr>\n<td><strong>Balen\u00ed<\/strong><\/td>\n<td>Karton<\/td>\n<\/tr>\n<tr>\n<td><strong>Aplikace<\/strong><\/td>\n<td>Pap\u00edrov\u00fd obal na n\u00e1kup potravin<\/td>\n<\/tr>\n<\/tbody>\n<\/table>\n<p><img fetchpriority=\"high\" decoding=\"async\" class=\"alignnone  wp-image-6548\" src=\"http:\/\/ibn.wyd.mybluehost.me\/reanpackaging.com\/wp-content\/uploads\/2023\/09\/1-min-description-Wholesale-custom-printed-white-brown-shopping-kraft-paper-bag-with-handle-restaurant-carry-out-to-go-bag-fast-food-takeaway-bag-300x300.jpg\" alt=\"velkoobchodn\u00ed vlastn\u00ed ti\u0161t\u011bn\u00e9 b\u00edl\u00e9 hn\u011bd\u00e9 n\u00e1kupn\u00ed kraft pap\u00edrov\u00e9 ta\u0161ky s rukojet\u00ed restaurace carry out j\u00edt ta\u0161ka rychl\u00e9 j\u00eddlo takeaway ta\u0161ka\" width=\"1301\" height=\"1301\" srcset=\"https:\/\/reanpackaging.com\/wp-content\/uploads\/2023\/09\/1-min-description-Wholesale-custom-printed-white-brown-shopping-kraft-paper-bag-with-handle-restaurant-carry-out-to-go-bag-fast-food-takeaway-bag-300x300.jpg 300w, https:\/\/reanpackaging.com\/wp-content\/uploads\/2023\/09\/1-min-description-Wholesale-custom-printed-white-brown-shopping-kraft-paper-bag-with-handle-restaurant-carry-out-to-go-bag-fast-food-takeaway-bag-150x150.jpg 150w, https:\/\/reanpackaging.com\/wp-content\/uploads\/2023\/09\/1-min-description-Wholesale-custom-printed-white-brown-shopping-kraft-paper-bag-with-handle-restaurant-carry-out-to-go-bag-fast-food-takeaway-bag-768x768.jpg 768w, https:\/\/reanpackaging.com\/wp-content\/uploads\/2023\/09\/1-min-description-Wholesale-custom-printed-white-brown-shopping-kraft-paper-bag-with-handle-restaurant-carry-out-to-go-bag-fast-food-takeaway-bag-600x600.jpg 600w, https:\/\/reanpackaging.com\/wp-content\/uploads\/2023\/09\/1-min-description-Wholesale-custom-printed-white-brown-shopping-kraft-paper-bag-with-handle-restaurant-carry-out-to-go-bag-fast-food-takeaway-bag-100x100.jpg 100w, https:\/\/reanpackaging.com\/wp-content\/uploads\/2023\/09\/1-min-description-Wholesale-custom-printed-white-brown-shopping-kraft-paper-bag-with-handle-restaurant-carry-out-to-go-bag-fast-food-takeaway-bag.jpg 800w\" sizes=\"(max-width: 1301px) 100vw, 1301px\" \/><\/p>\n<p><img decoding=\"async\" class=\"alignnone  wp-image-6549\" src=\"http:\/\/ibn.wyd.mybluehost.me\/reanpackaging.com\/wp-content\/uploads\/2023\/09\/2-min-description-Wholesale-custom-printed-white-brown-shopping-kraft-paper-bag-with-handle-restaurant-carry-out-to-go-bag-fast-food-takeaway-bag-300x300.jpg\" alt=\"velkoobchodn\u00ed vlastn\u00ed ti\u0161t\u011bn\u00e9 b\u00edl\u00e9 hn\u011bd\u00e9 n\u00e1kupn\u00ed kraft pap\u00edrov\u00e9 ta\u0161ky s rukojet\u00ed restaurace carry out j\u00edt ta\u0161ka rychl\u00e9 j\u00eddlo takeaway ta\u0161ka\" width=\"1300\" height=\"1300\" srcset=\"https:\/\/reanpackaging.com\/wp-content\/uploads\/2023\/09\/2-min-description-Wholesale-custom-printed-white-brown-shopping-kraft-paper-bag-with-handle-restaurant-carry-out-to-go-bag-fast-food-takeaway-bag-300x300.jpg 300w, https:\/\/reanpackaging.com\/wp-content\/uploads\/2023\/09\/2-min-description-Wholesale-custom-printed-white-brown-shopping-kraft-paper-bag-with-handle-restaurant-carry-out-to-go-bag-fast-food-takeaway-bag-150x150.jpg 150w, https:\/\/reanpackaging.com\/wp-content\/uploads\/2023\/09\/2-min-description-Wholesale-custom-printed-white-brown-shopping-kraft-paper-bag-with-handle-restaurant-carry-out-to-go-bag-fast-food-takeaway-bag-768x768.jpg 768w, https:\/\/reanpackaging.com\/wp-content\/uploads\/2023\/09\/2-min-description-Wholesale-custom-printed-white-brown-shopping-kraft-paper-bag-with-handle-restaurant-carry-out-to-go-bag-fast-food-takeaway-bag-600x600.jpg 600w, https:\/\/reanpackaging.com\/wp-content\/uploads\/2023\/09\/2-min-description-Wholesale-custom-printed-white-brown-shopping-kraft-paper-bag-with-handle-restaurant-carry-out-to-go-bag-fast-food-takeaway-bag-100x100.jpg 100w, https:\/\/reanpackaging.com\/wp-content\/uploads\/2023\/09\/2-min-description-Wholesale-custom-printed-white-brown-shopping-kraft-paper-bag-with-handle-restaurant-carry-out-to-go-bag-fast-food-takeaway-bag.jpg 800w\" sizes=\"(max-width: 1300px) 100vw, 1300px\" \/><\/p>\n<p><img decoding=\"async\" class=\"alignnone  wp-image-6550\" src=\"http:\/\/ibn.wyd.mybluehost.me\/reanpackaging.com\/wp-content\/uploads\/2023\/09\/3-min-description-Wholesale-custom-printed-white-brown-shopping-kraft-paper-bag-with-handle-restaurant-carry-out-to-go-bag-fast-food-takeaway-bag-300x300.jpg\" alt=\"velkoobchodn\u00ed vlastn\u00ed ti\u0161t\u011bn\u00e9 b\u00edl\u00e9 hn\u011bd\u00e9 n\u00e1kupn\u00ed kraft pap\u00edrov\u00e9 ta\u0161ky s rukojet\u00ed restaurace carry out j\u00edt ta\u0161ka rychl\u00e9 j\u00eddlo takeaway ta\u0161ka\" width=\"1298\" height=\"1298\" srcset=\"https:\/\/reanpackaging.com\/wp-content\/uploads\/2023\/09\/3-min-description-Wholesale-custom-printed-white-brown-shopping-kraft-paper-bag-with-handle-restaurant-carry-out-to-go-bag-fast-food-takeaway-bag-300x300.jpg 300w, https:\/\/reanpackaging.com\/wp-content\/uploads\/2023\/09\/3-min-description-Wholesale-custom-printed-white-brown-shopping-kraft-paper-bag-with-handle-restaurant-carry-out-to-go-bag-fast-food-takeaway-bag-150x150.jpg 150w, https:\/\/reanpackaging.com\/wp-content\/uploads\/2023\/09\/3-min-description-Wholesale-custom-printed-white-brown-shopping-kraft-paper-bag-with-handle-restaurant-carry-out-to-go-bag-fast-food-takeaway-bag-600x600.jpg 600w, https:\/\/reanpackaging.com\/wp-content\/uploads\/2023\/09\/3-min-description-Wholesale-custom-printed-white-brown-shopping-kraft-paper-bag-with-handle-restaurant-carry-out-to-go-bag-fast-food-takeaway-bag-100x100.jpg 100w, https:\/\/reanpackaging.com\/wp-content\/uploads\/2023\/09\/3-min-description-Wholesale-custom-printed-white-brown-shopping-kraft-paper-bag-with-handle-restaurant-carry-out-to-go-bag-fast-food-takeaway-bag.jpg 750w\" sizes=\"(max-width: 1298px) 100vw, 1298px\" \/><\/p>\n<p><img loading=\"lazy\" decoding=\"async\" class=\"alignnone  wp-image-6551\" src=\"http:\/\/ibn.wyd.mybluehost.me\/reanpackaging.com\/wp-content\/uploads\/2023\/09\/4-min-description-Wholesale-custom-printed-white-brown-shopping-kraft-paper-bag-with-handle-restaurant-carry-out-to-go-bag-fast-food-takeaway-bag-300x300.jpg\" alt=\"velkoobchodn\u00ed vlastn\u00ed ti\u0161t\u011bn\u00e9 b\u00edl\u00e9 hn\u011bd\u00e9 n\u00e1kupn\u00ed kraft pap\u00edrov\u00e9 ta\u0161ky s rukojet\u00ed restaurace carry out j\u00edt ta\u0161ka rychl\u00e9 j\u00eddlo takeaway ta\u0161ka\" width=\"1298\" height=\"1298\" srcset=\"https:\/\/reanpackaging.com\/wp-content\/uploads\/2023\/09\/4-min-description-Wholesale-custom-printed-white-brown-shopping-kraft-paper-bag-with-handle-restaurant-carry-out-to-go-bag-fast-food-takeaway-bag-300x300.jpg 300w, https:\/\/reanpackaging.com\/wp-content\/uploads\/2023\/09\/4-min-description-Wholesale-custom-printed-white-brown-shopping-kraft-paper-bag-with-handle-restaurant-carry-out-to-go-bag-fast-food-takeaway-bag-150x150.jpg 150w, https:\/\/reanpackaging.com\/wp-content\/uploads\/2023\/09\/4-min-description-Wholesale-custom-printed-white-brown-shopping-kraft-paper-bag-with-handle-restaurant-carry-out-to-go-bag-fast-food-takeaway-bag-768x768.jpg 768w, https:\/\/reanpackaging.com\/wp-content\/uploads\/2023\/09\/4-min-description-Wholesale-custom-printed-white-brown-shopping-kraft-paper-bag-with-handle-restaurant-carry-out-to-go-bag-fast-food-takeaway-bag-600x600.jpg 600w, https:\/\/reanpackaging.com\/wp-content\/uploads\/2023\/09\/4-min-description-Wholesale-custom-printed-white-brown-shopping-kraft-paper-bag-with-handle-restaurant-carry-out-to-go-bag-fast-food-takeaway-bag-100x100.jpg 100w, https:\/\/reanpackaging.com\/wp-content\/uploads\/2023\/09\/4-min-description-Wholesale-custom-printed-white-brown-shopping-kraft-paper-bag-with-handle-restaurant-carry-out-to-go-bag-fast-food-takeaway-bag.jpg 800w\" sizes=\"(max-width: 1298px) 100vw, 1298px\" \/><\/p>\n<p><img loading=\"lazy\" decoding=\"async\" class=\"alignnone  wp-image-6552\" src=\"http:\/\/ibn.wyd.mybluehost.me\/reanpackaging.com\/wp-content\/uploads\/2023\/09\/5-min-description-Wholesale-custom-printed-white-brown-shopping-kraft-paper-bag-with-handle-restaurant-carry-out-to-go-bag-fast-food-takeaway-bag-300x300.jpg\" alt=\"velkoobchodn\u00ed vlastn\u00ed ti\u0161t\u011bn\u00e9 b\u00edl\u00e9 hn\u011bd\u00e9 n\u00e1kupn\u00ed kraft pap\u00edrov\u00e9 ta\u0161ky s rukojet\u00ed restaurace carry out j\u00edt ta\u0161ka rychl\u00e9 j\u00eddlo takeaway ta\u0161ka\" width=\"1298\" height=\"1298\" srcset=\"https:\/\/reanpackaging.com\/wp-content\/uploads\/2023\/09\/5-min-description-Wholesale-custom-printed-white-brown-shopping-kraft-paper-bag-with-handle-restaurant-carry-out-to-go-bag-fast-food-takeaway-bag-300x300.jpg 300w, https:\/\/reanpackaging.com\/wp-content\/uploads\/2023\/09\/5-min-description-Wholesale-custom-printed-white-brown-shopping-kraft-paper-bag-with-handle-restaurant-carry-out-to-go-bag-fast-food-takeaway-bag-150x150.jpg 150w, https:\/\/reanpackaging.com\/wp-content\/uploads\/2023\/09\/5-min-description-Wholesale-custom-printed-white-brown-shopping-kraft-paper-bag-with-handle-restaurant-carry-out-to-go-bag-fast-food-takeaway-bag-768x768.jpg 768w, https:\/\/reanpackaging.com\/wp-content\/uploads\/2023\/09\/5-min-description-Wholesale-custom-printed-white-brown-shopping-kraft-paper-bag-with-handle-restaurant-carry-out-to-go-bag-fast-food-takeaway-bag-600x600.jpg 600w, https:\/\/reanpackaging.com\/wp-content\/uploads\/2023\/09\/5-min-description-Wholesale-custom-printed-white-brown-shopping-kraft-paper-bag-with-handle-restaurant-carry-out-to-go-bag-fast-food-takeaway-bag-100x100.jpg 100w, https:\/\/reanpackaging.com\/wp-content\/uploads\/2023\/09\/5-min-description-Wholesale-custom-printed-white-brown-shopping-kraft-paper-bag-with-handle-restaurant-carry-out-to-go-bag-fast-food-takeaway-bag.jpg 800w\" sizes=\"(max-width: 1298px) 100vw, 1298px\" \/><\/p>\n<p><img loading=\"lazy\" decoding=\"async\" class=\"alignnone  wp-image-6553\" src=\"http:\/\/ibn.wyd.mybluehost.me\/reanpackaging.com\/wp-content\/uploads\/2023\/09\/6-min-description-Wholesale-custom-printed-white-brown-shopping-kraft-paper-bag-with-handle-restaurant-carry-out-to-go-bag-fast-food-takeaway-bag-300x300.jpg\" alt=\"velkoobchodn\u00ed vlastn\u00ed ti\u0161t\u011bn\u00e9 b\u00edl\u00e9 hn\u011bd\u00e9 n\u00e1kupn\u00ed kraft pap\u00edrov\u00e9 ta\u0161ky s rukojet\u00ed restaurace carry out j\u00edt ta\u0161ka rychl\u00e9 j\u00eddlo takeaway ta\u0161ka\" width=\"1299\" height=\"1299\" srcset=\"https:\/\/reanpackaging.com\/wp-content\/uploads\/2023\/09\/6-min-description-Wholesale-custom-printed-white-brown-shopping-kraft-paper-bag-with-handle-restaurant-carry-out-to-go-bag-fast-food-takeaway-bag-300x300.jpg 300w, https:\/\/reanpackaging.com\/wp-content\/uploads\/2023\/09\/6-min-description-Wholesale-custom-printed-white-brown-shopping-kraft-paper-bag-with-handle-restaurant-carry-out-to-go-bag-fast-food-takeaway-bag-150x150.jpg 150w, https:\/\/reanpackaging.com\/wp-content\/uploads\/2023\/09\/6-min-description-Wholesale-custom-printed-white-brown-shopping-kraft-paper-bag-with-handle-restaurant-carry-out-to-go-bag-fast-food-takeaway-bag-768x768.jpg 768w, https:\/\/reanpackaging.com\/wp-content\/uploads\/2023\/09\/6-min-description-Wholesale-custom-printed-white-brown-shopping-kraft-paper-bag-with-handle-restaurant-carry-out-to-go-bag-fast-food-takeaway-bag-600x600.jpg 600w, https:\/\/reanpackaging.com\/wp-content\/uploads\/2023\/09\/6-min-description-Wholesale-custom-printed-white-brown-shopping-kraft-paper-bag-with-handle-restaurant-carry-out-to-go-bag-fast-food-takeaway-bag-100x100.jpg 100w, https:\/\/reanpackaging.com\/wp-content\/uploads\/2023\/09\/6-min-description-Wholesale-custom-printed-white-brown-shopping-kraft-paper-bag-with-handle-restaurant-carry-out-to-go-bag-fast-food-takeaway-bag.jpg 800w\" sizes=\"(max-width: 1299px) 100vw, 1299px\" \/><\/p>\n<p><img loading=\"lazy\" decoding=\"async\" class=\"alignnone  wp-image-6554\" src=\"http:\/\/ibn.wyd.mybluehost.me\/reanpackaging.com\/wp-content\/uploads\/2023\/09\/7-min-description-Wholesale-custom-printed-white-brown-shopping-kraft-paper-bag-with-handle-restaurant-carry-out-to-go-bag-fast-food-takeaway-bag-300x130.jpg\" alt=\"velkoobchodn\u00ed vlastn\u00ed ti\u0161t\u011bn\u00e9 b\u00edl\u00e9 hn\u011bd\u00e9 n\u00e1kupn\u00ed kraft pap\u00edrov\u00e9 ta\u0161ky s rukojet\u00ed restaurace carry out j\u00edt ta\u0161ka rychl\u00e9 j\u00eddlo takeaway ta\u0161ka\" width=\"1297\" height=\"562\" srcset=\"https:\/\/reanpackaging.com\/wp-content\/uploads\/2023\/09\/7-min-description-Wholesale-custom-printed-white-brown-shopping-kraft-paper-bag-with-handle-restaurant-carry-out-to-go-bag-fast-food-takeaway-bag-300x130.jpg 300w, https:\/\/reanpackaging.com\/wp-content\/uploads\/2023\/09\/7-min-description-Wholesale-custom-printed-white-brown-shopping-kraft-paper-bag-with-handle-restaurant-carry-out-to-go-bag-fast-food-takeaway-bag-600x260.jpg 600w, https:\/\/reanpackaging.com\/wp-content\/uploads\/2023\/09\/7-min-description-Wholesale-custom-printed-white-brown-shopping-kraft-paper-bag-with-handle-restaurant-carry-out-to-go-bag-fast-food-takeaway-bag.jpg 700w\" sizes=\"(max-width: 1297px) 100vw, 1297px\" \/><\/p>\n<p><img loading=\"lazy\" decoding=\"async\" class=\"alignnone  wp-image-6556\" src=\"http:\/\/ibn.wyd.mybluehost.me\/reanpackaging.com\/wp-content\/uploads\/2023\/09\/8-min-description-Wholesale-custom-printed-white-brown-shopping-kraft-paper-bag-with-handle-restaurant-carry-out-to-go-bag-fast-food-takeaway-bag-300x70.jpg\" alt=\"velkoobchodn\u00ed vlastn\u00ed ti\u0161t\u011bn\u00e9 b\u00edl\u00e9 hn\u011bd\u00e9 n\u00e1kupn\u00ed kraft pap\u00edrov\u00e9 ta\u0161ky s rukojet\u00ed restaurace carry out j\u00edt ta\u0161ka rychl\u00e9 j\u00eddlo takeaway ta\u0161ka\" width=\"1290\" height=\"301\" srcset=\"https:\/\/reanpackaging.com\/wp-content\/uploads\/2023\/09\/8-min-description-Wholesale-custom-printed-white-brown-shopping-kraft-paper-bag-with-handle-restaurant-carry-out-to-go-bag-fast-food-takeaway-bag-300x70.jpg 300w, https:\/\/reanpackaging.com\/wp-content\/uploads\/2023\/09\/8-min-description-Wholesale-custom-printed-white-brown-shopping-kraft-paper-bag-with-handle-restaurant-carry-out-to-go-bag-fast-food-takeaway-bag-768x180.jpg 768w, https:\/\/reanpackaging.com\/wp-content\/uploads\/2023\/09\/8-min-description-Wholesale-custom-printed-white-brown-shopping-kraft-paper-bag-with-handle-restaurant-carry-out-to-go-bag-fast-food-takeaway-bag-600x141.jpg 600w, https:\/\/reanpackaging.com\/wp-content\/uploads\/2023\/09\/8-min-description-Wholesale-custom-printed-white-brown-shopping-kraft-paper-bag-with-handle-restaurant-carry-out-to-go-bag-fast-food-takeaway-bag.jpg 790w\" sizes=\"(max-width: 1290px) 100vw, 1290px\" \/><\/p>","protected":false},"excerpt":{"rendered":"<p>Industry-Specific Attributes Industrial Use Business&amp;Shopping&amp;food&amp;gift Paper Type Brown Kraft Paper, White Kraft Paper,Specialty Paper Feature Recyclable, Bio-degradable Eco-friendly Other Attributes Place of Origin Zhejiang,China Brand Name Droplets Model Number Paper Bag Surface Handling Flexo Printing Sealing &amp; Handle Hand Length Handle Custom Order Accept Product name Paper Bag Material Food Grade Material Thickness Customer&#8217;s Damands [&hellip;]<\/p>\n","protected":false},"featured_media":6504,"template":"","meta":{"_seopress_robots_primary_cat":"none","_seopress_titles_title":"","_seopress_titles_desc":"","_seopress_robots_index":"","site-sidebar-layout":"default","site-content-layout":"default","ast-site-content-layout":"default","site-content-style":"default","site-sidebar-style":"default","ast-global-header-display":"","ast-banner-title-visibility":"","ast-main-header-display":"","ast-hfb-above-header-display":"","ast-hfb-below-header-display":"","ast-hfb-mobile-header-display":"","site-post-title":"","ast-breadcrumbs-content":"","ast-featured-img":"","footer-sml-layout":"","ast-disable-related-posts":"","theme-transparent-header-meta":"default","adv-header-id-meta":"","stick-header-meta":"default","header-above-stick-meta":"","header-main-stick-meta":"","header-below-stick-meta":"","astra-migrate-meta-layouts":"set","ast-page-background-enabled":"default","ast-page-background-meta":{"desktop":{"background-color":"","background-image":"","background-repeat":"repeat","background-position":"center center","background-size":"auto","background-attachment":"scroll","background-type":"","background-media":"","overlay-type":"","overlay-color":"","overlay-opacity":"","overlay-gradient":""},"tablet":{"background-color":"","background-image":"","background-repeat":"repeat","background-position":"center center","background-size":"auto","background-attachment":"scroll","background-type":"","background-media":"","overlay-type":"","overlay-color":"","overlay-opacity":"","overlay-gradient":""},"mobile":{"background-color":"","background-image":"","background-repeat":"repeat","background-position":"center center","background-size":"auto","background-attachment":"scroll","background-type":"","background-media":"","overlay-type":"","overlay-color":"","overlay-opacity":"","overlay-gradient":""}},"ast-content-background-meta":{"desktop":{"background-color":"var(--ast-global-color-5)","background-image":"","background-repeat":"repeat","background-position":"center center","background-size":"auto","background-attachment":"scroll","background-type":"","background-media":"","overlay-type":"","overlay-color":"","overlay-opacity":"","overlay-gradient":""},"tablet":{"background-color":"var(--ast-global-color-5)","background-image":"","background-repeat":"repeat","background-position":"center center","background-size":"auto","background-attachment":"scroll","background-type":"","background-media":"","overlay-type":"","overlay-color":"","overlay-opacity":"","overlay-gradient":""},"mobile":{"background-color":"var(--ast-global-color-5)","background-image":"","background-repeat":"repeat","background-position":"center center","background-size":"auto","background-attachment":"scroll","background-type":"","background-media":"","overlay-type":"","overlay-color":"","overlay-opacity":"","overlay-gradient":""}}},"product_brand":[],"product_cat":[36,44,34],"product_tag":[],"class_list":{"0":"post-6503","1":"product","2":"type-product","3":"status-publish","4":"has-post-thumbnail","6":"product_cat-kraft-bags","7":"product_cat-paper-bags","8":"product_cat-paper-bags-with-handles","9":"desktop-align-left","10":"tablet-align-left","11":"mobile-align-left","12":"ast-product-gallery-layout-horizontal","13":"ast-product-tabs-layout-horizontal","15":"first","16":"instock","17":"purchasable","18":"product-type-simple"},"_links":{"self":[{"href":"https:\/\/reanpackaging.com\/cs\/wp-json\/wp\/v2\/product\/6503","targetHints":{"allow":["GET"]}}],"collection":[{"href":"https:\/\/reanpackaging.com\/cs\/wp-json\/wp\/v2\/product"}],"about":[{"href":"https:\/\/reanpackaging.com\/cs\/wp-json\/wp\/v2\/types\/product"}],"wp:featuredmedia":[{"embeddable":true,"href":"https:\/\/reanpackaging.com\/cs\/wp-json\/wp\/v2\/media\/6504"}],"wp:attachment":[{"href":"https:\/\/reanpackaging.com\/cs\/wp-json\/wp\/v2\/media?parent=6503"}],"wp:term":[{"taxonomy":"product_brand","embeddable":true,"href":"https:\/\/reanpackaging.com\/cs\/wp-json\/wp\/v2\/product_brand?post=6503"},{"taxonomy":"product_cat","embeddable":true,"href":"https:\/\/reanpackaging.com\/cs\/wp-json\/wp\/v2\/product_cat?post=6503"},{"taxonomy":"product_tag","embeddable":true,"href":"https:\/\/reanpackaging.com\/cs\/wp-json\/wp\/v2\/product_tag?post=6503"}],"curies":[{"name":"wp","href":"https:\/\/api.w.org\/{rel}","templated":true}]}}