{"id":6516,"date":"2023-09-20T14:47:06","date_gmt":"2023-09-20T14:47:06","guid":{"rendered":"http:\/\/ibn.wyd.mybluehost.me\/reanpackaging.com\/product\/luxury-gift-paper-bag-custom-printed-logo-shoes-clothes-shopping-wedding-gift-jewelry-packaging-bag-with-ribbon-handles\/"},"modified":"2024-10-01T16:59:45","modified_gmt":"2024-10-01T16:59:45","slug":"luxury-gift-paper-bag-custom-printed-logo-shoes-clothes-shopping-wedding-gift-jewelry-packaging-bag-with-ribbon-handles","status":"publish","type":"product","link":"https:\/\/reanpackaging.com\/cs\/produkt\/luxusni-darkova-papirova-taska-s-vlastnim-tistenym-logem-boty-obleceni-nakupni-svatebni-dar-sperky-baleni-taska-s-rukojeti-stuhou\/","title":{"rendered":"Luxusn\u00ed d\u00e1rkov\u00e1 pap\u00edrov\u00e1 ta\u0161ka s vlastn\u00edm potiskem Logo Oble\u010den\u00ed N\u00e1kupn\u00ed svatebn\u00ed d\u00e1rky \u0160perky Balen\u00ed ta\u0161ka s p\u00e1skou rukojeti"},"content":{"rendered":"<h4>Atributy specifick\u00e9 pro dan\u00e9 odv\u011btv\u00ed<\/h4>\n<table border=\"1\">\n<tbody>\n<tr>\n<td><strong>Pr\u016fmyslov\u00e9 vyu\u017eit\u00ed<\/strong><\/td>\n<td>Nakupov\u00e1n\u00ed; d\u00e1rkov\u00e9 balen\u00ed atd.<\/td>\n<\/tr>\n<tr>\n<td><strong>Typ pap\u00edru<\/strong><\/td>\n<td>Um\u011bleck\u00fd pap\u00edr<\/td>\n<\/tr>\n<tr>\n<td><strong>Funkce<\/strong><\/td>\n<td>Recyklovateln\u00e9<\/td>\n<\/tr>\n<\/tbody>\n<\/table>\n<h4>Dal\u0161\u00ed atributy<\/h4>\n<table border=\"1\">\n<tbody>\n<tr>\n<td><strong>Manipulace s povrchem<\/strong><\/td>\n<td>Hork\u00e1 ra\u017eba; ofsetov\u00fd tisk; UV tisk; ra\u017eba atd.<\/td>\n<\/tr>\n<tr>\n<td><strong>T\u011bsn\u011bn\u00ed a rukoje\u0165<\/strong><\/td>\n<td>D\u00e9lka rukojeti<\/td>\n<\/tr>\n<tr>\n<td><strong>Vlastn\u00ed objedn\u00e1vka<\/strong><\/td>\n<td>P\u0159ijmout<\/td>\n<\/tr>\n<tr>\n<td><strong>Materi\u00e1l<\/strong><\/td>\n<td>230-250 g\/m2 Kraftov\u00fd pap\u00edr\/pokr\u00fdvan\u00fd pap\u00edr<\/td>\n<\/tr>\n<tr>\n<td><strong>Polo\u017eka<\/strong><\/td>\n<td>Vlastn\u00ed pap\u00edrov\u00e1 ta\u0161ka<\/td>\n<\/tr>\n<tr>\n<td><strong>N\u00e1zev<\/strong><\/td>\n<td>Vlastn\u00ed pap\u00edrov\u00e1 ta\u0161ka s vlastn\u00edm logem<\/td>\n<\/tr>\n<tr>\n<td><strong>Tlou\u0161\u0165ka<\/strong><\/td>\n<td>Z\u00e1kazn\u00edkovy \u0161kody<\/td>\n<\/tr>\n<tr>\n<td><strong>Barva<\/strong><\/td>\n<td>P\u0159izp\u016fsoben\u00e1 barva<\/td>\n<\/tr>\n<tr>\n<td><strong>Velikost<\/strong><\/td>\n<td>P\u0159izp\u016fsoben\u00e1 velikost<\/td>\n<\/tr>\n<tr>\n<td><strong>Po\u0159ad\u00ed zkou\u0161ek<\/strong><\/td>\n<td>Dostupn\u00e9 na<\/td>\n<\/tr>\n<tr>\n<td><strong>Tisk<\/strong><\/td>\n<td>Tisk CMYK<\/td>\n<\/tr>\n<tr>\n<td><strong>Pou\u017eit\u00ed<\/strong><\/td>\n<td>N\u00e1kupy, bal\u00ed\u010dky, cukrovinky, d\u00e1rkov\u00e9 krabi\u010dky, potraviny, kosmetika, p\u0159edm\u011bty denn\u00ed pot\u0159eby<\/td>\n<\/tr>\n<tr>\n<td><strong>Logo<\/strong><\/td>\n<td>P\u0159ijmout p\u0159izp\u016fsoben\u00e9 logo<\/td>\n<\/tr>\n<\/tbody>\n<\/table>\n<p><img fetchpriority=\"high\" decoding=\"async\" class=\"alignnone wp-image-6563\" src=\"http:\/\/ibn.wyd.mybluehost.me\/reanpackaging.com\/wp-content\/uploads\/2023\/09\/1-Luxury-Gift-Paper-Bag-Custom-Printed-Logo-Shoes-Clothes-Shopping-Wedding-Gift-Jewelry-Packaging-Bag-With-Ribbon-Handles-300x300.png\" alt=\"luxusn\u00ed d\u00e1rkov\u00e1 pap\u00edrov\u00e1 ta\u0161ka s vlastn\u00edm ti\u0161t\u011bn\u00fdm logem boty oble\u010den\u00ed n\u00e1kupn\u00ed svatebn\u00ed dar \u0161perky balen\u00ed ta\u0161ka s rukojet\u00ed stuhou\" width=\"1300\" height=\"1300\" srcset=\"https:\/\/reanpackaging.com\/wp-content\/uploads\/2023\/09\/1-Luxury-Gift-Paper-Bag-Custom-Printed-Logo-Shoes-Clothes-Shopping-Wedding-Gift-Jewelry-Packaging-Bag-With-Ribbon-Handles-300x300.png 300w, https:\/\/reanpackaging.com\/wp-content\/uploads\/2023\/09\/1-Luxury-Gift-Paper-Bag-Custom-Printed-Logo-Shoes-Clothes-Shopping-Wedding-Gift-Jewelry-Packaging-Bag-With-Ribbon-Handles-150x150.png 150w, https:\/\/reanpackaging.com\/wp-content\/uploads\/2023\/09\/1-Luxury-Gift-Paper-Bag-Custom-Printed-Logo-Shoes-Clothes-Shopping-Wedding-Gift-Jewelry-Packaging-Bag-With-Ribbon-Handles-768x768.png 768w, https:\/\/reanpackaging.com\/wp-content\/uploads\/2023\/09\/1-Luxury-Gift-Paper-Bag-Custom-Printed-Logo-Shoes-Clothes-Shopping-Wedding-Gift-Jewelry-Packaging-Bag-With-Ribbon-Handles-600x600.png 600w, https:\/\/reanpackaging.com\/wp-content\/uploads\/2023\/09\/1-Luxury-Gift-Paper-Bag-Custom-Printed-Logo-Shoes-Clothes-Shopping-Wedding-Gift-Jewelry-Packaging-Bag-With-Ribbon-Handles-100x100.png 100w, https:\/\/reanpackaging.com\/wp-content\/uploads\/2023\/09\/1-Luxury-Gift-Paper-Bag-Custom-Printed-Logo-Shoes-Clothes-Shopping-Wedding-Gift-Jewelry-Packaging-Bag-With-Ribbon-Handles.png 800w\" sizes=\"(max-width: 1300px) 100vw, 1300px\" \/><\/p>","protected":false},"excerpt":{"rendered":"<p>Industry-Specific Attributes Industrial Use Shopping; gift packaging, etc Paper Type Art Paper Feature Recyclable Other Attributes Surface Handling Hot Stamping; offset printing; UV; embossing,etc Sealing &amp; Handle Hand Length Handle Custom Order Accept Material 230-250gsm Kraft Paper\/Coated Paper Item Custom Paper Bag Name Custom Paper Bag with Your Own Logo Thickness Customer&#8217;s Damands Color Customized [&hellip;]<\/p>\n","protected":false},"featured_media":6517,"template":"","meta":{"_seopress_robots_primary_cat":"none","_seopress_titles_title":"","_seopress_titles_desc":"","_seopress_robots_index":"","site-sidebar-layout":"default","site-content-layout":"default","ast-site-content-layout":"default","site-content-style":"default","site-sidebar-style":"default","ast-global-header-display":"","ast-banner-title-visibility":"","ast-main-header-display":"","ast-hfb-above-header-display":"","ast-hfb-below-header-display":"","ast-hfb-mobile-header-display":"","site-post-title":"","ast-breadcrumbs-content":"","ast-featured-img":"","footer-sml-layout":"","ast-disable-related-posts":"","theme-transparent-header-meta":"default","adv-header-id-meta":"","stick-header-meta":"default","header-above-stick-meta":"","header-main-stick-meta":"","header-below-stick-meta":"","astra-migrate-meta-layouts":"set","ast-page-background-enabled":"default","ast-page-background-meta":{"desktop":{"background-color":"","background-image":"","background-repeat":"repeat","background-position":"center center","background-size":"auto","background-attachment":"scroll","background-type":"","background-media":"","overlay-type":"","overlay-color":"","overlay-opacity":"","overlay-gradient":""},"tablet":{"background-color":"","background-image":"","background-repeat":"repeat","background-position":"center center","background-size":"auto","background-attachment":"scroll","background-type":"","background-media":"","overlay-type":"","overlay-color":"","overlay-opacity":"","overlay-gradient":""},"mobile":{"background-color":"","background-image":"","background-repeat":"repeat","background-position":"center center","background-size":"auto","background-attachment":"scroll","background-type":"","background-media":"","overlay-type":"","overlay-color":"","overlay-opacity":"","overlay-gradient":""}},"ast-content-background-meta":{"desktop":{"background-color":"var(--ast-global-color-5)","background-image":"","background-repeat":"repeat","background-position":"center center","background-size":"auto","background-attachment":"scroll","background-type":"","background-media":"","overlay-type":"","overlay-color":"","overlay-opacity":"","overlay-gradient":""},"tablet":{"background-color":"var(--ast-global-color-5)","background-image":"","background-repeat":"repeat","background-position":"center center","background-size":"auto","background-attachment":"scroll","background-type":"","background-media":"","overlay-type":"","overlay-color":"","overlay-opacity":"","overlay-gradient":""},"mobile":{"background-color":"var(--ast-global-color-5)","background-image":"","background-repeat":"repeat","background-position":"center center","background-size":"auto","background-attachment":"scroll","background-type":"","background-media":"","overlay-type":"","overlay-color":"","overlay-opacity":"","overlay-gradient":""}}},"product_brand":[],"product_cat":[40,36,29,44,34,41],"product_tag":[],"class_list":{"0":"post-6516","1":"product","2":"type-product","3":"status-publish","4":"has-post-thumbnail","6":"product_cat-gift-bags","7":"product_cat-kraft-bags","8":"product_cat-packaging-boxes","9":"product_cat-paper-bags","10":"product_cat-paper-bags-with-handles","11":"product_cat-shopping-bags","12":"desktop-align-left","13":"tablet-align-left","14":"mobile-align-left","15":"ast-product-gallery-layout-horizontal","16":"ast-product-tabs-layout-horizontal","18":"first","19":"instock","20":"purchasable","21":"product-type-simple"},"_links":{"self":[{"href":"https:\/\/reanpackaging.com\/cs\/wp-json\/wp\/v2\/product\/6516","targetHints":{"allow":["GET"]}}],"collection":[{"href":"https:\/\/reanpackaging.com\/cs\/wp-json\/wp\/v2\/product"}],"about":[{"href":"https:\/\/reanpackaging.com\/cs\/wp-json\/wp\/v2\/types\/product"}],"wp:featuredmedia":[{"embeddable":true,"href":"https:\/\/reanpackaging.com\/cs\/wp-json\/wp\/v2\/media\/6517"}],"wp:attachment":[{"href":"https:\/\/reanpackaging.com\/cs\/wp-json\/wp\/v2\/media?parent=6516"}],"wp:term":[{"taxonomy":"product_brand","embeddable":true,"href":"https:\/\/reanpackaging.com\/cs\/wp-json\/wp\/v2\/product_brand?post=6516"},{"taxonomy":"product_cat","embeddable":true,"href":"https:\/\/reanpackaging.com\/cs\/wp-json\/wp\/v2\/product_cat?post=6516"},{"taxonomy":"product_tag","embeddable":true,"href":"https:\/\/reanpackaging.com\/cs\/wp-json\/wp\/v2\/product_tag?post=6516"}],"curies":[{"name":"wp","href":"https:\/\/api.w.org\/{rel}","templated":true}]}}