{"id":65232,"date":"2025-02-13T10:47:22","date_gmt":"2025-02-13T10:47:22","guid":{"rendered":"https:\/\/reanpackaging.com\/product\/modern-style-fancy-fashion-book-storage-box-decoration-model-hard-cover-decorative-open-book\/"},"modified":"2025-02-13T10:47:49","modified_gmt":"2025-02-13T10:47:49","slug":"modern-style-fancy-fashion-book-storage-box-decoration-model-hard-cover-decorative-open-book","status":"publish","type":"product","link":"https:\/\/reanpackaging.com\/cs\/produkt\/modern-style-fancy-fashion-book-storage-box-decoration-model-hard-cover-decorative-open-book\/","title":{"rendered":"Modern\u00ed styl Fancy Fashion Book Storage Box Dekorace Model Hard Cover Dekorativn\u00ed otev\u0159en\u00e1 kniha"},"content":{"rendered":"<h4>Atributy specifick\u00e9 pro dan\u00e9 odv\u011btv\u00ed<\/h4>\n<table border=\"1\">\n<tr>\n<td><strong>styl designu<\/strong><\/td>\n<td>Art Deco<\/td>\n<\/tr>\n<tr>\n<td><strong>materi\u00e1l<\/strong><\/td>\n<td>karton<\/td>\n<\/tr>\n<\/table>\n<h4>Dal\u0161\u00ed atributy<\/h4>\n<table border=\"1\">\n<tr>\n<td><strong>typ<\/strong><\/td>\n<td>Ostatn\u00ed dom\u00e1c\u00ed dekorace<\/td>\n<\/tr>\n<tr>\n<td><strong>Funkce<\/strong><\/td>\n<td>\u0160etrn\u00e9 k \u017eivotn\u00edmu prost\u0159ed\u00ed, realistick\u00e9, p\u0159irozen\u00e9 na dotek, dlouh\u00e1 \u017eivotnost<\/td>\n<\/tr>\n<tr>\n<td><strong>Styl<\/strong><\/td>\n<td>Obchod<\/td>\n<\/tr>\n<tr>\n<td><strong>Uk\u00e1zka:<\/strong><\/td>\n<td>Dostupn\u00e9 na<\/td>\n<\/tr>\n<tr>\n<td><strong>P\u0159izp\u016fsoben\u00ed<\/strong><\/td>\n<td>P\u0159ijateln\u00e9<\/td>\n<\/tr>\n<tr>\n<td><strong>Doba dod\u00e1n\u00ed<\/strong><\/td>\n<td>Obvykle 7-15 dn\u00ed, bude vyjedn\u00e1no<\/td>\n<\/tr>\n<tr>\n<td><strong>P\u0159\u00edle\u017eitost:<\/strong><\/td>\n<td>Svatba, Domov, Kancel\u00e1\u0159, P\u00e1rty, Festival, Vnit\u0159n\u00ed venkovn\u00ed dekorace<\/td>\n<\/tr>\n<tr>\n<td><strong>Typ:<\/strong><\/td>\n<td>Dekorativn\u00ed kv\u011btiny a v\u011bnce, Konzervovan\u00e9 kv\u011btiny a rostliny<\/td>\n<\/tr>\n<tr>\n<td><strong>Platba<\/strong><\/td>\n<td>T\/T, kreditn\u00ed karta, Western Union, PayPal, Trade Assurance<\/td>\n<\/tr>\n<tr>\n<td><strong>Doprava:<\/strong><\/td>\n<td>FedEx, DHL, UPS, po mo\u0159i, na vy\u017e\u00e1d\u00e1n\u00ed<\/td>\n<\/tr>\n<\/table>\n<p><img decoding=\"async\" class=\"detail-desc-decorate-image\" src=\"https:\/\/reanpackaging.com\/wp-content\/uploads\/2025\/02\/1-description-Modern-Style-Fancy-Fashion-Book-Storage-Box-Decoration-Model-Hard-Cover-Decorative-Open-Book.jpg\" slate-data-type=\"image\" style=\"max-width: 100%; height: auto; display: block; margin: 0 auto;\"><br \/>\n<img decoding=\"async\" class=\"detail-desc-decorate-image\" src=\"https:\/\/reanpackaging.com\/wp-content\/uploads\/2025\/02\/2-description-Modern-Style-Fancy-Fashion-Book-Storage-Box-Decoration-Model-Hard-Cover-Decorative-Open-Book.jpg\" slate-data-type=\"image\" style=\"max-width: 100%; height: auto; display: block; margin: 0 auto;\"><br \/>\n<img decoding=\"async\" class=\"detail-desc-decorate-image\" src=\"https:\/\/reanpackaging.com\/wp-content\/uploads\/2025\/02\/3-description-Modern-Style-Fancy-Fashion-Book-Storage-Box-Decoration-Model-Hard-Cover-Decorative-Open-Book.jpg\" slate-data-type=\"image\" style=\"max-width: 100%; height: auto; display: block; margin: 0 auto;\"><br \/>\n<img decoding=\"async\" class=\"detail-desc-decorate-image\" src=\"https:\/\/reanpackaging.com\/wp-content\/uploads\/2025\/02\/4-description-Modern-Style-Fancy-Fashion-Book-Storage-Box-Decoration-Model-Hard-Cover-Decorative-Open-Book.jpg\" slate-data-type=\"image\" style=\"max-width: 100%; height: auto; display: block; margin: 0 auto;\"><br \/>\n<img decoding=\"async\" class=\"detail-desc-decorate-image\" src=\"https:\/\/reanpackaging.com\/wp-content\/uploads\/2025\/02\/5-description-Modern-Style-Fancy-Fashion-Book-Storage-Box-Decoration-Model-Hard-Cover-Decorative-Open-Book.jpg\" slate-data-type=\"image\" style=\"max-width: 100%; height: auto; display: block; margin: 0 auto;\"><br \/>\n<img decoding=\"async\" class=\"detail-desc-decorate-image\" src=\"https:\/\/reanpackaging.com\/wp-content\/uploads\/2025\/02\/6-description-Modern-Style-Fancy-Fashion-Book-Storage-Box-Decoration-Model-Hard-Cover-Decorative-Open-Book.jpg\" slate-data-type=\"image\" style=\"max-width: 100%; height: auto; display: block; margin: 0 auto;\"><br \/>\n<img decoding=\"async\" class=\"detail-desc-decorate-image\" src=\"https:\/\/reanpackaging.com\/wp-content\/uploads\/2025\/02\/7-description-Modern-Style-Fancy-Fashion-Book-Storage-Box-Decoration-Model-Hard-Cover-Decorative-Open-Book.jpg\" slate-data-type=\"image\" style=\"max-width: 100%; height: auto; display: block; margin: 0 auto;\"><br \/>\n<img decoding=\"async\" class=\"detail-desc-decorate-image\" src=\"https:\/\/reanpackaging.com\/wp-content\/uploads\/2025\/02\/8-description-Modern-Style-Fancy-Fashion-Book-Storage-Box-Decoration-Model-Hard-Cover-Decorative-Open-Book.jpg\" slate-data-type=\"image\" style=\"max-width: 100%; height: auto; display: block; margin: 0 auto;\"><br \/>\n<img decoding=\"async\" class=\"detail-desc-decorate-image\" src=\"https:\/\/reanpackaging.com\/wp-content\/uploads\/2025\/02\/9-description-Modern-Style-Fancy-Fashion-Book-Storage-Box-Decoration-Model-Hard-Cover-Decorative-Open-Book.jpg\" slate-data-type=\"image\" style=\"max-width: 100%; height: auto; display: block; margin: 0 auto;\"><br \/>\n<img decoding=\"async\" class=\"detail-desc-decorate-image\" src=\"https:\/\/reanpackaging.com\/wp-content\/uploads\/2025\/02\/10-description-Modern-Style-Fancy-Fashion-Book-Storage-Box-Decoration-Model-Hard-Cover-Decorative-Open-Book.jpg\" slate-data-type=\"image\" style=\"max-width: 100%; height: auto; display: block; margin: 0 auto;\"><\/p>","protected":false},"excerpt":{"rendered":"<p>Industry-Specific Attributes design style Art Deco material cardboard Other Attributes type Other Home Decor Feature Eco-friendly, Lifelike, Natural Real Touch, Long Lasting Style Store Sample: Available Customization Acceptable Delivery Time Usually 7-15 days,To be negotiated Occasion: Wedding, Home, Office, Party, Festival, Indoor Outdoor Decoration Type: Decorative Flowers &#038; Wreaths, Preserved Flowers &#038; Plants Payment T\/T, [&hellip;]<\/p>\n","protected":false},"featured_media":65071,"template":"","meta":{"_seopress_robots_primary_cat":"","_seopress_titles_title":"","_seopress_titles_desc":"","_seopress_robots_index":"","site-sidebar-layout":"default","site-content-layout":"","ast-site-content-layout":"default","site-content-style":"default","site-sidebar-style":"default","ast-global-header-display":"","ast-banner-title-visibility":"","ast-main-header-display":"","ast-hfb-above-header-display":"","ast-hfb-below-header-display":"","ast-hfb-mobile-header-display":"","site-post-title":"","ast-breadcrumbs-content":"","ast-featured-img":"","footer-sml-layout":"","ast-disable-related-posts":"","theme-transparent-header-meta":"","adv-header-id-meta":"","stick-header-meta":"","header-above-stick-meta":"","header-main-stick-meta":"","header-below-stick-meta":"","astra-migrate-meta-layouts":"default","ast-page-background-enabled":"default","ast-page-background-meta":{"desktop":{"background-color":"","background-image":"","background-repeat":"repeat","background-position":"center center","background-size":"auto","background-attachment":"scroll","background-type":"","background-media":"","overlay-type":"","overlay-color":"","overlay-opacity":"","overlay-gradient":""},"tablet":{"background-color":"","background-image":"","background-repeat":"repeat","background-position":"center center","background-size":"auto","background-attachment":"scroll","background-type":"","background-media":"","overlay-type":"","overlay-color":"","overlay-opacity":"","overlay-gradient":""},"mobile":{"background-color":"","background-image":"","background-repeat":"repeat","background-position":"center center","background-size":"auto","background-attachment":"scroll","background-type":"","background-media":"","overlay-type":"","overlay-color":"","overlay-opacity":"","overlay-gradient":""}},"ast-content-background-meta":{"desktop":{"background-color":"var(--ast-global-color-5)","background-image":"","background-repeat":"repeat","background-position":"center center","background-size":"auto","background-attachment":"scroll","background-type":"","background-media":"","overlay-type":"","overlay-color":"","overlay-opacity":"","overlay-gradient":""},"tablet":{"background-color":"var(--ast-global-color-5)","background-image":"","background-repeat":"repeat","background-position":"center center","background-size":"auto","background-attachment":"scroll","background-type":"","background-media":"","overlay-type":"","overlay-color":"","overlay-opacity":"","overlay-gradient":""},"mobile":{"background-color":"var(--ast-global-color-5)","background-image":"","background-repeat":"repeat","background-position":"center center","background-size":"auto","background-attachment":"scroll","background-type":"","background-media":"","overlay-type":"","overlay-color":"","overlay-opacity":"","overlay-gradient":""}}},"product_brand":[],"product_cat":[93],"product_tag":[],"class_list":{"0":"post-65232","1":"product","2":"type-product","3":"status-publish","4":"has-post-thumbnail","6":"product_cat-book-style-boxes","7":"desktop-align-left","8":"tablet-align-left","9":"mobile-align-left","10":"ast-product-gallery-layout-horizontal","11":"ast-product-tabs-layout-horizontal","13":"first","14":"instock","15":"product-type-simple"},"_links":{"self":[{"href":"https:\/\/reanpackaging.com\/cs\/wp-json\/wp\/v2\/product\/65232","targetHints":{"allow":["GET"]}}],"collection":[{"href":"https:\/\/reanpackaging.com\/cs\/wp-json\/wp\/v2\/product"}],"about":[{"href":"https:\/\/reanpackaging.com\/cs\/wp-json\/wp\/v2\/types\/product"}],"wp:featuredmedia":[{"embeddable":true,"href":"https:\/\/reanpackaging.com\/cs\/wp-json\/wp\/v2\/media\/65071"}],"wp:attachment":[{"href":"https:\/\/reanpackaging.com\/cs\/wp-json\/wp\/v2\/media?parent=65232"}],"wp:term":[{"taxonomy":"product_brand","embeddable":true,"href":"https:\/\/reanpackaging.com\/cs\/wp-json\/wp\/v2\/product_brand?post=65232"},{"taxonomy":"product_cat","embeddable":true,"href":"https:\/\/reanpackaging.com\/cs\/wp-json\/wp\/v2\/product_cat?post=65232"},{"taxonomy":"product_tag","embeddable":true,"href":"https:\/\/reanpackaging.com\/cs\/wp-json\/wp\/v2\/product_tag?post=65232"}],"curies":[{"name":"wp","href":"https:\/\/api.w.org\/{rel}","templated":true}]}}