{"id":65251,"date":"2025-02-13T10:48:11","date_gmt":"2025-02-13T10:48:11","guid":{"rendered":"https:\/\/reanpackaging.com\/product\/whole-fake-book-ins-style-life-magazine-decorative-book-creative-modern-simple-storage-box-with-side-opening\/"},"modified":"2025-02-13T10:48:36","modified_gmt":"2025-02-13T10:48:36","slug":"whole-fake-book-ins-style-life-magazine-decorative-book-creative-modern-simple-storage-box-with-side-opening","status":"publish","type":"product","link":"https:\/\/reanpackaging.com\/cs\/produkt\/whole-fake-book-ins-style-life-magazine-decorative-book-creative-modern-simple-storage-box-with-side-opening\/","title":{"rendered":"Cel\u00e1 fale\u0161n\u00e1 kniha ins style life magazine dekorativn\u00ed kniha kreativn\u00ed modern\u00ed jednoduch\u00fd \u00falo\u017en\u00fd box s bo\u010dn\u00edm otev\u00edr\u00e1n\u00edm"},"content":{"rendered":"<h4>Atributy specifick\u00e9 pro dan\u00e9 odv\u011btv\u00ed<\/h4>\n<table border=\"1\">\n<tr>\n<td><strong>materi\u00e1l<\/strong><\/td>\n<td>pap\u00edr<\/td>\n<\/tr>\n<tr>\n<td><strong>styl designu<\/strong><\/td>\n<td>Modern\u00ed<\/td>\n<\/tr>\n<\/table>\n<h4>Dal\u0161\u00ed atributy<\/h4>\n<table border=\"1\">\n<tr>\n<td><strong>tvar<\/strong><\/td>\n<td>Obd\u00e9ln\u00edk<\/td>\n<\/tr>\n<tr>\n<td><strong>pou\u017eit\u00ed<\/strong><\/td>\n<td>Dekorativn\u00ed<\/td>\n<\/tr>\n<tr>\n<td><strong>vzor<\/strong><\/td>\n<td>VERTIK\u00c1LN\u00cd<\/td>\n<\/tr>\n<tr>\n<td><strong>technics<\/strong><\/td>\n<td>Ru\u010dn\u00ed pr\u00e1ce z pap\u00edru<\/td>\n<\/tr>\n<tr>\n<td><strong>t\u00e9ma<\/strong><\/td>\n<td>Um\u011bn\u00ed, dekorace<\/td>\n<\/tr>\n<tr>\n<td><strong>specifikace<\/strong><\/td>\n<td>Balen\u00ed po jednom kuse<\/td>\n<\/tr>\n<tr>\n<td><strong>Aplikace<\/strong><\/td>\n<td>HomeKancel\u00e1\u0159HotelRestauraceKarban<\/td>\n<\/tr>\n<tr>\n<td><strong>Barva<\/strong><\/td>\n<td>Jak obr\u00e1zek<\/td>\n<\/tr>\n<tr>\n<td><strong>Mateial<\/strong><\/td>\n<td>Pap\u00edr<\/td>\n<\/tr>\n<tr>\n<td><strong>Velikost<\/strong><\/td>\n<td>26,7*17,5*4,2 cm<\/td>\n<\/tr>\n<tr>\n<td><strong>MOQ<\/strong><\/td>\n<td>500ks<\/td>\n<\/tr>\n<tr>\n<td><strong>Design<\/strong><\/td>\n<td>Tiskov\u00e9 n\u00e1vrhy na m\u00edru<\/td>\n<\/tr>\n<tr>\n<td><strong>Doba vzorkov\u00e1n\u00ed<\/strong><\/td>\n<td>7-10 dn\u00ed<\/td>\n<\/tr>\n<tr>\n<td><strong>Bal\u00ed\u010dek<\/strong><\/td>\n<td>OPP+Polyfoam+karton<\/td>\n<\/tr>\n<tr>\n<td><strong>OEM &amp; ODM<\/strong><\/td>\n<td>Walmly v\u00edt\u00e1n<\/td>\n<\/tr>\n<\/table>\n<p><img decoding=\"async\" class=\"detail-desc-decorate-image\" src=\"https:\/\/reanpackaging.com\/wp-content\/uploads\/2025\/02\/1-description-Whole-fake-book-ins-style-life-magazine-decorative-book-creative-modern-simple-storage-box-with-side-opening.jpg\" slate-data-type=\"image\" style=\"max-width: 100%; height: auto; display: block; margin: 0 auto;\"><br \/>\n<img decoding=\"async\" class=\"detail-desc-decorate-image\" src=\"https:\/\/reanpackaging.com\/wp-content\/uploads\/2025\/02\/2-description-Whole-fake-book-ins-style-life-magazine-decorative-book-creative-modern-simple-storage-box-with-side-opening.jpg\" slate-data-type=\"image\" style=\"max-width: 100%; height: auto; display: block; margin: 0 auto;\"><br \/>\n<img decoding=\"async\" class=\"detail-desc-decorate-image\" src=\"https:\/\/reanpackaging.com\/wp-content\/uploads\/2025\/02\/3-description-Whole-fake-book-ins-style-life-magazine-decorative-book-creative-modern-simple-storage-box-with-side-opening.jpg\" slate-data-type=\"image\" style=\"max-width: 100%; height: auto; display: block; margin: 0 auto;\"><br \/>\n<img decoding=\"async\" class=\"detail-desc-decorate-image\" src=\"https:\/\/reanpackaging.com\/wp-content\/uploads\/2025\/02\/4-description-Whole-fake-book-ins-style-life-magazine-decorative-book-creative-modern-simple-storage-box-with-side-opening.jpg\" slate-data-type=\"image\" style=\"max-width: 100%; height: auto; display: block; margin: 0 auto;\"><br \/>\n<img decoding=\"async\" class=\"detail-desc-decorate-image\" src=\"https:\/\/reanpackaging.com\/wp-content\/uploads\/2025\/02\/5-description-Whole-fake-book-ins-style-life-magazine-decorative-book-creative-modern-simple-storage-box-with-side-opening.jpg\" slate-data-type=\"image\" style=\"max-width: 100%; height: auto; display: block; margin: 0 auto;\"><br \/>\n<img decoding=\"async\" class=\"detail-desc-decorate-image\" src=\"https:\/\/reanpackaging.com\/wp-content\/uploads\/2025\/02\/6-description-Whole-fake-book-ins-style-life-magazine-decorative-book-creative-modern-simple-storage-box-with-side-opening.jpg\" slate-data-type=\"image\" style=\"max-width: 100%; height: auto; display: block; margin: 0 auto;\"><br \/>\n<img decoding=\"async\" class=\"detail-desc-decorate-image\" src=\"https:\/\/reanpackaging.com\/wp-content\/uploads\/2025\/02\/7-description-Whole-fake-book-ins-style-life-magazine-decorative-book-creative-modern-simple-storage-box-with-side-opening.jpg\" slate-data-type=\"image\" style=\"max-width: 100%; height: auto; display: block; margin: 0 auto;\"><br \/>\n<img decoding=\"async\" class=\"detail-desc-decorate-image\" src=\"https:\/\/reanpackaging.com\/wp-content\/uploads\/2025\/02\/8-description-Whole-fake-book-ins-style-life-magazine-decorative-book-creative-modern-simple-storage-box-with-side-opening.jpg\" slate-data-type=\"image\" style=\"max-width: 100%; height: auto; display: block; margin: 0 auto;\"><br \/>\n<img decoding=\"async\" class=\"detail-desc-decorate-image\" src=\"https:\/\/reanpackaging.com\/wp-content\/uploads\/2025\/02\/9-description-Whole-fake-book-ins-style-life-magazine-decorative-book-creative-modern-simple-storage-box-with-side-opening.jpg\" slate-data-type=\"image\" style=\"max-width: 100%; height: auto; display: block; margin: 0 auto;\"><br \/>\n<img decoding=\"async\" class=\"detail-desc-decorate-image\" src=\"https:\/\/reanpackaging.com\/wp-content\/uploads\/2025\/02\/10-description-Whole-fake-book-ins-style-life-magazine-decorative-book-creative-modern-simple-storage-box-with-side-opening.jpg\" slate-data-type=\"image\" style=\"max-width: 100%; height: auto; display: block; margin: 0 auto;\"><br \/>\n<img decoding=\"async\" class=\"detail-desc-decorate-image\" src=\"https:\/\/reanpackaging.com\/wp-content\/uploads\/2025\/02\/11-description-Whole-fake-book-ins-style-life-magazine-decorative-book-creative-modern-simple-storage-box-with-side-opening.jpg\" slate-data-type=\"image\" style=\"max-width: 100%; height: auto; display: block; margin: 0 auto;\"><br \/>\n<img decoding=\"async\" class=\"detail-desc-decorate-image\" src=\"https:\/\/reanpackaging.com\/wp-content\/uploads\/2025\/02\/12-description-Whole-fake-book-ins-style-life-magazine-decorative-book-creative-modern-simple-storage-box-with-side-opening.jpg\" slate-data-type=\"image\" style=\"max-width: 100%; height: auto; display: block; margin: 0 auto;\"><br \/>\n<img decoding=\"async\" class=\"detail-desc-decorate-image\" src=\"https:\/\/reanpackaging.com\/wp-content\/uploads\/2025\/02\/13-description-Whole-fake-book-ins-style-life-magazine-decorative-book-creative-modern-simple-storage-box-with-side-opening.jpg\" slate-data-type=\"image\" style=\"max-width: 100%; height: auto; display: block; margin: 0 auto;\"><\/p>","protected":false},"excerpt":{"rendered":"<p>Industry-Specific Attributes material paper design style Modern Other Attributes shape Rectangle usage Decorative pattern VERTICAL technics Paper Handicraft theme Art, Decoration specification Single-piece Package Application HomeOfficeHotelRestaurantCarbar Color As the picture Mateial Paper Size 26.7*17.5*4.2cm MOQ 500pcs Design Customized Printing Designs Sample time 7-10 Days Package OPP+Polyfoam+carton OEM &#038; ODM Walmly Welcomed<\/p>","protected":false},"featured_media":65159,"template":"","meta":{"_seopress_robots_primary_cat":"","_seopress_titles_title":"","_seopress_titles_desc":"","_seopress_robots_index":"","site-sidebar-layout":"default","site-content-layout":"","ast-site-content-layout":"default","site-content-style":"default","site-sidebar-style":"default","ast-global-header-display":"","ast-banner-title-visibility":"","ast-main-header-display":"","ast-hfb-above-header-display":"","ast-hfb-below-header-display":"","ast-hfb-mobile-header-display":"","site-post-title":"","ast-breadcrumbs-content":"","ast-featured-img":"","footer-sml-layout":"","ast-disable-related-posts":"","theme-transparent-header-meta":"","adv-header-id-meta":"","stick-header-meta":"","header-above-stick-meta":"","header-main-stick-meta":"","header-below-stick-meta":"","astra-migrate-meta-layouts":"default","ast-page-background-enabled":"default","ast-page-background-meta":{"desktop":{"background-color":"","background-image":"","background-repeat":"repeat","background-position":"center center","background-size":"auto","background-attachment":"scroll","background-type":"","background-media":"","overlay-type":"","overlay-color":"","overlay-opacity":"","overlay-gradient":""},"tablet":{"background-color":"","background-image":"","background-repeat":"repeat","background-position":"center center","background-size":"auto","background-attachment":"scroll","background-type":"","background-media":"","overlay-type":"","overlay-color":"","overlay-opacity":"","overlay-gradient":""},"mobile":{"background-color":"","background-image":"","background-repeat":"repeat","background-position":"center center","background-size":"auto","background-attachment":"scroll","background-type":"","background-media":"","overlay-type":"","overlay-color":"","overlay-opacity":"","overlay-gradient":""}},"ast-content-background-meta":{"desktop":{"background-color":"var(--ast-global-color-5)","background-image":"","background-repeat":"repeat","background-position":"center center","background-size":"auto","background-attachment":"scroll","background-type":"","background-media":"","overlay-type":"","overlay-color":"","overlay-opacity":"","overlay-gradient":""},"tablet":{"background-color":"var(--ast-global-color-5)","background-image":"","background-repeat":"repeat","background-position":"center center","background-size":"auto","background-attachment":"scroll","background-type":"","background-media":"","overlay-type":"","overlay-color":"","overlay-opacity":"","overlay-gradient":""},"mobile":{"background-color":"var(--ast-global-color-5)","background-image":"","background-repeat":"repeat","background-position":"center center","background-size":"auto","background-attachment":"scroll","background-type":"","background-media":"","overlay-type":"","overlay-color":"","overlay-opacity":"","overlay-gradient":""}}},"product_brand":[],"product_cat":[93],"product_tag":[],"class_list":{"0":"post-65251","1":"product","2":"type-product","3":"status-publish","4":"has-post-thumbnail","6":"product_cat-book-style-boxes","7":"desktop-align-left","8":"tablet-align-left","9":"mobile-align-left","10":"ast-product-gallery-layout-horizontal","11":"ast-product-tabs-layout-horizontal","13":"first","14":"instock","15":"product-type-simple"},"_links":{"self":[{"href":"https:\/\/reanpackaging.com\/cs\/wp-json\/wp\/v2\/product\/65251","targetHints":{"allow":["GET"]}}],"collection":[{"href":"https:\/\/reanpackaging.com\/cs\/wp-json\/wp\/v2\/product"}],"about":[{"href":"https:\/\/reanpackaging.com\/cs\/wp-json\/wp\/v2\/types\/product"}],"wp:featuredmedia":[{"embeddable":true,"href":"https:\/\/reanpackaging.com\/cs\/wp-json\/wp\/v2\/media\/65159"}],"wp:attachment":[{"href":"https:\/\/reanpackaging.com\/cs\/wp-json\/wp\/v2\/media?parent=65251"}],"wp:term":[{"taxonomy":"product_brand","embeddable":true,"href":"https:\/\/reanpackaging.com\/cs\/wp-json\/wp\/v2\/product_brand?post=65251"},{"taxonomy":"product_cat","embeddable":true,"href":"https:\/\/reanpackaging.com\/cs\/wp-json\/wp\/v2\/product_cat?post=65251"},{"taxonomy":"product_tag","embeddable":true,"href":"https:\/\/reanpackaging.com\/cs\/wp-json\/wp\/v2\/product_tag?post=65251"}],"curies":[{"name":"wp","href":"https:\/\/api.w.org\/{rel}","templated":true}]}}