{"id":65260,"date":"2025-02-13T10:48:11","date_gmt":"2025-02-13T10:48:11","guid":{"rendered":"https:\/\/reanpackaging.com\/product\/custom-cover-home-decorative-faux-book-boxes-sets-luxury-decor-books-for-coffee-table\/"},"modified":"2025-02-13T10:48:56","modified_gmt":"2025-02-13T10:48:56","slug":"custom-cover-home-decorative-faux-book-boxes-sets-luxury-decor-books-for-coffee-table","status":"publish","type":"product","link":"https:\/\/reanpackaging.com\/cs\/produkt\/custom-cover-home-decorative-faux-book-boxes-sets-luxury-decor-books-for-coffee-table\/","title":{"rendered":"Vlastn\u00ed kryt Dom\u00e1c\u00ed dekorativn\u00ed um\u011bl\u00e9 kni\u017en\u00ed krabice sady Luxusn\u00ed dekorace Knihy pro konferen\u010dn\u00ed stolek"},"content":{"rendered":"<h4>Atributy specifick\u00e9 pro dan\u00e9 odv\u011btv\u00ed<\/h4>\n<table border=\"1\">\n<tr>\n<td><strong>Typ pap\u00edru<\/strong><\/td>\n<td>Um\u011bleck\u00fd pap\u00edr, lepenka, nat\u00edran\u00fd pap\u00edr, ozdobn\u00fd pap\u00edr<\/td>\n<\/tr>\n<tr>\n<td><strong>Typ v\u00fdrobku<\/strong><\/td>\n<td>Box<\/td>\n<\/tr>\n<tr>\n<td><strong>Povrchov\u00e1 \u00faprava<\/strong><\/td>\n<td>Laminace f\u00f3lie<\/td>\n<\/tr>\n<tr>\n<td><strong>Typ tisku<\/strong><\/td>\n<td>Ofsetov\u00fd tisk<\/td>\n<\/tr>\n<\/table>\n<h4>Dal\u0161\u00ed atributy<\/h4>\n<table border=\"1\">\n<tr>\n<td><strong>Materi\u00e1l v\u00fdrobku<\/strong><\/td>\n<td>Pap\u00edr a lepenka<\/td>\n<\/tr>\n<tr>\n<td><strong>N\u00e1zev produktu<\/strong><\/td>\n<td>Kniha ve tvaru dekorace Box<\/td>\n<\/tr>\n<tr>\n<td><strong>Struktura<\/strong><\/td>\n<td>3 kusy knih + p\u0159\u00edslu\u0161enstv\u00ed + obalov\u00e1 krabice<\/td>\n<\/tr>\n<tr>\n<td><strong>Obalov\u00e9 materi\u00e1ly<\/strong><\/td>\n<td>Um\u011bleck\u00fd pap\u00edr C2S 157 g\/m2 + 2,5mm \u0161ed\u00e1 lepenka<\/td>\n<\/tr>\n<tr>\n<td><strong>Vnit\u0159n\u00ed pap\u00edrov\u00e9 materi\u00e1ly<\/strong><\/td>\n<td>Um\u011bleck\u00fd pap\u00edr C1S 300 g\/m2<\/td>\n<\/tr>\n<tr>\n<td><strong>Vn\u011bj\u0161\u00ed obalov\u00e1 krabice<\/strong><\/td>\n<td>Kraftov\u00fd pap\u00edr + vlnit\u00fd pap\u00edr<\/td>\n<\/tr>\n<tr>\n<td><strong>Tisk<\/strong><\/td>\n<td>Barva CMYK\/Pantone<\/td>\n<\/tr>\n<tr>\n<td><strong>Dokon\u010dovac\u00ed pr\u00e1ce<\/strong><\/td>\n<td>Laminov\u00e1n\u00ed f\u00f3lie<\/td>\n<\/tr>\n<tr>\n<td><strong>Metoda v\u00e1z\u00e1n\u00ed<\/strong><\/td>\n<td>Vazba lepidlem<\/td>\n<\/tr>\n<tr>\n<td><strong>Velikost knih<\/strong><\/td>\n<td>155*216*43 mm<\/td>\n<\/tr>\n<tr>\n<td><strong>MOQ<\/strong><\/td>\n<td>500 ks<\/td>\n<\/tr>\n<\/table>","protected":false},"excerpt":{"rendered":"<p>Industry-Specific Attributes Paper Type Art Paper, Cardboard, Coated Paper, Fancy Paper Product Type Box Surface Finish Film Lamination Printing Type Offset printing Other Attributes Product Material Paper &#038; Paperboard Product name Book Shape Decor Box Structure 3 Pieces of Books + Accessories + Packaging Box Cover Materials 157gsm C2S Art Paper + 2.5mm Greyboard Inner [&hellip;]<\/p>\n","protected":false},"featured_media":64918,"template":"","meta":{"_seopress_robots_primary_cat":"","_seopress_titles_title":"","_seopress_titles_desc":"","_seopress_robots_index":"","site-sidebar-layout":"default","site-content-layout":"","ast-site-content-layout":"default","site-content-style":"default","site-sidebar-style":"default","ast-global-header-display":"","ast-banner-title-visibility":"","ast-main-header-display":"","ast-hfb-above-header-display":"","ast-hfb-below-header-display":"","ast-hfb-mobile-header-display":"","site-post-title":"","ast-breadcrumbs-content":"","ast-featured-img":"","footer-sml-layout":"","ast-disable-related-posts":"","theme-transparent-header-meta":"","adv-header-id-meta":"","stick-header-meta":"","header-above-stick-meta":"","header-main-stick-meta":"","header-below-stick-meta":"","astra-migrate-meta-layouts":"default","ast-page-background-enabled":"default","ast-page-background-meta":{"desktop":{"background-color":"","background-image":"","background-repeat":"repeat","background-position":"center center","background-size":"auto","background-attachment":"scroll","background-type":"","background-media":"","overlay-type":"","overlay-color":"","overlay-opacity":"","overlay-gradient":""},"tablet":{"background-color":"","background-image":"","background-repeat":"repeat","background-position":"center center","background-size":"auto","background-attachment":"scroll","background-type":"","background-media":"","overlay-type":"","overlay-color":"","overlay-opacity":"","overlay-gradient":""},"mobile":{"background-color":"","background-image":"","background-repeat":"repeat","background-position":"center center","background-size":"auto","background-attachment":"scroll","background-type":"","background-media":"","overlay-type":"","overlay-color":"","overlay-opacity":"","overlay-gradient":""}},"ast-content-background-meta":{"desktop":{"background-color":"var(--ast-global-color-5)","background-image":"","background-repeat":"repeat","background-position":"center center","background-size":"auto","background-attachment":"scroll","background-type":"","background-media":"","overlay-type":"","overlay-color":"","overlay-opacity":"","overlay-gradient":""},"tablet":{"background-color":"var(--ast-global-color-5)","background-image":"","background-repeat":"repeat","background-position":"center center","background-size":"auto","background-attachment":"scroll","background-type":"","background-media":"","overlay-type":"","overlay-color":"","overlay-opacity":"","overlay-gradient":""},"mobile":{"background-color":"var(--ast-global-color-5)","background-image":"","background-repeat":"repeat","background-position":"center center","background-size":"auto","background-attachment":"scroll","background-type":"","background-media":"","overlay-type":"","overlay-color":"","overlay-opacity":"","overlay-gradient":""}}},"product_brand":[],"product_cat":[93],"product_tag":[],"class_list":{"0":"post-65260","1":"product","2":"type-product","3":"status-publish","4":"has-post-thumbnail","6":"product_cat-book-style-boxes","7":"desktop-align-left","8":"tablet-align-left","9":"mobile-align-left","10":"ast-product-gallery-layout-horizontal","11":"ast-product-tabs-layout-horizontal","13":"first","14":"instock","15":"product-type-simple"},"_links":{"self":[{"href":"https:\/\/reanpackaging.com\/cs\/wp-json\/wp\/v2\/product\/65260","targetHints":{"allow":["GET"]}}],"collection":[{"href":"https:\/\/reanpackaging.com\/cs\/wp-json\/wp\/v2\/product"}],"about":[{"href":"https:\/\/reanpackaging.com\/cs\/wp-json\/wp\/v2\/types\/product"}],"wp:featuredmedia":[{"embeddable":true,"href":"https:\/\/reanpackaging.com\/cs\/wp-json\/wp\/v2\/media\/64918"}],"wp:attachment":[{"href":"https:\/\/reanpackaging.com\/cs\/wp-json\/wp\/v2\/media?parent=65260"}],"wp:term":[{"taxonomy":"product_brand","embeddable":true,"href":"https:\/\/reanpackaging.com\/cs\/wp-json\/wp\/v2\/product_brand?post=65260"},{"taxonomy":"product_cat","embeddable":true,"href":"https:\/\/reanpackaging.com\/cs\/wp-json\/wp\/v2\/product_cat?post=65260"},{"taxonomy":"product_tag","embeddable":true,"href":"https:\/\/reanpackaging.com\/cs\/wp-json\/wp\/v2\/product_tag?post=65260"}],"curies":[{"name":"wp","href":"https:\/\/api.w.org\/{rel}","templated":true}]}}