{"id":6674,"date":"2023-09-21T06:10:09","date_gmt":"2023-09-21T06:10:09","guid":{"rendered":"http:\/\/ibn.wyd.mybluehost.me\/reanpackaging.com\/product\/bolsas-de-papel-para-negocio-gloss-white-retail-paper-gift-bags-wholesale-luxury-shopping-bag-with-bowpopular\/"},"modified":"2024-10-01T16:59:39","modified_gmt":"2024-10-01T16:59:39","slug":"bolsas-de-papel-para-negocio-gloss-white-retail-paper-gift-bags-wholesale-luxury-shopping-bag-with-bowpopular","status":"publish","type":"product","link":"https:\/\/reanpackaging.com\/cs\/produkt\/bolsas-de-papel-para-negocio-gloss-white-retail-paper-gift-bags-wholesale-luxury-shopping-bag-with-bowpopular\/","title":{"rendered":"Bolsas De Papel Para Negocio Gloss White Retail Paper D\u00e1rkov\u00e9 ta\u0161ky Velkoobchod Luxusn\u00ed n\u00e1kupn\u00ed ta\u0161ka s lukempopul\u00e1rn\u00ed"},"content":{"rendered":"<h4>Atributy specifick\u00e9 pro dan\u00e9 odv\u011btv\u00ed<\/h4>\n<table border=\"1\">\n<tbody>\n<tr>\n<td><strong>Pr\u016fmyslov\u00e9 vyu\u017eit\u00ed<\/strong><\/td>\n<td>Podnik\u00e1n\u00ed a nakupov\u00e1n\u00ed<\/td>\n<\/tr>\n<tr>\n<td><strong>Typ pap\u00edru<\/strong><\/td>\n<td>Kraftov\u00fd pap\u00edr<\/td>\n<\/tr>\n<tr>\n<td><strong>Funkce<\/strong><\/td>\n<td>Recyklovateln\u00e9<\/td>\n<\/tr>\n<\/tbody>\n<\/table>\n<h4>Dal\u0161\u00ed atributy<\/h4>\n<table border=\"1\">\n<tbody>\n<tr>\n<td><strong>M\u00edsto p\u016fvodu<\/strong><\/td>\n<td>Anhui, \u010c\u00edna<\/td>\n<\/tr>\n<tr>\n<td><strong>N\u00e1zev zna\u010dky<\/strong><\/td>\n<td>WEISEN<\/td>\n<\/tr>\n<tr>\n<td><strong>Manipulace s povrchem<\/strong><\/td>\n<td>Ra\u017eba za tepla<\/td>\n<\/tr>\n<tr>\n<td><strong>T\u011bsn\u011bn\u00ed a rukoje\u0165<\/strong><\/td>\n<td>D\u00e9lka rukojeti<\/td>\n<\/tr>\n<tr>\n<td><strong>Vlastn\u00ed objedn\u00e1vka<\/strong><\/td>\n<td>P\u0159ijmout<\/td>\n<\/tr>\n<tr>\n<td><strong>Popis<\/strong><\/td>\n<td>Pap\u00edrov\u00e1 n\u00e1kupn\u00ed ta\u0161ka<\/td>\n<\/tr>\n<tr>\n<td><strong>Materi\u00e1l<\/strong><\/td>\n<td>Um\u011bleck\u00fd pap\u00edr, kraftov\u00fd pap\u00edr, na zak\u00e1zku<\/td>\n<\/tr>\n<tr>\n<td><strong>Rozm\u011br<\/strong><\/td>\n<td>P\u0159izp\u016fsoben\u00ed<\/td>\n<\/tr>\n<tr>\n<td><strong>Barva<\/strong><\/td>\n<td>Hn\u011bd\u00e1, b\u00edl\u00e1, \u010dern\u00e1 nebo p\u0159izp\u016fsoben\u00ed<\/td>\n<\/tr>\n<tr>\n<td><strong>Balen\u00ed<\/strong><\/td>\n<td>Kartonov\u00e9 balen\u00ed<\/td>\n<\/tr>\n<tr>\n<td><strong>Slu\u017eba OEM\/ODM<\/strong><\/td>\n<td>P\u0159ijateln\u00e9, doba dod\u00e1n\u00ed vlastn\u00edch vzork\u016f: 7-10 pracovn\u00edch dn\u016f<\/td>\n<\/tr>\n<tr>\n<td><strong>Funkce<\/strong><\/td>\n<td>Vodot\u011bsn\u00fd, prachot\u011bsn\u00fd, odoln\u00fd proti vlhkosti, \u0161etrn\u00fd k \u017eivotn\u00edmu prost\u0159ed\u00ed<\/td>\n<\/tr>\n<tr>\n<td><strong>Rozsah pou\u017eit\u00ed<\/strong><\/td>\n<td>D\u00e1rkov\u00e9, l\u00e1tkov\u00e9, n\u00e1kupn\u00ed atd.<\/td>\n<\/tr>\n<tr>\n<td><strong>Pr\u016fmyslov\u00e9 vyu\u017eit\u00ed<\/strong><\/td>\n<td>Balen\u00ed obuvi a od\u011bv\u016f<\/td>\n<\/tr>\n<tr>\n<td><strong>Pou\u017eijte<\/strong><\/td>\n<td>Balen\u00ed d\u00e1msk\u00e9ho oble\u010den\u00ed<\/td>\n<\/tr>\n<\/tbody>\n<\/table>\n<p><img fetchpriority=\"high\" decoding=\"async\" class=\"alignnone  wp-image-6708\" src=\"http:\/\/ibn.wyd.mybluehost.me\/reanpackaging.com\/wp-content\/uploads\/2023\/09\/7-min-3-300x288.jpg\" alt=\"bolsas de papel para negocio gloss white retail paper gift bags wholesale luxury shopping bag with bowpopular\" width=\"1300\" height=\"1248\" srcset=\"https:\/\/reanpackaging.com\/wp-content\/uploads\/2023\/09\/7-min-3-300x288.jpg 300w, https:\/\/reanpackaging.com\/wp-content\/uploads\/2023\/09\/7-min-3-768x738.jpg 768w, https:\/\/reanpackaging.com\/wp-content\/uploads\/2023\/09\/7-min-3-600x577.jpg 600w, https:\/\/reanpackaging.com\/wp-content\/uploads\/2023\/09\/7-min-3.jpg 800w\" sizes=\"(max-width: 1300px) 100vw, 1300px\" \/><\/p>\n<p><img decoding=\"async\" class=\"alignnone  wp-image-6709\" src=\"http:\/\/ibn.wyd.mybluehost.me\/reanpackaging.com\/wp-content\/uploads\/2023\/09\/8-min-3-300x300.jpg\" alt=\"bolsas de papel para negocio gloss white retail paper gift bags wholesale luxury shopping bag with bowpopular\" width=\"1301\" height=\"1301\" srcset=\"https:\/\/reanpackaging.com\/wp-content\/uploads\/2023\/09\/8-min-3-300x300.jpg 300w, https:\/\/reanpackaging.com\/wp-content\/uploads\/2023\/09\/8-min-3-150x150.jpg 150w, https:\/\/reanpackaging.com\/wp-content\/uploads\/2023\/09\/8-min-3-768x768.jpg 768w, https:\/\/reanpackaging.com\/wp-content\/uploads\/2023\/09\/8-min-3-600x600.jpg 600w, https:\/\/reanpackaging.com\/wp-content\/uploads\/2023\/09\/8-min-3-100x100.jpg 100w, https:\/\/reanpackaging.com\/wp-content\/uploads\/2023\/09\/8-min-3.jpg 800w\" sizes=\"(max-width: 1301px) 100vw, 1301px\" \/><\/p>\n<p><img decoding=\"async\" class=\"alignnone  wp-image-6710\" src=\"http:\/\/ibn.wyd.mybluehost.me\/reanpackaging.com\/wp-content\/uploads\/2023\/09\/9-min-2-300x300.jpg\" alt=\"bolsas de papel para negocio gloss white retail paper gift bags wholesale luxury shopping bag with bowpopular\" width=\"1297\" height=\"1297\" srcset=\"https:\/\/reanpackaging.com\/wp-content\/uploads\/2023\/09\/9-min-2-300x300.jpg 300w, https:\/\/reanpackaging.com\/wp-content\/uploads\/2023\/09\/9-min-2-150x150.jpg 150w, https:\/\/reanpackaging.com\/wp-content\/uploads\/2023\/09\/9-min-2-768x768.jpg 768w, https:\/\/reanpackaging.com\/wp-content\/uploads\/2023\/09\/9-min-2-600x600.jpg 600w, https:\/\/reanpackaging.com\/wp-content\/uploads\/2023\/09\/9-min-2-100x100.jpg 100w, https:\/\/reanpackaging.com\/wp-content\/uploads\/2023\/09\/9-min-2.jpg 800w\" sizes=\"(max-width: 1297px) 100vw, 1297px\" \/><\/p>\n<p><img loading=\"lazy\" decoding=\"async\" class=\"alignnone  wp-image-6712\" src=\"http:\/\/ibn.wyd.mybluehost.me\/reanpackaging.com\/wp-content\/uploads\/2023\/09\/10-min-1-300x258.jpg\" alt=\"bolsas de papel para negocio gloss white retail paper gift bags wholesale luxury shopping bag with bowpopular\" width=\"1301\" height=\"1119\" srcset=\"https:\/\/reanpackaging.com\/wp-content\/uploads\/2023\/09\/10-min-1-300x258.jpg 300w, https:\/\/reanpackaging.com\/wp-content\/uploads\/2023\/09\/10-min-1-768x660.jpg 768w, https:\/\/reanpackaging.com\/wp-content\/uploads\/2023\/09\/10-min-1-600x515.jpg 600w, https:\/\/reanpackaging.com\/wp-content\/uploads\/2023\/09\/10-min-1.jpg 800w\" sizes=\"(max-width: 1301px) 100vw, 1301px\" \/><\/p>\n<p><img loading=\"lazy\" decoding=\"async\" class=\"alignnone  wp-image-6715\" src=\"http:\/\/ibn.wyd.mybluehost.me\/reanpackaging.com\/wp-content\/uploads\/2023\/09\/11-min-300x295.jpg\" alt=\"bolsas de papel para negocio gloss white retail paper gift bags wholesale luxury shopping bag with bowpopular\" width=\"1317\" height=\"1295\" srcset=\"https:\/\/reanpackaging.com\/wp-content\/uploads\/2023\/09\/11-min-300x295.jpg 300w, https:\/\/reanpackaging.com\/wp-content\/uploads\/2023\/09\/11-min-768x756.jpg 768w, https:\/\/reanpackaging.com\/wp-content\/uploads\/2023\/09\/11-min-600x590.jpg 600w, https:\/\/reanpackaging.com\/wp-content\/uploads\/2023\/09\/11-min.jpg 800w\" sizes=\"(max-width: 1317px) 100vw, 1317px\" \/><\/p>\n<p><img loading=\"lazy\" decoding=\"async\" class=\"alignnone  wp-image-6717\" src=\"http:\/\/ibn.wyd.mybluehost.me\/reanpackaging.com\/wp-content\/uploads\/2023\/09\/12-min-300x300.jpg\" alt=\"bolsas de papel para negocio gloss white retail paper gift bags wholesale luxury shopping bag with bowpopular\" width=\"1317\" height=\"1317\" srcset=\"https:\/\/reanpackaging.com\/wp-content\/uploads\/2023\/09\/12-min-300x300.jpg 300w, https:\/\/reanpackaging.com\/wp-content\/uploads\/2023\/09\/12-min-150x150.jpg 150w, https:\/\/reanpackaging.com\/wp-content\/uploads\/2023\/09\/12-min-768x768.jpg 768w, https:\/\/reanpackaging.com\/wp-content\/uploads\/2023\/09\/12-min-600x600.jpg 600w, https:\/\/reanpackaging.com\/wp-content\/uploads\/2023\/09\/12-min-100x100.jpg 100w, https:\/\/reanpackaging.com\/wp-content\/uploads\/2023\/09\/12-min.jpg 800w\" sizes=\"(max-width: 1317px) 100vw, 1317px\" \/><\/p>\n<p><img loading=\"lazy\" decoding=\"async\" class=\"alignnone  wp-image-6719\" src=\"http:\/\/ibn.wyd.mybluehost.me\/reanpackaging.com\/wp-content\/uploads\/2023\/09\/13-min-300x300.jpg\" alt=\"bolsas de papel para negocio gloss white retail paper gift bags wholesale luxury shopping bag with bowpopular\" width=\"1326\" height=\"1326\" srcset=\"https:\/\/reanpackaging.com\/wp-content\/uploads\/2023\/09\/13-min-300x300.jpg 300w, https:\/\/reanpackaging.com\/wp-content\/uploads\/2023\/09\/13-min-150x150.jpg 150w, https:\/\/reanpackaging.com\/wp-content\/uploads\/2023\/09\/13-min-768x768.jpg 768w, https:\/\/reanpackaging.com\/wp-content\/uploads\/2023\/09\/13-min-600x600.jpg 600w, https:\/\/reanpackaging.com\/wp-content\/uploads\/2023\/09\/13-min-100x100.jpg 100w, https:\/\/reanpackaging.com\/wp-content\/uploads\/2023\/09\/13-min.jpg 800w\" sizes=\"(max-width: 1326px) 100vw, 1326px\" \/><\/p>","protected":false},"excerpt":{"rendered":"<p>Industry-Specific Attributes Industrial Use Business&amp;Shopping Paper Type Kraft Paper Feature Recyclable Other Attributes Place of Origin Anhui, China Brand Name WEISEN Surface Handling Hot Stamping Sealing &amp; Handle Hand Length Handle Custom Order Accept Description Paper Shopping Bag Material Art paper, Kraft paper, customized Dimension Customization Color Brown, White, Black or Customization Packaging Carton packing [&hellip;]<\/p>\n","protected":false},"featured_media":6675,"template":"","meta":{"_seopress_robots_primary_cat":"none","_seopress_titles_title":"","_seopress_titles_desc":"","_seopress_robots_index":"","site-sidebar-layout":"default","site-content-layout":"default","ast-site-content-layout":"default","site-content-style":"default","site-sidebar-style":"default","ast-global-header-display":"","ast-banner-title-visibility":"","ast-main-header-display":"","ast-hfb-above-header-display":"","ast-hfb-below-header-display":"","ast-hfb-mobile-header-display":"","site-post-title":"","ast-breadcrumbs-content":"","ast-featured-img":"","footer-sml-layout":"","ast-disable-related-posts":"","theme-transparent-header-meta":"default","adv-header-id-meta":"","stick-header-meta":"default","header-above-stick-meta":"","header-main-stick-meta":"","header-below-stick-meta":"","astra-migrate-meta-layouts":"set","ast-page-background-enabled":"default","ast-page-background-meta":{"desktop":{"background-color":"","background-image":"","background-repeat":"repeat","background-position":"center center","background-size":"auto","background-attachment":"scroll","background-type":"","background-media":"","overlay-type":"","overlay-color":"","overlay-opacity":"","overlay-gradient":""},"tablet":{"background-color":"","background-image":"","background-repeat":"repeat","background-position":"center center","background-size":"auto","background-attachment":"scroll","background-type":"","background-media":"","overlay-type":"","overlay-color":"","overlay-opacity":"","overlay-gradient":""},"mobile":{"background-color":"","background-image":"","background-repeat":"repeat","background-position":"center center","background-size":"auto","background-attachment":"scroll","background-type":"","background-media":"","overlay-type":"","overlay-color":"","overlay-opacity":"","overlay-gradient":""}},"ast-content-background-meta":{"desktop":{"background-color":"var(--ast-global-color-5)","background-image":"","background-repeat":"repeat","background-position":"center center","background-size":"auto","background-attachment":"scroll","background-type":"","background-media":"","overlay-type":"","overlay-color":"","overlay-opacity":"","overlay-gradient":""},"tablet":{"background-color":"var(--ast-global-color-5)","background-image":"","background-repeat":"repeat","background-position":"center center","background-size":"auto","background-attachment":"scroll","background-type":"","background-media":"","overlay-type":"","overlay-color":"","overlay-opacity":"","overlay-gradient":""},"mobile":{"background-color":"var(--ast-global-color-5)","background-image":"","background-repeat":"repeat","background-position":"center center","background-size":"auto","background-attachment":"scroll","background-type":"","background-media":"","overlay-type":"","overlay-color":"","overlay-opacity":"","overlay-gradient":""}}},"product_brand":[],"product_cat":[40,36,44],"product_tag":[],"class_list":{"0":"post-6674","1":"product","2":"type-product","3":"status-publish","4":"has-post-thumbnail","6":"product_cat-gift-bags","7":"product_cat-kraft-bags","8":"product_cat-paper-bags","9":"desktop-align-left","10":"tablet-align-left","11":"mobile-align-left","12":"ast-product-gallery-layout-horizontal","13":"ast-product-tabs-layout-horizontal","15":"first","16":"instock","17":"purchasable","18":"product-type-simple"},"_links":{"self":[{"href":"https:\/\/reanpackaging.com\/cs\/wp-json\/wp\/v2\/product\/6674","targetHints":{"allow":["GET"]}}],"collection":[{"href":"https:\/\/reanpackaging.com\/cs\/wp-json\/wp\/v2\/product"}],"about":[{"href":"https:\/\/reanpackaging.com\/cs\/wp-json\/wp\/v2\/types\/product"}],"wp:featuredmedia":[{"embeddable":true,"href":"https:\/\/reanpackaging.com\/cs\/wp-json\/wp\/v2\/media\/6675"}],"wp:attachment":[{"href":"https:\/\/reanpackaging.com\/cs\/wp-json\/wp\/v2\/media?parent=6674"}],"wp:term":[{"taxonomy":"product_brand","embeddable":true,"href":"https:\/\/reanpackaging.com\/cs\/wp-json\/wp\/v2\/product_brand?post=6674"},{"taxonomy":"product_cat","embeddable":true,"href":"https:\/\/reanpackaging.com\/cs\/wp-json\/wp\/v2\/product_cat?post=6674"},{"taxonomy":"product_tag","embeddable":true,"href":"https:\/\/reanpackaging.com\/cs\/wp-json\/wp\/v2\/product_tag?post=6674"}],"curies":[{"name":"wp","href":"https:\/\/api.w.org\/{rel}","templated":true}]}}