{"id":6701,"date":"2023-09-21T07:25:09","date_gmt":"2023-09-21T07:25:09","guid":{"rendered":"http:\/\/ibn.wyd.mybluehost.me\/reanpackaging.com\/product\/factory-wholesale-rope-handle-luxury-gift-shopping-packaging-paper-bag-custom-logo-printed-paperbag-with-handle\/"},"modified":"2024-10-01T16:58:53","modified_gmt":"2024-10-01T16:58:53","slug":"factory-wholesale-rope-handle-luxury-gift-shopping-packaging-paper-bag-custom-logo-printed-paperbag-with-handle","status":"publish","type":"product","link":"https:\/\/reanpackaging.com\/cs\/produkt\/tovarni-velkoobchodni-lano-rukojet-luxusni-darkove-baleni-papirove-tasky-vlastni-logo-tistene-papirove-tasky-s-rukojeti\/","title":{"rendered":"Tov\u00e1rn\u00ed velkoobchodn\u00ed lano rukoje\u0165 Luxusn\u00ed d\u00e1rkov\u00e9 balen\u00ed pap\u00edrov\u00e9 ta\u0161ky vlastn\u00ed logo ti\u0161t\u011bn\u00e9 Paperbag s rukojet\u00ed"},"content":{"rendered":"<h4>Atributy specifick\u00e9 pro dan\u00e9 odv\u011btv\u00ed<\/h4>\n<table border=\"1\">\n<tbody>\n<tr>\n<td><strong>Pr\u016fmyslov\u00e9 vyu\u017eit\u00ed<\/strong><\/td>\n<td>D\u00e1rky a \u0159emesla<\/td>\n<\/tr>\n<tr>\n<td><strong>Typ pap\u00edru<\/strong><\/td>\n<td>Nat\u00edran\u00fd pap\u00edr<\/td>\n<\/tr>\n<tr>\n<td><strong>Funkce<\/strong><\/td>\n<td>Biologicky odbourateln\u00e9<\/td>\n<\/tr>\n<\/tbody>\n<\/table>\n<h4>Dal\u0161\u00ed atributy<\/h4>\n<table border=\"1\">\n<tbody>\n<tr>\n<td><strong>M\u00edsto p\u016fvodu<\/strong><\/td>\n<td>\u010c\u00edna<\/td>\n<\/tr>\n<tr>\n<td><strong>N\u00e1zev zna\u010dky<\/strong><\/td>\n<td>CF<\/td>\n<\/tr>\n<tr>\n<td><strong>\u010c\u00edslo modelu<\/strong><\/td>\n<td>CF-001<\/td>\n<\/tr>\n<tr>\n<td><strong>Manipulace s povrchem<\/strong><\/td>\n<td>Reli\u00e9fn\u00ed tisk<\/td>\n<\/tr>\n<tr>\n<td><strong>T\u011bsn\u011bn\u00ed a rukoje\u0165<\/strong><\/td>\n<td>Rukoje\u0165 z\u00e1platy<\/td>\n<\/tr>\n<tr>\n<td><strong>Vlastn\u00ed objedn\u00e1vka<\/strong><\/td>\n<td>P\u0159ijmout<\/td>\n<\/tr>\n<tr>\n<td><strong>N\u00e1zev produktu<\/strong><\/td>\n<td>vlastn\u00ed ti\u0161t\u011bn\u00e9 logo d\u00e1rkov\u00e9 pap\u00edrov\u00e9 ta\u0161ky\/recyklovateln\u00e9 obaly<\/td>\n<\/tr>\n<tr>\n<td><strong>Logo<\/strong><\/td>\n<td>Logo na m\u00edru<\/td>\n<\/tr>\n<tr>\n<td><strong>Pr\u016fmyslov\u00e9 vyu\u017eit\u00ed<\/strong><\/td>\n<td>Obaly na potraviny a n\u00e1poje<\/td>\n<\/tr>\n<tr>\n<td><strong>Pou\u017eijte<\/strong><\/td>\n<td>Obaly na cukrovinky<\/td>\n<\/tr>\n<\/tbody>\n<\/table>\n<p><img fetchpriority=\"high\" decoding=\"async\" class=\"alignnone  wp-image-6738\" src=\"http:\/\/ibn.wyd.mybluehost.me\/reanpackaging.com\/wp-content\/uploads\/2023\/09\/9-min-3-300x300.jpg\" alt=\"tov\u00e1rn\u00ed velkoobchodn\u00ed lano rukoje\u0165 luxusn\u00ed d\u00e1rkov\u00e9 balen\u00ed pap\u00edrov\u00e9 ta\u0161ky vlastn\u00ed logo ti\u0161t\u011bn\u00e9 pap\u00edrov\u00e9 ta\u0161ky s rukojet\u00ed\" width=\"1298\" height=\"1298\" srcset=\"https:\/\/reanpackaging.com\/wp-content\/uploads\/2023\/09\/9-min-3-300x300.jpg 300w, https:\/\/reanpackaging.com\/wp-content\/uploads\/2023\/09\/9-min-3-150x150.jpg 150w, https:\/\/reanpackaging.com\/wp-content\/uploads\/2023\/09\/9-min-3-100x100.jpg 100w\" sizes=\"(max-width: 1298px) 100vw, 1298px\" \/><\/p>\n<p><img decoding=\"async\" class=\"alignnone  wp-image-6740\" src=\"http:\/\/ibn.wyd.mybluehost.me\/reanpackaging.com\/wp-content\/uploads\/2023\/09\/14-min-2-264x300.jpg\" alt=\"tov\u00e1rn\u00ed velkoobchodn\u00ed lano rukoje\u0165 luxusn\u00ed d\u00e1rkov\u00e9 balen\u00ed pap\u00edrov\u00e9 ta\u0161ky vlastn\u00ed logo ti\u0161t\u011bn\u00e9 pap\u00edrov\u00e9 ta\u0161ky s rukojet\u00ed\" width=\"1297\" height=\"1474\" srcset=\"https:\/\/reanpackaging.com\/wp-content\/uploads\/2023\/09\/14-min-2-264x300.jpg 264w, https:\/\/reanpackaging.com\/wp-content\/uploads\/2023\/09\/14-min-2-600x682.jpg 600w, https:\/\/reanpackaging.com\/wp-content\/uploads\/2023\/09\/14-min-2.jpg 757w\" sizes=\"(max-width: 1297px) 100vw, 1297px\" \/><\/p>\n<p><img decoding=\"async\" class=\"alignnone  wp-image-6742\" src=\"http:\/\/ibn.wyd.mybluehost.me\/reanpackaging.com\/wp-content\/uploads\/2023\/09\/15-min-1-268x300.jpg\" alt=\"tov\u00e1rn\u00ed velkoobchodn\u00ed lano rukoje\u0165 luxusn\u00ed d\u00e1rkov\u00e9 balen\u00ed pap\u00edrov\u00e9 ta\u0161ky vlastn\u00ed logo ti\u0161t\u011bn\u00e9 pap\u00edrov\u00e9 ta\u0161ky s rukojet\u00ed\" width=\"1292\" height=\"1446\" srcset=\"https:\/\/reanpackaging.com\/wp-content\/uploads\/2023\/09\/15-min-1-268x300.jpg 268w, https:\/\/reanpackaging.com\/wp-content\/uploads\/2023\/09\/15-min-1-600x672.jpg 600w, https:\/\/reanpackaging.com\/wp-content\/uploads\/2023\/09\/15-min-1.jpg 761w\" sizes=\"(max-width: 1292px) 100vw, 1292px\" \/><\/p>\n<p><img loading=\"lazy\" decoding=\"async\" class=\"alignnone  wp-image-6744\" src=\"http:\/\/ibn.wyd.mybluehost.me\/reanpackaging.com\/wp-content\/uploads\/2023\/09\/16-min-1-271x300.jpg\" alt=\"tov\u00e1rn\u00ed velkoobchodn\u00ed lano rukoje\u0165 luxusn\u00ed d\u00e1rkov\u00e9 balen\u00ed pap\u00edrov\u00e9 ta\u0161ky vlastn\u00ed logo ti\u0161t\u011bn\u00e9 pap\u00edrov\u00e9 ta\u0161ky s rukojet\u00ed\" width=\"1289\" height=\"1427\" srcset=\"https:\/\/reanpackaging.com\/wp-content\/uploads\/2023\/09\/16-min-1-271x300.jpg 271w, https:\/\/reanpackaging.com\/wp-content\/uploads\/2023\/09\/16-min-1-600x663.jpg 600w, https:\/\/reanpackaging.com\/wp-content\/uploads\/2023\/09\/16-min-1.jpg 769w\" sizes=\"(max-width: 1289px) 100vw, 1289px\" \/><\/p>\n<p><img loading=\"lazy\" decoding=\"async\" class=\"alignnone  wp-image-6745\" src=\"http:\/\/ibn.wyd.mybluehost.me\/reanpackaging.com\/wp-content\/uploads\/2023\/09\/18-min-300x126.jpg\" alt=\"tov\u00e1rn\u00ed velkoobchodn\u00ed lano rukoje\u0165 luxusn\u00ed d\u00e1rkov\u00e9 balen\u00ed pap\u00edrov\u00e9 ta\u0161ky vlastn\u00ed logo ti\u0161t\u011bn\u00e9 pap\u00edrov\u00e9 ta\u0161ky s rukojet\u00ed\" width=\"1269\" height=\"533\" srcset=\"https:\/\/reanpackaging.com\/wp-content\/uploads\/2023\/09\/18-min-300x126.jpg 300w, https:\/\/reanpackaging.com\/wp-content\/uploads\/2023\/09\/18-min-600x252.jpg 600w, https:\/\/reanpackaging.com\/wp-content\/uploads\/2023\/09\/18-min.jpg 699w\" sizes=\"(max-width: 1269px) 100vw, 1269px\" \/><\/p>\n<p><img loading=\"lazy\" decoding=\"async\" class=\"alignnone  wp-image-6746\" src=\"http:\/\/ibn.wyd.mybluehost.me\/reanpackaging.com\/wp-content\/uploads\/2023\/09\/19-min-1-300x208.jpg\" alt=\"tov\u00e1rn\u00ed velkoobchodn\u00ed lano rukoje\u0165 luxusn\u00ed d\u00e1rkov\u00e9 balen\u00ed pap\u00edrov\u00e9 ta\u0161ky vlastn\u00ed logo ti\u0161t\u011bn\u00e9 pap\u00edrov\u00e9 ta\u0161ky s rukojet\u00ed\" width=\"1266\" height=\"878\" srcset=\"https:\/\/reanpackaging.com\/wp-content\/uploads\/2023\/09\/19-min-1-300x208.jpg 300w, https:\/\/reanpackaging.com\/wp-content\/uploads\/2023\/09\/19-min-1-600x416.jpg 600w, https:\/\/reanpackaging.com\/wp-content\/uploads\/2023\/09\/19-min-1.jpg 690w\" sizes=\"(max-width: 1266px) 100vw, 1266px\" \/><\/p>\n<p><img loading=\"lazy\" decoding=\"async\" class=\"alignnone  wp-image-6747\" src=\"http:\/\/ibn.wyd.mybluehost.me\/reanpackaging.com\/wp-content\/uploads\/2023\/09\/20-min-276x300.jpg\" alt=\"tov\u00e1rn\u00ed velkoobchodn\u00ed lano rukoje\u0165 luxusn\u00ed d\u00e1rkov\u00e9 balen\u00ed pap\u00edrov\u00e9 ta\u0161ky vlastn\u00ed logo ti\u0161t\u011bn\u00e9 pap\u00edrov\u00e9 ta\u0161ky s rukojet\u00ed\" width=\"1241\" height=\"1349\" srcset=\"https:\/\/reanpackaging.com\/wp-content\/uploads\/2023\/09\/20-min-276x300.jpg 276w, https:\/\/reanpackaging.com\/wp-content\/uploads\/2023\/09\/20-min.jpg 557w\" sizes=\"(max-width: 1241px) 100vw, 1241px\" \/><\/p>\n<p><img loading=\"lazy\" decoding=\"async\" class=\"alignnone  wp-image-6748\" src=\"http:\/\/ibn.wyd.mybluehost.me\/reanpackaging.com\/wp-content\/uploads\/2023\/09\/21-min-284x300.jpg\" alt=\"tov\u00e1rn\u00ed velkoobchodn\u00ed lano rukoje\u0165 luxusn\u00ed d\u00e1rkov\u00e9 balen\u00ed pap\u00edrov\u00e9 ta\u0161ky vlastn\u00ed logo ti\u0161t\u011bn\u00e9 pap\u00edrov\u00e9 ta\u0161ky s rukojet\u00ed\" width=\"1224\" height=\"1293\" srcset=\"https:\/\/reanpackaging.com\/wp-content\/uploads\/2023\/09\/21-min-284x300.jpg 284w, https:\/\/reanpackaging.com\/wp-content\/uploads\/2023\/09\/21-min.jpg 554w\" sizes=\"(max-width: 1224px) 100vw, 1224px\" \/><\/p>\n<p><img loading=\"lazy\" decoding=\"async\" class=\"alignnone  wp-image-6749\" src=\"http:\/\/ibn.wyd.mybluehost.me\/reanpackaging.com\/wp-content\/uploads\/2023\/09\/22-min-300x157.jpg\" alt=\"tov\u00e1rn\u00ed velkoobchodn\u00ed lano rukoje\u0165 luxusn\u00ed d\u00e1rkov\u00e9 balen\u00ed pap\u00edrov\u00e9 ta\u0161ky vlastn\u00ed logo ti\u0161t\u011bn\u00e9 pap\u00edrov\u00e9 ta\u0161ky s rukojet\u00ed\" width=\"1219\" height=\"638\" srcset=\"https:\/\/reanpackaging.com\/wp-content\/uploads\/2023\/09\/22-min-300x157.jpg 300w, https:\/\/reanpackaging.com\/wp-content\/uploads\/2023\/09\/22-min.jpg 546w\" sizes=\"(max-width: 1219px) 100vw, 1219px\" \/><\/p>\n<p><img loading=\"lazy\" decoding=\"async\" class=\"alignnone  wp-image-6750\" src=\"http:\/\/ibn.wyd.mybluehost.me\/reanpackaging.com\/wp-content\/uploads\/2023\/09\/25-min-285x300.jpg\" alt=\"tov\u00e1rn\u00ed velkoobchodn\u00ed lano rukoje\u0165 luxusn\u00ed d\u00e1rkov\u00e9 balen\u00ed pap\u00edrov\u00e9 ta\u0161ky vlastn\u00ed logo ti\u0161t\u011bn\u00e9 pap\u00edrov\u00e9 ta\u0161ky s rukojet\u00ed\" width=\"1209\" height=\"1273\" srcset=\"https:\/\/reanpackaging.com\/wp-content\/uploads\/2023\/09\/25-min-285x300.jpg 285w, https:\/\/reanpackaging.com\/wp-content\/uploads\/2023\/09\/25-min-600x631.jpg 600w, https:\/\/reanpackaging.com\/wp-content\/uploads\/2023\/09\/25-min.jpg 710w\" sizes=\"(max-width: 1209px) 100vw, 1209px\" \/><\/p>\n<p><img loading=\"lazy\" decoding=\"async\" class=\"alignnone  wp-image-6751\" src=\"http:\/\/ibn.wyd.mybluehost.me\/reanpackaging.com\/wp-content\/uploads\/2023\/09\/26-min-300x184.jpg\" alt=\"tov\u00e1rn\u00ed velkoobchodn\u00ed lano rukoje\u0165 luxusn\u00ed d\u00e1rkov\u00e9 balen\u00ed pap\u00edrov\u00e9 ta\u0161ky vlastn\u00ed logo ti\u0161t\u011bn\u00e9 pap\u00edrov\u00e9 ta\u0161ky s rukojet\u00ed\" width=\"1210\" height=\"742\" srcset=\"https:\/\/reanpackaging.com\/wp-content\/uploads\/2023\/09\/26-min-300x184.jpg 300w, https:\/\/reanpackaging.com\/wp-content\/uploads\/2023\/09\/26-min-600x368.jpg 600w, https:\/\/reanpackaging.com\/wp-content\/uploads\/2023\/09\/26-min.jpg 715w\" sizes=\"(max-width: 1210px) 100vw, 1210px\" \/><\/p>","protected":false},"excerpt":{"rendered":"<p>Industry-Specific Attributes Industrial Use Gift &amp; Craft Paper Type Coated Paper Feature Bio-degradable Other Attributes Place of Origin China Brand Name CF Model Number CF-001 Surface Handling Embossing Sealing &amp; Handle Patch Handle Custom Order Accept Product name custom printed logo gift paper bag\/Recyclable packaging Logo Customized Logo Industrial Use Food &amp; Beverage Packaging Use [&hellip;]<\/p>\n","protected":false},"featured_media":6636,"template":"","meta":{"_seopress_robots_primary_cat":"none","_seopress_titles_title":"","_seopress_titles_desc":"","_seopress_robots_index":"","site-sidebar-layout":"default","site-content-layout":"default","ast-site-content-layout":"default","site-content-style":"default","site-sidebar-style":"default","ast-global-header-display":"","ast-banner-title-visibility":"","ast-main-header-display":"","ast-hfb-above-header-display":"","ast-hfb-below-header-display":"","ast-hfb-mobile-header-display":"","site-post-title":"","ast-breadcrumbs-content":"","ast-featured-img":"","footer-sml-layout":"","ast-disable-related-posts":"","theme-transparent-header-meta":"default","adv-header-id-meta":"","stick-header-meta":"default","header-above-stick-meta":"","header-main-stick-meta":"","header-below-stick-meta":"","astra-migrate-meta-layouts":"set","ast-page-background-enabled":"default","ast-page-background-meta":{"desktop":{"background-color":"","background-image":"","background-repeat":"repeat","background-position":"center center","background-size":"auto","background-attachment":"scroll","background-type":"","background-media":"","overlay-type":"","overlay-color":"","overlay-opacity":"","overlay-gradient":""},"tablet":{"background-color":"","background-image":"","background-repeat":"repeat","background-position":"center center","background-size":"auto","background-attachment":"scroll","background-type":"","background-media":"","overlay-type":"","overlay-color":"","overlay-opacity":"","overlay-gradient":""},"mobile":{"background-color":"","background-image":"","background-repeat":"repeat","background-position":"center center","background-size":"auto","background-attachment":"scroll","background-type":"","background-media":"","overlay-type":"","overlay-color":"","overlay-opacity":"","overlay-gradient":""}},"ast-content-background-meta":{"desktop":{"background-color":"var(--ast-global-color-5)","background-image":"","background-repeat":"repeat","background-position":"center center","background-size":"auto","background-attachment":"scroll","background-type":"","background-media":"","overlay-type":"","overlay-color":"","overlay-opacity":"","overlay-gradient":""},"tablet":{"background-color":"var(--ast-global-color-5)","background-image":"","background-repeat":"repeat","background-position":"center center","background-size":"auto","background-attachment":"scroll","background-type":"","background-media":"","overlay-type":"","overlay-color":"","overlay-opacity":"","overlay-gradient":""},"mobile":{"background-color":"var(--ast-global-color-5)","background-image":"","background-repeat":"repeat","background-position":"center center","background-size":"auto","background-attachment":"scroll","background-type":"","background-media":"","overlay-type":"","overlay-color":"","overlay-opacity":"","overlay-gradient":""}}},"product_brand":[],"product_cat":[40,36,44,34,41],"product_tag":[],"class_list":{"0":"post-6701","1":"product","2":"type-product","3":"status-publish","4":"has-post-thumbnail","6":"product_cat-gift-bags","7":"product_cat-kraft-bags","8":"product_cat-paper-bags","9":"product_cat-paper-bags-with-handles","10":"product_cat-shopping-bags","11":"desktop-align-left","12":"tablet-align-left","13":"mobile-align-left","14":"ast-product-gallery-layout-horizontal","15":"ast-product-tabs-layout-horizontal","17":"first","18":"instock","19":"purchasable","20":"product-type-simple"},"_links":{"self":[{"href":"https:\/\/reanpackaging.com\/cs\/wp-json\/wp\/v2\/product\/6701","targetHints":{"allow":["GET"]}}],"collection":[{"href":"https:\/\/reanpackaging.com\/cs\/wp-json\/wp\/v2\/product"}],"about":[{"href":"https:\/\/reanpackaging.com\/cs\/wp-json\/wp\/v2\/types\/product"}],"wp:featuredmedia":[{"embeddable":true,"href":"https:\/\/reanpackaging.com\/cs\/wp-json\/wp\/v2\/media\/6636"}],"wp:attachment":[{"href":"https:\/\/reanpackaging.com\/cs\/wp-json\/wp\/v2\/media?parent=6701"}],"wp:term":[{"taxonomy":"product_brand","embeddable":true,"href":"https:\/\/reanpackaging.com\/cs\/wp-json\/wp\/v2\/product_brand?post=6701"},{"taxonomy":"product_cat","embeddable":true,"href":"https:\/\/reanpackaging.com\/cs\/wp-json\/wp\/v2\/product_cat?post=6701"},{"taxonomy":"product_tag","embeddable":true,"href":"https:\/\/reanpackaging.com\/cs\/wp-json\/wp\/v2\/product_tag?post=6701"}],"curies":[{"name":"wp","href":"https:\/\/api.w.org\/{rel}","templated":true}]}}