{"id":6702,"date":"2023-09-21T07:25:09","date_gmt":"2023-09-21T07:25:09","guid":{"rendered":"http:\/\/ibn.wyd.mybluehost.me\/reanpackaging.com\/product\/kraft-paper-paper-type-and-shopping-recycled-paper-bag-custom-logo-with-handle\/"},"modified":"2024-10-01T16:58:53","modified_gmt":"2024-10-01T16:58:53","slug":"kraft-paper-paper-type-and-shopping-recycled-paper-bag-custom-logo-with-handle","status":"publish","type":"product","link":"https:\/\/reanpackaging.com\/cs\/produkt\/kraftovy-papir-typ-papiru-a-nakupni-recyklovany-papirovy-sacek-vlastni-logo-s-rukojeti\/","title":{"rendered":"Typ pap\u00edru Kraft Paper a n\u00e1kupn\u00ed recyklovan\u00e1 pap\u00edrov\u00e1 ta\u0161ka s vlastn\u00edm logem s rukojet\u00ed"},"content":{"rendered":"<h4>Atributy specifick\u00e9 pro dan\u00e9 odv\u011btv\u00ed<\/h4>\n<table border=\"1\">\n<tbody>\n<tr>\n<td><strong>Typ pap\u00edru<\/strong><\/td>\n<td>Kraftov\u00e1 lepenka<\/td>\n<\/tr>\n<tr>\n<td><strong>Funkce<\/strong><\/td>\n<td>Biologicky odbourateln\u00e9 \/ kompostovateln\u00e9<\/td>\n<\/tr>\n<\/tbody>\n<\/table>\n<h4>Dal\u0161\u00ed atributy<\/h4>\n<table border=\"1\">\n<tbody>\n<tr>\n<td><strong>M\u00edsto p\u016fvodu<\/strong><\/td>\n<td>Guangdong, \u010c\u00edna<\/td>\n<\/tr>\n<tr>\n<td><strong>N\u00e1zev zna\u010dky<\/strong><\/td>\n<td>woersi<\/td>\n<\/tr>\n<tr>\n<td><strong>\u010c\u00edslo modelu<\/strong><\/td>\n<td>wo18954<\/td>\n<\/tr>\n<tr>\n<td><strong>Manipulace s povrchem<\/strong><\/td>\n<td>Flexotisk \/ ofsetov\u00fd tisk<\/td>\n<\/tr>\n<tr>\n<td><strong>T\u011bsn\u011bn\u00ed a rukoje\u0165<\/strong><\/td>\n<td>Rukoje\u0165 Flexiloop<\/td>\n<\/tr>\n<tr>\n<td><strong>Vlastn\u00ed objedn\u00e1vka<\/strong><\/td>\n<td>P\u0159ijmout<\/td>\n<\/tr>\n<tr>\n<td><strong>Pr\u016fmyslov\u00e9 vyu\u017eit\u00ed<\/strong><\/td>\n<td>J\u00eddlo s sebou \/ nakupov\u00e1n\u00ed<\/td>\n<\/tr>\n<tr>\n<td><strong>Typ pap\u00edru<\/strong><\/td>\n<td>Kraftov\u00e1 lepenka<\/td>\n<\/tr>\n<tr>\n<td><strong>Funkce<\/strong><\/td>\n<td>Biologicky odbourateln\u00e9 \/ kompostovateln\u00e9<\/td>\n<\/tr>\n<tr>\n<td><strong>Manipulace s povrchem<\/strong><\/td>\n<td>Flexotisk \/ ofsetov\u00fd tisk<\/td>\n<\/tr>\n<tr>\n<td><strong>\u010c\u00edslo modelu<\/strong><\/td>\n<td>Vlastn\u00ed velikost \/ skladov\u00e1 velikost<\/td>\n<\/tr>\n<tr>\n<td><strong>Pou\u017eit\u00ed<\/strong><\/td>\n<td>Bal\u00ed\u010dek potravin<\/td>\n<\/tr>\n<tr>\n<td><strong>Barva<\/strong><\/td>\n<td>P\u0159izp\u016fsoben\u00e1 barva<\/td>\n<\/tr>\n<tr>\n<td><strong>Certifik\u00e1t<\/strong><\/td>\n<td>FS C ,TUV,CE.ISO,<\/td>\n<\/tr>\n<tr>\n<td><strong>T\u011bsn\u011bn\u00ed a rukoje\u0165<\/strong><\/td>\n<td>Rukoje\u0165 Flexiloop<\/td>\n<\/tr>\n<tr>\n<td><strong>Logo<\/strong><\/td>\n<td>P\u0159ijmout p\u0159izp\u016fsoben\u00e9 logo<\/td>\n<\/tr>\n<\/tbody>\n<\/table>\n<p><img fetchpriority=\"high\" decoding=\"async\" class=\"alignnone  wp-image-6753\" src=\"http:\/\/ibn.wyd.mybluehost.me\/reanpackaging.com\/wp-content\/uploads\/2023\/09\/12-min-1-300x270.jpg\" alt=\"kraftov\u00fd pap\u00edr typ pap\u00edru a n\u00e1kupn\u00ed recyklovan\u00fd pap\u00edrov\u00fd s\u00e1\u010dek vlastn\u00ed logo s rukojet\u00ed\" width=\"1302\" height=\"1172\" srcset=\"https:\/\/reanpackaging.com\/wp-content\/uploads\/2023\/09\/12-min-1-300x270.jpg 300w, https:\/\/reanpackaging.com\/wp-content\/uploads\/2023\/09\/12-min-1-768x691.jpg 768w, https:\/\/reanpackaging.com\/wp-content\/uploads\/2023\/09\/12-min-1-600x540.jpg 600w, https:\/\/reanpackaging.com\/wp-content\/uploads\/2023\/09\/12-min-1.jpg 790w\" sizes=\"(max-width: 1302px) 100vw, 1302px\" \/><\/p>\n<p><img decoding=\"async\" class=\"alignnone  wp-image-6755\" src=\"http:\/\/ibn.wyd.mybluehost.me\/reanpackaging.com\/wp-content\/uploads\/2023\/09\/13-min-1-300x159.jpg\" alt=\"kraftov\u00fd pap\u00edr typ pap\u00edru a n\u00e1kupn\u00ed recyklovan\u00fd pap\u00edrov\u00fd s\u00e1\u010dek vlastn\u00ed logo s rukojet\u00ed\" width=\"1302\" height=\"690\" srcset=\"https:\/\/reanpackaging.com\/wp-content\/uploads\/2023\/09\/13-min-1-300x159.jpg 300w, https:\/\/reanpackaging.com\/wp-content\/uploads\/2023\/09\/13-min-1-600x318.jpg 600w, https:\/\/reanpackaging.com\/wp-content\/uploads\/2023\/09\/13-min-1.jpg 750w\" sizes=\"(max-width: 1302px) 100vw, 1302px\" \/><\/p>\n<p><img decoding=\"async\" class=\"alignnone  wp-image-6761\" src=\"http:\/\/ibn.wyd.mybluehost.me\/reanpackaging.com\/wp-content\/uploads\/2023\/09\/15-min-2-300x286.jpg\" alt=\"kraftov\u00fd pap\u00edr typ pap\u00edru a n\u00e1kupn\u00ed recyklovan\u00fd pap\u00edrov\u00fd s\u00e1\u010dek vlastn\u00ed logo s rukojet\u00ed\" width=\"1301\" height=\"1240\" srcset=\"https:\/\/reanpackaging.com\/wp-content\/uploads\/2023\/09\/15-min-2-300x286.jpg 300w, https:\/\/reanpackaging.com\/wp-content\/uploads\/2023\/09\/15-min-2-768x732.jpg 768w, https:\/\/reanpackaging.com\/wp-content\/uploads\/2023\/09\/15-min-2-600x572.jpg 600w, https:\/\/reanpackaging.com\/wp-content\/uploads\/2023\/09\/15-min-2.jpg 800w\" sizes=\"(max-width: 1301px) 100vw, 1301px\" \/><\/p>\n<p><img loading=\"lazy\" decoding=\"async\" class=\"alignnone  wp-image-6764\" src=\"http:\/\/ibn.wyd.mybluehost.me\/reanpackaging.com\/wp-content\/uploads\/2023\/09\/16-min-2-288x300.jpg\" alt=\"kraftov\u00fd pap\u00edr typ pap\u00edru a n\u00e1kupn\u00ed recyklovan\u00fd pap\u00edrov\u00fd s\u00e1\u010dek vlastn\u00ed logo s rukojet\u00ed\" width=\"1211\" height=\"1261\" srcset=\"https:\/\/reanpackaging.com\/wp-content\/uploads\/2023\/09\/16-min-2-288x300.jpg 288w, https:\/\/reanpackaging.com\/wp-content\/uploads\/2023\/09\/16-min-2-600x624.jpg 600w, https:\/\/reanpackaging.com\/wp-content\/uploads\/2023\/09\/16-min-2.jpg 750w\" sizes=\"(max-width: 1211px) 100vw, 1211px\" \/><\/p>\n<p><img loading=\"lazy\" decoding=\"async\" class=\"alignnone  wp-image-6767\" src=\"http:\/\/ibn.wyd.mybluehost.me\/reanpackaging.com\/wp-content\/uploads\/2023\/09\/17-min-2-206x300.jpg\" alt=\"kraftov\u00fd pap\u00edr typ pap\u00edru a n\u00e1kupn\u00ed recyklovan\u00fd pap\u00edrov\u00fd s\u00e1\u010dek vlastn\u00ed logo s rukojet\u00ed\" width=\"1217\" height=\"1772\" srcset=\"https:\/\/reanpackaging.com\/wp-content\/uploads\/2023\/09\/17-min-2-206x300.jpg 206w, https:\/\/reanpackaging.com\/wp-content\/uploads\/2023\/09\/17-min-2-704x1024.jpg 704w, https:\/\/reanpackaging.com\/wp-content\/uploads\/2023\/09\/17-min-2-768x1117.jpg 768w, https:\/\/reanpackaging.com\/wp-content\/uploads\/2023\/09\/17-min-2-600x873.jpg 600w, https:\/\/reanpackaging.com\/wp-content\/uploads\/2023\/09\/17-min-2.jpg 790w\" sizes=\"(max-width: 1217px) 100vw, 1217px\" \/><\/p>\n<p><img loading=\"lazy\" decoding=\"async\" class=\"alignnone  wp-image-6770\" src=\"http:\/\/ibn.wyd.mybluehost.me\/reanpackaging.com\/wp-content\/uploads\/2023\/09\/18-min-2-242x300.jpg\" alt=\"kraftov\u00fd pap\u00edr typ pap\u00edru a n\u00e1kupn\u00ed recyklovan\u00fd pap\u00edrov\u00fd s\u00e1\u010dek vlastn\u00ed logo s rukojet\u00ed\" width=\"1219\" height=\"1511\" srcset=\"https:\/\/reanpackaging.com\/wp-content\/uploads\/2023\/09\/18-min-2-242x300.jpg 242w, https:\/\/reanpackaging.com\/wp-content\/uploads\/2023\/09\/18-min-2-768x953.jpg 768w, https:\/\/reanpackaging.com\/wp-content\/uploads\/2023\/09\/18-min-2-600x744.jpg 600w, https:\/\/reanpackaging.com\/wp-content\/uploads\/2023\/09\/18-min-2.jpg 790w\" sizes=\"(max-width: 1219px) 100vw, 1219px\" \/><\/p>\n<p><img loading=\"lazy\" decoding=\"async\" class=\"alignnone  wp-image-6771\" src=\"http:\/\/ibn.wyd.mybluehost.me\/reanpackaging.com\/wp-content\/uploads\/2023\/09\/19-min-3-300x298.jpg\" alt=\"kraftov\u00fd pap\u00edr typ pap\u00edru a n\u00e1kupn\u00ed recyklovan\u00fd pap\u00edrov\u00fd s\u00e1\u010dek vlastn\u00ed logo s rukojet\u00ed\" width=\"1220\" height=\"1212\" srcset=\"https:\/\/reanpackaging.com\/wp-content\/uploads\/2023\/09\/19-min-3-300x298.jpg 300w, https:\/\/reanpackaging.com\/wp-content\/uploads\/2023\/09\/19-min-3-150x150.jpg 150w, https:\/\/reanpackaging.com\/wp-content\/uploads\/2023\/09\/19-min-3-768x762.jpg 768w, https:\/\/reanpackaging.com\/wp-content\/uploads\/2023\/09\/19-min-3-600x595.jpg 600w, https:\/\/reanpackaging.com\/wp-content\/uploads\/2023\/09\/19-min-3-100x100.jpg 100w, https:\/\/reanpackaging.com\/wp-content\/uploads\/2023\/09\/19-min-3.jpg 790w\" sizes=\"(max-width: 1220px) 100vw, 1220px\" \/><\/p>\n<p><img loading=\"lazy\" decoding=\"async\" class=\"alignnone  wp-image-6773\" src=\"http:\/\/ibn.wyd.mybluehost.me\/reanpackaging.com\/wp-content\/uploads\/2023\/09\/20-min-2-300x279.jpg\" alt=\"kraftov\u00fd pap\u00edr typ pap\u00edru a n\u00e1kupn\u00ed recyklovan\u00fd pap\u00edrov\u00fd s\u00e1\u010dek vlastn\u00ed logo s rukojet\u00ed\" width=\"1223\" height=\"1137\" srcset=\"https:\/\/reanpackaging.com\/wp-content\/uploads\/2023\/09\/20-min-2-300x279.jpg 300w, https:\/\/reanpackaging.com\/wp-content\/uploads\/2023\/09\/20-min-2-600x559.jpg 600w\" sizes=\"(max-width: 1223px) 100vw, 1223px\" \/><\/p>","protected":false},"excerpt":{"rendered":"<p>Industry-Specific Attributes Paper Type Kraft Paperboard Feature Biodegrable \/ Compostable Other Attributes Place of Origin Guangdong, China Brand Name woersi Model Number wo18954 Surface Handling Flexo Printing \/ Offset Printing Sealing &amp; Handle Flexiloop Handle Custom Order Accept Industrial Use Take Away Food \/ Shopping Paper Type Kraft Paperboard Feature Biodegrable \/ Compostable Surface Handling [&hellip;]<\/p>\n","protected":false},"featured_media":6644,"template":"","meta":{"_seopress_robots_primary_cat":"none","_seopress_titles_title":"","_seopress_titles_desc":"","_seopress_robots_index":"","site-sidebar-layout":"default","site-content-layout":"default","ast-site-content-layout":"default","site-content-style":"default","site-sidebar-style":"default","ast-global-header-display":"","ast-banner-title-visibility":"","ast-main-header-display":"","ast-hfb-above-header-display":"","ast-hfb-below-header-display":"","ast-hfb-mobile-header-display":"","site-post-title":"","ast-breadcrumbs-content":"","ast-featured-img":"","footer-sml-layout":"","ast-disable-related-posts":"","theme-transparent-header-meta":"default","adv-header-id-meta":"","stick-header-meta":"default","header-above-stick-meta":"","header-main-stick-meta":"","header-below-stick-meta":"","astra-migrate-meta-layouts":"set","ast-page-background-enabled":"default","ast-page-background-meta":{"desktop":{"background-color":"","background-image":"","background-repeat":"repeat","background-position":"center center","background-size":"auto","background-attachment":"scroll","background-type":"","background-media":"","overlay-type":"","overlay-color":"","overlay-opacity":"","overlay-gradient":""},"tablet":{"background-color":"","background-image":"","background-repeat":"repeat","background-position":"center center","background-size":"auto","background-attachment":"scroll","background-type":"","background-media":"","overlay-type":"","overlay-color":"","overlay-opacity":"","overlay-gradient":""},"mobile":{"background-color":"","background-image":"","background-repeat":"repeat","background-position":"center center","background-size":"auto","background-attachment":"scroll","background-type":"","background-media":"","overlay-type":"","overlay-color":"","overlay-opacity":"","overlay-gradient":""}},"ast-content-background-meta":{"desktop":{"background-color":"var(--ast-global-color-5)","background-image":"","background-repeat":"repeat","background-position":"center center","background-size":"auto","background-attachment":"scroll","background-type":"","background-media":"","overlay-type":"","overlay-color":"","overlay-opacity":"","overlay-gradient":""},"tablet":{"background-color":"var(--ast-global-color-5)","background-image":"","background-repeat":"repeat","background-position":"center center","background-size":"auto","background-attachment":"scroll","background-type":"","background-media":"","overlay-type":"","overlay-color":"","overlay-opacity":"","overlay-gradient":""},"mobile":{"background-color":"var(--ast-global-color-5)","background-image":"","background-repeat":"repeat","background-position":"center center","background-size":"auto","background-attachment":"scroll","background-type":"","background-media":"","overlay-type":"","overlay-color":"","overlay-opacity":"","overlay-gradient":""}}},"product_brand":[],"product_cat":[36,44,34,27],"product_tag":[],"class_list":{"0":"post-6702","1":"product","2":"type-product","3":"status-publish","4":"has-post-thumbnail","6":"product_cat-kraft-bags","7":"product_cat-paper-bags","8":"product_cat-paper-bags-with-handles","9":"product_cat-uncategorized","10":"desktop-align-left","11":"tablet-align-left","12":"mobile-align-left","13":"ast-product-gallery-layout-horizontal","14":"ast-product-tabs-layout-horizontal","16":"first","17":"instock","18":"purchasable","19":"product-type-simple"},"_links":{"self":[{"href":"https:\/\/reanpackaging.com\/cs\/wp-json\/wp\/v2\/product\/6702","targetHints":{"allow":["GET"]}}],"collection":[{"href":"https:\/\/reanpackaging.com\/cs\/wp-json\/wp\/v2\/product"}],"about":[{"href":"https:\/\/reanpackaging.com\/cs\/wp-json\/wp\/v2\/types\/product"}],"wp:featuredmedia":[{"embeddable":true,"href":"https:\/\/reanpackaging.com\/cs\/wp-json\/wp\/v2\/media\/6644"}],"wp:attachment":[{"href":"https:\/\/reanpackaging.com\/cs\/wp-json\/wp\/v2\/media?parent=6702"}],"wp:term":[{"taxonomy":"product_brand","embeddable":true,"href":"https:\/\/reanpackaging.com\/cs\/wp-json\/wp\/v2\/product_brand?post=6702"},{"taxonomy":"product_cat","embeddable":true,"href":"https:\/\/reanpackaging.com\/cs\/wp-json\/wp\/v2\/product_cat?post=6702"},{"taxonomy":"product_tag","embeddable":true,"href":"https:\/\/reanpackaging.com\/cs\/wp-json\/wp\/v2\/product_tag?post=6702"}],"curies":[{"name":"wp","href":"https:\/\/api.w.org\/{rel}","templated":true}]}}