{"id":6703,"date":"2023-09-21T07:25:09","date_gmt":"2023-09-21T07:25:09","guid":{"rendered":"http:\/\/ibn.wyd.mybluehost.me\/reanpackaging.com\/product\/wholesale-white-promotion-luxury-clothing-retail-gift-shopping-bag-with-handle-custom-black-jewellery-paper-bag-with-logo-print\/"},"modified":"2024-10-01T16:59:36","modified_gmt":"2024-10-01T16:59:36","slug":"wholesale-white-promotion-luxury-clothing-retail-gift-shopping-bag-with-handle-custom-black-jewellery-paper-bag-with-logo-print","status":"publish","type":"product","link":"https:\/\/reanpackaging.com\/cs\/produkt\/velkoobchodni-bile-propagacni-luxusni-obleceni-maloobchodni-darkove-nakupni-tasky-s-uchem-vlastni-cerne-sperky-papirove-tasky-s-potiskem-loga\/","title":{"rendered":"Velkoobchod B\u00edl\u00e1 propagace Luxusn\u00ed oble\u010den\u00ed Maloobchodn\u00ed d\u00e1rkov\u00e9 n\u00e1kupn\u00ed ta\u0161ky s rukojet\u00ed Vlastn\u00ed \u010dern\u00e9 \u0161perky Pap\u00edrov\u00e1 ta\u0161ka s logem Tisk"},"content":{"rendered":"<h4>Atributy specifick\u00e9 pro dan\u00e9 odv\u011btv\u00ed<\/h4>\n<table border=\"1\">\n<tbody>\n<tr>\n<td><strong>Pr\u016fmyslov\u00e9 vyu\u017eit\u00ed<\/strong><\/td>\n<td>D\u00e1rky a \u0159emesla<\/td>\n<\/tr>\n<tr>\n<td><strong>Typ pap\u00edru<\/strong><\/td>\n<td>Um\u011bleck\u00fd pap\u00edr<\/td>\n<\/tr>\n<tr>\n<td><strong>Funkce<\/strong><\/td>\n<td>Recyklovateln\u00e9<\/td>\n<\/tr>\n<\/tbody>\n<\/table>\n<h4>Dal\u0161\u00ed atributy<\/h4>\n<table border=\"1\">\n<tbody>\n<tr>\n<td><strong>M\u00edsto p\u016fvodu<\/strong><\/td>\n<td>\u010c\u00edna<\/td>\n<\/tr>\n<tr>\n<td><strong>N\u00e1zev zna\u010dky<\/strong><\/td>\n<td>Bal\u00ed\u010dek Maibao<\/td>\n<\/tr>\n<tr>\n<td><strong>\u010c\u00edslo modelu<\/strong><\/td>\n<td>pap\u00edrov\u00e1 d\u00e1rkov\u00e1 ta\u0161ka<\/td>\n<\/tr>\n<tr>\n<td><strong>Manipulace s povrchem<\/strong><\/td>\n<td>Ofsetov\u00fd tisk<\/td>\n<\/tr>\n<tr>\n<td><strong>T\u011bsn\u011bn\u00ed a rukoje\u0165<\/strong><\/td>\n<td>D\u00e9lka rukojeti<\/td>\n<\/tr>\n<tr>\n<td><strong>Vlastn\u00ed objedn\u00e1vka<\/strong><\/td>\n<td>P\u0159ijmout<\/td>\n<\/tr>\n<tr>\n<td><strong>Polo\u017eka<\/strong><\/td>\n<td>Vlastn\u00ed \u010dern\u00e1 pap\u00edrov\u00e1 ta\u0161ka na \u0161perky s potiskem loga<\/td>\n<\/tr>\n<tr>\n<td><strong>Tlou\u0161\u0165ka<\/strong><\/td>\n<td>100gsm,175gsm,200gsm,210gsm,250gsm,300gsm,450gsm,etc.<\/td>\n<\/tr>\n<tr>\n<td><strong>Velikost<\/strong><\/td>\n<td>Vlastn\u00ed velikosti podle va\u0161eho po\u017eadavku<\/td>\n<\/tr>\n<tr>\n<td><strong>Barva<\/strong><\/td>\n<td>Na z\u00e1klad\u011b barev CMYK\/Pantone<\/td>\n<\/tr>\n<tr>\n<td><strong>Funkce<\/strong><\/td>\n<td>Ekologick\u00fd, odoln\u00fd, trvanliv\u00fd a p\u0159esn\u00fd tisk.<\/td>\n<\/tr>\n<tr>\n<td><strong>Manipulace s povrchem<\/strong><\/td>\n<td>Leskl\u00e1\/matn\u00e1 laminace, zlat\u00e1\/st\u0159\u00edbrn\u00e1 hork\u00e1 ra\u017eba, bodov\u00e9 UV z\u00e1\u0159en\u00ed, reli\u00e9f atd.<\/td>\n<\/tr>\n<tr>\n<td><strong>Tiska\u0159sk\u00fd stroj<\/strong><\/td>\n<td>Heidelberg &amp; Roland<\/td>\n<\/tr>\n<tr>\n<td><strong>Pr\u016fmyslov\u00e9 vyu\u017eit\u00ed<\/strong><\/td>\n<td>N\u00e1kupy, d\u00e1rky, potraviny, butiky, j\u00eddlo s sebou, oble\u010den\u00ed atd.<\/td>\n<\/tr>\n<tr>\n<td><strong>T\u011bsn\u011bn\u00ed a rukoje\u0165<\/strong><\/td>\n<td>Stuha, PP lano, kroucen\u00e1, ploch\u00e1 rukoje\u0165, v\u00fdsek atd.<\/td>\n<\/tr>\n<tr>\n<td><strong>Aplikace<\/strong><\/td>\n<td>D\u00e1rky, nakupov\u00e1n\u00ed, \u0161perky, kosmetika, oble\u010den\u00ed, boty atd.<\/td>\n<\/tr>\n<\/tbody>\n<\/table>\n<p><img fetchpriority=\"high\" decoding=\"async\" class=\"alignnone wp-image-6754\" src=\"http:\/\/ibn.wyd.mybluehost.me\/reanpackaging.com\/wp-content\/uploads\/2023\/09\/17-min-1-300x205.jpg\" alt=\"velkoobchodn\u00ed b\u00edl\u00e9 propaga\u010dn\u00ed luxusn\u00ed oble\u010den\u00ed maloobchodn\u00ed d\u00e1rkov\u00e9 n\u00e1kupn\u00ed ta\u0161ky s uchem vlastn\u00ed \u010dern\u00e9 \u0161perky pap\u00edrov\u00e9 ta\u0161ky s potiskem loga\" width=\"1301\" height=\"889\" srcset=\"https:\/\/reanpackaging.com\/wp-content\/uploads\/2023\/09\/17-min-1-300x205.jpg 300w, https:\/\/reanpackaging.com\/wp-content\/uploads\/2023\/09\/17-min-1-600x410.jpg 600w, https:\/\/reanpackaging.com\/wp-content\/uploads\/2023\/09\/17-min-1.jpg 750w\" sizes=\"(max-width: 1301px) 100vw, 1301px\" \/><\/p>\n<p>&nbsp;<\/p>\n<p><img decoding=\"async\" class=\"alignnone wp-image-6763\" src=\"http:\/\/ibn.wyd.mybluehost.me\/reanpackaging.com\/wp-content\/uploads\/2023\/09\/19-min-2-250x300.jpg\" alt=\"velkoobchodn\u00ed b\u00edl\u00e9 propaga\u010dn\u00ed luxusn\u00ed oble\u010den\u00ed maloobchodn\u00ed d\u00e1rkov\u00e9 n\u00e1kupn\u00ed ta\u0161ky s uchem vlastn\u00ed \u010dern\u00e9 \u0161perky pap\u00edrov\u00e9 ta\u0161ky s potiskem loga\" width=\"1294\" height=\"1553\" srcset=\"https:\/\/reanpackaging.com\/wp-content\/uploads\/2023\/09\/19-min-2-250x300.jpg 250w, https:\/\/reanpackaging.com\/wp-content\/uploads\/2023\/09\/19-min-2-600x720.jpg 600w, https:\/\/reanpackaging.com\/wp-content\/uploads\/2023\/09\/19-min-2.jpg 750w\" sizes=\"(max-width: 1294px) 100vw, 1294px\" \/><\/p>\n<p><img decoding=\"async\" class=\"alignnone wp-image-6766\" src=\"http:\/\/ibn.wyd.mybluehost.me\/reanpackaging.com\/wp-content\/uploads\/2023\/09\/20-min-1-85x300.jpg\" alt=\"velkoobchodn\u00ed b\u00edl\u00e9 propaga\u010dn\u00ed luxusn\u00ed oble\u010den\u00ed maloobchodn\u00ed d\u00e1rkov\u00e9 n\u00e1kupn\u00ed ta\u0161ky s uchem vlastn\u00ed \u010dern\u00e9 \u0161perky pap\u00edrov\u00e9 ta\u0161ky s potiskem loga\" width=\"1295\" height=\"4571\" srcset=\"https:\/\/reanpackaging.com\/wp-content\/uploads\/2023\/09\/20-min-1-85x300.jpg 85w, https:\/\/reanpackaging.com\/wp-content\/uploads\/2023\/09\/20-min-1-290x1024.jpg 290w, https:\/\/reanpackaging.com\/wp-content\/uploads\/2023\/09\/20-min-1-435x1536.jpg 435w\" sizes=\"(max-width: 1295px) 100vw, 1295px\" \/><\/p>\n<p><img loading=\"lazy\" decoding=\"async\" class=\"alignnone wp-image-6769\" src=\"http:\/\/ibn.wyd.mybluehost.me\/reanpackaging.com\/wp-content\/uploads\/2023\/09\/21-min-1-300x300.jpg\" alt=\"velkoobchodn\u00ed b\u00edl\u00e9 propaga\u010dn\u00ed luxusn\u00ed oble\u010den\u00ed maloobchodn\u00ed d\u00e1rkov\u00e9 n\u00e1kupn\u00ed ta\u0161ky s uchem vlastn\u00ed \u010dern\u00e9 \u0161perky pap\u00edrov\u00e9 ta\u0161ky s potiskem loga\" width=\"1330\" height=\"1330\" srcset=\"https:\/\/reanpackaging.com\/wp-content\/uploads\/2023\/09\/21-min-1-300x300.jpg 300w, https:\/\/reanpackaging.com\/wp-content\/uploads\/2023\/09\/21-min-1-150x150.jpg 150w, https:\/\/reanpackaging.com\/wp-content\/uploads\/2023\/09\/21-min-1-600x600.jpg 600w, https:\/\/reanpackaging.com\/wp-content\/uploads\/2023\/09\/21-min-1-100x100.jpg 100w, https:\/\/reanpackaging.com\/wp-content\/uploads\/2023\/09\/21-min-1.jpg 750w\" sizes=\"(max-width: 1330px) 100vw, 1330px\" \/><\/p>","protected":false},"excerpt":{"rendered":"<p>Industry-Specific Attributes Industrial Use Gift &amp; Craft Paper Type Art Paper Feature Recyclable Other Attributes Place of Origin China Brand Name Maibao Package Model Number paper gift bag Surface Handling Offset printing Sealing &amp; Handle Hand Length Handle Custom Order Accept Item Custom black jewellery paper bag with logo print Thickness 100gsm,175gsm,200gsm,210gsm,250gsm,300gsm,450gsm,etc. Size Custom Sizes [&hellip;]<\/p>\n","protected":false},"featured_media":6650,"template":"","meta":{"_seopress_robots_primary_cat":"none","_seopress_titles_title":"","_seopress_titles_desc":"","_seopress_robots_index":"","site-sidebar-layout":"default","site-content-layout":"default","ast-site-content-layout":"default","site-content-style":"default","site-sidebar-style":"default","ast-global-header-display":"","ast-banner-title-visibility":"","ast-main-header-display":"","ast-hfb-above-header-display":"","ast-hfb-below-header-display":"","ast-hfb-mobile-header-display":"","site-post-title":"","ast-breadcrumbs-content":"","ast-featured-img":"","footer-sml-layout":"","ast-disable-related-posts":"","theme-transparent-header-meta":"default","adv-header-id-meta":"","stick-header-meta":"default","header-above-stick-meta":"","header-main-stick-meta":"","header-below-stick-meta":"","astra-migrate-meta-layouts":"set","ast-page-background-enabled":"default","ast-page-background-meta":{"desktop":{"background-color":"","background-image":"","background-repeat":"repeat","background-position":"center center","background-size":"auto","background-attachment":"scroll","background-type":"","background-media":"","overlay-type":"","overlay-color":"","overlay-opacity":"","overlay-gradient":""},"tablet":{"background-color":"","background-image":"","background-repeat":"repeat","background-position":"center center","background-size":"auto","background-attachment":"scroll","background-type":"","background-media":"","overlay-type":"","overlay-color":"","overlay-opacity":"","overlay-gradient":""},"mobile":{"background-color":"","background-image":"","background-repeat":"repeat","background-position":"center center","background-size":"auto","background-attachment":"scroll","background-type":"","background-media":"","overlay-type":"","overlay-color":"","overlay-opacity":"","overlay-gradient":""}},"ast-content-background-meta":{"desktop":{"background-color":"var(--ast-global-color-5)","background-image":"","background-repeat":"repeat","background-position":"center center","background-size":"auto","background-attachment":"scroll","background-type":"","background-media":"","overlay-type":"","overlay-color":"","overlay-opacity":"","overlay-gradient":""},"tablet":{"background-color":"var(--ast-global-color-5)","background-image":"","background-repeat":"repeat","background-position":"center center","background-size":"auto","background-attachment":"scroll","background-type":"","background-media":"","overlay-type":"","overlay-color":"","overlay-opacity":"","overlay-gradient":""},"mobile":{"background-color":"var(--ast-global-color-5)","background-image":"","background-repeat":"repeat","background-position":"center center","background-size":"auto","background-attachment":"scroll","background-type":"","background-media":"","overlay-type":"","overlay-color":"","overlay-opacity":"","overlay-gradient":""}}},"product_brand":[],"product_cat":[36,44,34,27],"product_tag":[],"class_list":{"0":"post-6703","1":"product","2":"type-product","3":"status-publish","4":"has-post-thumbnail","6":"product_cat-kraft-bags","7":"product_cat-paper-bags","8":"product_cat-paper-bags-with-handles","9":"product_cat-uncategorized","10":"desktop-align-left","11":"tablet-align-left","12":"mobile-align-left","13":"ast-product-gallery-layout-horizontal","14":"ast-product-tabs-layout-horizontal","16":"first","17":"instock","18":"purchasable","19":"product-type-simple"},"_links":{"self":[{"href":"https:\/\/reanpackaging.com\/cs\/wp-json\/wp\/v2\/product\/6703","targetHints":{"allow":["GET"]}}],"collection":[{"href":"https:\/\/reanpackaging.com\/cs\/wp-json\/wp\/v2\/product"}],"about":[{"href":"https:\/\/reanpackaging.com\/cs\/wp-json\/wp\/v2\/types\/product"}],"wp:featuredmedia":[{"embeddable":true,"href":"https:\/\/reanpackaging.com\/cs\/wp-json\/wp\/v2\/media\/6650"}],"wp:attachment":[{"href":"https:\/\/reanpackaging.com\/cs\/wp-json\/wp\/v2\/media?parent=6703"}],"wp:term":[{"taxonomy":"product_brand","embeddable":true,"href":"https:\/\/reanpackaging.com\/cs\/wp-json\/wp\/v2\/product_brand?post=6703"},{"taxonomy":"product_cat","embeddable":true,"href":"https:\/\/reanpackaging.com\/cs\/wp-json\/wp\/v2\/product_cat?post=6703"},{"taxonomy":"product_tag","embeddable":true,"href":"https:\/\/reanpackaging.com\/cs\/wp-json\/wp\/v2\/product_tag?post=6703"}],"curies":[{"name":"wp","href":"https:\/\/api.w.org\/{rel}","templated":true}]}}