{"id":6706,"date":"2023-09-21T07:25:09","date_gmt":"2023-09-21T07:25:09","guid":{"rendered":"http:\/\/ibn.wyd.mybluehost.me\/reanpackaging.com\/product\/bto-luxury-gift-paper-bag-custom-printing-logo-various-color-wholesale-paper-shopping-bags-with-handle-for-small-business\/"},"modified":"2024-10-01T16:59:38","modified_gmt":"2024-10-01T16:59:38","slug":"bto-luxury-gift-paper-bag-custom-printing-logo-various-color-wholesale-paper-shopping-bags-with-handle-for-small-business","status":"publish","type":"product","link":"https:\/\/reanpackaging.com\/cs\/produkt\/bto-luxusni-darkova-papirova-taska-s-logem-s-potiskem-ruznych-barev-velkoobchodni-papirove-nakupni-tasky-s-rukojeti-pro-male-firmy\/","title":{"rendered":"Bto Luxusn\u00ed d\u00e1rkov\u00e1 pap\u00edrov\u00e1 ta\u0161ka s vlastn\u00edm potiskem loga R\u016fzn\u00e9 barvy Velkoobchodn\u00ed pap\u00edrov\u00e9 n\u00e1kupn\u00ed ta\u0161ky s rukojet\u00ed pro mal\u00e9 firmy"},"content":{"rendered":"<h4>Atributy specifick\u00e9 pro dan\u00e9 odv\u011btv\u00ed<\/h4>\n<table border=\"1\">\n<tbody>\n<tr>\n<td><strong>Pr\u016fmyslov\u00e9 vyu\u017eit\u00ed<\/strong><\/td>\n<td>Podnik\u00e1n\u00ed a nakupov\u00e1n\u00ed<\/td>\n<\/tr>\n<tr>\n<td><strong>Typ pap\u00edru<\/strong><\/td>\n<td>Um\u011bleck\u00fd pap\u00edr<\/td>\n<\/tr>\n<tr>\n<td><strong>Funkce<\/strong><\/td>\n<td>Recyklovateln\u00e9<\/td>\n<\/tr>\n<\/tbody>\n<\/table>\n<h4>Dal\u0161\u00ed atributy<\/h4>\n<table border=\"1\">\n<tbody>\n<tr>\n<td><strong>M\u00edsto p\u016fvodu<\/strong><\/td>\n<td>Se\u010du\u00e1n, \u010c\u00edna<\/td>\n<\/tr>\n<tr>\n<td><strong>N\u00e1zev zna\u010dky<\/strong><\/td>\n<td>BTO<\/td>\n<\/tr>\n<tr>\n<td><strong>\u010c\u00edslo modelu<\/strong><\/td>\n<td>p\u0159izp\u016fsoben\u00ed<\/td>\n<\/tr>\n<tr>\n<td><strong>Manipulace s povrchem<\/strong><\/td>\n<td>Ofsetov\u00fd tisk<\/td>\n<\/tr>\n<tr>\n<td><strong>T\u011bsn\u011bn\u00ed a rukoje\u0165<\/strong><\/td>\n<td>D\u00e9lka rukojeti<\/td>\n<\/tr>\n<tr>\n<td><strong>Vlastn\u00ed objedn\u00e1vka<\/strong><\/td>\n<td>P\u0159ijmout<\/td>\n<\/tr>\n<tr>\n<td><strong>N\u00e1zev produktu<\/strong><\/td>\n<td>Vlastn\u00ed pap\u00edrov\u00e9 \u0161perky Balen\u00ed ta\u0161ka Laminovan\u00e1 um\u011bleck\u00e1 pap\u00edrov\u00e1 ta\u0161ka b\u00edl\u00e1<\/td>\n<\/tr>\n<tr>\n<td><strong>Logo<\/strong><\/td>\n<td>P\u0159ijmout tisk loga na zak\u00e1zku<\/td>\n<\/tr>\n<tr>\n<td><strong>Barva<\/strong><\/td>\n<td>Pro va\u0161i informaci jsou k dispozici r\u016fzn\u00e9 barvy<\/td>\n<\/tr>\n<tr>\n<td><strong>Tisk<\/strong><\/td>\n<td>Jak jste po\u017eadoval<\/td>\n<\/tr>\n<tr>\n<td><strong>Pou\u017eit\u00ed<\/strong><\/td>\n<td>Potraviny<\/td>\n<\/tr>\n<tr>\n<td><strong>Doba vzorkov\u00e1n\u00ed<\/strong><\/td>\n<td>2-3 dny<\/td>\n<\/tr>\n<tr>\n<td><strong>Materi\u00e1l<\/strong><\/td>\n<td>Kraftov\u00fd pap\u00edr<\/td>\n<\/tr>\n<tr>\n<td><strong>Zp\u016fsob p\u0159epravy<\/strong><\/td>\n<td>N\u00e1mo\u0159n\u00ed, leteck\u00e1 a expresn\u00ed doprava<\/td>\n<\/tr>\n<tr>\n<td><strong>Velikost<\/strong><\/td>\n<td>P\u0159ij\u00edm\u00e1 se vlastn\u00ed velikost<\/td>\n<\/tr>\n<tr>\n<td><strong>vzorek<\/strong><\/td>\n<td>vzorek zdarma<\/td>\n<\/tr>\n<\/tbody>\n<\/table>\n<p><img fetchpriority=\"high\" decoding=\"async\" class=\"alignnone  wp-image-6780\" src=\"http:\/\/ibn.wyd.mybluehost.me\/reanpackaging.com\/wp-content\/uploads\/2023\/09\/7-min-5-300x160.jpg\" alt=\"bto luxusn\u00ed d\u00e1rkov\u00e1 pap\u00edrov\u00e1 ta\u0161ka s logem s potiskem r\u016fzn\u00fdch barev velkoobchodn\u00ed pap\u00edrov\u00e9 n\u00e1kupn\u00ed ta\u0161ky s rukojet\u00ed pro mal\u00e9 firmy\" width=\"1307\" height=\"697\" srcset=\"https:\/\/reanpackaging.com\/wp-content\/uploads\/2023\/09\/7-min-5-300x160.jpg 300w, https:\/\/reanpackaging.com\/wp-content\/uploads\/2023\/09\/7-min-5-600x320.jpg 600w, https:\/\/reanpackaging.com\/wp-content\/uploads\/2023\/09\/7-min-5.jpg 750w\" sizes=\"(max-width: 1307px) 100vw, 1307px\" \/><\/p>\n<p><img decoding=\"async\" class=\"alignnone  wp-image-6781\" src=\"http:\/\/ibn.wyd.mybluehost.me\/reanpackaging.com\/wp-content\/uploads\/2023\/09\/8-min-6-300x160.jpg\" alt=\"bto luxusn\u00ed d\u00e1rkov\u00e1 pap\u00edrov\u00e1 ta\u0161ka s logem s potiskem r\u016fzn\u00fdch barev velkoobchodn\u00ed pap\u00edrov\u00e9 n\u00e1kupn\u00ed ta\u0161ky s rukojet\u00ed pro mal\u00e9 firmy\" width=\"1298\" height=\"692\" srcset=\"https:\/\/reanpackaging.com\/wp-content\/uploads\/2023\/09\/8-min-6-300x160.jpg 300w, https:\/\/reanpackaging.com\/wp-content\/uploads\/2023\/09\/8-min-6-600x320.jpg 600w, https:\/\/reanpackaging.com\/wp-content\/uploads\/2023\/09\/8-min-6.jpg 750w\" sizes=\"(max-width: 1298px) 100vw, 1298px\" \/><\/p>\n<p><img decoding=\"async\" class=\"alignnone  wp-image-6782\" src=\"http:\/\/ibn.wyd.mybluehost.me\/reanpackaging.com\/wp-content\/uploads\/2023\/09\/9-min-6-264x300.jpg\" alt=\"bto luxusn\u00ed d\u00e1rkov\u00e1 pap\u00edrov\u00e1 ta\u0161ka s logem s potiskem r\u016fzn\u00fdch barev velkoobchodn\u00ed pap\u00edrov\u00e9 n\u00e1kupn\u00ed ta\u0161ky s rukojet\u00ed pro mal\u00e9 firmy\" width=\"1301\" height=\"1478\" srcset=\"https:\/\/reanpackaging.com\/wp-content\/uploads\/2023\/09\/9-min-6-264x300.jpg 264w, https:\/\/reanpackaging.com\/wp-content\/uploads\/2023\/09\/9-min-6-600x682.jpg 600w, https:\/\/reanpackaging.com\/wp-content\/uploads\/2023\/09\/9-min-6.jpg 750w\" sizes=\"(max-width: 1301px) 100vw, 1301px\" \/><\/p>\n<p><img loading=\"lazy\" decoding=\"async\" class=\"alignnone  wp-image-6783\" src=\"http:\/\/ibn.wyd.mybluehost.me\/reanpackaging.com\/wp-content\/uploads\/2023\/09\/10-min-3-205x300.jpg\" alt=\"bto luxusn\u00ed d\u00e1rkov\u00e1 pap\u00edrov\u00e1 ta\u0161ka s logem s potiskem r\u016fzn\u00fdch barev velkoobchodn\u00ed pap\u00edrov\u00e9 n\u00e1kupn\u00ed ta\u0161ky s rukojet\u00ed pro mal\u00e9 firmy\" width=\"1302\" height=\"1905\" \/><\/p>\n<p><img loading=\"lazy\" decoding=\"async\" class=\"alignnone  wp-image-6784\" src=\"http:\/\/ibn.wyd.mybluehost.me\/reanpackaging.com\/wp-content\/uploads\/2023\/09\/11-min-2-232x300.jpg\" alt=\"bto luxusn\u00ed d\u00e1rkov\u00e1 pap\u00edrov\u00e1 ta\u0161ka s logem s potiskem r\u016fzn\u00fdch barev velkoobchodn\u00ed pap\u00edrov\u00e9 n\u00e1kupn\u00ed ta\u0161ky s rukojet\u00ed pro mal\u00e9 firmy\" width=\"1301\" height=\"1682\" srcset=\"https:\/\/reanpackaging.com\/wp-content\/uploads\/2023\/09\/11-min-2-232x300.jpg 232w, https:\/\/reanpackaging.com\/wp-content\/uploads\/2023\/09\/11-min-2-600x776.jpg 600w, https:\/\/reanpackaging.com\/wp-content\/uploads\/2023\/09\/11-min-2.jpg 750w\" sizes=\"(max-width: 1301px) 100vw, 1301px\" \/><\/p>\n<p><img loading=\"lazy\" decoding=\"async\" class=\"alignnone  wp-image-6785\" src=\"http:\/\/ibn.wyd.mybluehost.me\/reanpackaging.com\/wp-content\/uploads\/2023\/09\/12-min-2-286x300.jpg\" alt=\"bto luxusn\u00ed d\u00e1rkov\u00e1 pap\u00edrov\u00e1 ta\u0161ka s logem s potiskem r\u016fzn\u00fdch barev velkoobchodn\u00ed pap\u00edrov\u00e9 n\u00e1kupn\u00ed ta\u0161ky s rukojet\u00ed pro mal\u00e9 firmy\" width=\"1301\" height=\"1365\" srcset=\"https:\/\/reanpackaging.com\/wp-content\/uploads\/2023\/09\/12-min-2-286x300.jpg 286w, https:\/\/reanpackaging.com\/wp-content\/uploads\/2023\/09\/12-min-2-600x630.jpg 600w, https:\/\/reanpackaging.com\/wp-content\/uploads\/2023\/09\/12-min-2.jpg 750w\" sizes=\"(max-width: 1301px) 100vw, 1301px\" \/><\/p>\n<p><img loading=\"lazy\" decoding=\"async\" class=\"alignnone  wp-image-6786\" src=\"http:\/\/ibn.wyd.mybluehost.me\/reanpackaging.com\/wp-content\/uploads\/2023\/09\/13-min-2-194x300.jpg\" alt=\"bto luxusn\u00ed d\u00e1rkov\u00e1 pap\u00edrov\u00e1 ta\u0161ka s logem s potiskem r\u016fzn\u00fdch barev velkoobchodn\u00ed pap\u00edrov\u00e9 n\u00e1kupn\u00ed ta\u0161ky s rukojet\u00ed pro mal\u00e9 firmy\" width=\"1300\" height=\"2010\" srcset=\"https:\/\/reanpackaging.com\/wp-content\/uploads\/2023\/09\/13-min-2-194x300.jpg 194w, https:\/\/reanpackaging.com\/wp-content\/uploads\/2023\/09\/13-min-2-662x1024.jpg 662w, https:\/\/reanpackaging.com\/wp-content\/uploads\/2023\/09\/13-min-2-600x928.jpg 600w, https:\/\/reanpackaging.com\/wp-content\/uploads\/2023\/09\/13-min-2.jpg 750w\" sizes=\"(max-width: 1300px) 100vw, 1300px\" \/><\/p>","protected":false},"excerpt":{"rendered":"<p>Industry-Specific Attributes Industrial Use Business&amp;Shopping Paper Type Art Paper Feature Recyclable Other Attributes Place of Origin Sichuan, China Brand Name BTO Model Number customization Surface Handling Offset printing Sealing &amp; Handle Hand Length Handle Custom Order Accept Product name Custom Paper Jewelry Packaging bag Laminated Art Paper Bag White Logo Accept Customized Logo Printing Color [&hellip;]<\/p>\n","protected":false},"featured_media":6670,"template":"","meta":{"_seopress_robots_primary_cat":"none","_seopress_titles_title":"","_seopress_titles_desc":"","_seopress_robots_index":"","site-sidebar-layout":"default","site-content-layout":"default","ast-site-content-layout":"default","site-content-style":"default","site-sidebar-style":"default","ast-global-header-display":"","ast-banner-title-visibility":"","ast-main-header-display":"","ast-hfb-above-header-display":"","ast-hfb-below-header-display":"","ast-hfb-mobile-header-display":"","site-post-title":"","ast-breadcrumbs-content":"","ast-featured-img":"","footer-sml-layout":"","ast-disable-related-posts":"","theme-transparent-header-meta":"default","adv-header-id-meta":"","stick-header-meta":"default","header-above-stick-meta":"","header-main-stick-meta":"","header-below-stick-meta":"","astra-migrate-meta-layouts":"set","ast-page-background-enabled":"default","ast-page-background-meta":{"desktop":{"background-color":"","background-image":"","background-repeat":"repeat","background-position":"center center","background-size":"auto","background-attachment":"scroll","background-type":"","background-media":"","overlay-type":"","overlay-color":"","overlay-opacity":"","overlay-gradient":""},"tablet":{"background-color":"","background-image":"","background-repeat":"repeat","background-position":"center center","background-size":"auto","background-attachment":"scroll","background-type":"","background-media":"","overlay-type":"","overlay-color":"","overlay-opacity":"","overlay-gradient":""},"mobile":{"background-color":"","background-image":"","background-repeat":"repeat","background-position":"center center","background-size":"auto","background-attachment":"scroll","background-type":"","background-media":"","overlay-type":"","overlay-color":"","overlay-opacity":"","overlay-gradient":""}},"ast-content-background-meta":{"desktop":{"background-color":"var(--ast-global-color-5)","background-image":"","background-repeat":"repeat","background-position":"center center","background-size":"auto","background-attachment":"scroll","background-type":"","background-media":"","overlay-type":"","overlay-color":"","overlay-opacity":"","overlay-gradient":""},"tablet":{"background-color":"var(--ast-global-color-5)","background-image":"","background-repeat":"repeat","background-position":"center center","background-size":"auto","background-attachment":"scroll","background-type":"","background-media":"","overlay-type":"","overlay-color":"","overlay-opacity":"","overlay-gradient":""},"mobile":{"background-color":"var(--ast-global-color-5)","background-image":"","background-repeat":"repeat","background-position":"center center","background-size":"auto","background-attachment":"scroll","background-type":"","background-media":"","overlay-type":"","overlay-color":"","overlay-opacity":"","overlay-gradient":""}}},"product_brand":[],"product_cat":[40,36,44,34,41],"product_tag":[],"class_list":{"0":"post-6706","1":"product","2":"type-product","3":"status-publish","4":"has-post-thumbnail","6":"product_cat-gift-bags","7":"product_cat-kraft-bags","8":"product_cat-paper-bags","9":"product_cat-paper-bags-with-handles","10":"product_cat-shopping-bags","11":"desktop-align-left","12":"tablet-align-left","13":"mobile-align-left","14":"ast-product-gallery-layout-horizontal","15":"ast-product-tabs-layout-horizontal","17":"first","18":"instock","19":"purchasable","20":"product-type-simple"},"_links":{"self":[{"href":"https:\/\/reanpackaging.com\/cs\/wp-json\/wp\/v2\/product\/6706","targetHints":{"allow":["GET"]}}],"collection":[{"href":"https:\/\/reanpackaging.com\/cs\/wp-json\/wp\/v2\/product"}],"about":[{"href":"https:\/\/reanpackaging.com\/cs\/wp-json\/wp\/v2\/types\/product"}],"wp:featuredmedia":[{"embeddable":true,"href":"https:\/\/reanpackaging.com\/cs\/wp-json\/wp\/v2\/media\/6670"}],"wp:attachment":[{"href":"https:\/\/reanpackaging.com\/cs\/wp-json\/wp\/v2\/media?parent=6706"}],"wp:term":[{"taxonomy":"product_brand","embeddable":true,"href":"https:\/\/reanpackaging.com\/cs\/wp-json\/wp\/v2\/product_brand?post=6706"},{"taxonomy":"product_cat","embeddable":true,"href":"https:\/\/reanpackaging.com\/cs\/wp-json\/wp\/v2\/product_cat?post=6706"},{"taxonomy":"product_tag","embeddable":true,"href":"https:\/\/reanpackaging.com\/cs\/wp-json\/wp\/v2\/product_tag?post=6706"}],"curies":[{"name":"wp","href":"https:\/\/api.w.org\/{rel}","templated":true}]}}