{"id":6902,"date":"2023-09-21T13:22:09","date_gmt":"2023-09-21T13:22:09","guid":{"rendered":"http:\/\/ibn.wyd.mybluehost.me\/reanpackaging.com\/product\/eco-friendly-black-matte-bubble-padded-envelope-bubble-air-wrap-polymailer-bags-custom-bubble-mailers-for-shipping-packaging\/"},"modified":"2023-09-21T13:29:00","modified_gmt":"2023-09-21T13:29:00","slug":"eco-friendly-black-matte-bubble-padded-envelope-bubble-air-wrap-polymailer-bags-custom-bubble-mailers-for-shipping-packaging","status":"publish","type":"product","link":"https:\/\/reanpackaging.com\/cs\/produkt\/eco-friendly-black-matte-bubble-padded-envelope-bubble-air-wrap-polymailer-bags-custom-bubble-mailers-for-shipping-packaging\/","title":{"rendered":"ECO Friendly Black Matte Bubble Padded Envelope Bubble Air Wrap Polymailer Bags Custom Bubble Mailers for Shipping Packaging"},"content":{"rendered":"<h4>Atributy specifick\u00e9 pro dan\u00e9 odv\u011btv\u00ed<\/h4>\n<table border=\"1\">\n<tbody>\n<tr>\n<td><strong>Materi\u00e1l<\/strong><\/td>\n<td>POLY<\/td>\n<\/tr>\n<\/tbody>\n<\/table>\n<h4>Dal\u0161\u00ed atributy<\/h4>\n<table border=\"1\">\n<tbody>\n<tr>\n<td><strong>Pr\u016fmyslov\u00e9 vyu\u017eit\u00ed<\/strong><\/td>\n<td>Obuv a oble\u010den\u00ed, Po\u0161tovn\u00ed z\u00e1silky<\/td>\n<\/tr>\n<tr>\n<td><strong>N\u00e1zev produktu<\/strong><\/td>\n<td>Ob\u00e1lka P\u011bnov\u00fd po\u0161tovn\u00ed s\u00e1\u010dek<\/td>\n<\/tr>\n<tr>\n<td><strong>Velikost<\/strong><\/td>\n<td>P\u0159ij\u00edm\u00e1 se vlastn\u00ed velikost<\/td>\n<\/tr>\n<tr>\n<td><strong>Funkce<\/strong><\/td>\n<td>Biologicky rozlo\u017eiteln\u00e9<\/td>\n<\/tr>\n<tr>\n<td><strong>Logo<\/strong><\/td>\n<td>Logo z\u00e1kazn\u00edka<\/td>\n<\/tr>\n<tr>\n<td><strong>Tisk<\/strong><\/td>\n<td>P\u0159ijat\u00e9 logo Printig<\/td>\n<\/tr>\n<tr>\n<td><strong>Pou\u017eit\u00ed<\/strong><\/td>\n<td>Balen\u00ed pro expresn\u00ed dod\u00e1n\u00ed<\/td>\n<\/tr>\n<tr>\n<td><strong>Aplikace<\/strong><\/td>\n<td>Balen\u00ed pro e-commerce<\/td>\n<\/tr>\n<tr>\n<td><strong>Polo\u017eka<\/strong><\/td>\n<td>Vlastn\u00ed matn\u00e9 polypropylenov\u00e9 po\u0161tovn\u00ed schr\u00e1nky<\/td>\n<\/tr>\n<tr>\n<td><strong>Tlou\u0161\u0165ka<\/strong><\/td>\n<td>2,3mil\/2,5mil\/3mil\/50-200mikron\u016f\/p\u0159izp\u016fsobeno na m\u00edru<\/td>\n<\/tr>\n<tr>\n<td><strong>Kl\u00ed\u010dov\u00e1 slova<\/strong><\/td>\n<td>Vlastn\u00ed logo s potiskem Courier<\/td>\n<\/tr>\n<\/tbody>\n<\/table>\n<p><img fetchpriority=\"high\" decoding=\"async\" class=\"alignnone wp-image-6922\" src=\"http:\/\/ibn.wyd.mybluehost.me\/reanpackaging.com\/wp-content\/uploads\/2023\/09\/a-description-Eco-Friendly-Black-Matte-Bubble-Padded-Envelope-Bubble-Air-Wrap-Polymailer-Bags-Custom-Bubble-Mailers-For-Shipping-Packaging-300x200.jpg\" alt=\"ekologick\u00e9 \u010dern\u00e9 matn\u00e9 bublinkov\u00e9 polstrovan\u00e9 ob\u00e1lky bublinkov\u00e9 vzduchov\u00e9 ob\u00e1lky polymailerov\u00e9 s\u00e1\u010dky vlastn\u00ed bublinkov\u00e9 po\u0161\u0165\u00e1ky pro p\u0159epravn\u00ed obaly\" width=\"1302\" height=\"868\" srcset=\"https:\/\/reanpackaging.com\/wp-content\/uploads\/2023\/09\/a-description-Eco-Friendly-Black-Matte-Bubble-Padded-Envelope-Bubble-Air-Wrap-Polymailer-Bags-Custom-Bubble-Mailers-For-Shipping-Packaging-300x200.jpg 300w, https:\/\/reanpackaging.com\/wp-content\/uploads\/2023\/09\/a-description-Eco-Friendly-Black-Matte-Bubble-Padded-Envelope-Bubble-Air-Wrap-Polymailer-Bags-Custom-Bubble-Mailers-For-Shipping-Packaging-768x511.jpg 768w, https:\/\/reanpackaging.com\/wp-content\/uploads\/2023\/09\/a-description-Eco-Friendly-Black-Matte-Bubble-Padded-Envelope-Bubble-Air-Wrap-Polymailer-Bags-Custom-Bubble-Mailers-For-Shipping-Packaging-600x400.jpg 600w, https:\/\/reanpackaging.com\/wp-content\/uploads\/2023\/09\/a-description-Eco-Friendly-Black-Matte-Bubble-Padded-Envelope-Bubble-Air-Wrap-Polymailer-Bags-Custom-Bubble-Mailers-For-Shipping-Packaging.jpg 1000w\" sizes=\"(max-width: 1302px) 100vw, 1302px\" \/><\/p>\n<p><img decoding=\"async\" class=\"alignnone wp-image-6925\" src=\"http:\/\/ibn.wyd.mybluehost.me\/reanpackaging.com\/wp-content\/uploads\/2023\/09\/b-description-Eco-Friendly-Black-Matte-Bubble-Padded-Envelope-Bubble-Air-Wrap-Polymailer-Bags-Custom-Bubble-Mailers-For-Shipping-Packaging-300x200.jpg\" alt=\"ekologick\u00e9 \u010dern\u00e9 matn\u00e9 bublinkov\u00e9 polstrovan\u00e9 ob\u00e1lky bublinkov\u00e9 vzduchov\u00e9 ob\u00e1lky polymailerov\u00e9 s\u00e1\u010dky vlastn\u00ed bublinkov\u00e9 po\u0161\u0165\u00e1ky pro p\u0159epravn\u00ed obaly\" width=\"1295\" height=\"863\" srcset=\"https:\/\/reanpackaging.com\/wp-content\/uploads\/2023\/09\/b-description-Eco-Friendly-Black-Matte-Bubble-Padded-Envelope-Bubble-Air-Wrap-Polymailer-Bags-Custom-Bubble-Mailers-For-Shipping-Packaging-300x200.jpg 300w, https:\/\/reanpackaging.com\/wp-content\/uploads\/2023\/09\/b-description-Eco-Friendly-Black-Matte-Bubble-Padded-Envelope-Bubble-Air-Wrap-Polymailer-Bags-Custom-Bubble-Mailers-For-Shipping-Packaging-768x511.jpg 768w, https:\/\/reanpackaging.com\/wp-content\/uploads\/2023\/09\/b-description-Eco-Friendly-Black-Matte-Bubble-Padded-Envelope-Bubble-Air-Wrap-Polymailer-Bags-Custom-Bubble-Mailers-For-Shipping-Packaging-600x400.jpg 600w, https:\/\/reanpackaging.com\/wp-content\/uploads\/2023\/09\/b-description-Eco-Friendly-Black-Matte-Bubble-Padded-Envelope-Bubble-Air-Wrap-Polymailer-Bags-Custom-Bubble-Mailers-For-Shipping-Packaging.jpg 1000w\" sizes=\"(max-width: 1295px) 100vw, 1295px\" \/><\/p>\n<p><img decoding=\"async\" class=\"alignnone wp-image-6927\" src=\"http:\/\/ibn.wyd.mybluehost.me\/reanpackaging.com\/wp-content\/uploads\/2023\/09\/c-description-Eco-Friendly-Black-Matte-Bubble-Padded-Envelope-Bubble-Air-Wrap-Polymailer-Bags-Custom-Bubble-Mailers-For-Shipping-Packaging-300x200.jpg\" alt=\"ekologick\u00e9 \u010dern\u00e9 matn\u00e9 bublinkov\u00e9 polstrovan\u00e9 ob\u00e1lky bublinkov\u00e9 vzduchov\u00e9 ob\u00e1lky polymailerov\u00e9 s\u00e1\u010dky vlastn\u00ed bublinkov\u00e9 po\u0161\u0165\u00e1ky pro p\u0159epravn\u00ed obaly\" width=\"1292\" height=\"861\" srcset=\"https:\/\/reanpackaging.com\/wp-content\/uploads\/2023\/09\/c-description-Eco-Friendly-Black-Matte-Bubble-Padded-Envelope-Bubble-Air-Wrap-Polymailer-Bags-Custom-Bubble-Mailers-For-Shipping-Packaging-300x200.jpg 300w, https:\/\/reanpackaging.com\/wp-content\/uploads\/2023\/09\/c-description-Eco-Friendly-Black-Matte-Bubble-Padded-Envelope-Bubble-Air-Wrap-Polymailer-Bags-Custom-Bubble-Mailers-For-Shipping-Packaging-768x511.jpg 768w, https:\/\/reanpackaging.com\/wp-content\/uploads\/2023\/09\/c-description-Eco-Friendly-Black-Matte-Bubble-Padded-Envelope-Bubble-Air-Wrap-Polymailer-Bags-Custom-Bubble-Mailers-For-Shipping-Packaging-600x400.jpg 600w, https:\/\/reanpackaging.com\/wp-content\/uploads\/2023\/09\/c-description-Eco-Friendly-Black-Matte-Bubble-Padded-Envelope-Bubble-Air-Wrap-Polymailer-Bags-Custom-Bubble-Mailers-For-Shipping-Packaging.jpg 1000w\" sizes=\"(max-width: 1292px) 100vw, 1292px\" \/><\/p>\n<p><img loading=\"lazy\" decoding=\"async\" class=\"alignnone wp-image-6928\" src=\"http:\/\/ibn.wyd.mybluehost.me\/reanpackaging.com\/wp-content\/uploads\/2023\/09\/d-description-Eco-Friendly-Black-Matte-Bubble-Padded-Envelope-Bubble-Air-Wrap-Polymailer-Bags-Custom-Bubble-Mailers-For-Shipping-Packaging-300x200.jpg\" alt=\"ekologick\u00e9 \u010dern\u00e9 matn\u00e9 bublinkov\u00e9 polstrovan\u00e9 ob\u00e1lky bublinkov\u00e9 vzduchov\u00e9 ob\u00e1lky polymailerov\u00e9 s\u00e1\u010dky vlastn\u00ed bublinkov\u00e9 po\u0161\u0165\u00e1ky pro p\u0159epravn\u00ed obaly\" width=\"1295\" height=\"863\" srcset=\"https:\/\/reanpackaging.com\/wp-content\/uploads\/2023\/09\/d-description-Eco-Friendly-Black-Matte-Bubble-Padded-Envelope-Bubble-Air-Wrap-Polymailer-Bags-Custom-Bubble-Mailers-For-Shipping-Packaging-300x200.jpg 300w, https:\/\/reanpackaging.com\/wp-content\/uploads\/2023\/09\/d-description-Eco-Friendly-Black-Matte-Bubble-Padded-Envelope-Bubble-Air-Wrap-Polymailer-Bags-Custom-Bubble-Mailers-For-Shipping-Packaging-768x511.jpg 768w, https:\/\/reanpackaging.com\/wp-content\/uploads\/2023\/09\/d-description-Eco-Friendly-Black-Matte-Bubble-Padded-Envelope-Bubble-Air-Wrap-Polymailer-Bags-Custom-Bubble-Mailers-For-Shipping-Packaging-600x400.jpg 600w, https:\/\/reanpackaging.com\/wp-content\/uploads\/2023\/09\/d-description-Eco-Friendly-Black-Matte-Bubble-Padded-Envelope-Bubble-Air-Wrap-Polymailer-Bags-Custom-Bubble-Mailers-For-Shipping-Packaging.jpg 1000w\" sizes=\"(max-width: 1295px) 100vw, 1295px\" \/><\/p>\n<p><img loading=\"lazy\" decoding=\"async\" class=\"alignnone wp-image-6932\" src=\"http:\/\/ibn.wyd.mybluehost.me\/reanpackaging.com\/wp-content\/uploads\/2023\/09\/e-description-Eco-Friendly-Black-Matte-Bubble-Padded-Envelope-Bubble-Air-Wrap-Polymailer-Bags-Custom-Bubble-Mailers-For-Shipping-Packaging-300x200.jpg\" alt=\"ekologick\u00e9 \u010dern\u00e9 matn\u00e9 bublinkov\u00e9 polstrovan\u00e9 ob\u00e1lky bublinkov\u00e9 vzduchov\u00e9 ob\u00e1lky polymailerov\u00e9 s\u00e1\u010dky vlastn\u00ed bublinkov\u00e9 po\u0161\u0165\u00e1ky pro p\u0159epravn\u00ed obaly\" width=\"1307\" height=\"871\" srcset=\"https:\/\/reanpackaging.com\/wp-content\/uploads\/2023\/09\/e-description-Eco-Friendly-Black-Matte-Bubble-Padded-Envelope-Bubble-Air-Wrap-Polymailer-Bags-Custom-Bubble-Mailers-For-Shipping-Packaging-300x200.jpg 300w, https:\/\/reanpackaging.com\/wp-content\/uploads\/2023\/09\/e-description-Eco-Friendly-Black-Matte-Bubble-Padded-Envelope-Bubble-Air-Wrap-Polymailer-Bags-Custom-Bubble-Mailers-For-Shipping-Packaging-768x511.jpg 768w, https:\/\/reanpackaging.com\/wp-content\/uploads\/2023\/09\/e-description-Eco-Friendly-Black-Matte-Bubble-Padded-Envelope-Bubble-Air-Wrap-Polymailer-Bags-Custom-Bubble-Mailers-For-Shipping-Packaging-600x400.jpg 600w, https:\/\/reanpackaging.com\/wp-content\/uploads\/2023\/09\/e-description-Eco-Friendly-Black-Matte-Bubble-Padded-Envelope-Bubble-Air-Wrap-Polymailer-Bags-Custom-Bubble-Mailers-For-Shipping-Packaging.jpg 1000w\" sizes=\"(max-width: 1307px) 100vw, 1307px\" \/><\/p>\n<p><img loading=\"lazy\" decoding=\"async\" class=\"alignnone wp-image-6936\" src=\"http:\/\/ibn.wyd.mybluehost.me\/reanpackaging.com\/wp-content\/uploads\/2023\/09\/f-description-Eco-Friendly-Black-Matte-Bubble-Padded-Envelope-Bubble-Air-Wrap-Polymailer-Bags-Custom-Bubble-Mailers-For-Shipping-Packaging-300x200.jpg\" alt=\"ekologick\u00e9 \u010dern\u00e9 matn\u00e9 bublinkov\u00e9 polstrovan\u00e9 ob\u00e1lky bublinkov\u00e9 vzduchov\u00e9 ob\u00e1lky polymailerov\u00e9 s\u00e1\u010dky vlastn\u00ed bublinkov\u00e9 po\u0161\u0165\u00e1ky pro p\u0159epravn\u00ed obaly\" width=\"1301\" height=\"867\" srcset=\"https:\/\/reanpackaging.com\/wp-content\/uploads\/2023\/09\/f-description-Eco-Friendly-Black-Matte-Bubble-Padded-Envelope-Bubble-Air-Wrap-Polymailer-Bags-Custom-Bubble-Mailers-For-Shipping-Packaging-300x200.jpg 300w, https:\/\/reanpackaging.com\/wp-content\/uploads\/2023\/09\/f-description-Eco-Friendly-Black-Matte-Bubble-Padded-Envelope-Bubble-Air-Wrap-Polymailer-Bags-Custom-Bubble-Mailers-For-Shipping-Packaging-768x511.jpg 768w, https:\/\/reanpackaging.com\/wp-content\/uploads\/2023\/09\/f-description-Eco-Friendly-Black-Matte-Bubble-Padded-Envelope-Bubble-Air-Wrap-Polymailer-Bags-Custom-Bubble-Mailers-For-Shipping-Packaging-600x400.jpg 600w, https:\/\/reanpackaging.com\/wp-content\/uploads\/2023\/09\/f-description-Eco-Friendly-Black-Matte-Bubble-Padded-Envelope-Bubble-Air-Wrap-Polymailer-Bags-Custom-Bubble-Mailers-For-Shipping-Packaging.jpg 1000w\" sizes=\"(max-width: 1301px) 100vw, 1301px\" \/><\/p>\n<p><img loading=\"lazy\" decoding=\"async\" class=\"alignnone wp-image-6943\" src=\"http:\/\/ibn.wyd.mybluehost.me\/reanpackaging.com\/wp-content\/uploads\/2023\/09\/g-description-Eco-Friendly-Black-Matte-Bubble-Padded-Envelope-Bubble-Air-Wrap-Polymailer-Bags-Custom-Bubble-Mailers-For-Shipping-Packaging-217x300.jpg\" alt=\"ekologick\u00e9 \u010dern\u00e9 matn\u00e9 bublinkov\u00e9 polstrovan\u00e9 ob\u00e1lky bublinkov\u00e9 vzduchov\u00e9 ob\u00e1lky polymailerov\u00e9 s\u00e1\u010dky vlastn\u00ed bublinkov\u00e9 po\u0161\u0165\u00e1ky pro p\u0159epravn\u00ed obaly\" width=\"1299\" height=\"1796\" srcset=\"https:\/\/reanpackaging.com\/wp-content\/uploads\/2023\/09\/g-description-Eco-Friendly-Black-Matte-Bubble-Padded-Envelope-Bubble-Air-Wrap-Polymailer-Bags-Custom-Bubble-Mailers-For-Shipping-Packaging-217x300.jpg 217w, https:\/\/reanpackaging.com\/wp-content\/uploads\/2023\/09\/g-description-Eco-Friendly-Black-Matte-Bubble-Padded-Envelope-Bubble-Air-Wrap-Polymailer-Bags-Custom-Bubble-Mailers-For-Shipping-Packaging-740x1024.jpg 740w, https:\/\/reanpackaging.com\/wp-content\/uploads\/2023\/09\/g-description-Eco-Friendly-Black-Matte-Bubble-Padded-Envelope-Bubble-Air-Wrap-Polymailer-Bags-Custom-Bubble-Mailers-For-Shipping-Packaging-768x1062.jpg 768w, https:\/\/reanpackaging.com\/wp-content\/uploads\/2023\/09\/g-description-Eco-Friendly-Black-Matte-Bubble-Padded-Envelope-Bubble-Air-Wrap-Polymailer-Bags-Custom-Bubble-Mailers-For-Shipping-Packaging-600x830.jpg 600w, https:\/\/reanpackaging.com\/wp-content\/uploads\/2023\/09\/g-description-Eco-Friendly-Black-Matte-Bubble-Padded-Envelope-Bubble-Air-Wrap-Polymailer-Bags-Custom-Bubble-Mailers-For-Shipping-Packaging.jpg 1000w\" sizes=\"(max-width: 1299px) 100vw, 1299px\" \/><\/p>","protected":false},"excerpt":{"rendered":"<p>Industry-Specific Attributes Material POLY Other Attributes Industrial Use Shoes &amp; clothing, Mailing Product name Envelope Foam Mailing Bag Size Custom Size Accepted Feature Biodegradable Logo Customer&#8217;s Logo Printing Accepted Logo Printig Usage Express Delivery Packaging Application E-commerce Packaging Item Custom Matte Poly Mailers Thickness 2.3mil\/2.5mil\/3mil\/50-200microns\/Customized Keywords Custom Logo Printed Courier<\/p>","protected":false},"featured_media":6787,"template":"","meta":{"_seopress_robots_primary_cat":"none","_seopress_titles_title":"","_seopress_titles_desc":"","_seopress_robots_index":"","site-sidebar-layout":"default","site-content-layout":"default","ast-site-content-layout":"default","site-content-style":"default","site-sidebar-style":"default","ast-global-header-display":"","ast-banner-title-visibility":"","ast-main-header-display":"","ast-hfb-above-header-display":"","ast-hfb-below-header-display":"","ast-hfb-mobile-header-display":"","site-post-title":"","ast-breadcrumbs-content":"","ast-featured-img":"","footer-sml-layout":"","ast-disable-related-posts":"","theme-transparent-header-meta":"default","adv-header-id-meta":"","stick-header-meta":"default","header-above-stick-meta":"","header-main-stick-meta":"","header-below-stick-meta":"","astra-migrate-meta-layouts":"default","ast-page-background-enabled":"default","ast-page-background-meta":{"desktop":{"background-color":"","background-image":"","background-repeat":"repeat","background-position":"center center","background-size":"auto","background-attachment":"scroll","background-type":"","background-media":"","overlay-type":"","overlay-color":"","overlay-opacity":"","overlay-gradient":""},"tablet":{"background-color":"","background-image":"","background-repeat":"repeat","background-position":"center center","background-size":"auto","background-attachment":"scroll","background-type":"","background-media":"","overlay-type":"","overlay-color":"","overlay-opacity":"","overlay-gradient":""},"mobile":{"background-color":"","background-image":"","background-repeat":"repeat","background-position":"center center","background-size":"auto","background-attachment":"scroll","background-type":"","background-media":"","overlay-type":"","overlay-color":"","overlay-opacity":"","overlay-gradient":""}},"ast-content-background-meta":{"desktop":{"background-color":"var(--ast-global-color-5)","background-image":"","background-repeat":"repeat","background-position":"center center","background-size":"auto","background-attachment":"scroll","background-type":"","background-media":"","overlay-type":"","overlay-color":"","overlay-opacity":"","overlay-gradient":""},"tablet":{"background-color":"var(--ast-global-color-5)","background-image":"","background-repeat":"repeat","background-position":"center center","background-size":"auto","background-attachment":"scroll","background-type":"","background-media":"","overlay-type":"","overlay-color":"","overlay-opacity":"","overlay-gradient":""},"mobile":{"background-color":"var(--ast-global-color-5)","background-image":"","background-repeat":"repeat","background-position":"center center","background-size":"auto","background-attachment":"scroll","background-type":"","background-media":"","overlay-type":"","overlay-color":"","overlay-opacity":"","overlay-gradient":""}}},"product_brand":[],"product_cat":[45],"product_tag":[],"class_list":{"0":"post-6902","1":"product","2":"type-product","3":"status-publish","4":"has-post-thumbnail","6":"product_cat-bubble-wrap","7":"desktop-align-left","8":"tablet-align-left","9":"mobile-align-left","10":"ast-product-gallery-layout-horizontal","11":"ast-product-tabs-layout-horizontal","13":"first","14":"instock","15":"product-type-simple"},"_links":{"self":[{"href":"https:\/\/reanpackaging.com\/cs\/wp-json\/wp\/v2\/product\/6902","targetHints":{"allow":["GET"]}}],"collection":[{"href":"https:\/\/reanpackaging.com\/cs\/wp-json\/wp\/v2\/product"}],"about":[{"href":"https:\/\/reanpackaging.com\/cs\/wp-json\/wp\/v2\/types\/product"}],"wp:featuredmedia":[{"embeddable":true,"href":"https:\/\/reanpackaging.com\/cs\/wp-json\/wp\/v2\/media\/6787"}],"wp:attachment":[{"href":"https:\/\/reanpackaging.com\/cs\/wp-json\/wp\/v2\/media?parent=6902"}],"wp:term":[{"taxonomy":"product_brand","embeddable":true,"href":"https:\/\/reanpackaging.com\/cs\/wp-json\/wp\/v2\/product_brand?post=6902"},{"taxonomy":"product_cat","embeddable":true,"href":"https:\/\/reanpackaging.com\/cs\/wp-json\/wp\/v2\/product_cat?post=6902"},{"taxonomy":"product_tag","embeddable":true,"href":"https:\/\/reanpackaging.com\/cs\/wp-json\/wp\/v2\/product_tag?post=6902"}],"curies":[{"name":"wp","href":"https:\/\/api.w.org\/{rel}","templated":true}]}}