{"id":6903,"date":"2023-09-21T13:22:09","date_gmt":"2023-09-21T13:22:09","guid":{"rendered":"http:\/\/ibn.wyd.mybluehost.me\/reanpackaging.com\/product\/proper-price-top-quality-wrap-packaging-air-bubble-inflatable-air-column-bag-for-wine-bottle\/"},"modified":"2023-09-21T13:37:06","modified_gmt":"2023-09-21T13:37:06","slug":"proper-price-top-quality-wrap-packaging-air-bubble-inflatable-air-column-bag-for-wine-bottle","status":"publish","type":"product","link":"https:\/\/reanpackaging.com\/cs\/produkt\/proper-price-top-quality-wrap-packaging-air-bubble-inflatable-air-column-bag-for-wine-bottle\/","title":{"rendered":"Spr\u00e1vn\u00e1 cena \u0161pi\u010dkov\u00e9 kvality balen\u00ed vzduchov\u00e9 bubliny nafukovac\u00ed vzduchov\u00fd sloupec s\u00e1\u010dek na l\u00e1hev v\u00edna"},"content":{"rendered":"<h4>Atributy specifick\u00e9 pro dan\u00e9 odv\u011btv\u00ed<\/h4>\n<table border=\"1\">\n<tbody>\n<tr>\n<td><strong>Materi\u00e1l<\/strong><\/td>\n<td>PA+PE<\/td>\n<\/tr>\n<tr>\n<td><strong>Typ<\/strong><\/td>\n<td>Ochrana hran<\/td>\n<\/tr>\n<\/tbody>\n<\/table>\n<h4>Dal\u0161\u00ed atributy<\/h4>\n<table border=\"1\">\n<tbody>\n<tr>\n<td><strong>N\u00e1zev produktu<\/strong><\/td>\n<td>Vzduchov\u00fd sloupek<\/td>\n<\/tr>\n<tr>\n<td><strong>Barva<\/strong><\/td>\n<td>Pr\u016fhledn\u00fd vak se vzduchov\u00fdm pol\u0161t\u00e1\u0159em<\/td>\n<\/tr>\n<tr>\n<td><strong>Velikost<\/strong><\/td>\n<td>P\u0159izp\u016fsoben\u00e1 velikost<\/td>\n<\/tr>\n<tr>\n<td><strong>Funkce<\/strong><\/td>\n<td>Ekologicky \u0161etrn\u00e9<\/td>\n<\/tr>\n<tr>\n<td><strong>Aplikace<\/strong><\/td>\n<td>Ochrana bal\u00ed\u010dku<\/td>\n<\/tr>\n<tr>\n<td><strong>Tvar<\/strong><\/td>\n<td>Typ Q<\/td>\n<\/tr>\n<tr>\n<td><strong>P\u0159izp\u016fsoben\u00ed<\/strong><\/td>\n<td>Acce<\/td>\n<\/tr>\n<tr>\n<td><strong>Certifik\u00e1t<\/strong><\/td>\n<td>ISO9001<\/td>\n<\/tr>\n<tr>\n<td><strong>MOQ<\/strong><\/td>\n<td>1ks<\/td>\n<\/tr>\n<tr>\n<td><strong>Balen\u00ed<\/strong><\/td>\n<td>Kartonov\u00e1 krabice<\/td>\n<\/tr>\n<\/tbody>\n<\/table>\n<p><img fetchpriority=\"high\" decoding=\"async\" class=\"alignnone wp-image-6929\" src=\"http:\/\/ibn.wyd.mybluehost.me\/reanpackaging.com\/wp-content\/uploads\/2023\/09\/a-description-Proper-Price-Top-Quality-Wrap-Packaging-Air-Bubble-Inflatable-Air-Column-Bag-For-Wine-Bottle-300x300.jpg\" alt=\"spr\u00e1vn\u00e1 cena nejvy\u0161\u0161\u00ed kvality balen\u00ed vzduchov\u00e9 bubliny nafukovac\u00ed vzduchov\u00fd sloupec s\u00e1\u010dek na l\u00e1hev v\u00edna\" width=\"1301\" height=\"1301\" srcset=\"https:\/\/reanpackaging.com\/wp-content\/uploads\/2023\/09\/a-description-Proper-Price-Top-Quality-Wrap-Packaging-Air-Bubble-Inflatable-Air-Column-Bag-For-Wine-Bottle-300x300.jpg 300w, https:\/\/reanpackaging.com\/wp-content\/uploads\/2023\/09\/a-description-Proper-Price-Top-Quality-Wrap-Packaging-Air-Bubble-Inflatable-Air-Column-Bag-For-Wine-Bottle-150x150.jpg 150w, https:\/\/reanpackaging.com\/wp-content\/uploads\/2023\/09\/a-description-Proper-Price-Top-Quality-Wrap-Packaging-Air-Bubble-Inflatable-Air-Column-Bag-For-Wine-Bottle-600x600.jpg 600w, https:\/\/reanpackaging.com\/wp-content\/uploads\/2023\/09\/a-description-Proper-Price-Top-Quality-Wrap-Packaging-Air-Bubble-Inflatable-Air-Column-Bag-For-Wine-Bottle-100x100.jpg 100w, https:\/\/reanpackaging.com\/wp-content\/uploads\/2023\/09\/a-description-Proper-Price-Top-Quality-Wrap-Packaging-Air-Bubble-Inflatable-Air-Column-Bag-For-Wine-Bottle.jpg 750w\" sizes=\"(max-width: 1301px) 100vw, 1301px\" \/><\/p>\n<p><img decoding=\"async\" class=\"alignnone wp-image-6933\" src=\"http:\/\/ibn.wyd.mybluehost.me\/reanpackaging.com\/wp-content\/uploads\/2023\/09\/b-description-Proper-Price-Top-Quality-Wrap-Packaging-Air-Bubble-Inflatable-Air-Column-Bag-For-Wine-Bottle-300x298.jpg\" alt=\"spr\u00e1vn\u00e1 cena nejvy\u0161\u0161\u00ed kvality balen\u00ed vzduchov\u00e9 bubliny nafukovac\u00ed vzduchov\u00fd sloupec s\u00e1\u010dek na l\u00e1hev v\u00edna\" width=\"1300\" height=\"1291\" srcset=\"https:\/\/reanpackaging.com\/wp-content\/uploads\/2023\/09\/b-description-Proper-Price-Top-Quality-Wrap-Packaging-Air-Bubble-Inflatable-Air-Column-Bag-For-Wine-Bottle-300x298.jpg 300w, https:\/\/reanpackaging.com\/wp-content\/uploads\/2023\/09\/b-description-Proper-Price-Top-Quality-Wrap-Packaging-Air-Bubble-Inflatable-Air-Column-Bag-For-Wine-Bottle-150x150.jpg 150w, https:\/\/reanpackaging.com\/wp-content\/uploads\/2023\/09\/b-description-Proper-Price-Top-Quality-Wrap-Packaging-Air-Bubble-Inflatable-Air-Column-Bag-For-Wine-Bottle-600x596.jpg 600w, https:\/\/reanpackaging.com\/wp-content\/uploads\/2023\/09\/b-description-Proper-Price-Top-Quality-Wrap-Packaging-Air-Bubble-Inflatable-Air-Column-Bag-For-Wine-Bottle-100x100.jpg 100w, https:\/\/reanpackaging.com\/wp-content\/uploads\/2023\/09\/b-description-Proper-Price-Top-Quality-Wrap-Packaging-Air-Bubble-Inflatable-Air-Column-Bag-For-Wine-Bottle.jpg 750w\" sizes=\"(max-width: 1300px) 100vw, 1300px\" \/><\/p>\n<p><img decoding=\"async\" class=\"alignnone wp-image-6939\" src=\"http:\/\/ibn.wyd.mybluehost.me\/reanpackaging.com\/wp-content\/uploads\/2023\/09\/c-description-Proper-Price-Top-Quality-Wrap-Packaging-Air-Bubble-Inflatable-Air-Column-Bag-For-Wine-Bottle-300x160.jpg\" alt=\"spr\u00e1vn\u00e1 cena nejvy\u0161\u0161\u00ed kvality balen\u00ed vzduchov\u00e9 bubliny nafukovac\u00ed vzduchov\u00fd sloupec s\u00e1\u010dek na l\u00e1hev v\u00edna\" width=\"1303\" height=\"695\" srcset=\"https:\/\/reanpackaging.com\/wp-content\/uploads\/2023\/09\/c-description-Proper-Price-Top-Quality-Wrap-Packaging-Air-Bubble-Inflatable-Air-Column-Bag-For-Wine-Bottle-300x160.jpg 300w, https:\/\/reanpackaging.com\/wp-content\/uploads\/2023\/09\/c-description-Proper-Price-Top-Quality-Wrap-Packaging-Air-Bubble-Inflatable-Air-Column-Bag-For-Wine-Bottle-600x320.jpg 600w, https:\/\/reanpackaging.com\/wp-content\/uploads\/2023\/09\/c-description-Proper-Price-Top-Quality-Wrap-Packaging-Air-Bubble-Inflatable-Air-Column-Bag-For-Wine-Bottle.jpg 750w\" sizes=\"(max-width: 1303px) 100vw, 1303px\" \/><\/p>","protected":false},"excerpt":{"rendered":"<p>Specifick\u00e9 vlastnosti pro dan\u00fd pr\u016fmysl Materi\u00e1l PA + PE Typ Edge Protector Dal\u0161\u00ed vlastnosti N\u00e1zev produktu Air Column Bag Barva Transparentn\u00ed vzduchov\u00fd pol\u0161t\u00e1\u0159 s\u00e1\u010dek Velikost P\u0159izp\u016fsobit Velikost Funkce Ekologicky \u0161etrn\u00e9 Aplikace Ochrana obalu Tvar Q-typ P\u0159izp\u016fsobit Acce Certifik\u00e1t ISO9001 MOQ 1ks Balen\u00ed Kartonov\u00e1 krabice<\/p>","protected":false},"featured_media":6798,"template":"","meta":{"_seopress_robots_primary_cat":"none","_seopress_titles_title":"","_seopress_titles_desc":"","_seopress_robots_index":"","site-sidebar-layout":"default","site-content-layout":"default","ast-site-content-layout":"default","site-content-style":"default","site-sidebar-style":"default","ast-global-header-display":"","ast-banner-title-visibility":"","ast-main-header-display":"","ast-hfb-above-header-display":"","ast-hfb-below-header-display":"","ast-hfb-mobile-header-display":"","site-post-title":"","ast-breadcrumbs-content":"","ast-featured-img":"","footer-sml-layout":"","ast-disable-related-posts":"","theme-transparent-header-meta":"default","adv-header-id-meta":"","stick-header-meta":"default","header-above-stick-meta":"","header-main-stick-meta":"","header-below-stick-meta":"","astra-migrate-meta-layouts":"default","ast-page-background-enabled":"default","ast-page-background-meta":{"desktop":{"background-color":"","background-image":"","background-repeat":"repeat","background-position":"center center","background-size":"auto","background-attachment":"scroll","background-type":"","background-media":"","overlay-type":"","overlay-color":"","overlay-opacity":"","overlay-gradient":""},"tablet":{"background-color":"","background-image":"","background-repeat":"repeat","background-position":"center center","background-size":"auto","background-attachment":"scroll","background-type":"","background-media":"","overlay-type":"","overlay-color":"","overlay-opacity":"","overlay-gradient":""},"mobile":{"background-color":"","background-image":"","background-repeat":"repeat","background-position":"center center","background-size":"auto","background-attachment":"scroll","background-type":"","background-media":"","overlay-type":"","overlay-color":"","overlay-opacity":"","overlay-gradient":""}},"ast-content-background-meta":{"desktop":{"background-color":"var(--ast-global-color-5)","background-image":"","background-repeat":"repeat","background-position":"center center","background-size":"auto","background-attachment":"scroll","background-type":"","background-media":"","overlay-type":"","overlay-color":"","overlay-opacity":"","overlay-gradient":""},"tablet":{"background-color":"var(--ast-global-color-5)","background-image":"","background-repeat":"repeat","background-position":"center center","background-size":"auto","background-attachment":"scroll","background-type":"","background-media":"","overlay-type":"","overlay-color":"","overlay-opacity":"","overlay-gradient":""},"mobile":{"background-color":"var(--ast-global-color-5)","background-image":"","background-repeat":"repeat","background-position":"center center","background-size":"auto","background-attachment":"scroll","background-type":"","background-media":"","overlay-type":"","overlay-color":"","overlay-opacity":"","overlay-gradient":""}}},"product_brand":[],"product_cat":[45],"product_tag":[],"class_list":{"0":"post-6903","1":"product","2":"type-product","3":"status-publish","4":"has-post-thumbnail","6":"product_cat-bubble-wrap","7":"desktop-align-left","8":"tablet-align-left","9":"mobile-align-left","10":"ast-product-gallery-layout-horizontal","11":"ast-product-tabs-layout-horizontal","13":"first","14":"instock","15":"product-type-simple"},"_links":{"self":[{"href":"https:\/\/reanpackaging.com\/cs\/wp-json\/wp\/v2\/product\/6903","targetHints":{"allow":["GET"]}}],"collection":[{"href":"https:\/\/reanpackaging.com\/cs\/wp-json\/wp\/v2\/product"}],"about":[{"href":"https:\/\/reanpackaging.com\/cs\/wp-json\/wp\/v2\/types\/product"}],"wp:featuredmedia":[{"embeddable":true,"href":"https:\/\/reanpackaging.com\/cs\/wp-json\/wp\/v2\/media\/6798"}],"wp:attachment":[{"href":"https:\/\/reanpackaging.com\/cs\/wp-json\/wp\/v2\/media?parent=6903"}],"wp:term":[{"taxonomy":"product_brand","embeddable":true,"href":"https:\/\/reanpackaging.com\/cs\/wp-json\/wp\/v2\/product_brand?post=6903"},{"taxonomy":"product_cat","embeddable":true,"href":"https:\/\/reanpackaging.com\/cs\/wp-json\/wp\/v2\/product_cat?post=6903"},{"taxonomy":"product_tag","embeddable":true,"href":"https:\/\/reanpackaging.com\/cs\/wp-json\/wp\/v2\/product_tag?post=6903"}],"curies":[{"name":"wp","href":"https:\/\/api.w.org\/{rel}","templated":true}]}}