{"id":6905,"date":"2023-09-21T13:22:09","date_gmt":"2023-09-21T13:22:09","guid":{"rendered":"http:\/\/ibn.wyd.mybluehost.me\/reanpackaging.com\/product\/air-dfly-factory-direct-sale-plastic-filling-bag-gourd-membrane-shockproof-air-pillow-bubble-packaging-cushion-wrap\/"},"modified":"2023-09-21T13:37:44","modified_gmt":"2023-09-21T13:37:44","slug":"air-dfly-factory-direct-sale-plastic-filling-bag-gourd-membrane-shockproof-air-pillow-bubble-packaging-cushion-wrap","status":"publish","type":"product","link":"https:\/\/reanpackaging.com\/cs\/produkt\/air-dfly-factory-direct-sale-plastic-filling-bag-gourd-membrane-shockproof-air-pillow-bubble-packaging-cushion-wrap\/","title":{"rendered":"Air-DFLY Tov\u00e1rna na p\u0159\u00edm\u00fd prodej plastov\u00e9 v\u00fdpln\u011b s\u00e1\u010dku tykve membr\u00e1ny n\u00e1razuvzdorn\u00e9 vzduchov\u00fd pol\u0161t\u00e1\u0159 bublina balen\u00ed pol\u0161t\u00e1\u0159 z\u00e1balu"},"content":{"rendered":"<h4>Atributy specifick\u00e9 pro dan\u00e9 odv\u011btv\u00ed<\/h4>\n<table border=\"1\">\n<tbody>\n<tr>\n<td><strong>Materi\u00e1l<\/strong><\/td>\n<td>PE+PA<\/td>\n<\/tr>\n<tr>\n<td><strong>Typ<\/strong><\/td>\n<td>Ochrann\u00e1 f\u00f3lie<\/td>\n<\/tr>\n<\/tbody>\n<\/table>\n<h4>Dal\u0161\u00ed atributy<\/h4>\n<table border=\"1\">\n<tbody>\n<tr>\n<td><strong>Materi\u00e1l<\/strong><\/td>\n<td>PA+PE<\/td>\n<\/tr>\n<tr>\n<td><strong>Barva<\/strong><\/td>\n<td>Pr\u016fhledn\u00e1 b\u00edl\u00e1<\/td>\n<\/tr>\n<tr>\n<td><strong>N\u00e1zev produktu<\/strong><\/td>\n<td>Vzduchov\u00e1 bublinkov\u00e1 f\u00f3lie<\/td>\n<\/tr>\n<tr>\n<td><strong>Funkce<\/strong><\/td>\n<td>Odolnost proti n\u00e1razu<\/td>\n<\/tr>\n<tr>\n<td><strong>Aplikace<\/strong><\/td>\n<td>Ochrana n\u00e1kladu<\/td>\n<\/tr>\n<tr>\n<td><strong>Velikost<\/strong><\/td>\n<td>P\u0159izp\u016fsoben\u00e1 velikost<\/td>\n<\/tr>\n<tr>\n<td><strong>Pou\u017eit\u00ed<\/strong><\/td>\n<td>P\u0159epravn\u00ed ochrann\u00e9 obaly<\/td>\n<\/tr>\n<tr>\n<td><strong>Tlou\u0161\u0165ka<\/strong><\/td>\n<td>Z\u00e1kazn\u00edkovy \u0161kody<\/td>\n<\/tr>\n<tr>\n<td><strong>MOQ<\/strong><\/td>\n<td>100ks<\/td>\n<\/tr>\n<tr>\n<td><strong>Certifik\u00e1t<\/strong><\/td>\n<td>ISO 9001<\/td>\n<\/tr>\n<\/tbody>\n<\/table>\n<p><img fetchpriority=\"high\" decoding=\"async\" class=\"alignnone wp-image-6934\" src=\"http:\/\/ibn.wyd.mybluehost.me\/reanpackaging.com\/wp-content\/uploads\/2023\/09\/a-description-Air-Dfly-Factory-Direct-Sale-Plastic-Filling-Bag-Gourd-Membrane-Shockproof-Air-Pillow-Bubble-Packaging-Cushion-Wrap-257x300.png\" alt=\"vzduch dfly tov\u00e1rna p\u0159\u00edm\u00fd prodej plastov\u00e1 v\u00fdpl\u0148 ta\u0161ka tykev membr\u00e1na n\u00e1razuvzdorn\u00e9 vzduchov\u00fd pol\u0161t\u00e1\u0159 bublina balen\u00ed pol\u0161t\u00e1\u0159 z\u00e1bal\" width=\"1302\" height=\"1520\" srcset=\"https:\/\/reanpackaging.com\/wp-content\/uploads\/2023\/09\/a-description-Air-Dfly-Factory-Direct-Sale-Plastic-Filling-Bag-Gourd-Membrane-Shockproof-Air-Pillow-Bubble-Packaging-Cushion-Wrap-257x300.png 257w, https:\/\/reanpackaging.com\/wp-content\/uploads\/2023\/09\/a-description-Air-Dfly-Factory-Direct-Sale-Plastic-Filling-Bag-Gourd-Membrane-Shockproof-Air-Pillow-Bubble-Packaging-Cushion-Wrap-768x897.png 768w, https:\/\/reanpackaging.com\/wp-content\/uploads\/2023\/09\/a-description-Air-Dfly-Factory-Direct-Sale-Plastic-Filling-Bag-Gourd-Membrane-Shockproof-Air-Pillow-Bubble-Packaging-Cushion-Wrap-600x701.png 600w, https:\/\/reanpackaging.com\/wp-content\/uploads\/2023\/09\/a-description-Air-Dfly-Factory-Direct-Sale-Plastic-Filling-Bag-Gourd-Membrane-Shockproof-Air-Pillow-Bubble-Packaging-Cushion-Wrap.png 790w\" sizes=\"(max-width: 1302px) 100vw, 1302px\" \/><\/p>\n<p><img decoding=\"async\" class=\"alignnone wp-image-6941\" src=\"http:\/\/ibn.wyd.mybluehost.me\/reanpackaging.com\/wp-content\/uploads\/2023\/09\/b-description-Air-Dfly-Factory-Direct-Sale-Plastic-Filling-Bag-Gourd-Membrane-Shockproof-Air-Pillow-Bubble-Packaging-Cushion-Wrap-300x294.jpg\" alt=\"vzduch dfly tov\u00e1rna p\u0159\u00edm\u00fd prodej plastov\u00e1 v\u00fdpl\u0148 ta\u0161ka tykev membr\u00e1na n\u00e1razuvzdorn\u00e9 vzduchov\u00fd pol\u0161t\u00e1\u0159 bublina balen\u00ed pol\u0161t\u00e1\u0159 z\u00e1bal\" width=\"1300\" height=\"1274\" srcset=\"https:\/\/reanpackaging.com\/wp-content\/uploads\/2023\/09\/b-description-Air-Dfly-Factory-Direct-Sale-Plastic-Filling-Bag-Gourd-Membrane-Shockproof-Air-Pillow-Bubble-Packaging-Cushion-Wrap-300x294.jpg 300w, https:\/\/reanpackaging.com\/wp-content\/uploads\/2023\/09\/b-description-Air-Dfly-Factory-Direct-Sale-Plastic-Filling-Bag-Gourd-Membrane-Shockproof-Air-Pillow-Bubble-Packaging-Cushion-Wrap-768x754.jpg 768w, https:\/\/reanpackaging.com\/wp-content\/uploads\/2023\/09\/b-description-Air-Dfly-Factory-Direct-Sale-Plastic-Filling-Bag-Gourd-Membrane-Shockproof-Air-Pillow-Bubble-Packaging-Cushion-Wrap-600x589.jpg 600w, https:\/\/reanpackaging.com\/wp-content\/uploads\/2023\/09\/b-description-Air-Dfly-Factory-Direct-Sale-Plastic-Filling-Bag-Gourd-Membrane-Shockproof-Air-Pillow-Bubble-Packaging-Cushion-Wrap.jpg 800w\" sizes=\"(max-width: 1300px) 100vw, 1300px\" \/><\/p>\n<p><img decoding=\"async\" class=\"alignnone wp-image-6944\" src=\"http:\/\/ibn.wyd.mybluehost.me\/reanpackaging.com\/wp-content\/uploads\/2023\/09\/c-description-Air-Dfly-Factory-Direct-Sale-Plastic-Filling-Bag-Gourd-Membrane-Shockproof-Air-Pillow-Bubble-Packaging-Cushion-Wrap-300x300.jpg\" alt=\"vzduch dfly tov\u00e1rna p\u0159\u00edm\u00fd prodej plastov\u00e1 v\u00fdpl\u0148 ta\u0161ka tykev membr\u00e1na n\u00e1razuvzdorn\u00e9 vzduchov\u00fd pol\u0161t\u00e1\u0159 bublina balen\u00ed pol\u0161t\u00e1\u0159 z\u00e1bal\" width=\"1303\" height=\"1303\" srcset=\"https:\/\/reanpackaging.com\/wp-content\/uploads\/2023\/09\/c-description-Air-Dfly-Factory-Direct-Sale-Plastic-Filling-Bag-Gourd-Membrane-Shockproof-Air-Pillow-Bubble-Packaging-Cushion-Wrap-300x300.jpg 300w, https:\/\/reanpackaging.com\/wp-content\/uploads\/2023\/09\/c-description-Air-Dfly-Factory-Direct-Sale-Plastic-Filling-Bag-Gourd-Membrane-Shockproof-Air-Pillow-Bubble-Packaging-Cushion-Wrap-150x150.jpg 150w, https:\/\/reanpackaging.com\/wp-content\/uploads\/2023\/09\/c-description-Air-Dfly-Factory-Direct-Sale-Plastic-Filling-Bag-Gourd-Membrane-Shockproof-Air-Pillow-Bubble-Packaging-Cushion-Wrap-768x768.jpg 768w, https:\/\/reanpackaging.com\/wp-content\/uploads\/2023\/09\/c-description-Air-Dfly-Factory-Direct-Sale-Plastic-Filling-Bag-Gourd-Membrane-Shockproof-Air-Pillow-Bubble-Packaging-Cushion-Wrap-600x600.jpg 600w, https:\/\/reanpackaging.com\/wp-content\/uploads\/2023\/09\/c-description-Air-Dfly-Factory-Direct-Sale-Plastic-Filling-Bag-Gourd-Membrane-Shockproof-Air-Pillow-Bubble-Packaging-Cushion-Wrap-100x100.jpg 100w, https:\/\/reanpackaging.com\/wp-content\/uploads\/2023\/09\/c-description-Air-Dfly-Factory-Direct-Sale-Plastic-Filling-Bag-Gourd-Membrane-Shockproof-Air-Pillow-Bubble-Packaging-Cushion-Wrap.jpg 800w\" sizes=\"(max-width: 1303px) 100vw, 1303px\" \/><\/p>\n<p><img loading=\"lazy\" decoding=\"async\" class=\"alignnone wp-image-6946\" src=\"http:\/\/ibn.wyd.mybluehost.me\/reanpackaging.com\/wp-content\/uploads\/2023\/09\/d-description-Air-Dfly-Factory-Direct-Sale-Plastic-Filling-Bag-Gourd-Membrane-Shockproof-Air-Pillow-Bubble-Packaging-Cushion-Wrap-192x300.jpg\" alt=\"vzduch dfly tov\u00e1rna p\u0159\u00edm\u00fd prodej plastov\u00e1 v\u00fdpl\u0148 ta\u0161ka tykev membr\u00e1na n\u00e1razuvzdorn\u00e9 vzduchov\u00fd pol\u0161t\u00e1\u0159 bublina balen\u00ed pol\u0161t\u00e1\u0159 z\u00e1bal\" width=\"1302\" height=\"2034\" srcset=\"https:\/\/reanpackaging.com\/wp-content\/uploads\/2023\/09\/d-description-Air-Dfly-Factory-Direct-Sale-Plastic-Filling-Bag-Gourd-Membrane-Shockproof-Air-Pillow-Bubble-Packaging-Cushion-Wrap-192x300.jpg 192w, https:\/\/reanpackaging.com\/wp-content\/uploads\/2023\/09\/d-description-Air-Dfly-Factory-Direct-Sale-Plastic-Filling-Bag-Gourd-Membrane-Shockproof-Air-Pillow-Bubble-Packaging-Cushion-Wrap-655x1024.jpg 655w, https:\/\/reanpackaging.com\/wp-content\/uploads\/2023\/09\/d-description-Air-Dfly-Factory-Direct-Sale-Plastic-Filling-Bag-Gourd-Membrane-Shockproof-Air-Pillow-Bubble-Packaging-Cushion-Wrap-768x1201.jpg 768w, https:\/\/reanpackaging.com\/wp-content\/uploads\/2023\/09\/d-description-Air-Dfly-Factory-Direct-Sale-Plastic-Filling-Bag-Gourd-Membrane-Shockproof-Air-Pillow-Bubble-Packaging-Cushion-Wrap-600x938.jpg 600w, https:\/\/reanpackaging.com\/wp-content\/uploads\/2023\/09\/d-description-Air-Dfly-Factory-Direct-Sale-Plastic-Filling-Bag-Gourd-Membrane-Shockproof-Air-Pillow-Bubble-Packaging-Cushion-Wrap.jpg 790w\" sizes=\"(max-width: 1302px) 100vw, 1302px\" \/><\/p>\n<p><img loading=\"lazy\" decoding=\"async\" class=\"alignnone wp-image-6949\" src=\"http:\/\/ibn.wyd.mybluehost.me\/reanpackaging.com\/wp-content\/uploads\/2023\/09\/e-description-Air-Dfly-Factory-Direct-Sale-Plastic-Filling-Bag-Gourd-Membrane-Shockproof-Air-Pillow-Bubble-Packaging-Cushion-Wrap-300x298.jpg\" alt=\"vzduch dfly tov\u00e1rna p\u0159\u00edm\u00fd prodej plastov\u00e1 v\u00fdpl\u0148 ta\u0161ka tykev membr\u00e1na n\u00e1razuvzdorn\u00e9 vzduchov\u00fd pol\u0161t\u00e1\u0159 bublina balen\u00ed pol\u0161t\u00e1\u0159 z\u00e1bal\" width=\"1301\" height=\"1292\" srcset=\"https:\/\/reanpackaging.com\/wp-content\/uploads\/2023\/09\/e-description-Air-Dfly-Factory-Direct-Sale-Plastic-Filling-Bag-Gourd-Membrane-Shockproof-Air-Pillow-Bubble-Packaging-Cushion-Wrap-300x298.jpg 300w, https:\/\/reanpackaging.com\/wp-content\/uploads\/2023\/09\/e-description-Air-Dfly-Factory-Direct-Sale-Plastic-Filling-Bag-Gourd-Membrane-Shockproof-Air-Pillow-Bubble-Packaging-Cushion-Wrap-150x150.jpg 150w, https:\/\/reanpackaging.com\/wp-content\/uploads\/2023\/09\/e-description-Air-Dfly-Factory-Direct-Sale-Plastic-Filling-Bag-Gourd-Membrane-Shockproof-Air-Pillow-Bubble-Packaging-Cushion-Wrap-768x762.jpg 768w, https:\/\/reanpackaging.com\/wp-content\/uploads\/2023\/09\/e-description-Air-Dfly-Factory-Direct-Sale-Plastic-Filling-Bag-Gourd-Membrane-Shockproof-Air-Pillow-Bubble-Packaging-Cushion-Wrap-600x595.jpg 600w, https:\/\/reanpackaging.com\/wp-content\/uploads\/2023\/09\/e-description-Air-Dfly-Factory-Direct-Sale-Plastic-Filling-Bag-Gourd-Membrane-Shockproof-Air-Pillow-Bubble-Packaging-Cushion-Wrap-100x100.jpg 100w, https:\/\/reanpackaging.com\/wp-content\/uploads\/2023\/09\/e-description-Air-Dfly-Factory-Direct-Sale-Plastic-Filling-Bag-Gourd-Membrane-Shockproof-Air-Pillow-Bubble-Packaging-Cushion-Wrap.jpg 790w\" sizes=\"(max-width: 1301px) 100vw, 1301px\" \/><\/p>\n<p><img loading=\"lazy\" decoding=\"async\" class=\"alignnone wp-image-6952\" src=\"http:\/\/ibn.wyd.mybluehost.me\/reanpackaging.com\/wp-content\/uploads\/2023\/09\/f-description-Air-Dfly-Factory-Direct-Sale-Plastic-Filling-Bag-Gourd-Membrane-Shockproof-Air-Pillow-Bubble-Packaging-Cushion-Wrap-276x300.jpg\" alt=\"vzduch dfly tov\u00e1rna p\u0159\u00edm\u00fd prodej plastov\u00e1 v\u00fdpl\u0148 ta\u0161ka tykev membr\u00e1na n\u00e1razuvzdorn\u00e9 vzduchov\u00fd pol\u0161t\u00e1\u0159 bublina balen\u00ed pol\u0161t\u00e1\u0159 z\u00e1bal\" width=\"1279\" height=\"1390\" srcset=\"https:\/\/reanpackaging.com\/wp-content\/uploads\/2023\/09\/f-description-Air-Dfly-Factory-Direct-Sale-Plastic-Filling-Bag-Gourd-Membrane-Shockproof-Air-Pillow-Bubble-Packaging-Cushion-Wrap-276x300.jpg 276w, https:\/\/reanpackaging.com\/wp-content\/uploads\/2023\/09\/f-description-Air-Dfly-Factory-Direct-Sale-Plastic-Filling-Bag-Gourd-Membrane-Shockproof-Air-Pillow-Bubble-Packaging-Cushion-Wrap-768x836.jpg 768w, https:\/\/reanpackaging.com\/wp-content\/uploads\/2023\/09\/f-description-Air-Dfly-Factory-Direct-Sale-Plastic-Filling-Bag-Gourd-Membrane-Shockproof-Air-Pillow-Bubble-Packaging-Cushion-Wrap-600x653.jpg 600w, https:\/\/reanpackaging.com\/wp-content\/uploads\/2023\/09\/f-description-Air-Dfly-Factory-Direct-Sale-Plastic-Filling-Bag-Gourd-Membrane-Shockproof-Air-Pillow-Bubble-Packaging-Cushion-Wrap.jpg 790w\" sizes=\"(max-width: 1279px) 100vw, 1279px\" \/><\/p>\n<p><img loading=\"lazy\" decoding=\"async\" class=\"alignnone wp-image-6956\" src=\"http:\/\/ibn.wyd.mybluehost.me\/reanpackaging.com\/wp-content\/uploads\/2023\/09\/g-description-Air-Dfly-Factory-Direct-Sale-Plastic-Filling-Bag-Gourd-Membrane-Shockproof-Air-Pillow-Bubble-Packaging-Cushion-Wrap-300x295.png\" alt=\"vzduch dfly tov\u00e1rna p\u0159\u00edm\u00fd prodej plastov\u00e1 v\u00fdpl\u0148 ta\u0161ka tykev membr\u00e1na n\u00e1razuvzdorn\u00e9 vzduchov\u00fd pol\u0161t\u00e1\u0159 bublina balen\u00ed pol\u0161t\u00e1\u0159 z\u00e1bal\" width=\"1309\" height=\"1287\" srcset=\"https:\/\/reanpackaging.com\/wp-content\/uploads\/2023\/09\/g-description-Air-Dfly-Factory-Direct-Sale-Plastic-Filling-Bag-Gourd-Membrane-Shockproof-Air-Pillow-Bubble-Packaging-Cushion-Wrap-300x295.png 300w, https:\/\/reanpackaging.com\/wp-content\/uploads\/2023\/09\/g-description-Air-Dfly-Factory-Direct-Sale-Plastic-Filling-Bag-Gourd-Membrane-Shockproof-Air-Pillow-Bubble-Packaging-Cushion-Wrap-768x756.png 768w, https:\/\/reanpackaging.com\/wp-content\/uploads\/2023\/09\/g-description-Air-Dfly-Factory-Direct-Sale-Plastic-Filling-Bag-Gourd-Membrane-Shockproof-Air-Pillow-Bubble-Packaging-Cushion-Wrap-600x591.png 600w, https:\/\/reanpackaging.com\/wp-content\/uploads\/2023\/09\/g-description-Air-Dfly-Factory-Direct-Sale-Plastic-Filling-Bag-Gourd-Membrane-Shockproof-Air-Pillow-Bubble-Packaging-Cushion-Wrap.png 790w\" sizes=\"(max-width: 1309px) 100vw, 1309px\" \/><\/p>\n<p><img loading=\"lazy\" decoding=\"async\" class=\"alignnone wp-image-6959\" src=\"http:\/\/ibn.wyd.mybluehost.me\/reanpackaging.com\/wp-content\/uploads\/2023\/09\/h-description-Air-Dfly-Factory-Direct-Sale-Plastic-Filling-Bag-Gourd-Membrane-Shockproof-Air-Pillow-Bubble-Packaging-Cushion-Wrap-300x178.jpg\" alt=\"vzduch dfly tov\u00e1rna p\u0159\u00edm\u00fd prodej plastov\u00e1 v\u00fdpl\u0148 ta\u0161ka tykev membr\u00e1na n\u00e1razuvzdorn\u00e9 vzduchov\u00fd pol\u0161t\u00e1\u0159 bublina balen\u00ed pol\u0161t\u00e1\u0159 z\u00e1bal\" width=\"1303\" height=\"773\" srcset=\"https:\/\/reanpackaging.com\/wp-content\/uploads\/2023\/09\/h-description-Air-Dfly-Factory-Direct-Sale-Plastic-Filling-Bag-Gourd-Membrane-Shockproof-Air-Pillow-Bubble-Packaging-Cushion-Wrap-300x178.jpg 300w, https:\/\/reanpackaging.com\/wp-content\/uploads\/2023\/09\/h-description-Air-Dfly-Factory-Direct-Sale-Plastic-Filling-Bag-Gourd-Membrane-Shockproof-Air-Pillow-Bubble-Packaging-Cushion-Wrap-768x455.jpg 768w, https:\/\/reanpackaging.com\/wp-content\/uploads\/2023\/09\/h-description-Air-Dfly-Factory-Direct-Sale-Plastic-Filling-Bag-Gourd-Membrane-Shockproof-Air-Pillow-Bubble-Packaging-Cushion-Wrap-600x355.jpg 600w, https:\/\/reanpackaging.com\/wp-content\/uploads\/2023\/09\/h-description-Air-Dfly-Factory-Direct-Sale-Plastic-Filling-Bag-Gourd-Membrane-Shockproof-Air-Pillow-Bubble-Packaging-Cushion-Wrap.jpg 790w\" sizes=\"(max-width: 1303px) 100vw, 1303px\" \/><\/p>\n<p><img loading=\"lazy\" decoding=\"async\" class=\"alignnone wp-image-6962\" src=\"http:\/\/ibn.wyd.mybluehost.me\/reanpackaging.com\/wp-content\/uploads\/2023\/09\/i-description-Air-Dfly-Factory-Direct-Sale-Plastic-Filling-Bag-Gourd-Membrane-Shockproof-Air-Pillow-Bubble-Packaging-Cushion-Wrap-244x300.jpg\" alt=\"vzduch dfly tov\u00e1rna p\u0159\u00edm\u00fd prodej plastov\u00e1 v\u00fdpl\u0148 ta\u0161ka tykev membr\u00e1na n\u00e1razuvzdorn\u00e9 vzduchov\u00fd pol\u0161t\u00e1\u0159 bublina balen\u00ed pol\u0161t\u00e1\u0159 z\u00e1bal\" width=\"1302\" height=\"1601\" srcset=\"https:\/\/reanpackaging.com\/wp-content\/uploads\/2023\/09\/i-description-Air-Dfly-Factory-Direct-Sale-Plastic-Filling-Bag-Gourd-Membrane-Shockproof-Air-Pillow-Bubble-Packaging-Cushion-Wrap-244x300.jpg 244w, https:\/\/reanpackaging.com\/wp-content\/uploads\/2023\/09\/i-description-Air-Dfly-Factory-Direct-Sale-Plastic-Filling-Bag-Gourd-Membrane-Shockproof-Air-Pillow-Bubble-Packaging-Cushion-Wrap-768x943.jpg 768w, https:\/\/reanpackaging.com\/wp-content\/uploads\/2023\/09\/i-description-Air-Dfly-Factory-Direct-Sale-Plastic-Filling-Bag-Gourd-Membrane-Shockproof-Air-Pillow-Bubble-Packaging-Cushion-Wrap-600x737.jpg 600w, https:\/\/reanpackaging.com\/wp-content\/uploads\/2023\/09\/i-description-Air-Dfly-Factory-Direct-Sale-Plastic-Filling-Bag-Gourd-Membrane-Shockproof-Air-Pillow-Bubble-Packaging-Cushion-Wrap.jpg 790w\" sizes=\"(max-width: 1302px) 100vw, 1302px\" \/><\/p>","protected":false},"excerpt":{"rendered":"<p>Industry-Specific Attributes Material PE+PA Type Protective Film Other Attributes Material PA+PE Color Transparent White Product Name Air Bubble Film Feature Shock-proof Application Protection Cargoes Size Customized Size Usage Transportation Protective Packaging Thickness Customer&#8217;s Damands MOQ 100pcs Certificate ISO 9001<\/p>","protected":false},"featured_media":6804,"template":"","meta":{"_seopress_robots_primary_cat":"none","_seopress_titles_title":"","_seopress_titles_desc":"","_seopress_robots_index":"","site-sidebar-layout":"default","site-content-layout":"default","ast-site-content-layout":"default","site-content-style":"default","site-sidebar-style":"default","ast-global-header-display":"","ast-banner-title-visibility":"","ast-main-header-display":"","ast-hfb-above-header-display":"","ast-hfb-below-header-display":"","ast-hfb-mobile-header-display":"","site-post-title":"","ast-breadcrumbs-content":"","ast-featured-img":"","footer-sml-layout":"","ast-disable-related-posts":"","theme-transparent-header-meta":"default","adv-header-id-meta":"","stick-header-meta":"default","header-above-stick-meta":"","header-main-stick-meta":"","header-below-stick-meta":"","astra-migrate-meta-layouts":"default","ast-page-background-enabled":"default","ast-page-background-meta":{"desktop":{"background-color":"","background-image":"","background-repeat":"repeat","background-position":"center center","background-size":"auto","background-attachment":"scroll","background-type":"","background-media":"","overlay-type":"","overlay-color":"","overlay-opacity":"","overlay-gradient":""},"tablet":{"background-color":"","background-image":"","background-repeat":"repeat","background-position":"center center","background-size":"auto","background-attachment":"scroll","background-type":"","background-media":"","overlay-type":"","overlay-color":"","overlay-opacity":"","overlay-gradient":""},"mobile":{"background-color":"","background-image":"","background-repeat":"repeat","background-position":"center center","background-size":"auto","background-attachment":"scroll","background-type":"","background-media":"","overlay-type":"","overlay-color":"","overlay-opacity":"","overlay-gradient":""}},"ast-content-background-meta":{"desktop":{"background-color":"var(--ast-global-color-5)","background-image":"","background-repeat":"repeat","background-position":"center center","background-size":"auto","background-attachment":"scroll","background-type":"","background-media":"","overlay-type":"","overlay-color":"","overlay-opacity":"","overlay-gradient":""},"tablet":{"background-color":"var(--ast-global-color-5)","background-image":"","background-repeat":"repeat","background-position":"center center","background-size":"auto","background-attachment":"scroll","background-type":"","background-media":"","overlay-type":"","overlay-color":"","overlay-opacity":"","overlay-gradient":""},"mobile":{"background-color":"var(--ast-global-color-5)","background-image":"","background-repeat":"repeat","background-position":"center center","background-size":"auto","background-attachment":"scroll","background-type":"","background-media":"","overlay-type":"","overlay-color":"","overlay-opacity":"","overlay-gradient":""}}},"product_brand":[],"product_cat":[45],"product_tag":[],"class_list":{"0":"post-6905","1":"product","2":"type-product","3":"status-publish","4":"has-post-thumbnail","6":"product_cat-bubble-wrap","7":"desktop-align-left","8":"tablet-align-left","9":"mobile-align-left","10":"ast-product-gallery-layout-horizontal","11":"ast-product-gallery-with-no-image","12":"ast-product-tabs-layout-horizontal","14":"first","15":"instock","16":"product-type-simple"},"_links":{"self":[{"href":"https:\/\/reanpackaging.com\/cs\/wp-json\/wp\/v2\/product\/6905","targetHints":{"allow":["GET"]}}],"collection":[{"href":"https:\/\/reanpackaging.com\/cs\/wp-json\/wp\/v2\/product"}],"about":[{"href":"https:\/\/reanpackaging.com\/cs\/wp-json\/wp\/v2\/types\/product"}],"wp:featuredmedia":[{"embeddable":true,"href":"https:\/\/reanpackaging.com\/cs\/wp-json\/wp\/v2\/media\/6804"}],"wp:attachment":[{"href":"https:\/\/reanpackaging.com\/cs\/wp-json\/wp\/v2\/media?parent=6905"}],"wp:term":[{"taxonomy":"product_brand","embeddable":true,"href":"https:\/\/reanpackaging.com\/cs\/wp-json\/wp\/v2\/product_brand?post=6905"},{"taxonomy":"product_cat","embeddable":true,"href":"https:\/\/reanpackaging.com\/cs\/wp-json\/wp\/v2\/product_cat?post=6905"},{"taxonomy":"product_tag","embeddable":true,"href":"https:\/\/reanpackaging.com\/cs\/wp-json\/wp\/v2\/product_tag?post=6905"}],"curies":[{"name":"wp","href":"https:\/\/api.w.org\/{rel}","templated":true}]}}