{"id":6907,"date":"2023-09-21T13:22:09","date_gmt":"2023-09-21T13:22:09","guid":{"rendered":"http:\/\/ibn.wyd.mybluehost.me\/reanpackaging.com\/product\/recyclable-honeycomb-cushioning-wrap-paper-rolls-alternative-to-bubble-cushioning-wrap\/"},"modified":"2023-09-21T14:01:03","modified_gmt":"2023-09-21T14:01:03","slug":"recyclable-honeycomb-cushioning-wrap-paper-rolls-alternative-to-bubble-cushioning-wrap","status":"publish","type":"product","link":"https:\/\/reanpackaging.com\/cs\/produkt\/recyklovatelny-vostinovy-polstarovy-papir-v-rolich-alternativa-k-bublinkovemu-polstarovemu-obalu\/","title":{"rendered":"Recyklovateln\u00fd vo\u0161tinov\u00fd pol\u0161t\u00e1\u0159ov\u00fd pap\u00edr v rol\u00edch Alternativa k bublinkov\u00e9mu pol\u0161t\u00e1\u0159ov\u00e9mu obalu"},"content":{"rendered":"<h4>Atributy specifick\u00e9 pro dan\u00e9 odv\u011btv\u00ed<\/h4>\n<table border=\"1\">\n<tbody>\n<tr>\n<td><strong>Materi\u00e1l<\/strong><\/td>\n<td>kraftov\u00fd pap\u00edr<\/td>\n<\/tr>\n<tr>\n<td><strong>Typ<\/strong><\/td>\n<td>Ochrann\u00e1 f\u00f3lie<\/td>\n<\/tr>\n<\/tbody>\n<\/table>\n<h4>Dal\u0161\u00ed atributy<\/h4>\n<table border=\"1\">\n<tbody>\n<tr>\n<td><strong>Typ<\/strong><\/td>\n<td>Ochrana vyrovn\u00e1vac\u00ed pam\u011bti<\/td>\n<\/tr>\n<tr>\n<td><strong>Barva<\/strong><\/td>\n<td>Hn\u011bd\u00e1, b\u00edl\u00e1, \u010dern\u00e1, \u010derven\u00e1<\/td>\n<\/tr>\n<tr>\n<td><strong>Funkce<\/strong><\/td>\n<td>100% recyklovateln\u00fd, beze ztr\u00e1t<\/td>\n<\/tr>\n<tr>\n<td><strong>Pr\u016fmyslov\u00e9 vyu\u017eit\u00ed<\/strong><\/td>\n<td>D\u00e1rky a \u0159emesla<\/td>\n<\/tr>\n<tr>\n<td><strong>Balen\u00ed<\/strong><\/td>\n<td>Kartonov\u00e9 balen\u00ed<\/td>\n<\/tr>\n<tr>\n<td><strong>Logo<\/strong><\/td>\n<td>Logo z\u00e1kazn\u00edka<\/td>\n<\/tr>\n<tr>\n<td><strong>P\u0159izp\u016fsoben\u00ed velikosti<\/strong><\/td>\n<td>p\u0159ijateln\u00e9<\/td>\n<\/tr>\n<tr>\n<td><strong>Inova\u010dn\u00ed body<\/strong><\/td>\n<td>Ekologicky \u0161etrn\u00e9<\/td>\n<\/tr>\n<tr>\n<td><strong>Pulp Style<\/strong><\/td>\n<td>100% \u010dist\u00e1 d\u0159evn\u00ed hmota<\/td>\n<\/tr>\n<\/tbody>\n<\/table>\n<p><img fetchpriority=\"high\" decoding=\"async\" class=\"alignnone  wp-image-6969\" src=\"http:\/\/ibn.wyd.mybluehost.me\/reanpackaging.com\/wp-content\/uploads\/2023\/09\/a-description-Recyclable-Honeycomb-Cushioning-Wrap-Paper-Rolls-Alternative-To-Bubble-Cushioning-Wrap-300x158.jpg\" alt=\"recyklovateln\u00fd vo\u0161tinov\u00fd pol\u0161t\u00e1\u0159ov\u00fd pap\u00edr v rol\u00edch alternativa k bublinkov\u00e9mu pol\u0161t\u00e1\u0159ov\u00e9mu obalu\" width=\"1308\" height=\"689\" srcset=\"https:\/\/reanpackaging.com\/wp-content\/uploads\/2023\/09\/a-description-Recyclable-Honeycomb-Cushioning-Wrap-Paper-Rolls-Alternative-To-Bubble-Cushioning-Wrap-300x158.jpg 300w, https:\/\/reanpackaging.com\/wp-content\/uploads\/2023\/09\/a-description-Recyclable-Honeycomb-Cushioning-Wrap-Paper-Rolls-Alternative-To-Bubble-Cushioning-Wrap-600x315.jpg 600w, https:\/\/reanpackaging.com\/wp-content\/uploads\/2023\/09\/a-description-Recyclable-Honeycomb-Cushioning-Wrap-Paper-Rolls-Alternative-To-Bubble-Cushioning-Wrap.jpg 750w\" sizes=\"(max-width: 1308px) 100vw, 1308px\" \/><\/p>\n<p><img decoding=\"async\" class=\"alignnone  wp-image-6970\" src=\"http:\/\/ibn.wyd.mybluehost.me\/reanpackaging.com\/wp-content\/uploads\/2023\/09\/b-description-Recyclable-Honeycomb-Cushioning-Wrap-Paper-Rolls-Alternative-To-Bubble-Cushioning-Wrap-300x200.jpg\" alt=\"recyklovateln\u00fd vo\u0161tinov\u00fd pol\u0161t\u00e1\u0159ov\u00fd pap\u00edr v rol\u00edch alternativa k bublinkov\u00e9mu pol\u0161t\u00e1\u0159ov\u00e9mu obalu\" width=\"1308\" height=\"872\" srcset=\"https:\/\/reanpackaging.com\/wp-content\/uploads\/2023\/09\/b-description-Recyclable-Honeycomb-Cushioning-Wrap-Paper-Rolls-Alternative-To-Bubble-Cushioning-Wrap-300x200.jpg 300w, https:\/\/reanpackaging.com\/wp-content\/uploads\/2023\/09\/b-description-Recyclable-Honeycomb-Cushioning-Wrap-Paper-Rolls-Alternative-To-Bubble-Cushioning-Wrap-600x400.jpg 600w, https:\/\/reanpackaging.com\/wp-content\/uploads\/2023\/09\/b-description-Recyclable-Honeycomb-Cushioning-Wrap-Paper-Rolls-Alternative-To-Bubble-Cushioning-Wrap.jpg 750w\" sizes=\"(max-width: 1308px) 100vw, 1308px\" \/><\/p>\n<p><img decoding=\"async\" class=\"alignnone  wp-image-6972\" src=\"http:\/\/ibn.wyd.mybluehost.me\/reanpackaging.com\/wp-content\/uploads\/2023\/09\/c-description-Recyclable-Honeycomb-Cushioning-Wrap-Paper-Rolls-Alternative-To-Bubble-Cushioning-Wrap-300x300.jpg\" alt=\"recyklovateln\u00fd vo\u0161tinov\u00fd pol\u0161t\u00e1\u0159ov\u00fd pap\u00edr v rol\u00edch alternativa k bublinkov\u00e9mu pol\u0161t\u00e1\u0159ov\u00e9mu obalu\" width=\"1306\" height=\"1306\" srcset=\"https:\/\/reanpackaging.com\/wp-content\/uploads\/2023\/09\/c-description-Recyclable-Honeycomb-Cushioning-Wrap-Paper-Rolls-Alternative-To-Bubble-Cushioning-Wrap-300x300.jpg 300w, https:\/\/reanpackaging.com\/wp-content\/uploads\/2023\/09\/c-description-Recyclable-Honeycomb-Cushioning-Wrap-Paper-Rolls-Alternative-To-Bubble-Cushioning-Wrap-150x150.jpg 150w, https:\/\/reanpackaging.com\/wp-content\/uploads\/2023\/09\/c-description-Recyclable-Honeycomb-Cushioning-Wrap-Paper-Rolls-Alternative-To-Bubble-Cushioning-Wrap-600x600.jpg 600w, https:\/\/reanpackaging.com\/wp-content\/uploads\/2023\/09\/c-description-Recyclable-Honeycomb-Cushioning-Wrap-Paper-Rolls-Alternative-To-Bubble-Cushioning-Wrap-100x100.jpg 100w, https:\/\/reanpackaging.com\/wp-content\/uploads\/2023\/09\/c-description-Recyclable-Honeycomb-Cushioning-Wrap-Paper-Rolls-Alternative-To-Bubble-Cushioning-Wrap.jpg 750w\" sizes=\"(max-width: 1306px) 100vw, 1306px\" \/><\/p>\n<p><img loading=\"lazy\" decoding=\"async\" class=\"alignnone  wp-image-6974\" src=\"http:\/\/ibn.wyd.mybluehost.me\/reanpackaging.com\/wp-content\/uploads\/2023\/09\/d-description-Recyclable-Honeycomb-Cushioning-Wrap-Paper-Rolls-Alternative-To-Bubble-Cushioning-Wrap-300x172.jpg\" alt=\"recyklovateln\u00fd vo\u0161tinov\u00fd pol\u0161t\u00e1\u0159ov\u00fd pap\u00edr v rol\u00edch alternativa k bublinkov\u00e9mu pol\u0161t\u00e1\u0159ov\u00e9mu obalu\" width=\"1306\" height=\"749\" srcset=\"https:\/\/reanpackaging.com\/wp-content\/uploads\/2023\/09\/d-description-Recyclable-Honeycomb-Cushioning-Wrap-Paper-Rolls-Alternative-To-Bubble-Cushioning-Wrap-300x172.jpg 300w, https:\/\/reanpackaging.com\/wp-content\/uploads\/2023\/09\/d-description-Recyclable-Honeycomb-Cushioning-Wrap-Paper-Rolls-Alternative-To-Bubble-Cushioning-Wrap-600x344.jpg 600w, https:\/\/reanpackaging.com\/wp-content\/uploads\/2023\/09\/d-description-Recyclable-Honeycomb-Cushioning-Wrap-Paper-Rolls-Alternative-To-Bubble-Cushioning-Wrap.jpg 750w\" sizes=\"(max-width: 1306px) 100vw, 1306px\" \/><\/p>","protected":false},"excerpt":{"rendered":"<p>Industry-Specific Attributes Material kraft paper Type Protective Film Other Attributes Type Buffer Protection Color Brown,white,Black,red Feature 100% recyclable, no loss Industrial Use Gift &amp; Craft Packing Carton Packing Logo Customer&#8217;s Logo Size customization acceptable Innovation points Eco-friendly Pulp Style 100% pure wood pulp<\/p>","protected":false},"featured_media":6810,"template":"","meta":{"_seopress_robots_primary_cat":"none","_seopress_titles_title":"","_seopress_titles_desc":"","_seopress_robots_index":"","site-sidebar-layout":"default","site-content-layout":"default","ast-site-content-layout":"default","site-content-style":"default","site-sidebar-style":"default","ast-global-header-display":"","ast-banner-title-visibility":"","ast-main-header-display":"","ast-hfb-above-header-display":"","ast-hfb-below-header-display":"","ast-hfb-mobile-header-display":"","site-post-title":"","ast-breadcrumbs-content":"","ast-featured-img":"","footer-sml-layout":"","ast-disable-related-posts":"","theme-transparent-header-meta":"default","adv-header-id-meta":"","stick-header-meta":"default","header-above-stick-meta":"","header-main-stick-meta":"","header-below-stick-meta":"","astra-migrate-meta-layouts":"default","ast-page-background-enabled":"default","ast-page-background-meta":{"desktop":{"background-color":"","background-image":"","background-repeat":"repeat","background-position":"center center","background-size":"auto","background-attachment":"scroll","background-type":"","background-media":"","overlay-type":"","overlay-color":"","overlay-opacity":"","overlay-gradient":""},"tablet":{"background-color":"","background-image":"","background-repeat":"repeat","background-position":"center center","background-size":"auto","background-attachment":"scroll","background-type":"","background-media":"","overlay-type":"","overlay-color":"","overlay-opacity":"","overlay-gradient":""},"mobile":{"background-color":"","background-image":"","background-repeat":"repeat","background-position":"center center","background-size":"auto","background-attachment":"scroll","background-type":"","background-media":"","overlay-type":"","overlay-color":"","overlay-opacity":"","overlay-gradient":""}},"ast-content-background-meta":{"desktop":{"background-color":"var(--ast-global-color-5)","background-image":"","background-repeat":"repeat","background-position":"center center","background-size":"auto","background-attachment":"scroll","background-type":"","background-media":"","overlay-type":"","overlay-color":"","overlay-opacity":"","overlay-gradient":""},"tablet":{"background-color":"var(--ast-global-color-5)","background-image":"","background-repeat":"repeat","background-position":"center center","background-size":"auto","background-attachment":"scroll","background-type":"","background-media":"","overlay-type":"","overlay-color":"","overlay-opacity":"","overlay-gradient":""},"mobile":{"background-color":"var(--ast-global-color-5)","background-image":"","background-repeat":"repeat","background-position":"center center","background-size":"auto","background-attachment":"scroll","background-type":"","background-media":"","overlay-type":"","overlay-color":"","overlay-opacity":"","overlay-gradient":""}}},"product_brand":[],"product_cat":[45],"product_tag":[],"class_list":{"0":"post-6907","1":"product","2":"type-product","3":"status-publish","4":"has-post-thumbnail","6":"product_cat-bubble-wrap","7":"desktop-align-left","8":"tablet-align-left","9":"mobile-align-left","10":"ast-product-gallery-layout-horizontal","11":"ast-product-tabs-layout-horizontal","13":"first","14":"instock","15":"product-type-simple"},"_links":{"self":[{"href":"https:\/\/reanpackaging.com\/cs\/wp-json\/wp\/v2\/product\/6907","targetHints":{"allow":["GET"]}}],"collection":[{"href":"https:\/\/reanpackaging.com\/cs\/wp-json\/wp\/v2\/product"}],"about":[{"href":"https:\/\/reanpackaging.com\/cs\/wp-json\/wp\/v2\/types\/product"}],"wp:featuredmedia":[{"embeddable":true,"href":"https:\/\/reanpackaging.com\/cs\/wp-json\/wp\/v2\/media\/6810"}],"wp:attachment":[{"href":"https:\/\/reanpackaging.com\/cs\/wp-json\/wp\/v2\/media?parent=6907"}],"wp:term":[{"taxonomy":"product_brand","embeddable":true,"href":"https:\/\/reanpackaging.com\/cs\/wp-json\/wp\/v2\/product_brand?post=6907"},{"taxonomy":"product_cat","embeddable":true,"href":"https:\/\/reanpackaging.com\/cs\/wp-json\/wp\/v2\/product_cat?post=6907"},{"taxonomy":"product_tag","embeddable":true,"href":"https:\/\/reanpackaging.com\/cs\/wp-json\/wp\/v2\/product_tag?post=6907"}],"curies":[{"name":"wp","href":"https:\/\/api.w.org\/{rel}","templated":true}]}}