{"id":6908,"date":"2023-09-21T13:22:09","date_gmt":"2023-09-21T13:22:09","guid":{"rendered":"http:\/\/ibn.wyd.mybluehost.me\/reanpackaging.com\/product\/honeycomb-packaging-wrap-kraft-paper-honeycomb-paper-wrap-cushioning-eco-friendly-bubble-cushion-wrap\/"},"modified":"2024-10-01T16:58:42","modified_gmt":"2024-10-01T16:58:42","slug":"honeycomb-packaging-wrap-kraft-paper-honeycomb-paper-wrap-cushioning-eco-friendly-bubble-cushion-wrap","status":"publish","type":"product","link":"https:\/\/reanpackaging.com\/cs\/produkt\/honeycomb-packaging-wrap-kraft-paper-honeycomb-paper-wrap-cushioning-eco-friendly-bubble-cushion-wrap\/","title":{"rendered":"Honeycomb Packaging Wrap Kraft Paper Honeycomb Paper Wrap Cushioning Eco Friendly Bubble Cushion Wrap"},"content":{"rendered":"<h4>Atributy specifick\u00e9 pro dan\u00e9 odv\u011btv\u00ed<\/h4>\n<table border=\"1\">\n<tbody>\n<tr>\n<td><strong>Pr\u016fmyslov\u00e9 vyu\u017eit\u00ed<\/strong><\/td>\n<td>D\u00e1rky a \u0159emesla<\/td>\n<\/tr>\n<tr>\n<td><strong>Typ pap\u00edru<\/strong><\/td>\n<td>\u0158emesln\u00fd pap\u00edr<\/td>\n<\/tr>\n<tr>\n<td><strong>Funkce<\/strong><\/td>\n<td>Recyklovan\u00e9 materi\u00e1ly<\/td>\n<\/tr>\n<\/tbody>\n<\/table>\n<h4>Dal\u0161\u00ed atributy<\/h4>\n<table border=\"1\">\n<tbody>\n<tr>\n<td><strong>Buni\u010dina<\/strong><\/td>\n<td>D\u0159evn\u00ed buni\u010dina<\/td>\n<\/tr>\n<tr>\n<td><strong>Pulp Style<\/strong><\/td>\n<td>Virgin<\/td>\n<\/tr>\n<tr>\n<td><strong>Typ rozvl\u00e1k\u0148ov\u00e1n\u00ed<\/strong><\/td>\n<td>Chemick\u00e1 buni\u010dina<\/td>\n<\/tr>\n<tr>\n<td><strong>M\u00edsto p\u016fvodu<\/strong><\/td>\n<td>\u010c\u00edna<\/td>\n<\/tr>\n<tr>\n<td><strong>N\u00e1zev zna\u010dky<\/strong><\/td>\n<td>Balen\u00ed Xinxiangyang<\/td>\n<\/tr>\n<tr>\n<td><strong>\u010c\u00edslo modelu<\/strong><\/td>\n<td>HP50080250<\/td>\n<\/tr>\n<tr>\n<td><strong>N\u00e1t\u011bry<\/strong><\/td>\n<td>Bez povrchov\u00e9 \u00fapravy<\/td>\n<\/tr>\n<tr>\n<td><strong>Kompatibiln\u00ed tisk<\/strong><\/td>\n<td>Ofsetov\u00fd tisk<\/td>\n<\/tr>\n<tr>\n<td><strong>Vlastn\u00ed objedn\u00e1vka<\/strong><\/td>\n<td>P\u0159ijmout<\/td>\n<\/tr>\n<tr>\n<td><strong>Pou\u017eijte<\/strong><\/td>\n<td>D\u00e1rkov\u00fd balic\u00ed pap\u00edr<\/td>\n<\/tr>\n<tr>\n<td><strong>N\u00e1zev produktu<\/strong><\/td>\n<td>Balic\u00ed pap\u00edr<\/td>\n<\/tr>\n<tr>\n<td><strong>Pou\u017eit\u00ed<\/strong><\/td>\n<td>atd. Obaly<\/td>\n<\/tr>\n<tr>\n<td><strong>Kl\u00ed\u010dov\u00e1 slova<\/strong><\/td>\n<td>Vlastn\u00ed logo balic\u00edho pap\u00edru<\/td>\n<\/tr>\n<tr>\n<td><strong>Aplikace<\/strong><\/td>\n<td>Balen\u00ed produkt\u016f<\/td>\n<\/tr>\n<tr>\n<td><strong>Materi\u00e1l<\/strong><\/td>\n<td>100% Panensk\u00e1 buni\u010dina<\/td>\n<\/tr>\n<tr>\n<td><strong>MOQ<\/strong><\/td>\n<td>1 role<\/td>\n<\/tr>\n<tr>\n<td><strong>N\u00e1zev polo\u017eky<\/strong><\/td>\n<td>Balic\u00ed pap\u00edr Tissue<\/td>\n<\/tr>\n<tr>\n<td><strong>Kl\u00ed\u010dov\u00e1 slova<\/strong><\/td>\n<td>Navij\u00e1k Jumbo<\/td>\n<\/tr>\n<\/tbody>\n<\/table>\n<p><img fetchpriority=\"high\" decoding=\"async\" class=\"alignnone  wp-image-6971\" src=\"http:\/\/ibn.wyd.mybluehost.me\/reanpackaging.com\/wp-content\/uploads\/2023\/09\/a-description-Honeycomb-Packaging-Wrap-Kraft-Paper-Honeycomb-Paper-Wrap-Cushioning-Eco-Friendly-Bubble-Cushion-Wrap-300x248.jpg\" alt=\"vo\u0161tinov\u00fd obalov\u00fd obal kraftov\u00fd pap\u00edr vo\u0161tinov\u00fd pap\u00edrov\u00fd obal polstrov\u00e1n\u00ed ekologick\u00fd bublinkov\u00fd pol\u0161t\u00e1\u0159ov\u00fd obal\" width=\"1303\" height=\"1077\" srcset=\"https:\/\/reanpackaging.com\/wp-content\/uploads\/2023\/09\/a-description-Honeycomb-Packaging-Wrap-Kraft-Paper-Honeycomb-Paper-Wrap-Cushioning-Eco-Friendly-Bubble-Cushion-Wrap-300x248.jpg 300w, https:\/\/reanpackaging.com\/wp-content\/uploads\/2023\/09\/a-description-Honeycomb-Packaging-Wrap-Kraft-Paper-Honeycomb-Paper-Wrap-Cushioning-Eco-Friendly-Bubble-Cushion-Wrap-768x635.jpg 768w, https:\/\/reanpackaging.com\/wp-content\/uploads\/2023\/09\/a-description-Honeycomb-Packaging-Wrap-Kraft-Paper-Honeycomb-Paper-Wrap-Cushioning-Eco-Friendly-Bubble-Cushion-Wrap-600x496.jpg 600w, https:\/\/reanpackaging.com\/wp-content\/uploads\/2023\/09\/a-description-Honeycomb-Packaging-Wrap-Kraft-Paper-Honeycomb-Paper-Wrap-Cushioning-Eco-Friendly-Bubble-Cushion-Wrap.jpg 1000w\" sizes=\"(max-width: 1303px) 100vw, 1303px\" \/><\/p>\n<p><img decoding=\"async\" class=\"alignnone  wp-image-6973\" src=\"http:\/\/ibn.wyd.mybluehost.me\/reanpackaging.com\/wp-content\/uploads\/2023\/09\/b-description-Honeycomb-Packaging-Wrap-Kraft-Paper-Honeycomb-Paper-Wrap-Cushioning-Eco-Friendly-Bubble-Cushion-Wrap-300x300.jpg\" alt=\"vo\u0161tinov\u00fd obalov\u00fd obal kraftov\u00fd pap\u00edr vo\u0161tinov\u00fd pap\u00edrov\u00fd obal polstrov\u00e1n\u00ed ekologick\u00fd bublinkov\u00fd pol\u0161t\u00e1\u0159ov\u00fd obal\" width=\"1302\" height=\"1302\" srcset=\"https:\/\/reanpackaging.com\/wp-content\/uploads\/2023\/09\/b-description-Honeycomb-Packaging-Wrap-Kraft-Paper-Honeycomb-Paper-Wrap-Cushioning-Eco-Friendly-Bubble-Cushion-Wrap-300x300.jpg 300w, https:\/\/reanpackaging.com\/wp-content\/uploads\/2023\/09\/b-description-Honeycomb-Packaging-Wrap-Kraft-Paper-Honeycomb-Paper-Wrap-Cushioning-Eco-Friendly-Bubble-Cushion-Wrap-150x150.jpg 150w, https:\/\/reanpackaging.com\/wp-content\/uploads\/2023\/09\/b-description-Honeycomb-Packaging-Wrap-Kraft-Paper-Honeycomb-Paper-Wrap-Cushioning-Eco-Friendly-Bubble-Cushion-Wrap-768x768.jpg 768w, https:\/\/reanpackaging.com\/wp-content\/uploads\/2023\/09\/b-description-Honeycomb-Packaging-Wrap-Kraft-Paper-Honeycomb-Paper-Wrap-Cushioning-Eco-Friendly-Bubble-Cushion-Wrap-600x600.jpg 600w, https:\/\/reanpackaging.com\/wp-content\/uploads\/2023\/09\/b-description-Honeycomb-Packaging-Wrap-Kraft-Paper-Honeycomb-Paper-Wrap-Cushioning-Eco-Friendly-Bubble-Cushion-Wrap-100x100.jpg 100w, https:\/\/reanpackaging.com\/wp-content\/uploads\/2023\/09\/b-description-Honeycomb-Packaging-Wrap-Kraft-Paper-Honeycomb-Paper-Wrap-Cushioning-Eco-Friendly-Bubble-Cushion-Wrap.jpg 1000w\" sizes=\"(max-width: 1302px) 100vw, 1302px\" \/><\/p>\n<p><img decoding=\"async\" class=\"alignnone  wp-image-6975\" src=\"http:\/\/ibn.wyd.mybluehost.me\/reanpackaging.com\/wp-content\/uploads\/2023\/09\/c-description-Honeycomb-Packaging-Wrap-Kraft-Paper-Honeycomb-Paper-Wrap-Cushioning-Eco-Friendly-Bubble-Cushion-Wrap-300x300.jpg\" alt=\"vo\u0161tinov\u00fd obalov\u00fd obal kraftov\u00fd pap\u00edr vo\u0161tinov\u00fd pap\u00edrov\u00fd obal polstrov\u00e1n\u00ed ekologick\u00fd bublinkov\u00fd pol\u0161t\u00e1\u0159ov\u00fd obal\" width=\"1301\" height=\"1301\" srcset=\"https:\/\/reanpackaging.com\/wp-content\/uploads\/2023\/09\/c-description-Honeycomb-Packaging-Wrap-Kraft-Paper-Honeycomb-Paper-Wrap-Cushioning-Eco-Friendly-Bubble-Cushion-Wrap-300x300.jpg 300w, https:\/\/reanpackaging.com\/wp-content\/uploads\/2023\/09\/c-description-Honeycomb-Packaging-Wrap-Kraft-Paper-Honeycomb-Paper-Wrap-Cushioning-Eco-Friendly-Bubble-Cushion-Wrap-150x150.jpg 150w, https:\/\/reanpackaging.com\/wp-content\/uploads\/2023\/09\/c-description-Honeycomb-Packaging-Wrap-Kraft-Paper-Honeycomb-Paper-Wrap-Cushioning-Eco-Friendly-Bubble-Cushion-Wrap-768x768.jpg 768w, https:\/\/reanpackaging.com\/wp-content\/uploads\/2023\/09\/c-description-Honeycomb-Packaging-Wrap-Kraft-Paper-Honeycomb-Paper-Wrap-Cushioning-Eco-Friendly-Bubble-Cushion-Wrap-600x600.jpg 600w, https:\/\/reanpackaging.com\/wp-content\/uploads\/2023\/09\/c-description-Honeycomb-Packaging-Wrap-Kraft-Paper-Honeycomb-Paper-Wrap-Cushioning-Eco-Friendly-Bubble-Cushion-Wrap-100x100.jpg 100w, https:\/\/reanpackaging.com\/wp-content\/uploads\/2023\/09\/c-description-Honeycomb-Packaging-Wrap-Kraft-Paper-Honeycomb-Paper-Wrap-Cushioning-Eco-Friendly-Bubble-Cushion-Wrap.jpg 1000w\" sizes=\"(max-width: 1301px) 100vw, 1301px\" \/><\/p>\n<p><img loading=\"lazy\" decoding=\"async\" class=\"alignnone  wp-image-6976\" src=\"http:\/\/ibn.wyd.mybluehost.me\/reanpackaging.com\/wp-content\/uploads\/2023\/09\/d-description-Honeycomb-Packaging-Wrap-Kraft-Paper-Honeycomb-Paper-Wrap-Cushioning-Eco-Friendly-Bubble-Cushion-Wrap-300x300.jpg\" alt=\"vo\u0161tinov\u00fd obalov\u00fd obal kraftov\u00fd pap\u00edr vo\u0161tinov\u00fd pap\u00edrov\u00fd obal polstrov\u00e1n\u00ed ekologick\u00fd bublinkov\u00fd pol\u0161t\u00e1\u0159ov\u00fd obal\" width=\"1301\" height=\"1301\" srcset=\"https:\/\/reanpackaging.com\/wp-content\/uploads\/2023\/09\/d-description-Honeycomb-Packaging-Wrap-Kraft-Paper-Honeycomb-Paper-Wrap-Cushioning-Eco-Friendly-Bubble-Cushion-Wrap-300x300.jpg 300w, https:\/\/reanpackaging.com\/wp-content\/uploads\/2023\/09\/d-description-Honeycomb-Packaging-Wrap-Kraft-Paper-Honeycomb-Paper-Wrap-Cushioning-Eco-Friendly-Bubble-Cushion-Wrap-150x150.jpg 150w, https:\/\/reanpackaging.com\/wp-content\/uploads\/2023\/09\/d-description-Honeycomb-Packaging-Wrap-Kraft-Paper-Honeycomb-Paper-Wrap-Cushioning-Eco-Friendly-Bubble-Cushion-Wrap-768x768.jpg 768w, https:\/\/reanpackaging.com\/wp-content\/uploads\/2023\/09\/d-description-Honeycomb-Packaging-Wrap-Kraft-Paper-Honeycomb-Paper-Wrap-Cushioning-Eco-Friendly-Bubble-Cushion-Wrap-600x600.jpg 600w, https:\/\/reanpackaging.com\/wp-content\/uploads\/2023\/09\/d-description-Honeycomb-Packaging-Wrap-Kraft-Paper-Honeycomb-Paper-Wrap-Cushioning-Eco-Friendly-Bubble-Cushion-Wrap-100x100.jpg 100w, https:\/\/reanpackaging.com\/wp-content\/uploads\/2023\/09\/d-description-Honeycomb-Packaging-Wrap-Kraft-Paper-Honeycomb-Paper-Wrap-Cushioning-Eco-Friendly-Bubble-Cushion-Wrap.jpg 1000w\" sizes=\"(max-width: 1301px) 100vw, 1301px\" \/><\/p>\n<p><img loading=\"lazy\" decoding=\"async\" class=\"alignnone  wp-image-6977\" src=\"http:\/\/ibn.wyd.mybluehost.me\/reanpackaging.com\/wp-content\/uploads\/2023\/09\/e-description-Honeycomb-Packaging-Wrap-Kraft-Paper-Honeycomb-Paper-Wrap-Cushioning-Eco-Friendly-Bubble-Cushion-Wrap-300x300.jpg\" alt=\"vo\u0161tinov\u00fd obalov\u00fd obal kraftov\u00fd pap\u00edr vo\u0161tinov\u00fd pap\u00edrov\u00fd obal polstrov\u00e1n\u00ed ekologick\u00fd bublinkov\u00fd pol\u0161t\u00e1\u0159ov\u00fd obal\" width=\"1303\" height=\"1303\" srcset=\"https:\/\/reanpackaging.com\/wp-content\/uploads\/2023\/09\/e-description-Honeycomb-Packaging-Wrap-Kraft-Paper-Honeycomb-Paper-Wrap-Cushioning-Eco-Friendly-Bubble-Cushion-Wrap-300x300.jpg 300w, https:\/\/reanpackaging.com\/wp-content\/uploads\/2023\/09\/e-description-Honeycomb-Packaging-Wrap-Kraft-Paper-Honeycomb-Paper-Wrap-Cushioning-Eco-Friendly-Bubble-Cushion-Wrap-150x150.jpg 150w, https:\/\/reanpackaging.com\/wp-content\/uploads\/2023\/09\/e-description-Honeycomb-Packaging-Wrap-Kraft-Paper-Honeycomb-Paper-Wrap-Cushioning-Eco-Friendly-Bubble-Cushion-Wrap-768x768.jpg 768w, https:\/\/reanpackaging.com\/wp-content\/uploads\/2023\/09\/e-description-Honeycomb-Packaging-Wrap-Kraft-Paper-Honeycomb-Paper-Wrap-Cushioning-Eco-Friendly-Bubble-Cushion-Wrap-600x600.jpg 600w, https:\/\/reanpackaging.com\/wp-content\/uploads\/2023\/09\/e-description-Honeycomb-Packaging-Wrap-Kraft-Paper-Honeycomb-Paper-Wrap-Cushioning-Eco-Friendly-Bubble-Cushion-Wrap-100x100.jpg 100w, https:\/\/reanpackaging.com\/wp-content\/uploads\/2023\/09\/e-description-Honeycomb-Packaging-Wrap-Kraft-Paper-Honeycomb-Paper-Wrap-Cushioning-Eco-Friendly-Bubble-Cushion-Wrap.jpg 1000w\" sizes=\"(max-width: 1303px) 100vw, 1303px\" \/><\/p>\n<p><img loading=\"lazy\" decoding=\"async\" class=\"alignnone  wp-image-6979\" src=\"http:\/\/ibn.wyd.mybluehost.me\/reanpackaging.com\/wp-content\/uploads\/2023\/09\/f-description-Honeycomb-Packaging-Wrap-Kraft-Paper-Honeycomb-Paper-Wrap-Cushioning-Eco-Friendly-Bubble-Cushion-Wrap-300x300.jpg\" alt=\"vo\u0161tinov\u00fd obalov\u00fd obal kraftov\u00fd pap\u00edr vo\u0161tinov\u00fd pap\u00edrov\u00fd obal polstrov\u00e1n\u00ed ekologick\u00fd bublinkov\u00fd pol\u0161t\u00e1\u0159ov\u00fd obal\" width=\"1274\" height=\"1274\" srcset=\"https:\/\/reanpackaging.com\/wp-content\/uploads\/2023\/09\/f-description-Honeycomb-Packaging-Wrap-Kraft-Paper-Honeycomb-Paper-Wrap-Cushioning-Eco-Friendly-Bubble-Cushion-Wrap-300x300.jpg 300w, https:\/\/reanpackaging.com\/wp-content\/uploads\/2023\/09\/f-description-Honeycomb-Packaging-Wrap-Kraft-Paper-Honeycomb-Paper-Wrap-Cushioning-Eco-Friendly-Bubble-Cushion-Wrap-150x150.jpg 150w, https:\/\/reanpackaging.com\/wp-content\/uploads\/2023\/09\/f-description-Honeycomb-Packaging-Wrap-Kraft-Paper-Honeycomb-Paper-Wrap-Cushioning-Eco-Friendly-Bubble-Cushion-Wrap-768x768.jpg 768w, https:\/\/reanpackaging.com\/wp-content\/uploads\/2023\/09\/f-description-Honeycomb-Packaging-Wrap-Kraft-Paper-Honeycomb-Paper-Wrap-Cushioning-Eco-Friendly-Bubble-Cushion-Wrap-600x600.jpg 600w, https:\/\/reanpackaging.com\/wp-content\/uploads\/2023\/09\/f-description-Honeycomb-Packaging-Wrap-Kraft-Paper-Honeycomb-Paper-Wrap-Cushioning-Eco-Friendly-Bubble-Cushion-Wrap-100x100.jpg 100w, https:\/\/reanpackaging.com\/wp-content\/uploads\/2023\/09\/f-description-Honeycomb-Packaging-Wrap-Kraft-Paper-Honeycomb-Paper-Wrap-Cushioning-Eco-Friendly-Bubble-Cushion-Wrap.jpg 1000w\" sizes=\"(max-width: 1274px) 100vw, 1274px\" \/><\/p>\n<p><img loading=\"lazy\" decoding=\"async\" class=\"alignnone  wp-image-6981\" src=\"http:\/\/ibn.wyd.mybluehost.me\/reanpackaging.com\/wp-content\/uploads\/2023\/09\/g-description-Honeycomb-Packaging-Wrap-Kraft-Paper-Honeycomb-Paper-Wrap-Cushioning-Eco-Friendly-Bubble-Cushion-Wrap-300x300.jpg\" alt=\"vo\u0161tinov\u00fd obalov\u00fd obal kraftov\u00fd pap\u00edr vo\u0161tinov\u00fd pap\u00edrov\u00fd obal polstrov\u00e1n\u00ed ekologick\u00fd bublinkov\u00fd pol\u0161t\u00e1\u0159ov\u00fd obal\" width=\"1272\" height=\"1272\" srcset=\"https:\/\/reanpackaging.com\/wp-content\/uploads\/2023\/09\/g-description-Honeycomb-Packaging-Wrap-Kraft-Paper-Honeycomb-Paper-Wrap-Cushioning-Eco-Friendly-Bubble-Cushion-Wrap-300x300.jpg 300w, https:\/\/reanpackaging.com\/wp-content\/uploads\/2023\/09\/g-description-Honeycomb-Packaging-Wrap-Kraft-Paper-Honeycomb-Paper-Wrap-Cushioning-Eco-Friendly-Bubble-Cushion-Wrap-150x150.jpg 150w, https:\/\/reanpackaging.com\/wp-content\/uploads\/2023\/09\/g-description-Honeycomb-Packaging-Wrap-Kraft-Paper-Honeycomb-Paper-Wrap-Cushioning-Eco-Friendly-Bubble-Cushion-Wrap-768x768.jpg 768w, https:\/\/reanpackaging.com\/wp-content\/uploads\/2023\/09\/g-description-Honeycomb-Packaging-Wrap-Kraft-Paper-Honeycomb-Paper-Wrap-Cushioning-Eco-Friendly-Bubble-Cushion-Wrap-600x600.jpg 600w, https:\/\/reanpackaging.com\/wp-content\/uploads\/2023\/09\/g-description-Honeycomb-Packaging-Wrap-Kraft-Paper-Honeycomb-Paper-Wrap-Cushioning-Eco-Friendly-Bubble-Cushion-Wrap-100x100.jpg 100w, https:\/\/reanpackaging.com\/wp-content\/uploads\/2023\/09\/g-description-Honeycomb-Packaging-Wrap-Kraft-Paper-Honeycomb-Paper-Wrap-Cushioning-Eco-Friendly-Bubble-Cushion-Wrap.jpg 1000w\" sizes=\"(max-width: 1272px) 100vw, 1272px\" \/><\/p>\n<p><img loading=\"lazy\" decoding=\"async\" class=\"alignnone  wp-image-6983\" src=\"http:\/\/ibn.wyd.mybluehost.me\/reanpackaging.com\/wp-content\/uploads\/2023\/09\/h-description-Honeycomb-Packaging-Wrap-Kraft-Paper-Honeycomb-Paper-Wrap-Cushioning-Eco-Friendly-Bubble-Cushion-Wrap-300x300.jpg\" alt=\"vo\u0161tinov\u00fd obalov\u00fd obal kraftov\u00fd pap\u00edr vo\u0161tinov\u00fd pap\u00edrov\u00fd obal polstrov\u00e1n\u00ed ekologick\u00fd bublinkov\u00fd pol\u0161t\u00e1\u0159ov\u00fd obal\" width=\"1272\" height=\"1272\" srcset=\"https:\/\/reanpackaging.com\/wp-content\/uploads\/2023\/09\/h-description-Honeycomb-Packaging-Wrap-Kraft-Paper-Honeycomb-Paper-Wrap-Cushioning-Eco-Friendly-Bubble-Cushion-Wrap-300x300.jpg 300w, https:\/\/reanpackaging.com\/wp-content\/uploads\/2023\/09\/h-description-Honeycomb-Packaging-Wrap-Kraft-Paper-Honeycomb-Paper-Wrap-Cushioning-Eco-Friendly-Bubble-Cushion-Wrap-150x150.jpg 150w, https:\/\/reanpackaging.com\/wp-content\/uploads\/2023\/09\/h-description-Honeycomb-Packaging-Wrap-Kraft-Paper-Honeycomb-Paper-Wrap-Cushioning-Eco-Friendly-Bubble-Cushion-Wrap-768x768.jpg 768w, https:\/\/reanpackaging.com\/wp-content\/uploads\/2023\/09\/h-description-Honeycomb-Packaging-Wrap-Kraft-Paper-Honeycomb-Paper-Wrap-Cushioning-Eco-Friendly-Bubble-Cushion-Wrap-600x600.jpg 600w, https:\/\/reanpackaging.com\/wp-content\/uploads\/2023\/09\/h-description-Honeycomb-Packaging-Wrap-Kraft-Paper-Honeycomb-Paper-Wrap-Cushioning-Eco-Friendly-Bubble-Cushion-Wrap-100x100.jpg 100w, https:\/\/reanpackaging.com\/wp-content\/uploads\/2023\/09\/h-description-Honeycomb-Packaging-Wrap-Kraft-Paper-Honeycomb-Paper-Wrap-Cushioning-Eco-Friendly-Bubble-Cushion-Wrap.jpg 1000w\" sizes=\"(max-width: 1272px) 100vw, 1272px\" \/><\/p>","protected":false},"excerpt":{"rendered":"<p>Industry-Specific Attributes Industrial Use Gift &amp; Craft Paper Type Craft Paper Feature Recycled Materials Other Attributes Pulp Material Wood Pulp Pulp Style Virgin Pulping Type Chemical Pulp Place of Origin China Brand Name Xinxiangyang pack Model Number HP50080250 Coating Uncoated Compatible Printing Offset printing Custom Order Accept Use Gift Wrapping Paper Product name Wrapping Paper [&hellip;]<\/p>\n","protected":false},"featured_media":6816,"template":"","meta":{"_seopress_robots_primary_cat":"none","_seopress_titles_title":"","_seopress_titles_desc":"","_seopress_robots_index":"","site-sidebar-layout":"default","site-content-layout":"default","ast-site-content-layout":"default","site-content-style":"default","site-sidebar-style":"default","ast-global-header-display":"","ast-banner-title-visibility":"","ast-main-header-display":"","ast-hfb-above-header-display":"","ast-hfb-below-header-display":"","ast-hfb-mobile-header-display":"","site-post-title":"","ast-breadcrumbs-content":"","ast-featured-img":"","footer-sml-layout":"","ast-disable-related-posts":"","theme-transparent-header-meta":"default","adv-header-id-meta":"","stick-header-meta":"default","header-above-stick-meta":"","header-main-stick-meta":"","header-below-stick-meta":"","astra-migrate-meta-layouts":"default","ast-page-background-enabled":"default","ast-page-background-meta":{"desktop":{"background-color":"","background-image":"","background-repeat":"repeat","background-position":"center center","background-size":"auto","background-attachment":"scroll","background-type":"","background-media":"","overlay-type":"","overlay-color":"","overlay-opacity":"","overlay-gradient":""},"tablet":{"background-color":"","background-image":"","background-repeat":"repeat","background-position":"center center","background-size":"auto","background-attachment":"scroll","background-type":"","background-media":"","overlay-type":"","overlay-color":"","overlay-opacity":"","overlay-gradient":""},"mobile":{"background-color":"","background-image":"","background-repeat":"repeat","background-position":"center center","background-size":"auto","background-attachment":"scroll","background-type":"","background-media":"","overlay-type":"","overlay-color":"","overlay-opacity":"","overlay-gradient":""}},"ast-content-background-meta":{"desktop":{"background-color":"var(--ast-global-color-5)","background-image":"","background-repeat":"repeat","background-position":"center center","background-size":"auto","background-attachment":"scroll","background-type":"","background-media":"","overlay-type":"","overlay-color":"","overlay-opacity":"","overlay-gradient":""},"tablet":{"background-color":"var(--ast-global-color-5)","background-image":"","background-repeat":"repeat","background-position":"center center","background-size":"auto","background-attachment":"scroll","background-type":"","background-media":"","overlay-type":"","overlay-color":"","overlay-opacity":"","overlay-gradient":""},"mobile":{"background-color":"var(--ast-global-color-5)","background-image":"","background-repeat":"repeat","background-position":"center center","background-size":"auto","background-attachment":"scroll","background-type":"","background-media":"","overlay-type":"","overlay-color":"","overlay-opacity":"","overlay-gradient":""}}},"product_brand":[],"product_cat":[45],"product_tag":[],"class_list":{"0":"post-6908","1":"product","2":"type-product","3":"status-publish","4":"has-post-thumbnail","6":"product_cat-bubble-wrap","7":"desktop-align-left","8":"tablet-align-left","9":"mobile-align-left","10":"ast-product-gallery-layout-horizontal","11":"ast-product-tabs-layout-horizontal","13":"first","14":"instock","15":"purchasable","16":"product-type-simple"},"_links":{"self":[{"href":"https:\/\/reanpackaging.com\/cs\/wp-json\/wp\/v2\/product\/6908","targetHints":{"allow":["GET"]}}],"collection":[{"href":"https:\/\/reanpackaging.com\/cs\/wp-json\/wp\/v2\/product"}],"about":[{"href":"https:\/\/reanpackaging.com\/cs\/wp-json\/wp\/v2\/types\/product"}],"wp:featuredmedia":[{"embeddable":true,"href":"https:\/\/reanpackaging.com\/cs\/wp-json\/wp\/v2\/media\/6816"}],"wp:attachment":[{"href":"https:\/\/reanpackaging.com\/cs\/wp-json\/wp\/v2\/media?parent=6908"}],"wp:term":[{"taxonomy":"product_brand","embeddable":true,"href":"https:\/\/reanpackaging.com\/cs\/wp-json\/wp\/v2\/product_brand?post=6908"},{"taxonomy":"product_cat","embeddable":true,"href":"https:\/\/reanpackaging.com\/cs\/wp-json\/wp\/v2\/product_cat?post=6908"},{"taxonomy":"product_tag","embeddable":true,"href":"https:\/\/reanpackaging.com\/cs\/wp-json\/wp\/v2\/product_tag?post=6908"}],"curies":[{"name":"wp","href":"https:\/\/api.w.org\/{rel}","templated":true}]}}