{"id":6911,"date":"2023-09-21T13:22:09","date_gmt":"2023-09-21T13:22:09","guid":{"rendered":"http:\/\/ibn.wyd.mybluehost.me\/reanpackaging.com\/product\/custom-eco-friendly-recycled-large-shipping-pink-bubble-mailer-poly-wrap-with-logo-design-padded-envelopes-mailing-bags\/"},"modified":"2024-10-01T16:58:44","modified_gmt":"2024-10-01T16:58:44","slug":"custom-eco-friendly-recycled-large-shipping-pink-bubble-mailer-poly-wrap-with-logo-design-padded-envelopes-mailing-bags","status":"publish","type":"product","link":"https:\/\/reanpackaging.com\/cs\/produkt\/vlastni-ekologicke-recyklovane-velke-prepravni-ruzove-bublina-mailer-poly-wrap-s-logem-design-polstrovane-obalky-postovni-tasky\/","title":{"rendered":"Vlastn\u00ed ekologicky \u0161etrn\u00e9 recyklovan\u00e9 velk\u00e9 p\u0159epravn\u00ed r\u016f\u017eov\u00e9 bublinkov\u00e9 po\u0161tovn\u00ed ob\u00e1lky Poly Wrap s logem Design Polstrovan\u00e9 ob\u00e1lky Po\u0161tovn\u00ed ta\u0161ky"},"content":{"rendered":"<h4>Atributy specifick\u00e9 pro dan\u00e9 odv\u011btv\u00ed<\/h4>\n<table border=\"1\">\n<tbody>\n<tr>\n<td><strong>Materi\u00e1l<\/strong><\/td>\n<td>POLY<\/td>\n<\/tr>\n<\/tbody>\n<\/table>\n<h4>Dal\u0161\u00ed atributy<\/h4>\n<table border=\"1\">\n<tbody>\n<tr>\n<td><strong>Pr\u016fmyslov\u00e9 vyu\u017eit\u00ed<\/strong><\/td>\n<td>Obuv a oble\u010den\u00ed<\/td>\n<\/tr>\n<tr>\n<td><strong>Materi\u00e1l<\/strong><\/td>\n<td>Polystyrenov\u00e1 po\u0161tovn\u00ed schr\u00e1nka, PE<\/td>\n<\/tr>\n<tr>\n<td><strong>N\u00e1zev produktu<\/strong><\/td>\n<td>Po\u0161tovn\u00ed ta\u0161ka<\/td>\n<\/tr>\n<tr>\n<td><strong>Pou\u017eit\u00ed<\/strong><\/td>\n<td>Ochrann\u00fd obal Dodac\u00ed obal<\/td>\n<\/tr>\n<tr>\n<td><strong>Velikost<\/strong><\/td>\n<td>P\u0159izp\u016fsoben\u00e1 velikost<\/td>\n<\/tr>\n<tr>\n<td><strong>Barva<\/strong><\/td>\n<td>Pantone\/CMYK<\/td>\n<\/tr>\n<tr>\n<td><strong>Logo<\/strong><\/td>\n<td>P\u0159ijmout p\u0159izp\u016fsoben\u00e9 logo<\/td>\n<\/tr>\n<tr>\n<td><strong>Tlou\u0161\u0165ka<\/strong><\/td>\n<td>0,1-0,5 mm<\/td>\n<\/tr>\n<tr>\n<td><strong>Tisk<\/strong><\/td>\n<td>Offset Ptinting<\/td>\n<\/tr>\n<tr>\n<td><strong>Design<\/strong><\/td>\n<td>Poskytovan\u00e9 slu\u017eby<\/td>\n<\/tr>\n<tr>\n<td><strong>MOQ<\/strong><\/td>\n<td>100ks<\/td>\n<\/tr>\n<\/tbody>\n<\/table>\n<p><img fetchpriority=\"high\" decoding=\"async\" class=\"alignnone wp-image-7036\" src=\"http:\/\/ibn.wyd.mybluehost.me\/reanpackaging.com\/wp-content\/uploads\/2023\/09\/a-description-Custom-Eco-Friendly-Recycled-Large-Shipping-Pink-Bubble-Mailer-Poly-Wrap-With-Logo-Design-Padded-Envelopes-Mailing-Bags-1-226x300.jpg\" alt=\"vlastn\u00ed ekologick\u00e9 recyklovan\u00e9 velk\u00e9 p\u0159epravn\u00ed r\u016f\u017eov\u00e9 bublina mailer poly wrap s logem design polstrovan\u00e9 ob\u00e1lky po\u0161tovn\u00ed ta\u0161ky\" width=\"1301\" height=\"1727\" srcset=\"https:\/\/reanpackaging.com\/wp-content\/uploads\/2023\/09\/a-description-Custom-Eco-Friendly-Recycled-Large-Shipping-Pink-Bubble-Mailer-Poly-Wrap-With-Logo-Design-Padded-Envelopes-Mailing-Bags-1-226x300.jpg 226w, https:\/\/reanpackaging.com\/wp-content\/uploads\/2023\/09\/a-description-Custom-Eco-Friendly-Recycled-Large-Shipping-Pink-Bubble-Mailer-Poly-Wrap-With-Logo-Design-Padded-Envelopes-Mailing-Bags-1-600x795.jpg 600w\" sizes=\"(max-width: 1301px) 100vw, 1301px\" \/><\/p>\n<p>&nbsp;<\/p>\n<p><img decoding=\"async\" class=\"alignnone wp-image-7039\" src=\"http:\/\/ibn.wyd.mybluehost.me\/reanpackaging.com\/wp-content\/uploads\/2023\/09\/c-description-Custom-Eco-Friendly-Recycled-Large-Shipping-Pink-Bubble-Mailer-Poly-Wrap-With-Logo-Design-Padded-Envelopes-Mailing-Bags-1-149x300.jpg\" alt=\"vlastn\u00ed ekologick\u00e9 recyklovan\u00e9 velk\u00e9 p\u0159epravn\u00ed r\u016f\u017eov\u00e9 bublina mailer poly wrap s logem design polstrovan\u00e9 ob\u00e1lky po\u0161tovn\u00ed ta\u0161ky\" width=\"1291\" height=\"2599\" srcset=\"https:\/\/reanpackaging.com\/wp-content\/uploads\/2023\/09\/c-description-Custom-Eco-Friendly-Recycled-Large-Shipping-Pink-Bubble-Mailer-Poly-Wrap-With-Logo-Design-Padded-Envelopes-Mailing-Bags-1-149x300.jpg 149w, https:\/\/reanpackaging.com\/wp-content\/uploads\/2023\/09\/c-description-Custom-Eco-Friendly-Recycled-Large-Shipping-Pink-Bubble-Mailer-Poly-Wrap-With-Logo-Design-Padded-Envelopes-Mailing-Bags-1-508x1024.jpg 508w, https:\/\/reanpackaging.com\/wp-content\/uploads\/2023\/09\/c-description-Custom-Eco-Friendly-Recycled-Large-Shipping-Pink-Bubble-Mailer-Poly-Wrap-With-Logo-Design-Padded-Envelopes-Mailing-Bags-1-600x1209.jpg 600w, https:\/\/reanpackaging.com\/wp-content\/uploads\/2023\/09\/c-description-Custom-Eco-Friendly-Recycled-Large-Shipping-Pink-Bubble-Mailer-Poly-Wrap-With-Logo-Design-Padded-Envelopes-Mailing-Bags-1.jpg 750w\" sizes=\"(max-width: 1291px) 100vw, 1291px\" \/><\/p>\n<p><img decoding=\"async\" class=\"alignnone wp-image-7040\" src=\"http:\/\/ibn.wyd.mybluehost.me\/reanpackaging.com\/wp-content\/uploads\/2023\/09\/g-description-Custom-Eco-Friendly-Recycled-Large-Shipping-Pink-Bubble-Mailer-Poly-Wrap-With-Logo-Design-Padded-Envelopes-Mailing-Bags-1-156x300.jpg\" alt=\"vlastn\u00ed ekologick\u00e9 recyklovan\u00e9 velk\u00e9 p\u0159epravn\u00ed r\u016f\u017eov\u00e9 bublina mailer poly wrap s logem design polstrovan\u00e9 ob\u00e1lky po\u0161tovn\u00ed ta\u0161ky\" width=\"1300\" height=\"2500\" srcset=\"https:\/\/reanpackaging.com\/wp-content\/uploads\/2023\/09\/g-description-Custom-Eco-Friendly-Recycled-Large-Shipping-Pink-Bubble-Mailer-Poly-Wrap-With-Logo-Design-Padded-Envelopes-Mailing-Bags-1-156x300.jpg 156w, https:\/\/reanpackaging.com\/wp-content\/uploads\/2023\/09\/g-description-Custom-Eco-Friendly-Recycled-Large-Shipping-Pink-Bubble-Mailer-Poly-Wrap-With-Logo-Design-Padded-Envelopes-Mailing-Bags-1-533x1024.jpg 533w, https:\/\/reanpackaging.com\/wp-content\/uploads\/2023\/09\/g-description-Custom-Eco-Friendly-Recycled-Large-Shipping-Pink-Bubble-Mailer-Poly-Wrap-With-Logo-Design-Padded-Envelopes-Mailing-Bags-1-600x1153.jpg 600w, https:\/\/reanpackaging.com\/wp-content\/uploads\/2023\/09\/g-description-Custom-Eco-Friendly-Recycled-Large-Shipping-Pink-Bubble-Mailer-Poly-Wrap-With-Logo-Design-Padded-Envelopes-Mailing-Bags-1.jpg 750w\" sizes=\"(max-width: 1300px) 100vw, 1300px\" \/><\/p>","protected":false},"excerpt":{"rendered":"<p>Specifick\u00e9 vlastnosti pro dan\u00fd pr\u016fmysl Materi\u00e1l POLY Dal\u0161\u00ed vlastnosti Pr\u016fmyslov\u00e9 pou\u017eit\u00ed Obuv a od\u011bvy Materi\u00e1l Poly mailer, PE N\u00e1zev produktu Po\u0161tovn\u00ed ta\u0161ka Pou\u017eit\u00ed Ochrann\u00e9 balen\u00ed Dod\u00e1vka Balen\u00ed Velikost P\u0159izp\u016fsoben\u00e1 velikost Barva Pantone\/CMYK Logo P\u0159ijmout vlastn\u00ed Logo Tlou\u0161\u0165ka 0,1-0,5 mm Tisk Ofsetov\u00fd tisk Designov\u00e1 slu\u017eba Poskytnuto MOQ 100ks &nbsp;<\/p>","protected":false},"featured_media":6834,"template":"","meta":{"_seopress_robots_primary_cat":"none","_seopress_titles_title":"","_seopress_titles_desc":"","_seopress_robots_index":"","site-sidebar-layout":"default","site-content-layout":"default","ast-site-content-layout":"default","site-content-style":"default","site-sidebar-style":"default","ast-global-header-display":"","ast-banner-title-visibility":"","ast-main-header-display":"","ast-hfb-above-header-display":"","ast-hfb-below-header-display":"","ast-hfb-mobile-header-display":"","site-post-title":"","ast-breadcrumbs-content":"","ast-featured-img":"","footer-sml-layout":"","ast-disable-related-posts":"","theme-transparent-header-meta":"default","adv-header-id-meta":"","stick-header-meta":"default","header-above-stick-meta":"","header-main-stick-meta":"","header-below-stick-meta":"","astra-migrate-meta-layouts":"set","ast-page-background-enabled":"default","ast-page-background-meta":{"desktop":{"background-color":"","background-image":"","background-repeat":"repeat","background-position":"center center","background-size":"auto","background-attachment":"scroll","background-type":"","background-media":"","overlay-type":"","overlay-color":"","overlay-opacity":"","overlay-gradient":""},"tablet":{"background-color":"","background-image":"","background-repeat":"repeat","background-position":"center center","background-size":"auto","background-attachment":"scroll","background-type":"","background-media":"","overlay-type":"","overlay-color":"","overlay-opacity":"","overlay-gradient":""},"mobile":{"background-color":"","background-image":"","background-repeat":"repeat","background-position":"center center","background-size":"auto","background-attachment":"scroll","background-type":"","background-media":"","overlay-type":"","overlay-color":"","overlay-opacity":"","overlay-gradient":""}},"ast-content-background-meta":{"desktop":{"background-color":"var(--ast-global-color-5)","background-image":"","background-repeat":"repeat","background-position":"center center","background-size":"auto","background-attachment":"scroll","background-type":"","background-media":"","overlay-type":"","overlay-color":"","overlay-opacity":"","overlay-gradient":""},"tablet":{"background-color":"var(--ast-global-color-5)","background-image":"","background-repeat":"repeat","background-position":"center center","background-size":"auto","background-attachment":"scroll","background-type":"","background-media":"","overlay-type":"","overlay-color":"","overlay-opacity":"","overlay-gradient":""},"mobile":{"background-color":"var(--ast-global-color-5)","background-image":"","background-repeat":"repeat","background-position":"center center","background-size":"auto","background-attachment":"scroll","background-type":"","background-media":"","overlay-type":"","overlay-color":"","overlay-opacity":"","overlay-gradient":""}}},"product_brand":[],"product_cat":[45],"product_tag":[],"class_list":{"0":"post-6911","1":"product","2":"type-product","3":"status-publish","4":"has-post-thumbnail","6":"product_cat-bubble-wrap","7":"desktop-align-left","8":"tablet-align-left","9":"mobile-align-left","10":"ast-product-gallery-layout-horizontal","11":"ast-product-tabs-layout-horizontal","13":"first","14":"instock","15":"purchasable","16":"product-type-simple"},"_links":{"self":[{"href":"https:\/\/reanpackaging.com\/cs\/wp-json\/wp\/v2\/product\/6911","targetHints":{"allow":["GET"]}}],"collection":[{"href":"https:\/\/reanpackaging.com\/cs\/wp-json\/wp\/v2\/product"}],"about":[{"href":"https:\/\/reanpackaging.com\/cs\/wp-json\/wp\/v2\/types\/product"}],"wp:featuredmedia":[{"embeddable":true,"href":"https:\/\/reanpackaging.com\/cs\/wp-json\/wp\/v2\/media\/6834"}],"wp:attachment":[{"href":"https:\/\/reanpackaging.com\/cs\/wp-json\/wp\/v2\/media?parent=6911"}],"wp:term":[{"taxonomy":"product_brand","embeddable":true,"href":"https:\/\/reanpackaging.com\/cs\/wp-json\/wp\/v2\/product_brand?post=6911"},{"taxonomy":"product_cat","embeddable":true,"href":"https:\/\/reanpackaging.com\/cs\/wp-json\/wp\/v2\/product_cat?post=6911"},{"taxonomy":"product_tag","embeddable":true,"href":"https:\/\/reanpackaging.com\/cs\/wp-json\/wp\/v2\/product_tag?post=6911"}],"curies":[{"name":"wp","href":"https:\/\/api.w.org\/{rel}","templated":true}]}}