{"id":6914,"date":"2023-09-21T13:22:09","date_gmt":"2023-09-21T13:22:09","guid":{"rendered":"http:\/\/ibn.wyd.mybluehost.me\/reanpackaging.com\/product\/factory-price-custom-mailing-bags-gift-poly-bubble-envelopes-mailers-padded-wrap\/"},"modified":"2024-10-01T16:58:46","modified_gmt":"2024-10-01T16:58:46","slug":"factory-price-custom-mailing-bags-gift-poly-bubble-envelopes-mailers-padded-wrap","status":"publish","type":"product","link":"https:\/\/reanpackaging.com\/cs\/produkt\/tovarni-cena-zakazkove-postovni-tasky-darek-poly-bublina-obalky-postaci-polstrovane-zabal\/","title":{"rendered":"Tov\u00e1rn\u00ed cena zak\u00e1zkov\u00e9 po\u0161tovn\u00ed ta\u0161ky d\u00e1rkov\u00e9 poly Bubble Envelopes Mailers Polstrovan\u00fd z\u00e1bal"},"content":{"rendered":"<h4>Atributy specifick\u00e9 pro dan\u00e9 odv\u011btv\u00ed<\/h4>\n<table border=\"1\">\n<tbody>\n<tr>\n<td><strong>Materi\u00e1l<\/strong><\/td>\n<td>Poly Bubble<\/td>\n<\/tr>\n<\/tbody>\n<\/table>\n<h4>Dal\u0161\u00ed atributy<\/h4>\n<table border=\"1\">\n<tbody>\n<tr>\n<td><strong>Pr\u016fmyslov\u00e9 vyu\u017eit\u00ed<\/strong><\/td>\n<td>D\u00e1rky a \u0159emesla<\/td>\n<\/tr>\n<tr>\n<td><strong>N\u00e1zev produktu<\/strong><\/td>\n<td>Ob\u00e1lka<\/td>\n<\/tr>\n<tr>\n<td><strong>Velikost<\/strong><\/td>\n<td>P\u0159ij\u00edm\u00e1 se vlastn\u00ed velikost<\/td>\n<\/tr>\n<tr>\n<td><strong>Funkce<\/strong><\/td>\n<td>Siln\u00e9 lepidlo<\/td>\n<\/tr>\n<\/tbody>\n<\/table>\n<p><img fetchpriority=\"high\" decoding=\"async\" class=\"alignnone  wp-image-7022\" src=\"http:\/\/ibn.wyd.mybluehost.me\/reanpackaging.com\/wp-content\/uploads\/2023\/09\/a-description-Factory-Price-Custom-Mailing-Bags-Gift-Poly-Bubble-Envelopes-Mailers-Padded-Wrap-300x297.jpg\" alt=\"tov\u00e1rn\u00ed cena zak\u00e1zkov\u00e9 po\u0161tovn\u00ed ta\u0161ky d\u00e1rek poly bublina ob\u00e1lky po\u0161\u0165\u00e1ci polstrovan\u00e9 z\u00e1bal\" width=\"1303\" height=\"1290\" srcset=\"https:\/\/reanpackaging.com\/wp-content\/uploads\/2023\/09\/a-description-Factory-Price-Custom-Mailing-Bags-Gift-Poly-Bubble-Envelopes-Mailers-Padded-Wrap-300x297.jpg 300w, https:\/\/reanpackaging.com\/wp-content\/uploads\/2023\/09\/a-description-Factory-Price-Custom-Mailing-Bags-Gift-Poly-Bubble-Envelopes-Mailers-Padded-Wrap-150x150.jpg 150w, https:\/\/reanpackaging.com\/wp-content\/uploads\/2023\/09\/a-description-Factory-Price-Custom-Mailing-Bags-Gift-Poly-Bubble-Envelopes-Mailers-Padded-Wrap-768x761.jpg 768w, https:\/\/reanpackaging.com\/wp-content\/uploads\/2023\/09\/a-description-Factory-Price-Custom-Mailing-Bags-Gift-Poly-Bubble-Envelopes-Mailers-Padded-Wrap-600x595.jpg 600w, https:\/\/reanpackaging.com\/wp-content\/uploads\/2023\/09\/a-description-Factory-Price-Custom-Mailing-Bags-Gift-Poly-Bubble-Envelopes-Mailers-Padded-Wrap-100x100.jpg 100w, https:\/\/reanpackaging.com\/wp-content\/uploads\/2023\/09\/a-description-Factory-Price-Custom-Mailing-Bags-Gift-Poly-Bubble-Envelopes-Mailers-Padded-Wrap.jpg 1000w\" sizes=\"(max-width: 1303px) 100vw, 1303px\" \/><\/p>\n<p><img decoding=\"async\" class=\"alignnone  wp-image-7024\" src=\"http:\/\/ibn.wyd.mybluehost.me\/reanpackaging.com\/wp-content\/uploads\/2023\/09\/b-description-Factory-Price-Custom-Mailing-Bags-Gift-Poly-Bubble-Envelopes-Mailers-Padded-Wrap-260x300.jpg\" alt=\"tov\u00e1rn\u00ed cena zak\u00e1zkov\u00e9 po\u0161tovn\u00ed ta\u0161ky d\u00e1rek poly bublina ob\u00e1lky po\u0161\u0165\u00e1ci polstrovan\u00e9 z\u00e1bal\" width=\"1253\" height=\"1446\" srcset=\"https:\/\/reanpackaging.com\/wp-content\/uploads\/2023\/09\/b-description-Factory-Price-Custom-Mailing-Bags-Gift-Poly-Bubble-Envelopes-Mailers-Padded-Wrap-260x300.jpg 260w, https:\/\/reanpackaging.com\/wp-content\/uploads\/2023\/09\/b-description-Factory-Price-Custom-Mailing-Bags-Gift-Poly-Bubble-Envelopes-Mailers-Padded-Wrap-768x885.jpg 768w, https:\/\/reanpackaging.com\/wp-content\/uploads\/2023\/09\/b-description-Factory-Price-Custom-Mailing-Bags-Gift-Poly-Bubble-Envelopes-Mailers-Padded-Wrap-600x691.jpg 600w\" sizes=\"(max-width: 1253px) 100vw, 1253px\" \/><\/p>\n<p><img decoding=\"async\" class=\"alignnone  wp-image-7025\" src=\"http:\/\/ibn.wyd.mybluehost.me\/reanpackaging.com\/wp-content\/uploads\/2023\/09\/d-description-Factory-Price-Custom-Mailing-Bags-Gift-Poly-Bubble-Envelopes-Mailers-Padded-Wrap-203x300.jpg\" alt=\"tov\u00e1rn\u00ed cena zak\u00e1zkov\u00e9 po\u0161tovn\u00ed ta\u0161ky d\u00e1rek poly bublina ob\u00e1lky po\u0161\u0165\u00e1ci polstrovan\u00e9 z\u00e1bal\" width=\"1254\" height=\"1853\" srcset=\"https:\/\/reanpackaging.com\/wp-content\/uploads\/2023\/09\/d-description-Factory-Price-Custom-Mailing-Bags-Gift-Poly-Bubble-Envelopes-Mailers-Padded-Wrap-203x300.jpg 203w, https:\/\/reanpackaging.com\/wp-content\/uploads\/2023\/09\/d-description-Factory-Price-Custom-Mailing-Bags-Gift-Poly-Bubble-Envelopes-Mailers-Padded-Wrap-693x1024.jpg 693w, https:\/\/reanpackaging.com\/wp-content\/uploads\/2023\/09\/d-description-Factory-Price-Custom-Mailing-Bags-Gift-Poly-Bubble-Envelopes-Mailers-Padded-Wrap-768x1134.jpg 768w, https:\/\/reanpackaging.com\/wp-content\/uploads\/2023\/09\/d-description-Factory-Price-Custom-Mailing-Bags-Gift-Poly-Bubble-Envelopes-Mailers-Padded-Wrap-600x886.jpg 600w, https:\/\/reanpackaging.com\/wp-content\/uploads\/2023\/09\/d-description-Factory-Price-Custom-Mailing-Bags-Gift-Poly-Bubble-Envelopes-Mailers-Padded-Wrap.jpg 1000w\" sizes=\"(max-width: 1254px) 100vw, 1254px\" \/><\/p>","protected":false},"excerpt":{"rendered":"<p>Specifick\u00e9 vlastnosti pro dan\u00fd obor Materi\u00e1l Poly Bubble Dal\u0161\u00ed vlastnosti Pr\u016fmyslov\u00e9 pou\u017eit\u00ed D\u00e1rkov\u00e9 a \u0159emesln\u00e9 zbo\u017e\u00ed N\u00e1zev produktu Velikost ob\u00e1lky P\u0159ijateln\u00e1 velikost Vlastnosti Siln\u00e9 lepidlo<\/p>","protected":false},"featured_media":6846,"template":"","meta":{"_seopress_robots_primary_cat":"none","_seopress_titles_title":"","_seopress_titles_desc":"","_seopress_robots_index":"","site-sidebar-layout":"default","site-content-layout":"default","ast-site-content-layout":"default","site-content-style":"default","site-sidebar-style":"default","ast-global-header-display":"","ast-banner-title-visibility":"","ast-main-header-display":"","ast-hfb-above-header-display":"","ast-hfb-below-header-display":"","ast-hfb-mobile-header-display":"","site-post-title":"","ast-breadcrumbs-content":"","ast-featured-img":"","footer-sml-layout":"","ast-disable-related-posts":"","theme-transparent-header-meta":"default","adv-header-id-meta":"","stick-header-meta":"default","header-above-stick-meta":"","header-main-stick-meta":"","header-below-stick-meta":"","astra-migrate-meta-layouts":"set","ast-page-background-enabled":"default","ast-page-background-meta":{"desktop":{"background-color":"","background-image":"","background-repeat":"repeat","background-position":"center center","background-size":"auto","background-attachment":"scroll","background-type":"","background-media":"","overlay-type":"","overlay-color":"","overlay-opacity":"","overlay-gradient":""},"tablet":{"background-color":"","background-image":"","background-repeat":"repeat","background-position":"center center","background-size":"auto","background-attachment":"scroll","background-type":"","background-media":"","overlay-type":"","overlay-color":"","overlay-opacity":"","overlay-gradient":""},"mobile":{"background-color":"","background-image":"","background-repeat":"repeat","background-position":"center center","background-size":"auto","background-attachment":"scroll","background-type":"","background-media":"","overlay-type":"","overlay-color":"","overlay-opacity":"","overlay-gradient":""}},"ast-content-background-meta":{"desktop":{"background-color":"var(--ast-global-color-5)","background-image":"","background-repeat":"repeat","background-position":"center center","background-size":"auto","background-attachment":"scroll","background-type":"","background-media":"","overlay-type":"","overlay-color":"","overlay-opacity":"","overlay-gradient":""},"tablet":{"background-color":"var(--ast-global-color-5)","background-image":"","background-repeat":"repeat","background-position":"center center","background-size":"auto","background-attachment":"scroll","background-type":"","background-media":"","overlay-type":"","overlay-color":"","overlay-opacity":"","overlay-gradient":""},"mobile":{"background-color":"var(--ast-global-color-5)","background-image":"","background-repeat":"repeat","background-position":"center center","background-size":"auto","background-attachment":"scroll","background-type":"","background-media":"","overlay-type":"","overlay-color":"","overlay-opacity":"","overlay-gradient":""}}},"product_brand":[],"product_cat":[45],"product_tag":[],"class_list":{"0":"post-6914","1":"product","2":"type-product","3":"status-publish","4":"has-post-thumbnail","6":"product_cat-bubble-wrap","7":"desktop-align-left","8":"tablet-align-left","9":"mobile-align-left","10":"ast-product-gallery-layout-horizontal","11":"ast-product-tabs-layout-horizontal","13":"first","14":"instock","15":"purchasable","16":"product-type-simple"},"_links":{"self":[{"href":"https:\/\/reanpackaging.com\/cs\/wp-json\/wp\/v2\/product\/6914","targetHints":{"allow":["GET"]}}],"collection":[{"href":"https:\/\/reanpackaging.com\/cs\/wp-json\/wp\/v2\/product"}],"about":[{"href":"https:\/\/reanpackaging.com\/cs\/wp-json\/wp\/v2\/types\/product"}],"wp:featuredmedia":[{"embeddable":true,"href":"https:\/\/reanpackaging.com\/cs\/wp-json\/wp\/v2\/media\/6846"}],"wp:attachment":[{"href":"https:\/\/reanpackaging.com\/cs\/wp-json\/wp\/v2\/media?parent=6914"}],"wp:term":[{"taxonomy":"product_brand","embeddable":true,"href":"https:\/\/reanpackaging.com\/cs\/wp-json\/wp\/v2\/product_brand?post=6914"},{"taxonomy":"product_cat","embeddable":true,"href":"https:\/\/reanpackaging.com\/cs\/wp-json\/wp\/v2\/product_cat?post=6914"},{"taxonomy":"product_tag","embeddable":true,"href":"https:\/\/reanpackaging.com\/cs\/wp-json\/wp\/v2\/product_tag?post=6914"}],"curies":[{"name":"wp","href":"https:\/\/api.w.org\/{rel}","templated":true}]}}