{"id":6919,"date":"2023-09-21T13:22:09","date_gmt":"2023-09-21T13:22:09","guid":{"rendered":"http:\/\/ibn.wyd.mybluehost.me\/reanpackaging.com\/product\/biodegradable-packaging-wrap-air-cushion-bubble-film-for-odm-oem-accept-custom-logo-color\/"},"modified":"2024-10-01T16:58:49","modified_gmt":"2024-10-01T16:58:49","slug":"biodegradable-packaging-wrap-air-cushion-bubble-film-for-odm-oem-accept-custom-logo-color","status":"publish","type":"product","link":"https:\/\/reanpackaging.com\/cs\/produkt\/biologicky-rozlozitelny-obalovy-zabal-vzduchovy-polstar-bublinkova-folie-pro-odm-oem-akceptuje-vlastni-barvu-loga\/","title":{"rendered":"Biologicky rozlo\u017eiteln\u00fd obalov\u00fd z\u00e1bal Vzduchov\u00fd pol\u0161t\u00e1\u0159 Bublinkov\u00e1 f\u00f3lie pro Odm Oem P\u0159ijm\u011bte vlastn\u00ed barvu loga"},"content":{"rendered":"<h4>Atributy specifick\u00e9 pro dan\u00e9 odv\u011btv\u00ed<\/h4>\n<table border=\"1\">\n<tbody>\n<tr>\n<td><strong>Materi\u00e1l<\/strong><\/td>\n<td>Dal\u0161\u00ed<\/td>\n<\/tr>\n<tr>\n<td><strong>Typ<\/strong><\/td>\n<td>Ochrann\u00e1 f\u00f3lie<\/td>\n<\/tr>\n<\/tbody>\n<\/table>\n<h4>Dal\u0161\u00ed atributy<\/h4>\n<table border=\"1\">\n<tbody>\n<tr>\n<td><strong>Certifik\u00e1ty<\/strong><\/td>\n<td>Certifikace CE, RoHs, PSE, MSDS atd.<\/td>\n<\/tr>\n<tr>\n<td><strong>Tov\u00e1rna<\/strong><\/td>\n<td>20-50lid\u00ed<\/td>\n<\/tr>\n<tr>\n<td><strong>Poprodejn\u00ed servis<\/strong><\/td>\n<td>Z\u00e1ruka na za\u0159\u00edzen\u00ed, odborn\u00e9 technick\u00e9 poradenstv\u00ed<\/td>\n<\/tr>\n<tr>\n<td><strong>Speci\u00e1ln\u00ed produkty<\/strong><\/td>\n<td>N\u00edzk\u00e1 hlu\u010dnost, vysok\u00e1 p\u0159esnost<\/td>\n<\/tr>\n<tr>\n<td><strong>Inova\u010dn\u00ed body<\/strong><\/td>\n<td>Inteligentn\u00ed ovl\u00e1d\u00e1n\u00ed<\/td>\n<\/tr>\n<tr>\n<td><strong>Zaji\u0161t\u011bn\u00ed kvality<\/strong><\/td>\n<td>Zkou\u0161ka tahem, podtlakov\u00fd tester, mezn\u00ed zkou\u0161ka gravita\u010dn\u00edho tlaku<\/td>\n<\/tr>\n<tr>\n<td><strong>V\u00fdzkum a v\u00fdvoj<\/strong><\/td>\n<td>5 profesion\u00e1ln\u00edch design\u00e9r\u016f<\/td>\n<\/tr>\n<tr>\n<td><strong>Mont\u00e1\u017en\u00ed odd\u011blen\u00ed<\/strong><\/td>\n<td>Mont\u00e1\u017en\u00ed linka pro 10-20 osob<\/td>\n<\/tr>\n<tr>\n<td><strong>V\u00fdrobn\u00ed linka<\/strong><\/td>\n<td>25 stroj\u016f na v\u00fdrobu s\u00e1\u010dk\u016f<\/td>\n<\/tr>\n<tr>\n<td><strong>Tov\u00e1rn\u00ed s\u00edla<\/strong><\/td>\n<td>Desetilet\u00e1 pevnostn\u00ed tov\u00e1rna<\/td>\n<\/tr>\n<\/tbody>\n<\/table>\n<p><img fetchpriority=\"high\" decoding=\"async\" class=\"alignnone  wp-image-7097\" src=\"http:\/\/ibn.wyd.mybluehost.me\/reanpackaging.com\/wp-content\/uploads\/2023\/09\/a-description-Biodegradable-Packaging-Wrap-Air-Cushion-Bubble-Film-For-Odm-Oem-Accept-Custom-Logo-Color-1-300x285.jpg\" alt=\"biologicky rozlo\u017eiteln\u00fd obalov\u00fd z\u00e1bal vzduchov\u00fd pol\u0161t\u00e1\u0159 bublinkov\u00e1 f\u00f3lie pro odm oem akceptuje vlastn\u00ed barvu loga\" width=\"1302\" height=\"1237\" srcset=\"https:\/\/reanpackaging.com\/wp-content\/uploads\/2023\/09\/a-description-Biodegradable-Packaging-Wrap-Air-Cushion-Bubble-Film-For-Odm-Oem-Accept-Custom-Logo-Color-1-300x285.jpg 300w, https:\/\/reanpackaging.com\/wp-content\/uploads\/2023\/09\/a-description-Biodegradable-Packaging-Wrap-Air-Cushion-Bubble-Film-For-Odm-Oem-Accept-Custom-Logo-Color-1-600x570.jpg 600w, https:\/\/reanpackaging.com\/wp-content\/uploads\/2023\/09\/a-description-Biodegradable-Packaging-Wrap-Air-Cushion-Bubble-Film-For-Odm-Oem-Accept-Custom-Logo-Color-1.jpg 750w\" sizes=\"(max-width: 1302px) 100vw, 1302px\" \/><\/p>\n<p><img decoding=\"async\" class=\"alignnone  wp-image-7098\" src=\"http:\/\/ibn.wyd.mybluehost.me\/reanpackaging.com\/wp-content\/uploads\/2023\/09\/b-description-Biodegradable-Packaging-Wrap-Air-Cushion-Bubble-Film-For-Odm-Oem-Accept-Custom-Logo-Color-1.jpg\" alt=\"biologicky rozlo\u017eiteln\u00fd obalov\u00fd z\u00e1bal vzduchov\u00fd pol\u0161t\u00e1\u0159 bublinkov\u00e1 f\u00f3lie pro odm oem akceptuje vlastn\u00ed barvu loga\" width=\"1302\" height=\"1302\" srcset=\"https:\/\/reanpackaging.com\/wp-content\/uploads\/2023\/09\/b-description-Biodegradable-Packaging-Wrap-Air-Cushion-Bubble-Film-For-Odm-Oem-Accept-Custom-Logo-Color-1.jpg 245w, https:\/\/reanpackaging.com\/wp-content\/uploads\/2023\/09\/b-description-Biodegradable-Packaging-Wrap-Air-Cushion-Bubble-Film-For-Odm-Oem-Accept-Custom-Logo-Color-1-150x150.jpg 150w, https:\/\/reanpackaging.com\/wp-content\/uploads\/2023\/09\/b-description-Biodegradable-Packaging-Wrap-Air-Cushion-Bubble-Film-For-Odm-Oem-Accept-Custom-Logo-Color-1-100x100.jpg 100w\" sizes=\"(max-width: 1302px) 100vw, 1302px\" \/><\/p>\n<p><img decoding=\"async\" class=\"alignnone  wp-image-7099\" src=\"http:\/\/ibn.wyd.mybluehost.me\/reanpackaging.com\/wp-content\/uploads\/2023\/09\/c-description-Biodegradable-Packaging-Wrap-Air-Cushion-Bubble-Film-For-Odm-Oem-Accept-Custom-Logo-Color-1.jpg\" alt=\"biologicky rozlo\u017eiteln\u00fd obalov\u00fd z\u00e1bal vzduchov\u00fd pol\u0161t\u00e1\u0159 bublinkov\u00e1 f\u00f3lie pro odm oem akceptuje vlastn\u00ed barvu loga\" width=\"1300\" height=\"1300\" srcset=\"https:\/\/reanpackaging.com\/wp-content\/uploads\/2023\/09\/c-description-Biodegradable-Packaging-Wrap-Air-Cushion-Bubble-Film-For-Odm-Oem-Accept-Custom-Logo-Color-1.jpg 245w, https:\/\/reanpackaging.com\/wp-content\/uploads\/2023\/09\/c-description-Biodegradable-Packaging-Wrap-Air-Cushion-Bubble-Film-For-Odm-Oem-Accept-Custom-Logo-Color-1-150x150.jpg 150w, https:\/\/reanpackaging.com\/wp-content\/uploads\/2023\/09\/c-description-Biodegradable-Packaging-Wrap-Air-Cushion-Bubble-Film-For-Odm-Oem-Accept-Custom-Logo-Color-1-100x100.jpg 100w\" sizes=\"(max-width: 1300px) 100vw, 1300px\" \/><\/p>\n<p><img loading=\"lazy\" decoding=\"async\" class=\"alignnone  wp-image-7100\" src=\"http:\/\/ibn.wyd.mybluehost.me\/reanpackaging.com\/wp-content\/uploads\/2023\/09\/d-description-Biodegradable-Packaging-Wrap-Air-Cushion-Bubble-Film-For-Odm-Oem-Accept-Custom-Logo-Color-1.jpg\" alt=\"biologicky rozlo\u017eiteln\u00fd obalov\u00fd z\u00e1bal vzduchov\u00fd pol\u0161t\u00e1\u0159 bublinkov\u00e1 f\u00f3lie pro odm oem akceptuje vlastn\u00ed barvu loga\" width=\"1301\" height=\"1301\" srcset=\"https:\/\/reanpackaging.com\/wp-content\/uploads\/2023\/09\/d-description-Biodegradable-Packaging-Wrap-Air-Cushion-Bubble-Film-For-Odm-Oem-Accept-Custom-Logo-Color-1.jpg 245w, https:\/\/reanpackaging.com\/wp-content\/uploads\/2023\/09\/d-description-Biodegradable-Packaging-Wrap-Air-Cushion-Bubble-Film-For-Odm-Oem-Accept-Custom-Logo-Color-1-150x150.jpg 150w, https:\/\/reanpackaging.com\/wp-content\/uploads\/2023\/09\/d-description-Biodegradable-Packaging-Wrap-Air-Cushion-Bubble-Film-For-Odm-Oem-Accept-Custom-Logo-Color-1-100x100.jpg 100w\" sizes=\"(max-width: 1301px) 100vw, 1301px\" \/><\/p>\n<p><img loading=\"lazy\" decoding=\"async\" class=\"alignnone  wp-image-7101\" src=\"http:\/\/ibn.wyd.mybluehost.me\/reanpackaging.com\/wp-content\/uploads\/2023\/09\/e-description-Biodegradable-Packaging-Wrap-Air-Cushion-Bubble-Film-For-Odm-Oem-Accept-Custom-Logo-Color-1-300x184.jpg\" alt=\"biologicky rozlo\u017eiteln\u00fd obalov\u00fd z\u00e1bal vzduchov\u00fd pol\u0161t\u00e1\u0159 bublinkov\u00e1 f\u00f3lie pro odm oem akceptuje vlastn\u00ed barvu loga\" width=\"1303\" height=\"799\" srcset=\"https:\/\/reanpackaging.com\/wp-content\/uploads\/2023\/09\/e-description-Biodegradable-Packaging-Wrap-Air-Cushion-Bubble-Film-For-Odm-Oem-Accept-Custom-Logo-Color-1-300x184.jpg 300w, https:\/\/reanpackaging.com\/wp-content\/uploads\/2023\/09\/e-description-Biodegradable-Packaging-Wrap-Air-Cushion-Bubble-Film-For-Odm-Oem-Accept-Custom-Logo-Color-1-600x368.jpg 600w, https:\/\/reanpackaging.com\/wp-content\/uploads\/2023\/09\/e-description-Biodegradable-Packaging-Wrap-Air-Cushion-Bubble-Film-For-Odm-Oem-Accept-Custom-Logo-Color-1.jpg 750w\" sizes=\"(max-width: 1303px) 100vw, 1303px\" \/><\/p>","protected":false},"excerpt":{"rendered":"<p>Industry-Specific Attributes Material Other Type Protective Film Other Attributes Certificates CE certification,RoHs,PSE,MSDS, etc. Factory 20-50people After-sales service Equipment warranty, professional technical guidance Special products Low noise, high precision Innovation points Intelligent control Quality assurance Tensile test, negative pressure tester, gravity pressure limit test Research and development 5 professional designers Assembly department Assembly line for 10-20 [&hellip;]<\/p>\n","protected":false},"featured_media":6884,"template":"","meta":{"_seopress_robots_primary_cat":"none","_seopress_titles_title":"","_seopress_titles_desc":"","_seopress_robots_index":"","site-sidebar-layout":"default","site-content-layout":"default","ast-site-content-layout":"default","site-content-style":"default","site-sidebar-style":"default","ast-global-header-display":"","ast-banner-title-visibility":"","ast-main-header-display":"","ast-hfb-above-header-display":"","ast-hfb-below-header-display":"","ast-hfb-mobile-header-display":"","site-post-title":"","ast-breadcrumbs-content":"","ast-featured-img":"","footer-sml-layout":"","ast-disable-related-posts":"","theme-transparent-header-meta":"default","adv-header-id-meta":"","stick-header-meta":"default","header-above-stick-meta":"","header-main-stick-meta":"","header-below-stick-meta":"","astra-migrate-meta-layouts":"set","ast-page-background-enabled":"default","ast-page-background-meta":{"desktop":{"background-color":"","background-image":"","background-repeat":"repeat","background-position":"center center","background-size":"auto","background-attachment":"scroll","background-type":"","background-media":"","overlay-type":"","overlay-color":"","overlay-opacity":"","overlay-gradient":""},"tablet":{"background-color":"","background-image":"","background-repeat":"repeat","background-position":"center center","background-size":"auto","background-attachment":"scroll","background-type":"","background-media":"","overlay-type":"","overlay-color":"","overlay-opacity":"","overlay-gradient":""},"mobile":{"background-color":"","background-image":"","background-repeat":"repeat","background-position":"center center","background-size":"auto","background-attachment":"scroll","background-type":"","background-media":"","overlay-type":"","overlay-color":"","overlay-opacity":"","overlay-gradient":""}},"ast-content-background-meta":{"desktop":{"background-color":"var(--ast-global-color-5)","background-image":"","background-repeat":"repeat","background-position":"center center","background-size":"auto","background-attachment":"scroll","background-type":"","background-media":"","overlay-type":"","overlay-color":"","overlay-opacity":"","overlay-gradient":""},"tablet":{"background-color":"var(--ast-global-color-5)","background-image":"","background-repeat":"repeat","background-position":"center center","background-size":"auto","background-attachment":"scroll","background-type":"","background-media":"","overlay-type":"","overlay-color":"","overlay-opacity":"","overlay-gradient":""},"mobile":{"background-color":"var(--ast-global-color-5)","background-image":"","background-repeat":"repeat","background-position":"center center","background-size":"auto","background-attachment":"scroll","background-type":"","background-media":"","overlay-type":"","overlay-color":"","overlay-opacity":"","overlay-gradient":""}}},"product_brand":[],"product_cat":[45],"product_tag":[],"class_list":{"0":"post-6919","1":"product","2":"type-product","3":"status-publish","4":"has-post-thumbnail","6":"product_cat-bubble-wrap","7":"desktop-align-left","8":"tablet-align-left","9":"mobile-align-left","10":"ast-product-gallery-layout-horizontal","11":"ast-product-tabs-layout-horizontal","13":"first","14":"instock","15":"purchasable","16":"product-type-simple"},"_links":{"self":[{"href":"https:\/\/reanpackaging.com\/cs\/wp-json\/wp\/v2\/product\/6919","targetHints":{"allow":["GET"]}}],"collection":[{"href":"https:\/\/reanpackaging.com\/cs\/wp-json\/wp\/v2\/product"}],"about":[{"href":"https:\/\/reanpackaging.com\/cs\/wp-json\/wp\/v2\/types\/product"}],"wp:featuredmedia":[{"embeddable":true,"href":"https:\/\/reanpackaging.com\/cs\/wp-json\/wp\/v2\/media\/6884"}],"wp:attachment":[{"href":"https:\/\/reanpackaging.com\/cs\/wp-json\/wp\/v2\/media?parent=6919"}],"wp:term":[{"taxonomy":"product_brand","embeddable":true,"href":"https:\/\/reanpackaging.com\/cs\/wp-json\/wp\/v2\/product_brand?post=6919"},{"taxonomy":"product_cat","embeddable":true,"href":"https:\/\/reanpackaging.com\/cs\/wp-json\/wp\/v2\/product_cat?post=6919"},{"taxonomy":"product_tag","embeddable":true,"href":"https:\/\/reanpackaging.com\/cs\/wp-json\/wp\/v2\/product_tag?post=6919"}],"curies":[{"name":"wp","href":"https:\/\/api.w.org\/{rel}","templated":true}]}}