{"id":7440,"date":"2023-09-23T08:35:21","date_gmt":"2023-09-23T08:35:21","guid":{"rendered":"http:\/\/ibn.wyd.mybluehost.me\/reanpackaging.com\/product\/heat-press-transfer-printing-tape-mug-sublimation-tape-polyimide-film-heat-resistance-tape\/"},"modified":"2023-09-23T11:55:57","modified_gmt":"2023-09-23T11:55:57","slug":"heat-press-transfer-printing-tape-mug-sublimation-tape-polyimide-film-heat-resistance-tape","status":"publish","type":"product","link":"https:\/\/reanpackaging.com\/cs\/produkt\/paska-pro-prenos-tisku-na-tepelnem-lisu-hrnek-sublimacni-paska-polyimidova-folie-paska-pro-tepelnou-odolnost\/","title":{"rendered":"P\u00e1ska pro sublima\u010dn\u00ed tisk hrnk\u016f Polyimidov\u00e1 f\u00f3lie P\u00e1ska pro tepelnou odolnost"},"content":{"rendered":"<h4>Atributy specifick\u00e9 pro dan\u00e9 odv\u011btv\u00ed<\/h4>\n<table border=\"1\">\n<tbody>\n<tr>\n<td><strong>Lepidlo<\/strong><\/td>\n<td>Akryl<\/td>\n<\/tr>\n<tr>\n<td><strong>Lepic\u00ed strana<\/strong><\/td>\n<td>Jednostrann\u00fd<\/td>\n<\/tr>\n<tr>\n<td><strong>Typ lepidla<\/strong><\/td>\n<td>Citliv\u00e9 na tlak, tavn\u00e9<\/td>\n<\/tr>\n<tr>\n<td><strong>Tisk designu<\/strong><\/td>\n<td>Nab\u00eddka tisku<\/td>\n<\/tr>\n<tr>\n<td><strong>Materi\u00e1l<\/strong><\/td>\n<td>pap\u00edr washi<\/td>\n<\/tr>\n<tr>\n<td><strong>Funkce<\/strong><\/td>\n<td>Vodot\u011bsn\u00e9<\/td>\n<\/tr>\n<tr>\n<td><strong>Pou\u017eijte<\/strong><\/td>\n<td>MASKOV\u00c1N\u00cd<\/td>\n<\/tr>\n<\/tbody>\n<\/table>\n<h4>Dal\u0161\u00ed atributy<\/h4>\n<table border=\"1\">\n<tbody>\n<tr>\n<td><strong>N\u00e1zev produktu<\/strong><\/td>\n<td>Polyimidov\u00e1 p\u00e1ska<\/td>\n<\/tr>\n<tr>\n<td><strong>Kl\u00ed\u010dov\u00e1 slova<\/strong><\/td>\n<td>Odolnost proti vysok\u00fdm teplot\u00e1m a korozi<\/td>\n<\/tr>\n<tr>\n<td><strong>Tlou\u0161\u0165ka<\/strong><\/td>\n<td>0.03-0.06<\/td>\n<\/tr>\n<\/tbody>\n<\/table>\n<p><img decoding=\"async\" class=\"detail-desc-decorate-image aligncenter\" style=\"max-width: 100%; height: auto; margin: 0 auto 5px;\" src=\"http:\/\/ibn.wyd.mybluehost.me\/reanpackaging.com\/wp-content\/uploads\/2023\/09\/2-description-Heat-Press-Transfer-Printing-Tape-Mug-Sublimation-Tape-Polyimide-Film-Heat-Resistance-Tape.jpg\" \/><br \/>\n<img decoding=\"async\" class=\"detail-desc-decorate-image aligncenter\" style=\"max-width: 100%; height: auto; margin: 0 auto 5px;\" src=\"http:\/\/ibn.wyd.mybluehost.me\/reanpackaging.com\/wp-content\/uploads\/2023\/09\/3-description-Heat-Press-Transfer-Printing-Tape-Mug-Sublimation-Tape-Polyimide-Film-Heat-Resistance-Tape.jpg\" \/><br \/>\n<img decoding=\"async\" class=\"detail-desc-decorate-image aligncenter\" style=\"max-width: 100%; height: auto; margin: 0 auto 5px;\" src=\"http:\/\/ibn.wyd.mybluehost.me\/reanpackaging.com\/wp-content\/uploads\/2023\/09\/4-description-Heat-Press-Transfer-Printing-Tape-Mug-Sublimation-Tape-Polyimide-Film-Heat-Resistance-Tape.jpg\" \/><br \/>\n<img decoding=\"async\" class=\"detail-desc-decorate-image aligncenter\" style=\"max-width: 100%; height: auto; margin: 0 auto 5px;\" src=\"http:\/\/ibn.wyd.mybluehost.me\/reanpackaging.com\/wp-content\/uploads\/2023\/09\/5-description-Heat-Press-Transfer-Printing-Tape-Mug-Sublimation-Tape-Polyimide-Film-Heat-Resistance-Tape.jpg\" \/><br \/>\n<img decoding=\"async\" class=\"detail-desc-decorate-image aligncenter\" style=\"max-width: 100%; height: auto; margin: 0 auto 5px;\" src=\"http:\/\/ibn.wyd.mybluehost.me\/reanpackaging.com\/wp-content\/uploads\/2023\/09\/6-description-Heat-Press-Transfer-Printing-Tape-Mug-Sublimation-Tape-Polyimide-Film-Heat-Resistance-Tape.jpg\" \/><br \/>\n<img decoding=\"async\" class=\"detail-desc-decorate-image aligncenter\" style=\"max-width: 100%; height: auto; margin: 0 auto 5px;\" src=\"http:\/\/ibn.wyd.mybluehost.me\/reanpackaging.com\/wp-content\/uploads\/2023\/09\/7-description-Heat-Press-Transfer-Printing-Tape-Mug-Sublimation-Tape-Polyimide-Film-Heat-Resistance-Tape.jpg\" \/><\/p>","protected":false},"excerpt":{"rendered":"<p>Specifick\u00e9 vlastnosti pro dan\u00fd obor Lepidlo Akryl\u00e1tov\u00e1 lepic\u00ed strana Jednostrann\u00e9 lepidlo Typ Tlakov\u011b citliv\u00e9, tavn\u00e9 Design Tisk Nab\u00eddka tisku Materi\u00e1l washi pap\u00edr Vlastnosti Vod\u011bodolnost Pou\u017eit\u00ed MASKOV\u00c1N\u00cd Dal\u0161\u00ed vlastnosti N\u00e1zev produktu Polyimidov\u00e1 p\u00e1ska Kl\u00ed\u010dov\u00e1 slova Odolnost proti vysok\u00fdm teplot\u00e1m a korozi Tlou\u0161\u0165ka 0,03-0,06<\/p>","protected":false},"featured_media":7391,"template":"","meta":{"_seopress_robots_primary_cat":"none","_seopress_titles_title":"","_seopress_titles_desc":"","_seopress_robots_index":"","site-sidebar-layout":"default","site-content-layout":"default","ast-site-content-layout":"default","site-content-style":"default","site-sidebar-style":"default","ast-global-header-display":"","ast-banner-title-visibility":"","ast-main-header-display":"","ast-hfb-above-header-display":"","ast-hfb-below-header-display":"","ast-hfb-mobile-header-display":"","site-post-title":"","ast-breadcrumbs-content":"","ast-featured-img":"","footer-sml-layout":"","ast-disable-related-posts":"","theme-transparent-header-meta":"default","adv-header-id-meta":"","stick-header-meta":"default","header-above-stick-meta":"","header-main-stick-meta":"","header-below-stick-meta":"","astra-migrate-meta-layouts":"default","ast-page-background-enabled":"default","ast-page-background-meta":{"desktop":{"background-color":"","background-image":"","background-repeat":"repeat","background-position":"center center","background-size":"auto","background-attachment":"scroll","background-type":"","background-media":"","overlay-type":"","overlay-color":"","overlay-opacity":"","overlay-gradient":""},"tablet":{"background-color":"","background-image":"","background-repeat":"repeat","background-position":"center center","background-size":"auto","background-attachment":"scroll","background-type":"","background-media":"","overlay-type":"","overlay-color":"","overlay-opacity":"","overlay-gradient":""},"mobile":{"background-color":"","background-image":"","background-repeat":"repeat","background-position":"center center","background-size":"auto","background-attachment":"scroll","background-type":"","background-media":"","overlay-type":"","overlay-color":"","overlay-opacity":"","overlay-gradient":""}},"ast-content-background-meta":{"desktop":{"background-color":"var(--ast-global-color-5)","background-image":"","background-repeat":"repeat","background-position":"center center","background-size":"auto","background-attachment":"scroll","background-type":"","background-media":"","overlay-type":"","overlay-color":"","overlay-opacity":"","overlay-gradient":""},"tablet":{"background-color":"var(--ast-global-color-5)","background-image":"","background-repeat":"repeat","background-position":"center center","background-size":"auto","background-attachment":"scroll","background-type":"","background-media":"","overlay-type":"","overlay-color":"","overlay-opacity":"","overlay-gradient":""},"mobile":{"background-color":"var(--ast-global-color-5)","background-image":"","background-repeat":"repeat","background-position":"center center","background-size":"auto","background-attachment":"scroll","background-type":"","background-media":"","overlay-type":"","overlay-color":"","overlay-opacity":"","overlay-gradient":""}}},"product_brand":[],"product_cat":[46],"product_tag":[],"class_list":{"0":"post-7440","1":"product","2":"type-product","3":"status-publish","4":"has-post-thumbnail","6":"product_cat-custom-print-tape","7":"desktop-align-left","8":"tablet-align-left","9":"mobile-align-left","10":"ast-product-gallery-layout-horizontal","11":"ast-product-tabs-layout-horizontal","13":"first","14":"instock","15":"product-type-simple"},"_links":{"self":[{"href":"https:\/\/reanpackaging.com\/cs\/wp-json\/wp\/v2\/product\/7440","targetHints":{"allow":["GET"]}}],"collection":[{"href":"https:\/\/reanpackaging.com\/cs\/wp-json\/wp\/v2\/product"}],"about":[{"href":"https:\/\/reanpackaging.com\/cs\/wp-json\/wp\/v2\/types\/product"}],"wp:featuredmedia":[{"embeddable":true,"href":"https:\/\/reanpackaging.com\/cs\/wp-json\/wp\/v2\/media\/7391"}],"wp:attachment":[{"href":"https:\/\/reanpackaging.com\/cs\/wp-json\/wp\/v2\/media?parent=7440"}],"wp:term":[{"taxonomy":"product_brand","embeddable":true,"href":"https:\/\/reanpackaging.com\/cs\/wp-json\/wp\/v2\/product_brand?post=7440"},{"taxonomy":"product_cat","embeddable":true,"href":"https:\/\/reanpackaging.com\/cs\/wp-json\/wp\/v2\/product_cat?post=7440"},{"taxonomy":"product_tag","embeddable":true,"href":"https:\/\/reanpackaging.com\/cs\/wp-json\/wp\/v2\/product_tag?post=7440"}],"curies":[{"name":"wp","href":"https:\/\/api.w.org\/{rel}","templated":true}]}}