{"id":7441,"date":"2023-09-23T08:35:21","date_gmt":"2023-09-23T08:35:21","guid":{"rendered":"http:\/\/ibn.wyd.mybluehost.me\/reanpackaging.com\/product\/adhesion-customized-printed-fragile-opp-packaging-tape-bopp-sticky-tape-with-logo\/"},"modified":"2023-09-23T08:35:23","modified_gmt":"2023-09-23T08:35:23","slug":"adhesion-customized-printed-fragile-opp-packaging-tape-bopp-sticky-tape-with-logo","status":"publish","type":"product","link":"https:\/\/reanpackaging.com\/cs\/produkt\/prilnavost-prizpusobene-tistene-krehke-opp-obalove-pasky-bopp-lepici-paska-s-logem\/","title":{"rendered":"P\u0159ilnavost P\u0159izp\u016fsoben\u00e9 ti\u0161t\u011bn\u00e9 k\u0159ehk\u00e9 Opp Balic\u00ed p\u00e1ska Bopp lepic\u00ed p\u00e1ska s logem"},"content":{"rendered":"<h4>Atributy specifick\u00e9 pro dan\u00e9 odv\u011btv\u00ed<\/h4>\n<table border=\"1\">\n<tr>\n<td><strong>Lepidlo<\/strong><\/td>\n<td>Akryl<\/td>\n<\/tr>\n<tr>\n<td><strong>Lepic\u00ed strana<\/strong><\/td>\n<td>Jednostrann\u00fd<\/td>\n<\/tr>\n<tr>\n<td><strong>Typ lepidla<\/strong><\/td>\n<td>Citliv\u00e9 na tlak<\/td>\n<\/tr>\n<tr>\n<td><strong>Tisk designu<\/strong><\/td>\n<td>Nab\u00eddka tisku<\/td>\n<\/tr>\n<tr>\n<td><strong>Materi\u00e1l<\/strong><\/td>\n<td>Bopp<\/td>\n<\/tr>\n<tr>\n<td><strong>Funkce<\/strong><\/td>\n<td>Vodot\u011bsn\u00e9<\/td>\n<\/tr>\n<tr>\n<td><strong>Pou\u017eijte<\/strong><\/td>\n<td>T\u011bsn\u011bn\u00ed karton\u016f<\/td>\n<\/tr>\n<\/table>\n<h4>Dal\u0161\u00ed atributy<\/h4>\n<table border=\"1\">\n<tr>\n<td><strong>N\u00e1zev produktu<\/strong><\/td>\n<td>Balic\u00ed p\u00e1ska BOPP<\/td>\n<\/tr>\n<tr>\n<td><strong>Certifik\u00e1ty<\/strong><\/td>\n<td>ISO9001<\/td>\n<\/tr>\n<tr>\n<td><strong>Uk\u00e1zka<\/strong><\/td>\n<td>Voln\u011b<\/td>\n<\/tr>\n<tr>\n<td><strong>MOQ<\/strong><\/td>\n<td>100 rol\u00ed<\/td>\n<\/tr>\n<tr>\n<td><strong>Doba dod\u00e1n\u00ed<\/strong><\/td>\n<td>3-5 dn\u00ed<\/td>\n<\/tr>\n<tr>\n<td><strong>Barvy<\/strong><\/td>\n<td>P\u0159izp\u016fsoben\u00e9 barvy<\/td>\n<\/tr>\n<tr>\n<td><strong>Tisk<\/strong><\/td>\n<td>Vlastn\u00ed tisk loga<\/td>\n<\/tr>\n<tr>\n<td><strong>Z\u00e1kladn\u00ed materi\u00e1l<\/strong><\/td>\n<td>Bopp Opp Film PVC<\/td>\n<\/tr>\n<tr>\n<td><strong>OEM<\/strong><\/td>\n<td>OEM Dostupn\u00e9<\/td>\n<\/tr>\n<tr>\n<td><strong>Platba<\/strong><\/td>\n<td>T Paypal<\/td>\n<\/tr>\n<\/table>\n<p><img decoding=\"async\" class=\"detail-desc-decorate-image\" src=\"http:\/\/ibn.wyd.mybluehost.me\/reanpackaging.com\/wp-content\/uploads\/2023\/09\/1-description-Adhesion-Customized-Printed-Fragile-Opp-Packaging-Tape-Bopp-Sticky-Tape-With-Logo.jpg\" slate-data-type=\"image\" style=\"max-width: 100%; height: auto; margin: 0 auto 5px;\"><br \/>\n<img decoding=\"async\" class=\"detail-desc-decorate-image\" src=\"http:\/\/ibn.wyd.mybluehost.me\/reanpackaging.com\/wp-content\/uploads\/2023\/09\/2-description-Adhesion-Customized-Printed-Fragile-Opp-Packaging-Tape-Bopp-Sticky-Tape-With-Logo.jpg\" slate-data-type=\"image\" style=\"max-width: 100%; height: auto; margin: 0 auto 5px;\"><br \/>\n<img decoding=\"async\" class=\"detail-desc-decorate-image\" src=\"http:\/\/ibn.wyd.mybluehost.me\/reanpackaging.com\/wp-content\/uploads\/2023\/09\/3-description-Adhesion-Customized-Printed-Fragile-Opp-Packaging-Tape-Bopp-Sticky-Tape-With-Logo.jpg\" slate-data-type=\"image\" style=\"max-width: 100%; height: auto; margin: 0 auto 5px;\"><br \/>\n<img decoding=\"async\" class=\"detail-desc-decorate-image\" src=\"http:\/\/ibn.wyd.mybluehost.me\/reanpackaging.com\/wp-content\/uploads\/2023\/09\/4-description-Adhesion-Customized-Printed-Fragile-Opp-Packaging-Tape-Bopp-Sticky-Tape-With-Logo.jpg\" slate-data-type=\"image\" style=\"max-width: 100%; height: auto; margin: 0 auto 5px;\"><br \/>\n<img decoding=\"async\" class=\"detail-desc-decorate-image\" src=\"http:\/\/ibn.wyd.mybluehost.me\/reanpackaging.com\/wp-content\/uploads\/2023\/09\/5-description-Adhesion-Customized-Printed-Fragile-Opp-Packaging-Tape-Bopp-Sticky-Tape-With-Logo.jpg\" slate-data-type=\"image\" style=\"max-width: 100%; height: auto; margin: 0 auto 5px;\"><br \/>\n<img decoding=\"async\" class=\"detail-desc-decorate-image\" src=\"http:\/\/ibn.wyd.mybluehost.me\/reanpackaging.com\/wp-content\/uploads\/2023\/09\/6-description-Adhesion-Customized-Printed-Fragile-Opp-Packaging-Tape-Bopp-Sticky-Tape-With-Logo.jpg\" slate-data-type=\"image\" style=\"max-width: 100%; height: auto; margin: 0 auto 5px;\"><br \/>\n<img decoding=\"async\" class=\"detail-desc-decorate-image\" src=\"http:\/\/ibn.wyd.mybluehost.me\/reanpackaging.com\/wp-content\/uploads\/2023\/09\/8-description-Adhesion-Customized-Printed-Fragile-Opp-Packaging-Tape-Bopp-Sticky-Tape-With-Logo.jpg\" slate-data-type=\"image\" style=\"max-width: 100%; height: auto; margin: 0 auto 5px;\"><\/p>","protected":false},"excerpt":{"rendered":"<p>Industry-Specific Attributes Adhesive Acrylic Adhesive Side Single Sided Adhesive Type Pressure Sensitive Design Printing Offer Printing Material Bopp Feature Waterproof Use Carton Sealing Other Attributes Product name BOPP Packaging Tape Certificates ISO9001 Sample Freely MOQ 100 Rolls Delivery time 3-5 Days Colors Customized Colors Printing Custom Logo Printing Base material Bopp Opp Film PVC OEM [&hellip;]<\/p>\n","protected":false},"featured_media":7267,"template":"","meta":{"_seopress_robots_primary_cat":"","_seopress_titles_title":"","_seopress_titles_desc":"","_seopress_robots_index":"","site-sidebar-layout":"default","site-content-layout":"","ast-site-content-layout":"default","site-content-style":"default","site-sidebar-style":"default","ast-global-header-display":"","ast-banner-title-visibility":"","ast-main-header-display":"","ast-hfb-above-header-display":"","ast-hfb-below-header-display":"","ast-hfb-mobile-header-display":"","site-post-title":"","ast-breadcrumbs-content":"","ast-featured-img":"","footer-sml-layout":"","ast-disable-related-posts":"","theme-transparent-header-meta":"","adv-header-id-meta":"","stick-header-meta":"","header-above-stick-meta":"","header-main-stick-meta":"","header-below-stick-meta":"","astra-migrate-meta-layouts":"default","ast-page-background-enabled":"default","ast-page-background-meta":{"desktop":{"background-color":"","background-image":"","background-repeat":"repeat","background-position":"center center","background-size":"auto","background-attachment":"scroll","background-type":"","background-media":"","overlay-type":"","overlay-color":"","overlay-opacity":"","overlay-gradient":""},"tablet":{"background-color":"","background-image":"","background-repeat":"repeat","background-position":"center center","background-size":"auto","background-attachment":"scroll","background-type":"","background-media":"","overlay-type":"","overlay-color":"","overlay-opacity":"","overlay-gradient":""},"mobile":{"background-color":"","background-image":"","background-repeat":"repeat","background-position":"center center","background-size":"auto","background-attachment":"scroll","background-type":"","background-media":"","overlay-type":"","overlay-color":"","overlay-opacity":"","overlay-gradient":""}},"ast-content-background-meta":{"desktop":{"background-color":"var(--ast-global-color-5)","background-image":"","background-repeat":"repeat","background-position":"center center","background-size":"auto","background-attachment":"scroll","background-type":"","background-media":"","overlay-type":"","overlay-color":"","overlay-opacity":"","overlay-gradient":""},"tablet":{"background-color":"var(--ast-global-color-5)","background-image":"","background-repeat":"repeat","background-position":"center center","background-size":"auto","background-attachment":"scroll","background-type":"","background-media":"","overlay-type":"","overlay-color":"","overlay-opacity":"","overlay-gradient":""},"mobile":{"background-color":"var(--ast-global-color-5)","background-image":"","background-repeat":"repeat","background-position":"center center","background-size":"auto","background-attachment":"scroll","background-type":"","background-media":"","overlay-type":"","overlay-color":"","overlay-opacity":"","overlay-gradient":""}}},"product_brand":[],"product_cat":[46],"product_tag":[],"class_list":{"0":"post-7441","1":"product","2":"type-product","3":"status-publish","4":"has-post-thumbnail","6":"product_cat-custom-print-tape","7":"desktop-align-left","8":"tablet-align-left","9":"mobile-align-left","10":"ast-product-gallery-layout-horizontal","11":"ast-product-tabs-layout-horizontal","13":"first","14":"instock","15":"product-type-simple"},"_links":{"self":[{"href":"https:\/\/reanpackaging.com\/cs\/wp-json\/wp\/v2\/product\/7441","targetHints":{"allow":["GET"]}}],"collection":[{"href":"https:\/\/reanpackaging.com\/cs\/wp-json\/wp\/v2\/product"}],"about":[{"href":"https:\/\/reanpackaging.com\/cs\/wp-json\/wp\/v2\/types\/product"}],"wp:featuredmedia":[{"embeddable":true,"href":"https:\/\/reanpackaging.com\/cs\/wp-json\/wp\/v2\/media\/7267"}],"wp:attachment":[{"href":"https:\/\/reanpackaging.com\/cs\/wp-json\/wp\/v2\/media?parent=7441"}],"wp:term":[{"taxonomy":"product_brand","embeddable":true,"href":"https:\/\/reanpackaging.com\/cs\/wp-json\/wp\/v2\/product_brand?post=7441"},{"taxonomy":"product_cat","embeddable":true,"href":"https:\/\/reanpackaging.com\/cs\/wp-json\/wp\/v2\/product_cat?post=7441"},{"taxonomy":"product_tag","embeddable":true,"href":"https:\/\/reanpackaging.com\/cs\/wp-json\/wp\/v2\/product_tag?post=7441"}],"curies":[{"name":"wp","href":"https:\/\/api.w.org\/{rel}","templated":true}]}}