{"id":7442,"date":"2023-09-23T08:35:21","date_gmt":"2023-09-23T08:35:21","guid":{"rendered":"http:\/\/ibn.wyd.mybluehost.me\/reanpackaging.com\/product\/custom-waterproof-printed-logo-bopp-packing-shipping-tape-adhesive-packaging-sealing-tapes-manufacturing-supplier\/"},"modified":"2024-10-01T16:57:46","modified_gmt":"2024-10-01T16:57:46","slug":"custom-waterproof-printed-logo-bopp-packing-shipping-tape-adhesive-packaging-sealing-tapes-manufacturing-supplier","status":"publish","type":"product","link":"https:\/\/reanpackaging.com\/cs\/produkt\/custom-waterproof-printed-logo-bopp-packing-shipping-tape-adhesive-packaging-sealing-tapes-manufacturing-supplier\/","title":{"rendered":"Vlastn\u00ed vodot\u011bsn\u00e9 ti\u0161t\u011bn\u00e9 logo Bopp Balen\u00ed P\u0159epravn\u00ed p\u00e1ska Lepic\u00ed obaly T\u011bsnic\u00ed p\u00e1sky V\u00fdrobn\u00ed dodavatel"},"content":{"rendered":"<h4>Atributy specifick\u00e9 pro dan\u00e9 odv\u011btv\u00ed<\/h4>\n<table border=\"1\">\n<tbody>\n<tr>\n<td><strong>Lepidlo<\/strong><\/td>\n<td>Silikon<\/td>\n<\/tr>\n<tr>\n<td><strong>Lepic\u00ed strana<\/strong><\/td>\n<td>Jednostrann\u00fd<\/td>\n<\/tr>\n<tr>\n<td><strong>Typ lepidla<\/strong><\/td>\n<td>Citliv\u00e9 na tlak, aktivovan\u00e9 vodou<\/td>\n<\/tr>\n<tr>\n<td><strong>Tisk designu<\/strong><\/td>\n<td>Nab\u00eddka tisku<\/td>\n<\/tr>\n<tr>\n<td><strong>Materi\u00e1l<\/strong><\/td>\n<td>Bopp, Clear bopp, washi pap\u00edr nebo jin\u00fd pap\u00edr<\/td>\n<\/tr>\n<tr>\n<td><strong>Funkce<\/strong><\/td>\n<td>Tepeln\u011b odoln\u00e9<\/td>\n<\/tr>\n<tr>\n<td><strong>Pou\u017eijte<\/strong><\/td>\n<td>T\u011bsn\u011bn\u00ed karton\u016f<\/td>\n<\/tr>\n<\/tbody>\n<\/table>\n<h4>Dal\u0161\u00ed atributy<\/h4>\n<table border=\"1\">\n<tbody>\n<tr>\n<td><strong>Barva<\/strong><\/td>\n<td>CMYK<\/td>\n<\/tr>\n<tr>\n<td><strong>\u0160\u00ed\u0159ka<\/strong><\/td>\n<td>40 mm, 45 mm, 50 mm atd.<\/td>\n<\/tr>\n<tr>\n<td><strong>D\u00e9lka<\/strong><\/td>\n<td>50 m, 100 m, 200 m atd.<\/td>\n<\/tr>\n<tr>\n<td><strong>Tlou\u0161\u0165ka<\/strong><\/td>\n<td>35mic-65mic<\/td>\n<\/tr>\n<tr>\n<td><strong>Aplikace<\/strong><\/td>\n<td>Kartonov\u00fd obal, DIY \u0159emesla atd.<\/td>\n<\/tr>\n<tr>\n<td><strong>Typ<\/strong><\/td>\n<td>Obecn\u00e9 Pou\u017eit\u00e9<\/td>\n<\/tr>\n<tr>\n<td><strong>Balen\u00ed<\/strong><\/td>\n<td>36 svitk\u016f\/48 svitk\u016f\/72 svitk\u016f\/ctn na m\u00edru<\/td>\n<\/tr>\n<tr>\n<td><strong>Logo<\/strong><\/td>\n<td>P\u0159izp\u016fsoben\u00e9 logo P\u0159ijateln\u00e9<\/td>\n<\/tr>\n<tr>\n<td><strong>Kl\u00ed\u010dov\u00e1 slova<\/strong><\/td>\n<td>balic\u00ed p\u00e1ska, balic\u00ed p\u00e1ska, vlastn\u00ed balic\u00ed p\u00e1ska<\/td>\n<\/tr>\n<tr>\n<td><strong>n\u00e1zev<\/strong><\/td>\n<td>Vlastn\u00ed balic\u00ed p\u00e1ska Bopp Shipping Tape Adhesive Packaging Sealing Tapes<\/td>\n<\/tr>\n<\/tbody>\n<\/table>\n<p><img decoding=\"async\" class=\"detail-desc-decorate-image aligncenter\" style=\"max-width: 100%; height: auto; margin: 0 auto 5px;\" src=\"http:\/\/ibn.wyd.mybluehost.me\/reanpackaging.com\/wp-content\/uploads\/2023\/09\/1-description-Custom-Waterproof-Printed-Logo-Bopp-Packing-Shipping-Tape-Adhesive-Packaging-Sealing-Tapes-Manufacturing-Supplier.jpg\" \/><br \/>\n<img decoding=\"async\" class=\"detail-desc-decorate-image aligncenter\" style=\"max-width: 100%; height: auto; margin: 0 auto 5px;\" src=\"http:\/\/ibn.wyd.mybluehost.me\/reanpackaging.com\/wp-content\/uploads\/2023\/09\/2-description-Custom-Waterproof-Printed-Logo-Bopp-Packing-Shipping-Tape-Adhesive-Packaging-Sealing-Tapes-Manufacturing-Supplier.jpg\" \/><br \/>\n<img decoding=\"async\" class=\"detail-desc-decorate-image aligncenter\" style=\"max-width: 100%; height: auto; margin: 0 auto 5px;\" src=\"http:\/\/ibn.wyd.mybluehost.me\/reanpackaging.com\/wp-content\/uploads\/2023\/09\/3-description-Custom-Waterproof-Printed-Logo-Bopp-Packing-Shipping-Tape-Adhesive-Packaging-Sealing-Tapes-Manufacturing-Supplier.jpg\" \/><br \/>\n<img decoding=\"async\" class=\"detail-desc-decorate-image aligncenter\" style=\"max-width: 100%; height: auto; margin: 0 auto 5px;\" src=\"http:\/\/ibn.wyd.mybluehost.me\/reanpackaging.com\/wp-content\/uploads\/2023\/09\/4-description-Custom-Waterproof-Printed-Logo-Bopp-Packing-Shipping-Tape-Adhesive-Packaging-Sealing-Tapes-Manufacturing-Supplier.jpg\" \/><br \/>\n<img decoding=\"async\" class=\"detail-desc-decorate-image aligncenter\" style=\"max-width: 100%; height: auto; margin: 0 auto 5px;\" src=\"http:\/\/ibn.wyd.mybluehost.me\/reanpackaging.com\/wp-content\/uploads\/2023\/09\/5-description-Custom-Waterproof-Printed-Logo-Bopp-Packing-Shipping-Tape-Adhesive-Packaging-Sealing-Tapes-Manufacturing-Supplier.jpg\" \/><br \/>\n<img decoding=\"async\" class=\"detail-desc-decorate-image aligncenter\" style=\"max-width: 100%; height: auto; margin: 0 auto 5px;\" src=\"http:\/\/ibn.wyd.mybluehost.me\/reanpackaging.com\/wp-content\/uploads\/2023\/09\/6-description-Custom-Waterproof-Printed-Logo-Bopp-Packing-Shipping-Tape-Adhesive-Packaging-Sealing-Tapes-Manufacturing-Supplier.jpg\" \/><br \/>\n<img decoding=\"async\" class=\"detail-desc-decorate-image aligncenter\" style=\"max-width: 100%; height: auto; margin: 0 auto 5px;\" src=\"http:\/\/ibn.wyd.mybluehost.me\/reanpackaging.com\/wp-content\/uploads\/2023\/09\/7-description-Custom-Waterproof-Printed-Logo-Bopp-Packing-Shipping-Tape-Adhesive-Packaging-Sealing-Tapes-Manufacturing-Supplier.jpg\" \/><\/p>","protected":false},"excerpt":{"rendered":"<p>Industry-Specific Attributes Adhesive Silicone Adhesive Side Single Sided Adhesive Type Pressure Sensitive, Water Activated Design Printing Offer Printing Material Bopp, Clear bopp, washi paper or other Feature Heat-Resistant Use Carton Sealing Other Attributes Color CMYK Width 40mm,45mm,50mm,etc Length 50m,100m,200m,etc Thickness 35mic-65mic Application Carton Package,DIY Crafts,etc Type General Used Packing 36rolls\/48rolls\/72rolls\/ctn customized Logo Customized Logo Acceptable [&hellip;]<\/p>\n","protected":false},"featured_media":7354,"template":"","meta":{"_seopress_robots_primary_cat":"none","_seopress_titles_title":"","_seopress_titles_desc":"","_seopress_robots_index":"","site-sidebar-layout":"default","site-content-layout":"default","ast-site-content-layout":"default","site-content-style":"default","site-sidebar-style":"default","ast-global-header-display":"","ast-banner-title-visibility":"","ast-main-header-display":"","ast-hfb-above-header-display":"","ast-hfb-below-header-display":"","ast-hfb-mobile-header-display":"","site-post-title":"","ast-breadcrumbs-content":"","ast-featured-img":"","footer-sml-layout":"","ast-disable-related-posts":"","theme-transparent-header-meta":"default","adv-header-id-meta":"","stick-header-meta":"default","header-above-stick-meta":"","header-main-stick-meta":"","header-below-stick-meta":"","astra-migrate-meta-layouts":"default","ast-page-background-enabled":"default","ast-page-background-meta":{"desktop":{"background-color":"","background-image":"","background-repeat":"repeat","background-position":"center center","background-size":"auto","background-attachment":"scroll","background-type":"","background-media":"","overlay-type":"","overlay-color":"","overlay-opacity":"","overlay-gradient":""},"tablet":{"background-color":"","background-image":"","background-repeat":"repeat","background-position":"center center","background-size":"auto","background-attachment":"scroll","background-type":"","background-media":"","overlay-type":"","overlay-color":"","overlay-opacity":"","overlay-gradient":""},"mobile":{"background-color":"","background-image":"","background-repeat":"repeat","background-position":"center center","background-size":"auto","background-attachment":"scroll","background-type":"","background-media":"","overlay-type":"","overlay-color":"","overlay-opacity":"","overlay-gradient":""}},"ast-content-background-meta":{"desktop":{"background-color":"var(--ast-global-color-5)","background-image":"","background-repeat":"repeat","background-position":"center center","background-size":"auto","background-attachment":"scroll","background-type":"","background-media":"","overlay-type":"","overlay-color":"","overlay-opacity":"","overlay-gradient":""},"tablet":{"background-color":"var(--ast-global-color-5)","background-image":"","background-repeat":"repeat","background-position":"center center","background-size":"auto","background-attachment":"scroll","background-type":"","background-media":"","overlay-type":"","overlay-color":"","overlay-opacity":"","overlay-gradient":""},"mobile":{"background-color":"var(--ast-global-color-5)","background-image":"","background-repeat":"repeat","background-position":"center center","background-size":"auto","background-attachment":"scroll","background-type":"","background-media":"","overlay-type":"","overlay-color":"","overlay-opacity":"","overlay-gradient":""}}},"product_brand":[],"product_cat":[46],"product_tag":[],"class_list":{"0":"post-7442","1":"product","2":"type-product","3":"status-publish","4":"has-post-thumbnail","6":"product_cat-custom-print-tape","7":"desktop-align-left","8":"tablet-align-left","9":"mobile-align-left","10":"ast-product-gallery-layout-horizontal","11":"ast-product-tabs-layout-horizontal","13":"first","14":"instock","15":"purchasable","16":"product-type-simple"},"_links":{"self":[{"href":"https:\/\/reanpackaging.com\/cs\/wp-json\/wp\/v2\/product\/7442","targetHints":{"allow":["GET"]}}],"collection":[{"href":"https:\/\/reanpackaging.com\/cs\/wp-json\/wp\/v2\/product"}],"about":[{"href":"https:\/\/reanpackaging.com\/cs\/wp-json\/wp\/v2\/types\/product"}],"wp:featuredmedia":[{"embeddable":true,"href":"https:\/\/reanpackaging.com\/cs\/wp-json\/wp\/v2\/media\/7354"}],"wp:attachment":[{"href":"https:\/\/reanpackaging.com\/cs\/wp-json\/wp\/v2\/media?parent=7442"}],"wp:term":[{"taxonomy":"product_brand","embeddable":true,"href":"https:\/\/reanpackaging.com\/cs\/wp-json\/wp\/v2\/product_brand?post=7442"},{"taxonomy":"product_cat","embeddable":true,"href":"https:\/\/reanpackaging.com\/cs\/wp-json\/wp\/v2\/product_cat?post=7442"},{"taxonomy":"product_tag","embeddable":true,"href":"https:\/\/reanpackaging.com\/cs\/wp-json\/wp\/v2\/product_tag?post=7442"}],"curies":[{"name":"wp","href":"https:\/\/api.w.org\/{rel}","templated":true}]}}