{"id":7450,"date":"2023-09-23T08:35:21","date_gmt":"2023-09-23T08:35:21","guid":{"rendered":"http:\/\/ibn.wyd.mybluehost.me\/reanpackaging.com\/product\/custom-printing-with-logo-reinforced-brown-gummed-water-activated-self-adhesive-eco-kraft-paper-packing-tape-jumbo-roll\/"},"modified":"2024-10-01T16:57:51","modified_gmt":"2024-10-01T16:57:51","slug":"custom-printing-with-logo-reinforced-brown-gummed-water-activated-self-adhesive-eco-kraft-paper-packing-tape-jumbo-roll","status":"publish","type":"product","link":"https:\/\/reanpackaging.com\/cs\/produkt\/custom-printing-with-logo-reinforced-brown-gummed-water-activated-self-adhesive-eco-kraft-paper-packing-tape-jumbo-roll\/","title":{"rendered":"Vlastn\u00ed tisk s logem Zes\u00edlen\u00e1 hn\u011bd\u00e1 gumov\u00e1 p\u00e1ska s aktivovanou vodou \/ samolepic\u00ed p\u00e1ska Eco Kraft Paper Packing Tape Jumbo Roll"},"content":{"rendered":"<h4>Atributy specifick\u00e9 pro dan\u00e9 odv\u011btv\u00ed<\/h4>\n<table border=\"1\">\n<tbody>\n<tr>\n<td><strong>Lepidlo<\/strong><\/td>\n<td>Akryl<\/td>\n<\/tr>\n<tr>\n<td><strong>Lepic\u00ed strana<\/strong><\/td>\n<td>Jednostrann\u00fd<\/td>\n<\/tr>\n<tr>\n<td><strong>Typ lepidla<\/strong><\/td>\n<td>citliv\u00e9 na tlak, vodou aktivovan\u00e9, tavn\u00e9<\/td>\n<\/tr>\n<tr>\n<td><strong>Tisk designu<\/strong><\/td>\n<td>Nab\u00eddka tisku<\/td>\n<\/tr>\n<tr>\n<td><strong>Materi\u00e1l<\/strong><\/td>\n<td>Kraftov\u00fd pap\u00edr<\/td>\n<\/tr>\n<tr>\n<td><strong>Funkce<\/strong><\/td>\n<td>ANTISTATIC<\/td>\n<\/tr>\n<tr>\n<td><strong>Pou\u017eijte<\/strong><\/td>\n<td>T\u011bsn\u011bn\u00ed karton\u016f<\/td>\n<\/tr>\n<\/tbody>\n<\/table>\n<h4>Dal\u0161\u00ed atributy<\/h4>\n<table border=\"1\">\n<tbody>\n<tr>\n<td><strong>Laskav\u00fd<\/strong><\/td>\n<td>Samolepic\u00ed\/aktivovan\u00fd vodou<\/td>\n<\/tr>\n<tr>\n<td><strong>Standardn\u00ed barva<\/strong><\/td>\n<td>Hn\u011bd\u00e1, b\u00edl\u00e1<\/td>\n<\/tr>\n<tr>\n<td><strong>Speci\u00e1ln\u00ed barva<\/strong><\/td>\n<td>\u010cerven\u00e1, zelen\u00e1, \u010dern\u00e1 atd.<\/td>\n<\/tr>\n<tr>\n<td><strong>Typ<\/strong><\/td>\n<td>Vyztu\u017een\u00e9\/prost\u00e9\/perforovan\u00e9<\/td>\n<\/tr>\n<tr>\n<td><strong>Lepidlo<\/strong><\/td>\n<td>Tavn\u00fd\/rozpou\u0161t\u011bdlov\u00fd akryl\/voda akryl\/pry\u017e<\/td>\n<\/tr>\n<tr>\n<td><strong>Velikost role Jumbo<\/strong><\/td>\n<td>1,02 m x 1000 m\/1200 m\/1500 m atd.<\/td>\n<\/tr>\n<tr>\n<td><strong>Velikost \u0159ezan\u00e9 role<\/strong><\/td>\n<td>24mm\/48mm\/50mm\/76mm x 25m\/50m atd.<\/td>\n<\/tr>\n<tr>\n<td><strong>Slu\u017eby na m\u00edru<\/strong><\/td>\n<td>Nab\u00eddka tisku loga, j\u00e1drov\u00e9ho tisku<\/td>\n<\/tr>\n<tr>\n<td><strong>Zp\u016fsob platby<\/strong><\/td>\n<td>T\/T, L\/C, D\/A, D\/P, O\/A, PayPal, Western Union atd.<\/td>\n<\/tr>\n<tr>\n<td><strong>Uk\u00e1zka<\/strong><\/td>\n<td>Zdarma<\/td>\n<\/tr>\n<\/tbody>\n<\/table>\n<p><img decoding=\"async\" class=\"detail-desc-decorate-image aligncenter\" style=\"max-width: 100%; height: auto; margin: 0 auto 5px;\" src=\"http:\/\/ibn.wyd.mybluehost.me\/reanpackaging.com\/wp-content\/uploads\/2023\/09\/1-description-Custom-Printing-With-Logo-Reinforced-Brown-Gummed-Water-Activated-Self-Adhesive-Eco-Kraft-Paper-Packing-Tape-Jumbo-Roll.jpg\" \/><br \/>\n<img decoding=\"async\" class=\"detail-desc-decorate-image aligncenter\" style=\"max-width: 100%; height: auto; margin: 0 auto 5px;\" src=\"http:\/\/ibn.wyd.mybluehost.me\/reanpackaging.com\/wp-content\/uploads\/2023\/09\/2-description-Custom-Printing-With-Logo-Reinforced-Brown-Gummed-Water-Activated-Self-Adhesive-Eco-Kraft-Paper-Packing-Tape-Jumbo-Roll.jpg\" \/><br \/>\n<img decoding=\"async\" class=\"detail-desc-decorate-image aligncenter\" style=\"max-width: 100%; height: auto; margin: 0 auto 5px;\" src=\"http:\/\/ibn.wyd.mybluehost.me\/reanpackaging.com\/wp-content\/uploads\/2023\/09\/3-description-Custom-Printing-With-Logo-Reinforced-Brown-Gummed-Water-Activated-Self-Adhesive-Eco-Kraft-Paper-Packing-Tape-Jumbo-Roll.jpg\" \/><br \/>\n<img decoding=\"async\" class=\"detail-desc-decorate-image aligncenter\" style=\"max-width: 100%; height: auto; margin: 0 auto 5px;\" src=\"http:\/\/ibn.wyd.mybluehost.me\/reanpackaging.com\/wp-content\/uploads\/2023\/09\/4-description-Custom-Printing-With-Logo-Reinforced-Brown-Gummed-Water-Activated-Self-Adhesive-Eco-Kraft-Paper-Packing-Tape-Jumbo-Roll.jpg\" \/><br \/>\n<img decoding=\"async\" class=\"detail-desc-decorate-image aligncenter\" style=\"max-width: 100%; height: auto; margin: 0 auto 5px;\" src=\"http:\/\/ibn.wyd.mybluehost.me\/reanpackaging.com\/wp-content\/uploads\/2023\/09\/5-description-Custom-Printing-With-Logo-Reinforced-Brown-Gummed-Water-Activated-Self-Adhesive-Eco-Kraft-Paper-Packing-Tape-Jumbo-Roll.jpg\" \/><br \/>\n<img decoding=\"async\" class=\"detail-desc-decorate-image aligncenter\" style=\"max-width: 100%; height: auto; margin: 0 auto 5px;\" src=\"http:\/\/ibn.wyd.mybluehost.me\/reanpackaging.com\/wp-content\/uploads\/2023\/09\/6-description-Custom-Printing-With-Logo-Reinforced-Brown-Gummed-Water-Activated-Self-Adhesive-Eco-Kraft-Paper-Packing-Tape-Jumbo-Roll.jpg\" \/><br \/>\n<img decoding=\"async\" class=\"detail-desc-decorate-image aligncenter\" style=\"max-width: 100%; height: auto; margin: 0 auto 5px;\" src=\"http:\/\/ibn.wyd.mybluehost.me\/reanpackaging.com\/wp-content\/uploads\/2023\/09\/7-description-Custom-Printing-With-Logo-Reinforced-Brown-Gummed-Water-Activated-Self-Adhesive-Eco-Kraft-Paper-Packing-Tape-Jumbo-Roll.jpg\" \/><\/p>","protected":false},"excerpt":{"rendered":"<p>Industry-Specific Attributes Adhesive Acrylic Adhesive Side Single Sided Adhesive Type Pressure Sensitive, Water Activated, Hot Melt Design Printing Offer Printing Material Kraft Paper Feature ANTISTATIC Use Carton Sealing Other Attributes Kind Self adhesive\/ water activated Standard color Brown, white Special color Red, Green, black, etc Type Reinforced\/plain\/perforated Adhesive Hot melt\/solvent acrylic\/water acrylic\/rubber Jumbo roll size [&hellip;]<\/p>\n","protected":false},"featured_media":7346,"template":"","meta":{"_seopress_robots_primary_cat":"none","_seopress_titles_title":"","_seopress_titles_desc":"","_seopress_robots_index":"","site-sidebar-layout":"default","site-content-layout":"default","ast-site-content-layout":"default","site-content-style":"default","site-sidebar-style":"default","ast-global-header-display":"","ast-banner-title-visibility":"","ast-main-header-display":"","ast-hfb-above-header-display":"","ast-hfb-below-header-display":"","ast-hfb-mobile-header-display":"","site-post-title":"","ast-breadcrumbs-content":"","ast-featured-img":"","footer-sml-layout":"","ast-disable-related-posts":"","theme-transparent-header-meta":"default","adv-header-id-meta":"","stick-header-meta":"default","header-above-stick-meta":"","header-main-stick-meta":"","header-below-stick-meta":"","astra-migrate-meta-layouts":"set","ast-page-background-enabled":"default","ast-page-background-meta":{"desktop":{"background-color":"","background-image":"","background-repeat":"repeat","background-position":"center center","background-size":"auto","background-attachment":"scroll","background-type":"","background-media":"","overlay-type":"","overlay-color":"","overlay-opacity":"","overlay-gradient":""},"tablet":{"background-color":"","background-image":"","background-repeat":"repeat","background-position":"center center","background-size":"auto","background-attachment":"scroll","background-type":"","background-media":"","overlay-type":"","overlay-color":"","overlay-opacity":"","overlay-gradient":""},"mobile":{"background-color":"","background-image":"","background-repeat":"repeat","background-position":"center center","background-size":"auto","background-attachment":"scroll","background-type":"","background-media":"","overlay-type":"","overlay-color":"","overlay-opacity":"","overlay-gradient":""}},"ast-content-background-meta":{"desktop":{"background-color":"var(--ast-global-color-5)","background-image":"","background-repeat":"repeat","background-position":"center center","background-size":"auto","background-attachment":"scroll","background-type":"","background-media":"","overlay-type":"","overlay-color":"","overlay-opacity":"","overlay-gradient":""},"tablet":{"background-color":"var(--ast-global-color-5)","background-image":"","background-repeat":"repeat","background-position":"center center","background-size":"auto","background-attachment":"scroll","background-type":"","background-media":"","overlay-type":"","overlay-color":"","overlay-opacity":"","overlay-gradient":""},"mobile":{"background-color":"var(--ast-global-color-5)","background-image":"","background-repeat":"repeat","background-position":"center center","background-size":"auto","background-attachment":"scroll","background-type":"","background-media":"","overlay-type":"","overlay-color":"","overlay-opacity":"","overlay-gradient":""}}},"product_brand":[],"product_cat":[46],"product_tag":[],"class_list":{"0":"post-7450","1":"product","2":"type-product","3":"status-publish","4":"has-post-thumbnail","6":"product_cat-custom-print-tape","7":"desktop-align-left","8":"tablet-align-left","9":"mobile-align-left","10":"ast-product-gallery-layout-horizontal","11":"ast-product-tabs-layout-horizontal","13":"first","14":"instock","15":"purchasable","16":"product-type-simple"},"_links":{"self":[{"href":"https:\/\/reanpackaging.com\/cs\/wp-json\/wp\/v2\/product\/7450","targetHints":{"allow":["GET"]}}],"collection":[{"href":"https:\/\/reanpackaging.com\/cs\/wp-json\/wp\/v2\/product"}],"about":[{"href":"https:\/\/reanpackaging.com\/cs\/wp-json\/wp\/v2\/types\/product"}],"wp:featuredmedia":[{"embeddable":true,"href":"https:\/\/reanpackaging.com\/cs\/wp-json\/wp\/v2\/media\/7346"}],"wp:attachment":[{"href":"https:\/\/reanpackaging.com\/cs\/wp-json\/wp\/v2\/media?parent=7450"}],"wp:term":[{"taxonomy":"product_brand","embeddable":true,"href":"https:\/\/reanpackaging.com\/cs\/wp-json\/wp\/v2\/product_brand?post=7450"},{"taxonomy":"product_cat","embeddable":true,"href":"https:\/\/reanpackaging.com\/cs\/wp-json\/wp\/v2\/product_cat?post=7450"},{"taxonomy":"product_tag","embeddable":true,"href":"https:\/\/reanpackaging.com\/cs\/wp-json\/wp\/v2\/product_tag?post=7450"}],"curies":[{"name":"wp","href":"https:\/\/api.w.org\/{rel}","templated":true}]}}