{"id":7745,"date":"2023-09-23T10:47:33","date_gmt":"2023-09-23T10:47:33","guid":{"rendered":"http:\/\/ibn.wyd.mybluehost.me\/reanpackaging.com\/product\/customised-promotional-recyclable-polypropylene-pp-laminated-tote-shopping-carry-non-woven-fabric-bag\/"},"modified":"2024-10-01T16:56:37","modified_gmt":"2024-10-01T16:56:37","slug":"customised-promotional-recyclable-polypropylene-pp-laminated-tote-shopping-carry-non-woven-fabric-bag","status":"publish","type":"product","link":"https:\/\/reanpackaging.com\/cs\/produkt\/customised-promotional-recyclable-polypropylene-pp-laminated-tote-shopping-carry-non-woven-fabric-bag\/","title":{"rendered":"P\u0159izp\u016fsoben\u00e9 propaga\u010dn\u00ed recyklovateln\u00e9 polypropylenu PP laminovan\u00e9 Tote n\u00e1kupn\u00ed Carry netkan\u00e9 textilie Bag"},"content":{"rendered":"<h4>Atributy specifick\u00e9 pro dan\u00e9 odv\u011btv\u00ed<\/h4>\n<table border=\"1\">\n<tbody>\n<tr>\n<td><strong>Materi\u00e1l<\/strong><\/td>\n<td>Netkan\u00e9 textilie<\/td>\n<\/tr>\n<\/tbody>\n<\/table>\n<h4>Dal\u0161\u00ed atributy<\/h4>\n<table border=\"1\">\n<tbody>\n<tr>\n<td><strong>Styl<\/strong><\/td>\n<td>Zpracov\u00e1no<\/td>\n<\/tr>\n<tr>\n<td><strong>Typ vzoru<\/strong><\/td>\n<td>Kreslen\u00fd film<\/td>\n<\/tr>\n<tr>\n<td><strong>Velikost<\/strong><\/td>\n<td>St\u0159edn\u00ed (30-50 cm)<\/td>\n<\/tr>\n<tr>\n<td><strong>Barva<\/strong><\/td>\n<td>P\u0159izp\u016fsoben\u00e1 barva<\/td>\n<\/tr>\n<tr>\n<td><strong>Funkce<\/strong><\/td>\n<td>Odoln\u00fd a opakovan\u011b pou\u017eiteln\u00fd \/ t\u011b\u017ek\u00fd provoz \/ \u0161etrn\u00fd k \u017eivotn\u00edmu prost\u0159ed\u00ed<\/td>\n<\/tr>\n<tr>\n<td><strong>Tisk<\/strong><\/td>\n<td>S\u00edtotisk \/ hlubotisk \/ tepeln\u00fd p\u0159enos atd.<\/td>\n<\/tr>\n<tr>\n<td><strong>Vzorov\u00e1 politika<\/strong><\/td>\n<td>Nab\u00edzen\u00fd vzorek zdarma<\/td>\n<\/tr>\n<tr>\n<td><strong>Velikost<\/strong><\/td>\n<td>P\u0159izp\u016fsoben\u00ed na z\u00e1klad\u011b va\u0161ich po\u017eadavk\u016f<\/td>\n<\/tr>\n<tr>\n<td><strong>Polo\u017eka<\/strong><\/td>\n<td>Ta\u0161ka z netkan\u00e9 textilie<\/td>\n<\/tr>\n<tr>\n<td><strong>Tlou\u0161\u0165ka<\/strong><\/td>\n<td>60-180GSM nebo na m\u00edru<\/td>\n<\/tr>\n<tr>\n<td><strong>Tov\u00e1rn\u00ed typ<\/strong><\/td>\n<td>12 let dod\u00e1vek plastov\u00fdch s\u00e1\u010dk\u016f z \u010c\u00edny<\/td>\n<\/tr>\n<tr>\n<td><strong>Certifik\u00e1ty<\/strong><\/td>\n<td>BSCI\/SGS\/REACH\/ISO9001:2008<\/td>\n<\/tr>\n<tr>\n<td><strong>Logo<\/strong><\/td>\n<td>P\u0159ijmout p\u0159izp\u016fsoben\u00e9 logo<\/td>\n<\/tr>\n<\/tbody>\n<\/table>\n<p><img decoding=\"async\" class=\"detail-desc-decorate-image aligncenter\" style=\"max-width: 100%; height: auto; margin: 0 auto 5px;\" src=\"http:\/\/ibn.wyd.mybluehost.me\/reanpackaging.com\/wp-content\/uploads\/2023\/09\/4-description-Customised-Promotional-Recyclable-Polypropylene-Pp-Laminated-Tote-Shopping-Carry-Non-Woven-Fabric-Bag.jpg\" \/><br \/>\n<img decoding=\"async\" class=\"detail-desc-decorate-image aligncenter\" style=\"max-width: 100%; height: auto; margin: 0 auto 5px;\" src=\"http:\/\/ibn.wyd.mybluehost.me\/reanpackaging.com\/wp-content\/uploads\/2023\/09\/5-description-Customised-Promotional-Recyclable-Polypropylene-Pp-Laminated-Tote-Shopping-Carry-Non-Woven-Fabric-Bag.jpg\" \/><br \/>\n<img decoding=\"async\" class=\"detail-desc-decorate-image aligncenter\" style=\"max-width: 100%; height: auto; margin: 0 auto 5px;\" src=\"http:\/\/ibn.wyd.mybluehost.me\/reanpackaging.com\/wp-content\/uploads\/2023\/09\/7-description-Customised-Promotional-Recyclable-Polypropylene-Pp-Laminated-Tote-Shopping-Carry-Non-Woven-Fabric-Bag.jpg\" \/><\/p>","protected":false},"excerpt":{"rendered":"<p>Industry-Specific Attributes Material Non-Woven Other Attributes Style Handled Pattern Type Cartoon Size Medium(30-50cm) Color Customized Color Feature Durable&amp;Reusable\/Heavy duty\/Eco-friendly Printing Silk Screen\/Gravure\/Heat-transfer,etc Sample policy Free sample offered Size Customized based on your requirement Item Non Woven Bag Thickness 60-180GSM or customized Factory type The 12 years china supplies of plastic bag Certificates BSCI\/SGS\/REACH\/ISO9001:2008 Logo Accept [&hellip;]<\/p>\n","protected":false},"featured_media":7654,"template":"","meta":{"_seopress_robots_primary_cat":"none","_seopress_titles_title":"","_seopress_titles_desc":"","_seopress_robots_index":"","site-sidebar-layout":"default","site-content-layout":"default","ast-site-content-layout":"default","site-content-style":"default","site-sidebar-style":"default","ast-global-header-display":"","ast-banner-title-visibility":"","ast-main-header-display":"","ast-hfb-above-header-display":"","ast-hfb-below-header-display":"","ast-hfb-mobile-header-display":"","site-post-title":"","ast-breadcrumbs-content":"","ast-featured-img":"","footer-sml-layout":"","ast-disable-related-posts":"","theme-transparent-header-meta":"default","adv-header-id-meta":"","stick-header-meta":"default","header-above-stick-meta":"","header-main-stick-meta":"","header-below-stick-meta":"","astra-migrate-meta-layouts":"set","ast-page-background-enabled":"default","ast-page-background-meta":{"desktop":{"background-color":"","background-image":"","background-repeat":"repeat","background-position":"center center","background-size":"auto","background-attachment":"scroll","background-type":"","background-media":"","overlay-type":"","overlay-color":"","overlay-opacity":"","overlay-gradient":""},"tablet":{"background-color":"","background-image":"","background-repeat":"repeat","background-position":"center center","background-size":"auto","background-attachment":"scroll","background-type":"","background-media":"","overlay-type":"","overlay-color":"","overlay-opacity":"","overlay-gradient":""},"mobile":{"background-color":"","background-image":"","background-repeat":"repeat","background-position":"center center","background-size":"auto","background-attachment":"scroll","background-type":"","background-media":"","overlay-type":"","overlay-color":"","overlay-opacity":"","overlay-gradient":""}},"ast-content-background-meta":{"desktop":{"background-color":"var(--ast-global-color-5)","background-image":"","background-repeat":"repeat","background-position":"center center","background-size":"auto","background-attachment":"scroll","background-type":"","background-media":"","overlay-type":"","overlay-color":"","overlay-opacity":"","overlay-gradient":""},"tablet":{"background-color":"var(--ast-global-color-5)","background-image":"","background-repeat":"repeat","background-position":"center center","background-size":"auto","background-attachment":"scroll","background-type":"","background-media":"","overlay-type":"","overlay-color":"","overlay-opacity":"","overlay-gradient":""},"mobile":{"background-color":"var(--ast-global-color-5)","background-image":"","background-repeat":"repeat","background-position":"center center","background-size":"auto","background-attachment":"scroll","background-type":"","background-media":"","overlay-type":"","overlay-color":"","overlay-opacity":"","overlay-gradient":""}}},"product_brand":[],"product_cat":[43,44,41],"product_tag":[],"class_list":{"0":"post-7745","1":"product","2":"type-product","3":"status-publish","4":"has-post-thumbnail","6":"product_cat-non-woven-bags","7":"product_cat-paper-bags","8":"product_cat-shopping-bags","9":"desktop-align-left","10":"tablet-align-left","11":"mobile-align-left","12":"ast-product-gallery-layout-horizontal","13":"ast-product-tabs-layout-horizontal","15":"first","16":"instock","17":"purchasable","18":"product-type-simple"},"_links":{"self":[{"href":"https:\/\/reanpackaging.com\/cs\/wp-json\/wp\/v2\/product\/7745","targetHints":{"allow":["GET"]}}],"collection":[{"href":"https:\/\/reanpackaging.com\/cs\/wp-json\/wp\/v2\/product"}],"about":[{"href":"https:\/\/reanpackaging.com\/cs\/wp-json\/wp\/v2\/types\/product"}],"wp:featuredmedia":[{"embeddable":true,"href":"https:\/\/reanpackaging.com\/cs\/wp-json\/wp\/v2\/media\/7654"}],"wp:attachment":[{"href":"https:\/\/reanpackaging.com\/cs\/wp-json\/wp\/v2\/media?parent=7745"}],"wp:term":[{"taxonomy":"product_brand","embeddable":true,"href":"https:\/\/reanpackaging.com\/cs\/wp-json\/wp\/v2\/product_brand?post=7745"},{"taxonomy":"product_cat","embeddable":true,"href":"https:\/\/reanpackaging.com\/cs\/wp-json\/wp\/v2\/product_cat?post=7745"},{"taxonomy":"product_tag","embeddable":true,"href":"https:\/\/reanpackaging.com\/cs\/wp-json\/wp\/v2\/product_tag?post=7745"}],"curies":[{"name":"wp","href":"https:\/\/api.w.org\/{rel}","templated":true}]}}