{"id":82281,"date":"2025-02-22T12:53:37","date_gmt":"2025-02-22T12:53:37","guid":{"rendered":"https:\/\/reanpackaging.com\/product\/creative-design-gift-box-pillow-shape-birthday-packaging-party-boxes-sweet-wedding-favor-pillow-boxes-candy-cookies\/"},"modified":"2025-02-22T13:05:46","modified_gmt":"2025-02-22T13:05:46","slug":"creative-design-gift-box-pillow-shape-birthday-packaging-party-boxes-sweet-wedding-favor-pillow-boxes-candy-cookies","status":"publish","type":"product","link":"https:\/\/reanpackaging.com\/cs\/produkt\/creative-design-gift-box-pillow-shape-birthday-packaging-party-boxes-sweet-wedding-favor-pillow-boxes-candy-cookies\/","title":{"rendered":"Kreativn\u00ed design D\u00e1rkov\u00e1 krabi\u010dka tvaru pol\u0161t\u00e1\u0159e Narozeninov\u00e9 balen\u00ed Party boxy Sladk\u00e1 svatebn\u00ed p\u0159\u00edze\u0148 Pol\u0161t\u00e1\u0159ov\u00e9 krabi\u010dky Cukrov\u00ed Cookies"},"content":{"rendered":"<h4>Atributy specifick\u00e9 pro dan\u00e9 odv\u011btv\u00ed<\/h4>\n<table border=\"1\">\n<tbody>\n<tr>\n<td><strong>Pr\u016fmyslov\u00e9 vyu\u017eit\u00ed<\/strong><\/td>\n<td>Potraviny<\/td>\n<\/tr>\n<tr>\n<td><strong>Typ pap\u00edru<\/strong><\/td>\n<td>Um\u011bleck\u00fd pap\u00edr<\/td>\n<\/tr>\n<tr>\n<td><strong>Funkce<\/strong><\/td>\n<td>Recyklovan\u00e9 materi\u00e1ly<\/td>\n<\/tr>\n<tr>\n<td><strong>typ krabice<\/strong><\/td>\n<td>Slo\u017eky<\/td>\n<\/tr>\n<\/tbody>\n<\/table>\n<h4>Dal\u0161\u00ed atributy<\/h4>\n<table border=\"1\">\n<tbody>\n<tr>\n<td><strong>Manipulace s tiskem<\/strong><\/td>\n<td>Matn\u00e1 laminace, lakov\u00e1n\u00ed, ra\u017eba, reli\u00e9fn\u00ed tisk, leskl\u00e1 laminace, UV lakov\u00e1n\u00ed, VANISHING, zlat\u00e1 f\u00f3lie<\/td>\n<\/tr>\n<tr>\n<td><strong>Vlastn\u00ed objedn\u00e1vka<\/strong><\/td>\n<td>P\u0159ijmout<\/td>\n<\/tr>\n<tr>\n<td><strong>Velikost<\/strong><\/td>\n<td>P\u0159ijmout na zak\u00e1zku<\/td>\n<\/tr>\n<tr>\n<td><strong>Uk\u00e1zka<\/strong><\/td>\n<td>Dostupn\u00e9 na<\/td>\n<\/tr>\n<\/tbody>\n<\/table>\n<p><img decoding=\"async\" class=\"detail-desc-decorate-image\" style=\"max-width: 100%; height: auto; display: block; margin: 0 auto;\" src=\"https:\/\/reanpackaging.com\/wp-content\/uploads\/2025\/02\/1-description-Creative-Design-Gift-Box-Pillow-Shape-Birthday-Packaging-Party-Boxes-Sweet-Wedding-Favor-Pillow-Boxes-Candy-Cookies-6.png\" \/><br \/>\n<img decoding=\"async\" class=\"detail-desc-decorate-image\" style=\"max-width: 100%; height: auto; display: block; margin: 0 auto;\" src=\"https:\/\/reanpackaging.com\/wp-content\/uploads\/2025\/02\/2-description-Creative-Design-Gift-Box-Pillow-Shape-Birthday-Packaging-Party-Boxes-Sweet-Wedding-Favor-Pillow-Boxes-Candy-Cookies-1.png\" \/><br \/>\n<img decoding=\"async\" class=\"detail-desc-decorate-image\" style=\"max-width: 100%; height: auto; display: block; margin: 0 auto;\" src=\"https:\/\/reanpackaging.com\/wp-content\/uploads\/2025\/02\/3-description-Creative-Design-Gift-Box-Pillow-Shape-Birthday-Packaging-Party-Boxes-Sweet-Wedding-Favor-Pillow-Boxes-Candy-Cookies.png\" \/><br \/>\n<img decoding=\"async\" class=\"detail-desc-decorate-image\" style=\"max-width: 100%; height: auto; display: block; margin: 0 auto;\" src=\"https:\/\/reanpackaging.com\/wp-content\/uploads\/2025\/02\/4-description-Creative-Design-Gift-Box-Pillow-Shape-Birthday-Packaging-Party-Boxes-Sweet-Wedding-Favor-Pillow-Boxes-Candy-Cookies.png\" \/><br \/>\n<img decoding=\"async\" class=\"detail-desc-decorate-image\" style=\"max-width: 100%; height: auto; display: block; margin: 0 auto;\" src=\"https:\/\/reanpackaging.com\/wp-content\/uploads\/2025\/02\/5-description-Creative-Design-Gift-Box-Pillow-Shape-Birthday-Packaging-Party-Boxes-Sweet-Wedding-Favor-Pillow-Boxes-Candy-Cookies.png\" \/><br \/>\n<img decoding=\"async\" class=\"detail-desc-decorate-image\" style=\"max-width: 100%; height: auto; display: block; margin: 0 auto;\" src=\"https:\/\/reanpackaging.com\/wp-content\/uploads\/2025\/02\/6-description-Creative-Design-Gift-Box-Pillow-Shape-Birthday-Packaging-Party-Boxes-Sweet-Wedding-Favor-Pillow-Boxes-Candy-Cookies.png\" \/><br \/>\n<img decoding=\"async\" class=\"detail-desc-decorate-image\" style=\"max-width: 100%; height: auto; display: block; margin: 0 auto;\" src=\"https:\/\/reanpackaging.com\/wp-content\/uploads\/2025\/02\/7-description-Creative-Design-Gift-Box-Pillow-Shape-Birthday-Packaging-Party-Boxes-Sweet-Wedding-Favor-Pillow-Boxes-Candy-Cookies.png\" \/><\/p>","protected":false},"excerpt":{"rendered":"<p>Specifick\u00e9 vlastnosti pro dan\u00fd pr\u016fmysl Pr\u016fmyslov\u00e9 pou\u017eit\u00ed Potravin\u00e1\u0159sk\u00fd pap\u00edr Typ Um\u011bleck\u00fd pap\u00edr Vlastnosti Recyklovan\u00e9 materi\u00e1ly Typ krabice Slo\u017eky Dal\u0161\u00ed vlastnosti Manipulace s tiskem Matn\u00e1 laminace, Lakov\u00e1n\u00ed, Raz\u00edtkov\u00e1n\u00ed, Reli\u00e9fn\u00ed tisk, Leskl\u00e1 laminace, UV lakov\u00e1n\u00ed, VANISHING, Zlat\u00e1 f\u00f3lie Zak\u00e1zkov\u00e1 objedn\u00e1vka P\u0159ijmout Velikost Customzied P\u0159ijmout Vzorek Dostupn\u00e9<\/p>","protected":false},"featured_media":80904,"template":"","meta":{"_seopress_robots_primary_cat":"none","_seopress_titles_title":"","_seopress_titles_desc":"","_seopress_robots_index":"","site-sidebar-layout":"default","site-content-layout":"","ast-site-content-layout":"default","site-content-style":"default","site-sidebar-style":"default","ast-global-header-display":"","ast-banner-title-visibility":"","ast-main-header-display":"","ast-hfb-above-header-display":"","ast-hfb-below-header-display":"","ast-hfb-mobile-header-display":"","site-post-title":"","ast-breadcrumbs-content":"","ast-featured-img":"","footer-sml-layout":"","ast-disable-related-posts":"","theme-transparent-header-meta":"default","adv-header-id-meta":"","stick-header-meta":"default","header-above-stick-meta":"","header-main-stick-meta":"","header-below-stick-meta":"","astra-migrate-meta-layouts":"set","ast-page-background-enabled":"default","ast-page-background-meta":{"desktop":{"background-color":"","background-image":"","background-repeat":"repeat","background-position":"center center","background-size":"auto","background-attachment":"scroll","background-type":"","background-media":"","overlay-type":"","overlay-color":"","overlay-opacity":"","overlay-gradient":""},"tablet":{"background-color":"","background-image":"","background-repeat":"repeat","background-position":"center center","background-size":"auto","background-attachment":"scroll","background-type":"","background-media":"","overlay-type":"","overlay-color":"","overlay-opacity":"","overlay-gradient":""},"mobile":{"background-color":"","background-image":"","background-repeat":"repeat","background-position":"center center","background-size":"auto","background-attachment":"scroll","background-type":"","background-media":"","overlay-type":"","overlay-color":"","overlay-opacity":"","overlay-gradient":""}},"ast-content-background-meta":{"desktop":{"background-color":"var(--ast-global-color-5)","background-image":"","background-repeat":"repeat","background-position":"center center","background-size":"auto","background-attachment":"scroll","background-type":"","background-media":"","overlay-type":"","overlay-color":"","overlay-opacity":"","overlay-gradient":""},"tablet":{"background-color":"var(--ast-global-color-5)","background-image":"","background-repeat":"repeat","background-position":"center center","background-size":"auto","background-attachment":"scroll","background-type":"","background-media":"","overlay-type":"","overlay-color":"","overlay-opacity":"","overlay-gradient":""},"mobile":{"background-color":"var(--ast-global-color-5)","background-image":"","background-repeat":"repeat","background-position":"center center","background-size":"auto","background-attachment":"scroll","background-type":"","background-media":"","overlay-type":"","overlay-color":"","overlay-opacity":"","overlay-gradient":""}}},"product_brand":[],"product_cat":[94],"product_tag":[],"class_list":{"0":"post-82281","1":"product","2":"type-product","3":"status-publish","4":"has-post-thumbnail","6":"product_cat-pillow-boxes","7":"desktop-align-left","8":"tablet-align-left","9":"mobile-align-left","10":"ast-product-gallery-layout-horizontal","11":"ast-product-tabs-layout-horizontal","13":"first","14":"instock","15":"product-type-simple"},"_links":{"self":[{"href":"https:\/\/reanpackaging.com\/cs\/wp-json\/wp\/v2\/product\/82281","targetHints":{"allow":["GET"]}}],"collection":[{"href":"https:\/\/reanpackaging.com\/cs\/wp-json\/wp\/v2\/product"}],"about":[{"href":"https:\/\/reanpackaging.com\/cs\/wp-json\/wp\/v2\/types\/product"}],"wp:featuredmedia":[{"embeddable":true,"href":"https:\/\/reanpackaging.com\/cs\/wp-json\/wp\/v2\/media\/80904"}],"wp:attachment":[{"href":"https:\/\/reanpackaging.com\/cs\/wp-json\/wp\/v2\/media?parent=82281"}],"wp:term":[{"taxonomy":"product_brand","embeddable":true,"href":"https:\/\/reanpackaging.com\/cs\/wp-json\/wp\/v2\/product_brand?post=82281"},{"taxonomy":"product_cat","embeddable":true,"href":"https:\/\/reanpackaging.com\/cs\/wp-json\/wp\/v2\/product_cat?post=82281"},{"taxonomy":"product_tag","embeddable":true,"href":"https:\/\/reanpackaging.com\/cs\/wp-json\/wp\/v2\/product_tag?post=82281"}],"curies":[{"name":"wp","href":"https:\/\/api.w.org\/{rel}","templated":true}]}}