{"id":82289,"date":"2025-02-22T12:53:37","date_gmt":"2025-02-22T12:53:37","guid":{"rendered":"https:\/\/reanpackaging.com\/product\/custom-elegant-gold-foil-logo-cardboard-paper-hair-pillow-boxes-bundle-wig-packaging-box-with-ribbon-handle-for-hair-extension\/"},"modified":"2025-02-22T13:08:48","modified_gmt":"2025-02-22T13:08:48","slug":"custom-elegant-gold-foil-logo-cardboard-paper-hair-pillow-boxes-bundle-wig-packaging-box-with-ribbon-handle-for-hair-extension","status":"publish","type":"product","link":"https:\/\/reanpackaging.com\/cs\/produkt\/custom-elegant-gold-foil-logo-cardboard-paper-hair-pillow-boxes-bundle-wig-packaging-box-with-ribbon-handle-for-hair-extension\/","title":{"rendered":"Vlastn\u00ed elegantn\u00ed zlat\u00e1 f\u00f3lie Logo Kartonov\u00e9 pap\u00edrov\u00e9 pol\u0161t\u00e1\u0159e na vlasy Svazek paruky Balen\u00ed Box s p\u00e1skou Rukoje\u0165 pro prodlou\u017een\u00ed vlas\u016f"},"content":{"rendered":"<h4>Atributy specifick\u00e9 pro dan\u00e9 odv\u011btv\u00ed<\/h4>\n<table border=\"1\">\n<tbody>\n<tr>\n<td><strong>Pr\u016fmyslov\u00e9 vyu\u017eit\u00ed<\/strong><\/td>\n<td>Osobn\u00ed p\u00e9\u010de<\/td>\n<\/tr>\n<tr>\n<td><strong>Typ pap\u00edru<\/strong><\/td>\n<td>Um\u011bleck\u00fd pap\u00edr<\/td>\n<\/tr>\n<tr>\n<td><strong>Funkce<\/strong><\/td>\n<td>Recyklovateln\u00e9<\/td>\n<\/tr>\n<tr>\n<td><strong>typ krabice<\/strong><\/td>\n<td>Ostatn\u00ed<\/td>\n<\/tr>\n<\/tbody>\n<\/table>\n<h4>Dal\u0161\u00ed atributy<\/h4>\n<table border=\"1\">\n<tbody>\n<tr>\n<td><strong>Tvar<\/strong><\/td>\n<td>Skl\u00e1dac\u00ed<\/td>\n<\/tr>\n<tr>\n<td><strong>Manipulace s tiskem<\/strong><\/td>\n<td>Reli\u00e9fn\u00ed ra\u017eba, leskl\u00e1 laminace, matn\u00e1 laminace, ra\u017eba, UV lakov\u00e1n\u00ed, lakov\u00e1n\u00ed<\/td>\n<\/tr>\n<tr>\n<td><strong>Vlastn\u00ed objedn\u00e1vka<\/strong><\/td>\n<td>P\u0159ijmout<\/td>\n<\/tr>\n<tr>\n<td><strong>N\u00e1zev polo\u017eky<\/strong><\/td>\n<td>Bambusov\u00e1 buni\u010dina recyklovan\u00e9 pap\u00edrov\u00e9 obaly vlastn\u00ed pol\u0161t\u00e1\u0159 box<\/td>\n<\/tr>\n<tr>\n<td><strong>Kl\u00ed\u010dov\u00e9 slovo<\/strong><\/td>\n<td>Krabice na pol\u0161t\u00e1\u0159e z bambusov\u00e9 buni\u010diny<\/td>\n<\/tr>\n<tr>\n<td><strong>Tisk<\/strong><\/td>\n<td>Ofsetov\u00fd tisk<\/td>\n<\/tr>\n<tr>\n<td><strong>Barva<\/strong><\/td>\n<td>CMYK\/Partone<\/td>\n<\/tr>\n<tr>\n<td><strong>Velikost<\/strong><\/td>\n<td>P\u0159ij\u00edm\u00e1 se vlastn\u00ed velikost<\/td>\n<\/tr>\n<tr>\n<td><strong>Design<\/strong><\/td>\n<td>ODM\/OEM<\/td>\n<\/tr>\n<tr>\n<td><strong>Tvar<\/strong><\/td>\n<td>Obd\u00e9ln\u00edkov\u00fd<\/td>\n<\/tr>\n<tr>\n<td><strong>Logo<\/strong><\/td>\n<td>Logo z\u00e1kazn\u00edka<\/td>\n<\/tr>\n<tr>\n<td><strong>Aplikace<\/strong><\/td>\n<td>Balen\u00ed vlas\u016f<\/td>\n<\/tr>\n<tr>\n<td><strong>Platba<\/strong><\/td>\n<td>Western Union, Paypal, T\/T<\/td>\n<\/tr>\n<\/tbody>\n<\/table>\n<p><img decoding=\"async\" class=\"detail-desc-decorate-image\" style=\"max-width: 100%; height: auto; display: block; margin: 0 auto;\" src=\"https:\/\/reanpackaging.com\/wp-content\/uploads\/2025\/02\/1-description-Custom-Elegant-Gold-Foil-Logo-Cardboard-Paper-Hair-Pillow-Boxes-Bundle-Wig-Packaging-Box-With-Ribbon-Handle-For-Hair-Extension-6.jpg\" \/><br \/>\n<img decoding=\"async\" class=\"detail-desc-decorate-image\" style=\"max-width: 100%; height: auto; display: block; margin: 0 auto;\" src=\"https:\/\/reanpackaging.com\/wp-content\/uploads\/2025\/02\/2-description-Custom-Elegant-Gold-Foil-Logo-Cardboard-Paper-Hair-Pillow-Boxes-Bundle-Wig-Packaging-Box-With-Ribbon-Handle-For-Hair-Extension-1.jpg\" \/><br \/>\n<img decoding=\"async\" class=\"detail-desc-decorate-image\" style=\"max-width: 100%; height: auto; display: block; margin: 0 auto;\" src=\"https:\/\/reanpackaging.com\/wp-content\/uploads\/2025\/02\/3-description-Custom-Elegant-Gold-Foil-Logo-Cardboard-Paper-Hair-Pillow-Boxes-Bundle-Wig-Packaging-Box-With-Ribbon-Handle-For-Hair-Extension.jpg\" \/><br \/>\n<img decoding=\"async\" class=\"detail-desc-decorate-image\" style=\"max-width: 100%; height: auto; display: block; margin: 0 auto;\" src=\"https:\/\/reanpackaging.com\/wp-content\/uploads\/2025\/02\/4-description-Custom-Elegant-Gold-Foil-Logo-Cardboard-Paper-Hair-Pillow-Boxes-Bundle-Wig-Packaging-Box-With-Ribbon-Handle-For-Hair-Extension.jpg\" \/><br \/>\n<img decoding=\"async\" class=\"detail-desc-decorate-image\" style=\"max-width: 100%; height: auto; display: block; margin: 0 auto;\" src=\"https:\/\/reanpackaging.com\/wp-content\/uploads\/2025\/02\/5-description-Custom-Elegant-Gold-Foil-Logo-Cardboard-Paper-Hair-Pillow-Boxes-Bundle-Wig-Packaging-Box-With-Ribbon-Handle-For-Hair-Extension.jpg\" \/><br \/>\n<img decoding=\"async\" class=\"detail-desc-decorate-image\" style=\"max-width: 100%; height: auto; display: block; margin: 0 auto;\" src=\"https:\/\/reanpackaging.com\/wp-content\/uploads\/2025\/02\/6-description-Custom-Elegant-Gold-Foil-Logo-Cardboard-Paper-Hair-Pillow-Boxes-Bundle-Wig-Packaging-Box-With-Ribbon-Handle-For-Hair-Extension.jpg\" \/><br \/>\n<img decoding=\"async\" class=\"detail-desc-decorate-image\" style=\"max-width: 100%; height: auto; display: block; margin: 0 auto;\" src=\"https:\/\/reanpackaging.com\/wp-content\/uploads\/2025\/02\/7-description-Custom-Elegant-Gold-Foil-Logo-Cardboard-Paper-Hair-Pillow-Boxes-Bundle-Wig-Packaging-Box-With-Ribbon-Handle-For-Hair-Extension.jpg\" \/><br \/>\n<img decoding=\"async\" class=\"detail-desc-decorate-image\" style=\"max-width: 100%; height: auto; display: block; margin: 0 auto;\" src=\"https:\/\/reanpackaging.com\/wp-content\/uploads\/2025\/02\/8-description-Custom-Elegant-Gold-Foil-Logo-Cardboard-Paper-Hair-Pillow-Boxes-Bundle-Wig-Packaging-Box-With-Ribbon-Handle-For-Hair-Extension.jpg\" \/><br \/>\n<img decoding=\"async\" class=\"detail-desc-decorate-image\" style=\"max-width: 100%; height: auto; display: block; margin: 0 auto;\" src=\"https:\/\/reanpackaging.com\/wp-content\/uploads\/2025\/02\/9-description-Custom-Elegant-Gold-Foil-Logo-Cardboard-Paper-Hair-Pillow-Boxes-Bundle-Wig-Packaging-Box-With-Ribbon-Handle-For-Hair-Extension.jpg\" \/><\/p>","protected":false},"excerpt":{"rendered":"<p>Industry-Specific Attributes Industrial Use Personal Care Paper Type Art Paper Feature Recyclable box type Others Other Attributes Shape Foldable Printing Handling Embossing, Glossy Lamination, Matt Lamination, Stamping, UV Coating, Varnishing Custom Order Accept Item name Bamboo pulp recycled paper packaging boxes custom pillow box Keyword Bamboo pulp pillow box Printing Offset Printing Color CMYK\/Partone Size [&hellip;]<\/p>\n","protected":false},"featured_media":80921,"template":"","meta":{"_seopress_robots_primary_cat":"none","_seopress_titles_title":"","_seopress_titles_desc":"","_seopress_robots_index":"","site-sidebar-layout":"default","site-content-layout":"","ast-site-content-layout":"default","site-content-style":"default","site-sidebar-style":"default","ast-global-header-display":"","ast-banner-title-visibility":"","ast-main-header-display":"","ast-hfb-above-header-display":"","ast-hfb-below-header-display":"","ast-hfb-mobile-header-display":"","site-post-title":"","ast-breadcrumbs-content":"","ast-featured-img":"","footer-sml-layout":"","ast-disable-related-posts":"","theme-transparent-header-meta":"default","adv-header-id-meta":"","stick-header-meta":"default","header-above-stick-meta":"","header-main-stick-meta":"","header-below-stick-meta":"","astra-migrate-meta-layouts":"set","ast-page-background-enabled":"default","ast-page-background-meta":{"desktop":{"background-color":"","background-image":"","background-repeat":"repeat","background-position":"center center","background-size":"auto","background-attachment":"scroll","background-type":"","background-media":"","overlay-type":"","overlay-color":"","overlay-opacity":"","overlay-gradient":""},"tablet":{"background-color":"","background-image":"","background-repeat":"repeat","background-position":"center center","background-size":"auto","background-attachment":"scroll","background-type":"","background-media":"","overlay-type":"","overlay-color":"","overlay-opacity":"","overlay-gradient":""},"mobile":{"background-color":"","background-image":"","background-repeat":"repeat","background-position":"center center","background-size":"auto","background-attachment":"scroll","background-type":"","background-media":"","overlay-type":"","overlay-color":"","overlay-opacity":"","overlay-gradient":""}},"ast-content-background-meta":{"desktop":{"background-color":"var(--ast-global-color-5)","background-image":"","background-repeat":"repeat","background-position":"center center","background-size":"auto","background-attachment":"scroll","background-type":"","background-media":"","overlay-type":"","overlay-color":"","overlay-opacity":"","overlay-gradient":""},"tablet":{"background-color":"var(--ast-global-color-5)","background-image":"","background-repeat":"repeat","background-position":"center center","background-size":"auto","background-attachment":"scroll","background-type":"","background-media":"","overlay-type":"","overlay-color":"","overlay-opacity":"","overlay-gradient":""},"mobile":{"background-color":"var(--ast-global-color-5)","background-image":"","background-repeat":"repeat","background-position":"center center","background-size":"auto","background-attachment":"scroll","background-type":"","background-media":"","overlay-type":"","overlay-color":"","overlay-opacity":"","overlay-gradient":""}}},"product_brand":[],"product_cat":[94],"product_tag":[],"class_list":{"0":"post-82289","1":"product","2":"type-product","3":"status-publish","4":"has-post-thumbnail","6":"product_cat-pillow-boxes","7":"desktop-align-left","8":"tablet-align-left","9":"mobile-align-left","10":"ast-product-gallery-layout-horizontal","11":"ast-product-tabs-layout-horizontal","13":"first","14":"instock","15":"product-type-simple"},"_links":{"self":[{"href":"https:\/\/reanpackaging.com\/cs\/wp-json\/wp\/v2\/product\/82289","targetHints":{"allow":["GET"]}}],"collection":[{"href":"https:\/\/reanpackaging.com\/cs\/wp-json\/wp\/v2\/product"}],"about":[{"href":"https:\/\/reanpackaging.com\/cs\/wp-json\/wp\/v2\/types\/product"}],"wp:featuredmedia":[{"embeddable":true,"href":"https:\/\/reanpackaging.com\/cs\/wp-json\/wp\/v2\/media\/80921"}],"wp:attachment":[{"href":"https:\/\/reanpackaging.com\/cs\/wp-json\/wp\/v2\/media?parent=82289"}],"wp:term":[{"taxonomy":"product_brand","embeddable":true,"href":"https:\/\/reanpackaging.com\/cs\/wp-json\/wp\/v2\/product_brand?post=82289"},{"taxonomy":"product_cat","embeddable":true,"href":"https:\/\/reanpackaging.com\/cs\/wp-json\/wp\/v2\/product_cat?post=82289"},{"taxonomy":"product_tag","embeddable":true,"href":"https:\/\/reanpackaging.com\/cs\/wp-json\/wp\/v2\/product_tag?post=82289"}],"curies":[{"name":"wp","href":"https:\/\/api.w.org\/{rel}","templated":true}]}}