{"id":8418,"date":"2023-09-24T08:51:10","date_gmt":"2023-09-24T08:51:10","guid":{"rendered":"http:\/\/ibn.wyd.mybluehost.me\/reanpackaging.com\/product\/custom-logo-wedding-jewelry-packaging-fashion-style-earring-ring-necklace-velvet-jewelry-gift-box-with-bag\/"},"modified":"2024-10-01T16:54:13","modified_gmt":"2024-10-01T16:54:13","slug":"custom-logo-wedding-jewelry-packaging-fashion-style-earring-ring-necklace-velvet-jewelry-gift-box-with-bag","status":"publish","type":"product","link":"https:\/\/reanpackaging.com\/cs\/produkt\/custom-logo-wedding-jewelry-packaging-fashion-style-earring-ring-necklace-velvet-jewelry-gift-box-with-bag\/","title":{"rendered":"Vlastn\u00ed logo Svatebn\u00ed \u0161perky Balen\u00ed m\u00f3dn\u00ed styl N\u00e1u\u0161nice Prsten N\u00e1hrdeln\u00edk Sametov\u00e9 \u0161perky D\u00e1rkov\u00e1 krabi\u010dka s ta\u0161kou"},"content":{"rendered":"<h4>Atributy specifick\u00e9 pro dan\u00e9 odv\u011btv\u00ed<\/h4>\n<table border=\"1\">\n<tr>\n<td><strong>\u0160perkovnice Materi\u00e1l<\/strong><\/td>\n<td>Velvet<\/td>\n<\/tr>\n<\/table>\n<h4>Dal\u0161\u00ed atributy<\/h4>\n<table border=\"1\">\n<tr>\n<td><strong>N\u00e1zev produktu<\/strong><\/td>\n<td>Vlastn\u00ed logo Svatebn\u00ed m\u00f3dn\u00ed sametov\u00e9 \u0161perky D\u00e1rkov\u00e1 krabi\u010dka s ta\u0161kou<\/td>\n<\/tr>\n<tr>\n<td><strong>\u010c\u00edslo modelu:<\/strong><\/td>\n<td>JH004400<\/td>\n<\/tr>\n<tr>\n<td><strong>Pou\u017eit\u00ed<\/strong><\/td>\n<td>Krabi\u010dka na prsteny, krabi\u010dka na n\u00e1hrdeln\u00edky, krabi\u010dka na n\u00e1ramky, krabi\u010dka na \u0159et\u00edzky<\/td>\n<\/tr>\n<tr>\n<td><strong>\u0160perkovnice Materi\u00e1l<\/strong><\/td>\n<td>Velvet<\/td>\n<\/tr>\n<tr>\n<td><strong>Logo<\/strong><\/td>\n<td>P\u0159ijateln\u00e9 logo z\u00e1kazn\u00edka<\/td>\n<\/tr>\n<tr>\n<td><strong>MOQ<\/strong><\/td>\n<td>100<\/td>\n<\/tr>\n<tr>\n<td><strong>Balen\u00ed<\/strong><\/td>\n<td>Polybag, karton<\/td>\n<\/tr>\n<tr>\n<td><strong>Vlastn\u00ed objedn\u00e1vka<\/strong><\/td>\n<td>P\u0159ijmout<\/td>\n<\/tr>\n<tr>\n<td><strong>\u00darove\u0148<\/strong><\/td>\n<td>Luxusn\u00ed, Ru\u010dn\u00ed v\u00fdroba<\/td>\n<\/tr>\n<\/table>","protected":false},"excerpt":{"rendered":"<p>Industry-Specific Attributes Jewelry Boxes Material Velvet Other Attributes Product name Custom Logo Wedding Fashion Velvet Jewelry Gift Box with Bag Model Number: JH004400 Usage Ring Box,Necklaces Box,Bracelet Box, Chain Box Jewelry Boxes Material Velvet Logo Acceptable Customer&#8217;s Logo MOQ 100 Packing Polybag,Carton Custom Order Accept Level Luxury, Handmade<\/p>","protected":false},"featured_media":8306,"template":"","meta":{"_seopress_robots_primary_cat":"none","_seopress_titles_title":"","_seopress_titles_desc":"","_seopress_robots_index":"","site-sidebar-layout":"default","site-content-layout":"","ast-site-content-layout":"default","site-content-style":"default","site-sidebar-style":"default","ast-global-header-display":"","ast-banner-title-visibility":"","ast-main-header-display":"","ast-hfb-above-header-display":"","ast-hfb-below-header-display":"","ast-hfb-mobile-header-display":"","site-post-title":"","ast-breadcrumbs-content":"","ast-featured-img":"","footer-sml-layout":"","ast-disable-related-posts":"","theme-transparent-header-meta":"default","adv-header-id-meta":"","stick-header-meta":"default","header-above-stick-meta":"","header-main-stick-meta":"","header-below-stick-meta":"","astra-migrate-meta-layouts":"set","ast-page-background-enabled":"default","ast-page-background-meta":{"desktop":{"background-color":"","background-image":"","background-repeat":"repeat","background-position":"center center","background-size":"auto","background-attachment":"scroll","background-type":"","background-media":"","overlay-type":"","overlay-color":"","overlay-opacity":"","overlay-gradient":""},"tablet":{"background-color":"","background-image":"","background-repeat":"repeat","background-position":"center center","background-size":"auto","background-attachment":"scroll","background-type":"","background-media":"","overlay-type":"","overlay-color":"","overlay-opacity":"","overlay-gradient":""},"mobile":{"background-color":"","background-image":"","background-repeat":"repeat","background-position":"center center","background-size":"auto","background-attachment":"scroll","background-type":"","background-media":"","overlay-type":"","overlay-color":"","overlay-opacity":"","overlay-gradient":""}},"ast-content-background-meta":{"desktop":{"background-color":"var(--ast-global-color-5)","background-image":"","background-repeat":"repeat","background-position":"center center","background-size":"auto","background-attachment":"scroll","background-type":"","background-media":"","overlay-type":"","overlay-color":"","overlay-opacity":"","overlay-gradient":""},"tablet":{"background-color":"var(--ast-global-color-5)","background-image":"","background-repeat":"repeat","background-position":"center center","background-size":"auto","background-attachment":"scroll","background-type":"","background-media":"","overlay-type":"","overlay-color":"","overlay-opacity":"","overlay-gradient":""},"mobile":{"background-color":"var(--ast-global-color-5)","background-image":"","background-repeat":"repeat","background-position":"center center","background-size":"auto","background-attachment":"scroll","background-type":"","background-media":"","overlay-type":"","overlay-color":"","overlay-opacity":"","overlay-gradient":""}}},"product_brand":[],"product_cat":[39,29,32],"product_tag":[],"class_list":{"0":"post-8418","1":"product","2":"type-product","3":"status-publish","4":"has-post-thumbnail","6":"product_cat-gift-boxes","7":"product_cat-packaging-boxes","8":"product_cat-retail-packaging","9":"desktop-align-left","10":"tablet-align-left","11":"mobile-align-left","12":"ast-product-gallery-layout-horizontal","13":"ast-product-tabs-layout-horizontal","15":"first","16":"instock","17":"purchasable","18":"product-type-simple"},"_links":{"self":[{"href":"https:\/\/reanpackaging.com\/cs\/wp-json\/wp\/v2\/product\/8418","targetHints":{"allow":["GET"]}}],"collection":[{"href":"https:\/\/reanpackaging.com\/cs\/wp-json\/wp\/v2\/product"}],"about":[{"href":"https:\/\/reanpackaging.com\/cs\/wp-json\/wp\/v2\/types\/product"}],"wp:featuredmedia":[{"embeddable":true,"href":"https:\/\/reanpackaging.com\/cs\/wp-json\/wp\/v2\/media\/8306"}],"wp:attachment":[{"href":"https:\/\/reanpackaging.com\/cs\/wp-json\/wp\/v2\/media?parent=8418"}],"wp:term":[{"taxonomy":"product_brand","embeddable":true,"href":"https:\/\/reanpackaging.com\/cs\/wp-json\/wp\/v2\/product_brand?post=8418"},{"taxonomy":"product_cat","embeddable":true,"href":"https:\/\/reanpackaging.com\/cs\/wp-json\/wp\/v2\/product_cat?post=8418"},{"taxonomy":"product_tag","embeddable":true,"href":"https:\/\/reanpackaging.com\/cs\/wp-json\/wp\/v2\/product_tag?post=8418"}],"curies":[{"name":"wp","href":"https:\/\/api.w.org\/{rel}","templated":true}]}}