{"id":8806,"date":"2023-09-24T14:42:07","date_gmt":"2023-09-24T14:42:07","guid":{"rendered":"http:\/\/ibn.wyd.mybluehost.me\/reanpackaging.com\/product\/brown-moving-corrugated-carton-shipping-boxes-for-mail-shipping-boxes-12x12-factory-delivery-brown-box-packaging\/"},"modified":"2024-10-01T16:52:38","modified_gmt":"2024-10-01T16:52:38","slug":"brown-moving-corrugated-carton-shipping-boxes-for-mail-shipping-boxes-12x12-factory-delivery-brown-box-packaging","status":"publish","type":"product","link":"https:\/\/reanpackaging.com\/cs\/produkt\/brown-moving-corrugated-carton-shipping-boxes-for-mail-shipping-boxes-12x12-factory-delivery-brown-box-packaging\/","title":{"rendered":"Hn\u011bd\u00e9 st\u011bhov\u00e1n\u00ed vlnit\u00e9 kartonov\u00e9 p\u0159epravn\u00ed krabice pro po\u0161tovn\u00ed p\u0159epravn\u00ed krabice 12X12 Factory Delivery Brown Box Packaging"},"content":{"rendered":"<h4>Atributy specifick\u00e9 pro dan\u00e9 odv\u011btv\u00ed<\/h4>\n<table border=\"1\">\n<tr>\n<td><strong>Pr\u016fmyslov\u00e9 vyu\u017eit\u00ed<\/strong><\/td>\n<td>p\u0159eprava<\/td>\n<\/tr>\n<tr>\n<td><strong>Typ pap\u00edru<\/strong><\/td>\n<td>Vlnit\u00e1 lepenka<\/td>\n<\/tr>\n<tr>\n<td><strong>Funkce<\/strong><\/td>\n<td>Recyklovateln\u00e9<\/td>\n<\/tr>\n<\/table>\n<h4>Dal\u0161\u00ed atributy<\/h4>\n<table border=\"1\">\n<tr>\n<td><strong>Typ krabice<\/strong><\/td>\n<td>Samostaviteln\u00e9 boxy<\/td>\n<\/tr>\n<tr>\n<td><strong>Manipulace s tiskem<\/strong><\/td>\n<td>Reli\u00e9fn\u00ed ra\u017eba, leskl\u00e1 laminace, matn\u00e1 laminace, ra\u017eba, UV lakov\u00e1n\u00ed, lakov\u00e1n\u00ed<\/td>\n<\/tr>\n<tr>\n<td><strong>Vlastn\u00ed objedn\u00e1vka<\/strong><\/td>\n<td>P\u0159ijmout<\/td>\n<\/tr>\n<tr>\n<td><strong>Tvar<\/strong><\/td>\n<td>\u010dtverec<\/td>\n<\/tr>\n<tr>\n<td><strong>N\u00e1zev<\/strong><\/td>\n<td>P\u0159epravn\u00ed krabice z vlnit\u00e9 lepenky<\/td>\n<\/tr>\n<tr>\n<td><strong>V\u00fdhody krabic z vlnit\u00e9 lepenky<\/strong><\/td>\n<td>Vysok\u00e1 kvalita s konkurenceschopnou cenou<\/td>\n<\/tr>\n<tr>\n<td><strong>Certifikace krabice z vlnit\u00e9 lepenky<\/strong><\/td>\n<td>Funkce Recyklovateln\u00e9, vysok\u00e1 odolnost, libovoln\u00e1 barva jako voliteln\u00e9 mo\u017enosti<\/td>\n<\/tr>\n<tr>\n<td><strong>Velikost krabice z vlnit\u00e9 lepenky<\/strong><\/td>\n<td>P\u0159izp\u016fsoben\u00e1 velikost<\/td>\n<\/tr>\n<tr>\n<td><strong>Materi\u00e1l krabice z vlnit\u00e9 lepenky<\/strong><\/td>\n<td>Kraft pap\u00edr, vlnit\u00fd pap\u00edr v A, B, C, E, F, AB, BE, BC dr\u00e1\u017eky atd.<\/td>\n<\/tr>\n<tr>\n<td><strong>Dokon\u010dovac\u00ed proces krabice z vlnit\u00e9 lepenky<\/strong><\/td>\n<td>Leskl\u00e9\/matn\u00e9 lakov\u00e1n\u00ed\/laminov\u00e1n\u00ed, hork\u00e1 ra\u017eba sliver\/goden<\/td>\n<\/tr>\n<tr>\n<td><strong>P\u0159\u00edslu\u0161enstv\u00ed krabice z vlnit\u00e9 lepenky<\/strong><\/td>\n<td>Stu\u017eka, \u0161\u0148\u016frka, plastov\u00e1 rukoje\u0165, PVC okno, magnetick\u00e9 t\u011bsn\u011bn\u00ed nebo jin\u00e9.<\/td>\n<\/tr>\n<tr>\n<td><strong>Platba za vlnitou lepenku<\/strong><\/td>\n<td>L\/C, T\/T, Paypal nebo jin\u00e9<\/td>\n<\/tr>\n<tr>\n<td><strong>Doba dod\u00e1n\u00ed vlnit\u00e9 krabice<\/strong><\/td>\n<td>12-15 pracovn\u00edch dn\u016f po potvrzen\u00ed z\u00e1lohy a tiskov\u00e9ho n\u00e1tisku.<\/td>\n<\/tr>\n<tr>\n<td><strong>barva tisku krabic z vlnit\u00e9 lepenky<\/strong><\/td>\n<td>CMYK, PMS<\/td>\n<\/tr>\n<\/table>","protected":false},"excerpt":{"rendered":"<p>Industry-Specific Attributes Industrial Use shipping Paper Type Corrugated Board Feature Recyclable Other Attributes Box Type Self Erecting Boxes Printing Handling Embossing, Glossy Lamination, Matt Lamination, Stamping, UV Coating, Varnishing Custom Order Accept Shape square Name Corrugated carton shipping boxes Advantage of corrugated box High quality with competitive price Certification of corrugated box Feature Recyclable, high [&hellip;]<\/p>\n","protected":false},"featured_media":8624,"template":"","meta":{"_seopress_robots_primary_cat":"none","_seopress_titles_title":"","_seopress_titles_desc":"","_seopress_robots_index":"","site-sidebar-layout":"default","site-content-layout":"","ast-site-content-layout":"default","site-content-style":"default","site-sidebar-style":"default","ast-global-header-display":"","ast-banner-title-visibility":"","ast-main-header-display":"","ast-hfb-above-header-display":"","ast-hfb-below-header-display":"","ast-hfb-mobile-header-display":"","site-post-title":"","ast-breadcrumbs-content":"","ast-featured-img":"","footer-sml-layout":"","ast-disable-related-posts":"","theme-transparent-header-meta":"default","adv-header-id-meta":"","stick-header-meta":"default","header-above-stick-meta":"","header-main-stick-meta":"","header-below-stick-meta":"","astra-migrate-meta-layouts":"set","ast-page-background-enabled":"default","ast-page-background-meta":{"desktop":{"background-color":"","background-image":"","background-repeat":"repeat","background-position":"center center","background-size":"auto","background-attachment":"scroll","background-type":"","background-media":"","overlay-type":"","overlay-color":"","overlay-opacity":"","overlay-gradient":""},"tablet":{"background-color":"","background-image":"","background-repeat":"repeat","background-position":"center center","background-size":"auto","background-attachment":"scroll","background-type":"","background-media":"","overlay-type":"","overlay-color":"","overlay-opacity":"","overlay-gradient":""},"mobile":{"background-color":"","background-image":"","background-repeat":"repeat","background-position":"center center","background-size":"auto","background-attachment":"scroll","background-type":"","background-media":"","overlay-type":"","overlay-color":"","overlay-opacity":"","overlay-gradient":""}},"ast-content-background-meta":{"desktop":{"background-color":"var(--ast-global-color-5)","background-image":"","background-repeat":"repeat","background-position":"center center","background-size":"auto","background-attachment":"scroll","background-type":"","background-media":"","overlay-type":"","overlay-color":"","overlay-opacity":"","overlay-gradient":""},"tablet":{"background-color":"var(--ast-global-color-5)","background-image":"","background-repeat":"repeat","background-position":"center center","background-size":"auto","background-attachment":"scroll","background-type":"","background-media":"","overlay-type":"","overlay-color":"","overlay-opacity":"","overlay-gradient":""},"mobile":{"background-color":"var(--ast-global-color-5)","background-image":"","background-repeat":"repeat","background-position":"center center","background-size":"auto","background-attachment":"scroll","background-type":"","background-media":"","overlay-type":"","overlay-color":"","overlay-opacity":"","overlay-gradient":""}}},"product_brand":[],"product_cat":[29,48],"product_tag":[],"class_list":{"0":"post-8806","1":"product","2":"type-product","3":"status-publish","4":"has-post-thumbnail","6":"product_cat-packaging-boxes","7":"product_cat-shipping-boxes","8":"desktop-align-left","9":"tablet-align-left","10":"mobile-align-left","11":"ast-product-gallery-layout-horizontal","12":"ast-product-tabs-layout-horizontal","14":"first","15":"instock","16":"purchasable","17":"product-type-simple"},"_links":{"self":[{"href":"https:\/\/reanpackaging.com\/cs\/wp-json\/wp\/v2\/product\/8806","targetHints":{"allow":["GET"]}}],"collection":[{"href":"https:\/\/reanpackaging.com\/cs\/wp-json\/wp\/v2\/product"}],"about":[{"href":"https:\/\/reanpackaging.com\/cs\/wp-json\/wp\/v2\/types\/product"}],"wp:featuredmedia":[{"embeddable":true,"href":"https:\/\/reanpackaging.com\/cs\/wp-json\/wp\/v2\/media\/8624"}],"wp:attachment":[{"href":"https:\/\/reanpackaging.com\/cs\/wp-json\/wp\/v2\/media?parent=8806"}],"wp:term":[{"taxonomy":"product_brand","embeddable":true,"href":"https:\/\/reanpackaging.com\/cs\/wp-json\/wp\/v2\/product_brand?post=8806"},{"taxonomy":"product_cat","embeddable":true,"href":"https:\/\/reanpackaging.com\/cs\/wp-json\/wp\/v2\/product_cat?post=8806"},{"taxonomy":"product_tag","embeddable":true,"href":"https:\/\/reanpackaging.com\/cs\/wp-json\/wp\/v2\/product_tag?post=8806"}],"curies":[{"name":"wp","href":"https:\/\/api.w.org\/{rel}","templated":true}]}}