{"id":8812,"date":"2023-09-24T14:42:07","date_gmt":"2023-09-24T14:42:07","guid":{"rendered":"http:\/\/ibn.wyd.mybluehost.me\/reanpackaging.com\/product\/hot-sale-customized-boxes-for-packaging-kraft-paper-corrugated-clothes-shipping-paper-gift-mailing-box\/"},"modified":"2024-10-01T16:52:42","modified_gmt":"2024-10-01T16:52:42","slug":"hot-sale-customized-boxes-for-packaging-kraft-paper-corrugated-clothes-shipping-paper-gift-mailing-box","status":"publish","type":"product","link":"https:\/\/reanpackaging.com\/cs\/produkt\/horky-prodej-prizpusobene-krabice-pro-baleni-kraftoveho-papiru-vlnite-obleceni-prepravni-papirove-darkove-postovni-krabice\/","title":{"rendered":"Hot Sale P\u0159izp\u016fsoben\u00e9 krabice pro balen\u00ed Kraft Paper vlnit\u00fd od\u011bvn\u00ed pap\u00edr D\u00e1rkov\u00e1 po\u0161tovn\u00ed krabice"},"content":{"rendered":"<h4>Atributy specifick\u00e9 pro dan\u00e9 odv\u011btv\u00ed<\/h4>\n<table border=\"1\">\n<tr>\n<td><strong>Pr\u016fmyslov\u00e9 vyu\u017eit\u00ed<\/strong><\/td>\n<td>D\u00e1rky a \u0159emesla<\/td>\n<\/tr>\n<tr>\n<td><strong>Typ pap\u00edru<\/strong><\/td>\n<td>Vlnit\u00e1 lepenka<\/td>\n<\/tr>\n<tr>\n<td><strong>Funkce<\/strong><\/td>\n<td>Jednor\u00e1zov\u00e9<\/td>\n<\/tr>\n<\/table>\n<h4>Dal\u0161\u00ed atributy<\/h4>\n<table border=\"1\">\n<tr>\n<td><strong>Typ krabice<\/strong><\/td>\n<td>Pevn\u00e9 boxy<\/td>\n<\/tr>\n<tr>\n<td><strong>Manipulace s tiskem<\/strong><\/td>\n<td>Matn\u00e1 laminace, lakov\u00e1n\u00ed, ra\u017eba, reli\u00e9f, leskl\u00e1 laminace, UV povlak, VANISHING, zak\u00e1zkov\u00fd design<\/td>\n<\/tr>\n<tr>\n<td><strong>Vlastn\u00ed objedn\u00e1vka<\/strong><\/td>\n<td>P\u0159ijmout<\/td>\n<\/tr>\n<tr>\n<td><strong>Tvar<\/strong><\/td>\n<td>P\u0159izp\u016fsoben\u00e9 r\u016fzn\u00e9 tvary<\/td>\n<\/tr>\n<tr>\n<td><strong>N\u00e1zev produktu<\/strong><\/td>\n<td>Pap\u00edrov\u00e1 d\u00e1rkov\u00e1 krabi\u010dka<\/td>\n<\/tr>\n<tr>\n<td><strong>Uk\u00e1zka<\/strong><\/td>\n<td>Dostupn\u00e9 na<\/td>\n<\/tr>\n<tr>\n<td><strong>Doba vzorkov\u00e1n\u00ed<\/strong><\/td>\n<td>1-3 pracovn\u00ed dny<\/td>\n<\/tr>\n<tr>\n<td><strong>Design<\/strong><\/td>\n<td>P\u0159ij\u00edm\u00e1 se OEM<\/td>\n<\/tr>\n<tr>\n<td><strong>MOQ<\/strong><\/td>\n<td>500ks<\/td>\n<\/tr>\n<tr>\n<td><strong>Aplikace<\/strong><\/td>\n<td>Produkty Balen\u00ed Box<\/td>\n<\/tr>\n<tr>\n<td><strong>V\u00fdhoda<\/strong><\/td>\n<td>kompletn\u00ed certifikace<\/td>\n<\/tr>\n<tr>\n<td><strong>Logo<\/strong><\/td>\n<td>Logo z\u00e1kazn\u00edka<\/td>\n<\/tr>\n<tr>\n<td><strong>Pou\u017eit\u00ed<\/strong><\/td>\n<td>balen\u00ed kosmetick\u00e9 sady<\/td>\n<\/tr>\n<tr>\n<td><strong>Kl\u00ed\u010dov\u00e9 slovo<\/strong><\/td>\n<td>krabice pro balen\u00ed<\/td>\n<\/tr>\n<\/table>\n<p><img decoding=\"async\" class=\"detail-desc-decorate-image\" src=\"http:\/\/ibn.wyd.mybluehost.me\/reanpackaging.com\/wp-content\/uploads\/2023\/09\/10-description-Hot-Sale-Customized-Boxes-For-Packaging-Kraft-Paper-Corrugated-Clothes-Shipping-Paper-Gift-Mailing-Box.jpg\" slate-data-type=\"image\" style=\"max-width: 100%; height: auto; display: block; margin: 0 auto;\"><br \/>\n<img decoding=\"async\" class=\"detail-desc-decorate-image\" src=\"http:\/\/ibn.wyd.mybluehost.me\/reanpackaging.com\/wp-content\/uploads\/2023\/09\/11-description-Hot-Sale-Customized-Boxes-For-Packaging-Kraft-Paper-Corrugated-Clothes-Shipping-Paper-Gift-Mailing-Box.jpg\" slate-data-type=\"image\" style=\"max-width: 100%; height: auto; display: block; margin: 0 auto;\"><br \/>\n<img decoding=\"async\" class=\"detail-desc-decorate-image\" src=\"http:\/\/ibn.wyd.mybluehost.me\/reanpackaging.com\/wp-content\/uploads\/2023\/09\/6-description-Hot-Sale-Customized-Boxes-For-Packaging-Kraft-Paper-Corrugated-Clothes-Shipping-Paper-Gift-Mailing-Box.jpg\" slate-data-type=\"image\" style=\"max-width: 100%; height: auto; display: block; margin: 0 auto;\"><br \/>\n<img decoding=\"async\" class=\"detail-desc-decorate-image\" src=\"http:\/\/ibn.wyd.mybluehost.me\/reanpackaging.com\/wp-content\/uploads\/2023\/09\/8-description-Hot-Sale-Customized-Boxes-For-Packaging-Kraft-Paper-Corrugated-Clothes-Shipping-Paper-Gift-Mailing-Box.jpg\" slate-data-type=\"image\" style=\"max-width: 100%; height: auto; display: block; margin: 0 auto;\"><br \/>\n<img decoding=\"async\" class=\"detail-desc-decorate-image\" src=\"http:\/\/ibn.wyd.mybluehost.me\/reanpackaging.com\/wp-content\/uploads\/2023\/09\/9-description-Hot-Sale-Customized-Boxes-For-Packaging-Kraft-Paper-Corrugated-Clothes-Shipping-Paper-Gift-Mailing-Box.jpg\" slate-data-type=\"image\" style=\"max-width: 100%; height: auto; display: block; margin: 0 auto;\"><\/p>","protected":false},"excerpt":{"rendered":"<p>Industry-Specific Attributes Industrial Use Gift &#038; Craft Paper Type Corrugated Board Feature Disposable Other Attributes Box Type Rigid Boxes Printing Handling Matt Lamination, Varnishing, Stamping, Embossing, Glossy Lamination, UV Coating, VANISHING, Custom Design Custom Order Accept Shape Customized Different Shape Product name Paper Gift Box Sample Available Sample time 1-3 working days Design OEM accepted [&hellip;]<\/p>\n","protected":false},"featured_media":8754,"template":"","meta":{"_seopress_robots_primary_cat":"none","_seopress_titles_title":"","_seopress_titles_desc":"","_seopress_robots_index":"","site-sidebar-layout":"default","site-content-layout":"","ast-site-content-layout":"default","site-content-style":"default","site-sidebar-style":"default","ast-global-header-display":"","ast-banner-title-visibility":"","ast-main-header-display":"","ast-hfb-above-header-display":"","ast-hfb-below-header-display":"","ast-hfb-mobile-header-display":"","site-post-title":"","ast-breadcrumbs-content":"","ast-featured-img":"","footer-sml-layout":"","ast-disable-related-posts":"","theme-transparent-header-meta":"default","adv-header-id-meta":"","stick-header-meta":"default","header-above-stick-meta":"","header-main-stick-meta":"","header-below-stick-meta":"","astra-migrate-meta-layouts":"set","ast-page-background-enabled":"default","ast-page-background-meta":{"desktop":{"background-color":"","background-image":"","background-repeat":"repeat","background-position":"center center","background-size":"auto","background-attachment":"scroll","background-type":"","background-media":"","overlay-type":"","overlay-color":"","overlay-opacity":"","overlay-gradient":""},"tablet":{"background-color":"","background-image":"","background-repeat":"repeat","background-position":"center center","background-size":"auto","background-attachment":"scroll","background-type":"","background-media":"","overlay-type":"","overlay-color":"","overlay-opacity":"","overlay-gradient":""},"mobile":{"background-color":"","background-image":"","background-repeat":"repeat","background-position":"center center","background-size":"auto","background-attachment":"scroll","background-type":"","background-media":"","overlay-type":"","overlay-color":"","overlay-opacity":"","overlay-gradient":""}},"ast-content-background-meta":{"desktop":{"background-color":"var(--ast-global-color-5)","background-image":"","background-repeat":"repeat","background-position":"center center","background-size":"auto","background-attachment":"scroll","background-type":"","background-media":"","overlay-type":"","overlay-color":"","overlay-opacity":"","overlay-gradient":""},"tablet":{"background-color":"var(--ast-global-color-5)","background-image":"","background-repeat":"repeat","background-position":"center center","background-size":"auto","background-attachment":"scroll","background-type":"","background-media":"","overlay-type":"","overlay-color":"","overlay-opacity":"","overlay-gradient":""},"mobile":{"background-color":"var(--ast-global-color-5)","background-image":"","background-repeat":"repeat","background-position":"center center","background-size":"auto","background-attachment":"scroll","background-type":"","background-media":"","overlay-type":"","overlay-color":"","overlay-opacity":"","overlay-gradient":""}}},"product_brand":[],"product_cat":[29,48],"product_tag":[],"class_list":{"0":"post-8812","1":"product","2":"type-product","3":"status-publish","4":"has-post-thumbnail","6":"product_cat-packaging-boxes","7":"product_cat-shipping-boxes","8":"desktop-align-left","9":"tablet-align-left","10":"mobile-align-left","11":"ast-product-gallery-layout-horizontal","12":"ast-product-gallery-with-no-image","13":"ast-product-tabs-layout-horizontal","15":"first","16":"instock","17":"purchasable","18":"product-type-simple"},"_links":{"self":[{"href":"https:\/\/reanpackaging.com\/cs\/wp-json\/wp\/v2\/product\/8812","targetHints":{"allow":["GET"]}}],"collection":[{"href":"https:\/\/reanpackaging.com\/cs\/wp-json\/wp\/v2\/product"}],"about":[{"href":"https:\/\/reanpackaging.com\/cs\/wp-json\/wp\/v2\/types\/product"}],"wp:featuredmedia":[{"embeddable":true,"href":"https:\/\/reanpackaging.com\/cs\/wp-json\/wp\/v2\/media\/8754"}],"wp:attachment":[{"href":"https:\/\/reanpackaging.com\/cs\/wp-json\/wp\/v2\/media?parent=8812"}],"wp:term":[{"taxonomy":"product_brand","embeddable":true,"href":"https:\/\/reanpackaging.com\/cs\/wp-json\/wp\/v2\/product_brand?post=8812"},{"taxonomy":"product_cat","embeddable":true,"href":"https:\/\/reanpackaging.com\/cs\/wp-json\/wp\/v2\/product_cat?post=8812"},{"taxonomy":"product_tag","embeddable":true,"href":"https:\/\/reanpackaging.com\/cs\/wp-json\/wp\/v2\/product_tag?post=8812"}],"curies":[{"name":"wp","href":"https:\/\/api.w.org\/{rel}","templated":true}]}}