{"id":9267,"date":"2023-09-25T04:28:14","date_gmt":"2023-09-25T04:28:14","guid":{"rendered":"http:\/\/ibn.wyd.mybluehost.me\/reanpackaging.com\/product\/customized-logo-printing-food-packaging-bag-with-clear-window-standup-zipper-pouch-doypack-brown-kraft-paper-bag\/"},"modified":"2024-10-01T16:51:10","modified_gmt":"2024-10-01T16:51:10","slug":"customized-logo-printing-food-packaging-bag-with-clear-window-standup-zipper-pouch-doypack-brown-kraft-paper-bag","status":"publish","type":"product","link":"https:\/\/reanpackaging.com\/cs\/produkt\/customized-logo-printing-food-packaging-bag-with-clear-window-standup-zipper-pouch-doypack-brown-kraft-paper-bag\/","title":{"rendered":"P\u0159izp\u016fsoben\u00e9 logo Tisk potravin\u00e1\u0159sk\u00fdch obal\u016f s pr\u016fhledn\u00fdm oknem Standup Zip Pouch Doypack Brown Kraft Paper Bag"},"content":{"rendered":"<h4>Atributy specifick\u00e9 pro dan\u00e9 odv\u011btv\u00ed<\/h4>\n<table border=\"1\">\n<tr>\n<td><strong>Pr\u016fmyslov\u00e9 vyu\u017eit\u00ed<\/strong><\/td>\n<td>Potraviny<\/td>\n<\/tr>\n<tr>\n<td><strong>Typ pap\u00edru<\/strong><\/td>\n<td>Kraftov\u00fd pap\u00edr<\/td>\n<\/tr>\n<tr>\n<td><strong>Funkce<\/strong><\/td>\n<td>Jednor\u00e1zov\u00e9<\/td>\n<\/tr>\n<\/table>\n<h4>Dal\u0161\u00ed atributy<\/h4>\n<table border=\"1\">\n<tr>\n<td><strong>Manipulace s povrchem<\/strong><\/td>\n<td>Hlubotisk<\/td>\n<\/tr>\n<tr>\n<td><strong>T\u011bsn\u011bn\u00ed a rukoje\u0165<\/strong><\/td>\n<td>Tepeln\u00e9 t\u011bsn\u011bn\u00ed<\/td>\n<\/tr>\n<tr>\n<td><strong>Vlastn\u00ed objedn\u00e1vka<\/strong><\/td>\n<td>P\u0159ijmout<\/td>\n<\/tr>\n<tr>\n<td><strong>N\u00e1zev produktu<\/strong><\/td>\n<td>Stojanov\u00fd s\u00e1\u010dek na zip doypack hn\u011bd\u00fd kraftov\u00fd pap\u00edrov\u00fd s\u00e1\u010dek<\/td>\n<\/tr>\n<tr>\n<td><strong>Aplikace<\/strong><\/td>\n<td>Pap\u00edrov\u00fd s\u00e1\u010dek pro maloobchodn\u00ed prodej pro balen\u00ed ob\u010derstven\u00ed<\/td>\n<\/tr>\n<tr>\n<td><strong>Velikost a tlou\u0161\u0165ka<\/strong><\/td>\n<td>P\u0159izp\u016fsoben\u00e9<\/td>\n<\/tr>\n<tr>\n<td><strong>Barva<\/strong><\/td>\n<td>CMYK nebo Pantone, a\u017e 9 barev<\/td>\n<\/tr>\n<tr>\n<td><strong>Funkce<\/strong><\/td>\n<td>Povrch z m\u011bkk\u00e9ho kraftov\u00e9ho pap\u00edru s pr\u016fhledn\u00fdm ok\u00e9nkem<\/td>\n<\/tr>\n<tr>\n<td><strong>Typ tiskov\u00e9ho inkoustu<\/strong><\/td>\n<td>Nebenzenov\u00e9, potravin\u00e1\u0159sk\u00e9<\/td>\n<\/tr>\n<tr>\n<td><strong>Vzorky<\/strong><\/td>\n<td>Vzorky zdarma (nutn\u00e1 p\u0159eprava)<\/td>\n<\/tr>\n<tr>\n<td><strong>MOQ<\/strong><\/td>\n<td>10000 KS<\/td>\n<\/tr>\n<tr>\n<td><strong>Certifik\u00e1t<\/strong><\/td>\n<td>ISO9001, QS, SGS, ROHS, REACH<\/td>\n<\/tr>\n<tr>\n<td><strong>Soubor n\u00e1vrhu<\/strong><\/td>\n<td>AI PDF PSD CDR<\/td>\n<\/tr>\n<\/table>\n<p><img decoding=\"async\" class=\"detail-desc-decorate-image\" src=\"http:\/\/ibn.wyd.mybluehost.me\/reanpackaging.com\/wp-content\/uploads\/2023\/09\/1-description-Customized-Logo-Printing-Food-Packaging-Bag-With-Clear-Window-Standup-Zipper-Pouch-Doypack-Brown-Kraft-Paper-Bag.jpg\" slate-data-type=\"image\" style=\"max-width: 100%; height: auto; display: block; margin: 0 auto;\"><br \/>\n<img decoding=\"async\" class=\"detail-desc-decorate-image\" src=\"http:\/\/ibn.wyd.mybluehost.me\/reanpackaging.com\/wp-content\/uploads\/2023\/09\/2-description-Customized-Logo-Printing-Food-Packaging-Bag-With-Clear-Window-Standup-Zipper-Pouch-Doypack-Brown-Kraft-Paper-Bag.jpg\" slate-data-type=\"image\" style=\"max-width: 100%; height: auto; display: block; margin: 0 auto;\"><br \/>\n<img decoding=\"async\" class=\"detail-desc-decorate-image\" src=\"http:\/\/ibn.wyd.mybluehost.me\/reanpackaging.com\/wp-content\/uploads\/2023\/09\/3-description-Customized-Logo-Printing-Food-Packaging-Bag-With-Clear-Window-Standup-Zipper-Pouch-Doypack-Brown-Kraft-Paper-Bag.jpg\" slate-data-type=\"image\" style=\"max-width: 100%; height: auto; display: block; margin: 0 auto;\"><br \/>\n<img decoding=\"async\" class=\"detail-desc-decorate-image\" src=\"http:\/\/ibn.wyd.mybluehost.me\/reanpackaging.com\/wp-content\/uploads\/2023\/09\/4-description-Customized-Logo-Printing-Food-Packaging-Bag-With-Clear-Window-Standup-Zipper-Pouch-Doypack-Brown-Kraft-Paper-Bag.jpg\" slate-data-type=\"image\" style=\"max-width: 100%; height: auto; display: block; margin: 0 auto;\"><\/p>","protected":false},"excerpt":{"rendered":"<p>Industry-Specific Attributes Industrial Use Food Paper Type Kraft Paper Feature Disposable Other Attributes Surface Handling Gravure printing Sealing &#038; Handle Heat Seal Custom Order Accept Product name standup zipper pouch doypack brown kraft paper bag Application Retail sales paper bag for snack food packaging Size&#038;Thickness Customized Color CMYK or Pantone,up to 9 colors Feature Soft [&hellip;]<\/p>\n","protected":false},"featured_media":9188,"template":"","meta":{"_seopress_robots_primary_cat":"none","_seopress_titles_title":"","_seopress_titles_desc":"","_seopress_robots_index":"","site-sidebar-layout":"default","site-content-layout":"","ast-site-content-layout":"default","site-content-style":"default","site-sidebar-style":"default","ast-global-header-display":"","ast-banner-title-visibility":"","ast-main-header-display":"","ast-hfb-above-header-display":"","ast-hfb-below-header-display":"","ast-hfb-mobile-header-display":"","site-post-title":"","ast-breadcrumbs-content":"","ast-featured-img":"","footer-sml-layout":"","ast-disable-related-posts":"","theme-transparent-header-meta":"default","adv-header-id-meta":"","stick-header-meta":"default","header-above-stick-meta":"","header-main-stick-meta":"","header-below-stick-meta":"","astra-migrate-meta-layouts":"set","ast-page-background-enabled":"default","ast-page-background-meta":{"desktop":{"background-color":"","background-image":"","background-repeat":"repeat","background-position":"center center","background-size":"auto","background-attachment":"scroll","background-type":"","background-media":"","overlay-type":"","overlay-color":"","overlay-opacity":"","overlay-gradient":""},"tablet":{"background-color":"","background-image":"","background-repeat":"repeat","background-position":"center center","background-size":"auto","background-attachment":"scroll","background-type":"","background-media":"","overlay-type":"","overlay-color":"","overlay-opacity":"","overlay-gradient":""},"mobile":{"background-color":"","background-image":"","background-repeat":"repeat","background-position":"center center","background-size":"auto","background-attachment":"scroll","background-type":"","background-media":"","overlay-type":"","overlay-color":"","overlay-opacity":"","overlay-gradient":""}},"ast-content-background-meta":{"desktop":{"background-color":"var(--ast-global-color-5)","background-image":"","background-repeat":"repeat","background-position":"center center","background-size":"auto","background-attachment":"scroll","background-type":"","background-media":"","overlay-type":"","overlay-color":"","overlay-opacity":"","overlay-gradient":""},"tablet":{"background-color":"var(--ast-global-color-5)","background-image":"","background-repeat":"repeat","background-position":"center center","background-size":"auto","background-attachment":"scroll","background-type":"","background-media":"","overlay-type":"","overlay-color":"","overlay-opacity":"","overlay-gradient":""},"mobile":{"background-color":"var(--ast-global-color-5)","background-image":"","background-repeat":"repeat","background-position":"center center","background-size":"auto","background-attachment":"scroll","background-type":"","background-media":"","overlay-type":"","overlay-color":"","overlay-opacity":"","overlay-gradient":""}}},"product_brand":[],"product_cat":[36,44],"product_tag":[],"class_list":{"0":"post-9267","1":"product","2":"type-product","3":"status-publish","4":"has-post-thumbnail","6":"product_cat-kraft-bags","7":"product_cat-paper-bags","8":"desktop-align-left","9":"tablet-align-left","10":"mobile-align-left","11":"ast-product-gallery-layout-horizontal","12":"ast-product-tabs-layout-horizontal","14":"first","15":"instock","16":"purchasable","17":"product-type-simple"},"_links":{"self":[{"href":"https:\/\/reanpackaging.com\/cs\/wp-json\/wp\/v2\/product\/9267","targetHints":{"allow":["GET"]}}],"collection":[{"href":"https:\/\/reanpackaging.com\/cs\/wp-json\/wp\/v2\/product"}],"about":[{"href":"https:\/\/reanpackaging.com\/cs\/wp-json\/wp\/v2\/types\/product"}],"wp:featuredmedia":[{"embeddable":true,"href":"https:\/\/reanpackaging.com\/cs\/wp-json\/wp\/v2\/media\/9188"}],"wp:attachment":[{"href":"https:\/\/reanpackaging.com\/cs\/wp-json\/wp\/v2\/media?parent=9267"}],"wp:term":[{"taxonomy":"product_brand","embeddable":true,"href":"https:\/\/reanpackaging.com\/cs\/wp-json\/wp\/v2\/product_brand?post=9267"},{"taxonomy":"product_cat","embeddable":true,"href":"https:\/\/reanpackaging.com\/cs\/wp-json\/wp\/v2\/product_cat?post=9267"},{"taxonomy":"product_tag","embeddable":true,"href":"https:\/\/reanpackaging.com\/cs\/wp-json\/wp\/v2\/product_tag?post=9267"}],"curies":[{"name":"wp","href":"https:\/\/api.w.org\/{rel}","templated":true}]}}