{"id":9516,"date":"2023-09-25T15:27:58","date_gmt":"2023-09-25T15:27:58","guid":{"rendered":"http:\/\/ibn.wyd.mybluehost.me\/reanpackaging.com\/product\/china-manufacturer-white-luxury-printed-gift-paper-bag-custom-die-cut-design-retail-shopping-paper-bags-with-your-own-logo\/"},"modified":"2024-10-01T16:50:03","modified_gmt":"2024-10-01T16:50:03","slug":"china-manufacturer-white-luxury-printed-gift-paper-bag-custom-die-cut-design-retail-shopping-paper-bags-with-your-own-logo","status":"publish","type":"product","link":"https:\/\/reanpackaging.com\/cs\/produkt\/china-manufacturer-white-luxury-printed-gift-paper-bag-custom-die-cut-design-retail-shopping-paper-bags-with-your-own-logo\/","title":{"rendered":"\u010c\u00edna V\u00fdrobce b\u00edl\u00e9 luxusn\u00ed ti\u0161t\u011bn\u00e9 d\u00e1rkov\u00e9 pap\u00edrov\u00e9 ta\u0161ky Custom Die Cut Design Maloobchodn\u00ed n\u00e1kupn\u00ed pap\u00edrov\u00e9 ta\u0161ky s vlastn\u00edm logem"},"content":{"rendered":"<h4>Atributy specifick\u00e9 pro dan\u00e9 odv\u011btv\u00ed<\/h4>\n<table border=\"1\">\n<tr>\n<td><strong>Pr\u016fmyslov\u00e9 vyu\u017eit\u00ed<\/strong><\/td>\n<td>Obuv a oble\u010den\u00ed<\/td>\n<\/tr>\n<tr>\n<td><strong>Typ pap\u00edru<\/strong><\/td>\n<td>deska ze slonoviny<\/td>\n<\/tr>\n<tr>\n<td><strong>Funkce<\/strong><\/td>\n<td>Recyklovan\u00e9 materi\u00e1ly<\/td>\n<\/tr>\n<\/table>\n<h4>Dal\u0161\u00ed atributy<\/h4>\n<table border=\"1\">\n<tr>\n<td><strong>Manipulace s povrchem<\/strong><\/td>\n<td>Lakov\u00e1n\u00ed<\/td>\n<\/tr>\n<tr>\n<td><strong>T\u011bsn\u011bn\u00ed a rukoje\u0165<\/strong><\/td>\n<td>D\u00e9lka rukojeti<\/td>\n<\/tr>\n<tr>\n<td><strong>Vlastn\u00ed objedn\u00e1vka<\/strong><\/td>\n<td>P\u0159ijmout<\/td>\n<\/tr>\n<tr>\n<td><strong>N\u00e1zev produktu<\/strong><\/td>\n<td>V\u00fdrobci Vlastn\u00ed logo D\u00e1rkov\u00e9 n\u00e1kupn\u00ed ta\u0161ky<\/td>\n<\/tr>\n<tr>\n<td><strong>Vlastn\u00ed objedn\u00e1vka<\/strong><\/td>\n<td>P\u0159ijmout<\/td>\n<\/tr>\n<tr>\n<td><strong>Funkce<\/strong><\/td>\n<td>Recyklovateln\u00e9<\/td>\n<\/tr>\n<tr>\n<td><strong>Pou\u017eit\u00ed<\/strong><\/td>\n<td>s\u00e1\u010dek na potraviny, s\u00e1\u010dek na chl\u00e9b, d\u00e1rkov\u00fd s\u00e1\u010dek a dal\u0161\u00ed.<\/td>\n<\/tr>\n<tr>\n<td><strong>Design<\/strong><\/td>\n<td>Od z\u00e1kazn\u00edka, OEM<\/td>\n<\/tr>\n<tr>\n<td><strong>Velikost<\/strong><\/td>\n<td>Vlastn\u00ed<\/td>\n<\/tr>\n<tr>\n<td><strong>Tisk<\/strong><\/td>\n<td>CMYK nebo Pantone<\/td>\n<\/tr>\n<tr>\n<td><strong>Form\u00e1t um\u011bleck\u00e9ho d\u00edla<\/strong><\/td>\n<td>AI,PDF,ID,PS,CDR<\/td>\n<\/tr>\n<tr>\n<td><strong>Struktura materi\u00e1lu<\/strong><\/td>\n<td>Pap\u00edr<\/td>\n<\/tr>\n<tr>\n<td><strong>MOQ<\/strong><\/td>\n<td>500ks<\/td>\n<\/tr>\n<\/table>\n<p><img decoding=\"async\" class=\"detail-desc-decorate-image\" src=\"http:\/\/ibn.wyd.mybluehost.me\/reanpackaging.com\/wp-content\/uploads\/2023\/09\/2-description-China-Manufacturer-White-Luxury-Printed-Gift-Paper-Bag-Custom-Die-Cut-Design-Retail-Shopping-Paper-Bags-With-Your-Own-Logo.jpg\" slate-data-type=\"image\" style=\"max-width: 100%; height: auto; display: block; margin: 0 auto;\"><br \/>\n<img decoding=\"async\" class=\"detail-desc-decorate-image\" src=\"http:\/\/ibn.wyd.mybluehost.me\/reanpackaging.com\/wp-content\/uploads\/2023\/09\/3-description-China-Manufacturer-White-Luxury-Printed-Gift-Paper-Bag-Custom-Die-Cut-Design-Retail-Shopping-Paper-Bags-With-Your-Own-Logo.jpg\" slate-data-type=\"image\" style=\"max-width: 100%; height: auto; display: block; margin: 0 auto;\"><br \/>\n<img decoding=\"async\" class=\"detail-desc-decorate-image\" src=\"http:\/\/ibn.wyd.mybluehost.me\/reanpackaging.com\/wp-content\/uploads\/2023\/09\/4-description-China-Manufacturer-White-Luxury-Printed-Gift-Paper-Bag-Custom-Die-Cut-Design-Retail-Shopping-Paper-Bags-With-Your-Own-Logo.jpg\" slate-data-type=\"image\" style=\"max-width: 100%; height: auto; display: block; margin: 0 auto;\"><br \/>\n<img decoding=\"async\" class=\"detail-desc-decorate-image\" src=\"http:\/\/ibn.wyd.mybluehost.me\/reanpackaging.com\/wp-content\/uploads\/2023\/09\/5-description-China-Manufacturer-White-Luxury-Printed-Gift-Paper-Bag-Custom-Die-Cut-Design-Retail-Shopping-Paper-Bags-With-Your-Own-Logo.jpg\" slate-data-type=\"image\" style=\"max-width: 100%; height: auto; display: block; margin: 0 auto;\"><br \/>\n<img decoding=\"async\" class=\"detail-desc-decorate-image\" src=\"http:\/\/ibn.wyd.mybluehost.me\/reanpackaging.com\/wp-content\/uploads\/2023\/09\/6-description-China-Manufacturer-White-Luxury-Printed-Gift-Paper-Bag-Custom-Die-Cut-Design-Retail-Shopping-Paper-Bags-With-Your-Own-Logo.jpg\" slate-data-type=\"image\" style=\"max-width: 100%; height: auto; display: block; margin: 0 auto;\"><br \/>\n<img decoding=\"async\" class=\"detail-desc-decorate-image\" src=\"http:\/\/ibn.wyd.mybluehost.me\/reanpackaging.com\/wp-content\/uploads\/2023\/09\/7-description-China-Manufacturer-White-Luxury-Printed-Gift-Paper-Bag-Custom-Die-Cut-Design-Retail-Shopping-Paper-Bags-With-Your-Own-Logo.jpg\" slate-data-type=\"image\" style=\"max-width: 100%; height: auto; display: block; margin: 0 auto;\"><br \/>\n<img decoding=\"async\" class=\"detail-desc-decorate-image\" src=\"http:\/\/ibn.wyd.mybluehost.me\/reanpackaging.com\/wp-content\/uploads\/2023\/09\/8-description-China-Manufacturer-White-Luxury-Printed-Gift-Paper-Bag-Custom-Die-Cut-Design-Retail-Shopping-Paper-Bags-With-Your-Own-Logo.jpg\" slate-data-type=\"image\" style=\"max-width: 100%; height: auto; display: block; margin: 0 auto;\"><br \/>\n<img decoding=\"async\" class=\"detail-desc-decorate-image\" src=\"http:\/\/ibn.wyd.mybluehost.me\/reanpackaging.com\/wp-content\/uploads\/2023\/09\/9-description-China-Manufacturer-White-Luxury-Printed-Gift-Paper-Bag-Custom-Die-Cut-Design-Retail-Shopping-Paper-Bags-With-Your-Own-Logo.jpg\" slate-data-type=\"image\" style=\"max-width: 100%; height: auto; display: block; margin: 0 auto;\"><\/p>","protected":false},"excerpt":{"rendered":"<p>Industry-Specific Attributes Industrial Use Shoes &#038; clothing Paper Type ivory board Feature Recycled Materials Other Attributes Surface Handling Varnishing Sealing &#038; Handle Hand Length Handle Custom Order Accept Product name Manufacturers Custom Logo Gift Shopping Bags Custom Order Accept Feature Recyclable Usage food bag, bread bag, gift bag and more Design From Client, OEM Size [&hellip;]<\/p>\n","protected":false},"featured_media":9404,"template":"","meta":{"_seopress_robots_primary_cat":"none","_seopress_titles_title":"","_seopress_titles_desc":"","_seopress_robots_index":"","site-sidebar-layout":"default","site-content-layout":"","ast-site-content-layout":"default","site-content-style":"default","site-sidebar-style":"default","ast-global-header-display":"","ast-banner-title-visibility":"","ast-main-header-display":"","ast-hfb-above-header-display":"","ast-hfb-below-header-display":"","ast-hfb-mobile-header-display":"","site-post-title":"","ast-breadcrumbs-content":"","ast-featured-img":"","footer-sml-layout":"","ast-disable-related-posts":"","theme-transparent-header-meta":"default","adv-header-id-meta":"","stick-header-meta":"default","header-above-stick-meta":"","header-main-stick-meta":"","header-below-stick-meta":"","astra-migrate-meta-layouts":"set","ast-page-background-enabled":"default","ast-page-background-meta":{"desktop":{"background-color":"","background-image":"","background-repeat":"repeat","background-position":"center center","background-size":"auto","background-attachment":"scroll","background-type":"","background-media":"","overlay-type":"","overlay-color":"","overlay-opacity":"","overlay-gradient":""},"tablet":{"background-color":"","background-image":"","background-repeat":"repeat","background-position":"center center","background-size":"auto","background-attachment":"scroll","background-type":"","background-media":"","overlay-type":"","overlay-color":"","overlay-opacity":"","overlay-gradient":""},"mobile":{"background-color":"","background-image":"","background-repeat":"repeat","background-position":"center center","background-size":"auto","background-attachment":"scroll","background-type":"","background-media":"","overlay-type":"","overlay-color":"","overlay-opacity":"","overlay-gradient":""}},"ast-content-background-meta":{"desktop":{"background-color":"var(--ast-global-color-5)","background-image":"","background-repeat":"repeat","background-position":"center center","background-size":"auto","background-attachment":"scroll","background-type":"","background-media":"","overlay-type":"","overlay-color":"","overlay-opacity":"","overlay-gradient":""},"tablet":{"background-color":"var(--ast-global-color-5)","background-image":"","background-repeat":"repeat","background-position":"center center","background-size":"auto","background-attachment":"scroll","background-type":"","background-media":"","overlay-type":"","overlay-color":"","overlay-opacity":"","overlay-gradient":""},"mobile":{"background-color":"var(--ast-global-color-5)","background-image":"","background-repeat":"repeat","background-position":"center center","background-size":"auto","background-attachment":"scroll","background-type":"","background-media":"","overlay-type":"","overlay-color":"","overlay-opacity":"","overlay-gradient":""}}},"product_brand":[],"product_cat":[50,44],"product_tag":[],"class_list":{"0":"post-9516","1":"product","2":"type-product","3":"status-publish","4":"has-post-thumbnail","6":"product_cat-custom-paper-bags","7":"product_cat-paper-bags","8":"desktop-align-left","9":"tablet-align-left","10":"mobile-align-left","11":"ast-product-gallery-layout-horizontal","12":"ast-product-tabs-layout-horizontal","14":"first","15":"instock","16":"purchasable","17":"product-type-simple"},"_links":{"self":[{"href":"https:\/\/reanpackaging.com\/cs\/wp-json\/wp\/v2\/product\/9516","targetHints":{"allow":["GET"]}}],"collection":[{"href":"https:\/\/reanpackaging.com\/cs\/wp-json\/wp\/v2\/product"}],"about":[{"href":"https:\/\/reanpackaging.com\/cs\/wp-json\/wp\/v2\/types\/product"}],"wp:featuredmedia":[{"embeddable":true,"href":"https:\/\/reanpackaging.com\/cs\/wp-json\/wp\/v2\/media\/9404"}],"wp:attachment":[{"href":"https:\/\/reanpackaging.com\/cs\/wp-json\/wp\/v2\/media?parent=9516"}],"wp:term":[{"taxonomy":"product_brand","embeddable":true,"href":"https:\/\/reanpackaging.com\/cs\/wp-json\/wp\/v2\/product_brand?post=9516"},{"taxonomy":"product_cat","embeddable":true,"href":"https:\/\/reanpackaging.com\/cs\/wp-json\/wp\/v2\/product_cat?post=9516"},{"taxonomy":"product_tag","embeddable":true,"href":"https:\/\/reanpackaging.com\/cs\/wp-json\/wp\/v2\/product_tag?post=9516"}],"curies":[{"name":"wp","href":"https:\/\/api.w.org\/{rel}","templated":true}]}}