{"id":95415,"date":"2025-03-08T20:48:31","date_gmt":"2025-03-08T20:48:31","guid":{"rendered":"https:\/\/reanpackaging.com\/product\/supply-quality-wine-bottle-gift-box-with-embossing-matt-lamination-uv-coating-at-reasonable-price-for-wine-bottle-box-packaging\/"},"modified":"2025-03-08T20:48:36","modified_gmt":"2025-03-08T20:48:36","slug":"supply-quality-wine-bottle-gift-box-with-embossing-matt-lamination-uv-coating-at-reasonable-price-for-wine-bottle-box-packaging","status":"publish","type":"product","link":"https:\/\/reanpackaging.com\/cs\/produkt\/supply-quality-wine-bottle-gift-box-with-embossing-matt-lamination-uv-coating-at-reasonable-price-for-wine-bottle-box-packaging\/","title":{"rendered":"Dod\u00e1vka kvalitn\u00ed d\u00e1rkov\u00e9 krabice na l\u00e1hve v\u00edna s reli\u00e9fn\u00edm matn\u00fdm laminov\u00e1n\u00edm UV povlakem za rozumnou cenu pro balen\u00ed krabic na l\u00e1hve v\u00edna"},"content":{"rendered":"<h4>Atributy specifick\u00e9 pro dan\u00e9 odv\u011btv\u00ed<\/h4>\n<table border=\"1\">\n<tr>\n<td><strong>Pr\u016fmyslov\u00e9 vyu\u017eit\u00ed<\/strong><\/td>\n<td>Potraviny<\/td>\n<\/tr>\n<tr>\n<td><strong>Typ pap\u00edru<\/strong><\/td>\n<td>Karton<\/td>\n<\/tr>\n<tr>\n<td><strong>Funkce<\/strong><\/td>\n<td>Recyklovan\u00e9 materi\u00e1ly<\/td>\n<\/tr>\n<tr>\n<td><strong>typ krabice<\/strong><\/td>\n<td>Ostatn\u00ed<\/td>\n<\/tr>\n<\/table>\n<h4>Dal\u0161\u00ed atributy<\/h4>\n<table border=\"1\">\n<tr>\n<td><strong>Tvar<\/strong><\/td>\n<td>na m\u00edru<\/td>\n<\/tr>\n<tr>\n<td><strong>Manipulace s tiskem<\/strong><\/td>\n<td>Matn\u00e1 laminace, ra\u017eba, reli\u00e9fn\u00ed tisk, UV potah, zlat\u00e1 f\u00f3lie<\/td>\n<\/tr>\n<tr>\n<td><strong>Vlastn\u00ed objedn\u00e1vka<\/strong><\/td>\n<td>P\u0159ijmout<\/td>\n<\/tr>\n<tr>\n<td><strong>Materi\u00e1l<\/strong><\/td>\n<td>1200gsm karton + 157gsm k\u0159\u00eddov\u00fd pap\u00edr<\/td>\n<\/tr>\n<tr>\n<td><strong>tvar<\/strong><\/td>\n<td>na m\u00edru<\/td>\n<\/tr>\n<tr>\n<td><strong>Velikost<\/strong><\/td>\n<td>na m\u00edru<\/td>\n<\/tr>\n<tr>\n<td><strong>MOQ<\/strong><\/td>\n<td>500 ks<\/td>\n<\/tr>\n<tr>\n<td><strong>P\u0159izp\u016fsoben\u00ed loga<\/strong><\/td>\n<td>p\u0159ijmout<\/td>\n<\/tr>\n<tr>\n<td><strong>Barva<\/strong><\/td>\n<td>CMYK, Pantone Color<\/td>\n<\/tr>\n<tr>\n<td><strong>Form\u00e1t um\u011bleck\u00e9ho d\u00edla<\/strong><\/td>\n<td>AI, PDF, CDR , p\u0159izp\u016fsoben\u00fd form\u00e1t<\/td>\n<\/tr>\n<tr>\n<td><strong>Pou\u017eit\u00ed<\/strong><\/td>\n<td>d\u00e1rkov\u00e9 obaly, obaly na potraviny<\/td>\n<\/tr>\n<tr>\n<td><strong>Certifikace<\/strong><\/td>\n<td>ISO9001:2015<\/td>\n<\/tr>\n<\/table>","protected":false},"excerpt":{"rendered":"<p>Industry-Specific Attributes Industrial Use Food Paper Type Paperboard Feature Recycled Materials box type Others Other Attributes Shape customized Printing Handling Matt Lamination, Stamping, Embossing, UV Coating, Gold Foil Custom Order Accept Material 1200gsm cardboard+157gsm art paper shape customized Size customized MOQ 500 Pcs LOGO customization accept Color CMYK,Pantone Color Artwork Format AI,PDF,CDR , customized format [&hellip;]<\/p>\n","protected":false},"featured_media":95255,"template":"","meta":{"_seopress_robots_primary_cat":"","_seopress_titles_title":"","_seopress_titles_desc":"","_seopress_robots_index":"","site-sidebar-layout":"default","site-content-layout":"","ast-site-content-layout":"default","site-content-style":"default","site-sidebar-style":"default","ast-global-header-display":"","ast-banner-title-visibility":"","ast-main-header-display":"","ast-hfb-above-header-display":"","ast-hfb-below-header-display":"","ast-hfb-mobile-header-display":"","site-post-title":"","ast-breadcrumbs-content":"","ast-featured-img":"","footer-sml-layout":"","ast-disable-related-posts":"","theme-transparent-header-meta":"","adv-header-id-meta":"","stick-header-meta":"","header-above-stick-meta":"","header-main-stick-meta":"","header-below-stick-meta":"","astra-migrate-meta-layouts":"default","ast-page-background-enabled":"default","ast-page-background-meta":{"desktop":{"background-color":"","background-image":"","background-repeat":"repeat","background-position":"center center","background-size":"auto","background-attachment":"scroll","background-type":"","background-media":"","overlay-type":"","overlay-color":"","overlay-opacity":"","overlay-gradient":""},"tablet":{"background-color":"","background-image":"","background-repeat":"repeat","background-position":"center center","background-size":"auto","background-attachment":"scroll","background-type":"","background-media":"","overlay-type":"","overlay-color":"","overlay-opacity":"","overlay-gradient":""},"mobile":{"background-color":"","background-image":"","background-repeat":"repeat","background-position":"center center","background-size":"auto","background-attachment":"scroll","background-type":"","background-media":"","overlay-type":"","overlay-color":"","overlay-opacity":"","overlay-gradient":""}},"ast-content-background-meta":{"desktop":{"background-color":"var(--ast-global-color-5)","background-image":"","background-repeat":"repeat","background-position":"center center","background-size":"auto","background-attachment":"scroll","background-type":"","background-media":"","overlay-type":"","overlay-color":"","overlay-opacity":"","overlay-gradient":""},"tablet":{"background-color":"var(--ast-global-color-5)","background-image":"","background-repeat":"repeat","background-position":"center center","background-size":"auto","background-attachment":"scroll","background-type":"","background-media":"","overlay-type":"","overlay-color":"","overlay-opacity":"","overlay-gradient":""},"mobile":{"background-color":"var(--ast-global-color-5)","background-image":"","background-repeat":"repeat","background-position":"center center","background-size":"auto","background-attachment":"scroll","background-type":"","background-media":"","overlay-type":"","overlay-color":"","overlay-opacity":"","overlay-gradient":""}}},"product_brand":[],"product_cat":[95],"product_tag":[],"class_list":{"0":"post-95415","1":"product","2":"type-product","3":"status-publish","4":"has-post-thumbnail","6":"product_cat-wine-box","7":"desktop-align-left","8":"tablet-align-left","9":"mobile-align-left","10":"ast-product-gallery-layout-horizontal","11":"ast-product-tabs-layout-horizontal","13":"first","14":"instock","15":"product-type-simple"},"_links":{"self":[{"href":"https:\/\/reanpackaging.com\/cs\/wp-json\/wp\/v2\/product\/95415","targetHints":{"allow":["GET"]}}],"collection":[{"href":"https:\/\/reanpackaging.com\/cs\/wp-json\/wp\/v2\/product"}],"about":[{"href":"https:\/\/reanpackaging.com\/cs\/wp-json\/wp\/v2\/types\/product"}],"wp:featuredmedia":[{"embeddable":true,"href":"https:\/\/reanpackaging.com\/cs\/wp-json\/wp\/v2\/media\/95255"}],"wp:attachment":[{"href":"https:\/\/reanpackaging.com\/cs\/wp-json\/wp\/v2\/media?parent=95415"}],"wp:term":[{"taxonomy":"product_brand","embeddable":true,"href":"https:\/\/reanpackaging.com\/cs\/wp-json\/wp\/v2\/product_brand?post=95415"},{"taxonomy":"product_cat","embeddable":true,"href":"https:\/\/reanpackaging.com\/cs\/wp-json\/wp\/v2\/product_cat?post=95415"},{"taxonomy":"product_tag","embeddable":true,"href":"https:\/\/reanpackaging.com\/cs\/wp-json\/wp\/v2\/product_tag?post=95415"}],"curies":[{"name":"wp","href":"https:\/\/api.w.org\/{rel}","templated":true}]}}