{"id":9999,"date":"2023-09-26T06:51:01","date_gmt":"2023-09-26T06:51:01","guid":{"rendered":"http:\/\/ibn.wyd.mybluehost.me\/reanpackaging.com\/product\/disposable-stand-up-custom-printed-pouches-takeaway-plastic-cookie-candy-sweet-pastry-snack-food-packaging-christmas-gift-bags\/"},"modified":"2024-10-01T16:48:05","modified_gmt":"2024-10-01T16:48:05","slug":"disposable-stand-up-custom-printed-pouches-takeaway-plastic-cookie-candy-sweet-pastry-snack-food-packaging-christmas-gift-bags","status":"publish","type":"product","link":"https:\/\/reanpackaging.com\/cs\/produkt\/disposable-stand-up-custom-printed-pouches-takeaway-plastic-cookie-candy-sweet-pastry-snack-food-packaging-christmas-gift-bags\/","title":{"rendered":"Jednor\u00e1zov\u00fd stojan nahoru Vlastn\u00ed ti\u0161t\u011bn\u00e9 pouzdra Takeaway Plastov\u00e9 cookie Candy sladk\u00e9 pe\u010divo Snack balen\u00ed potravin V\u00e1no\u010dn\u00ed d\u00e1rkov\u00e9 ta\u0161ky"},"content":{"rendered":"<h4>Atributy specifick\u00e9 pro dan\u00e9 odv\u011btv\u00ed<\/h4>\n<table border=\"1\">\n<tr>\n<td><strong>Pr\u016fmyslov\u00e9 vyu\u017eit\u00ed<\/strong><\/td>\n<td>D\u00e1rky a \u0159emesla<\/td>\n<\/tr>\n<tr>\n<td><strong>Typ ta\u0161ky<\/strong><\/td>\n<td>Pouzdro Stand Up<\/td>\n<\/tr>\n<tr>\n<td><strong>Funkce<\/strong><\/td>\n<td>BIODEGRADABILN\u00cd<\/td>\n<\/tr>\n<tr>\n<td><strong>Plastov\u00fd typ<\/strong><\/td>\n<td>PP<\/td>\n<\/tr>\n<\/table>\n<h4>Dal\u0161\u00ed atributy<\/h4>\n<table border=\"1\">\n<tr>\n<td><strong>Manipulace s povrchem<\/strong><\/td>\n<td>Ra\u017eba za tepla<\/td>\n<\/tr>\n<tr>\n<td><strong>Struktura materi\u00e1lu<\/strong><\/td>\n<td>PP<\/td>\n<\/tr>\n<tr>\n<td><strong>T\u011bsn\u011bn\u00ed a rukoje\u0165<\/strong><\/td>\n<td>Uzav\u00edr\u00e1n\u00ed na knofl\u00edk<\/td>\n<\/tr>\n<tr>\n<td><strong>Vlastn\u00ed objedn\u00e1vka<\/strong><\/td>\n<td>P\u0159ijmout<\/td>\n<\/tr>\n<tr>\n<td><strong>N\u00e1zev produktu<\/strong><\/td>\n<td>Mandle Biologicky rozlo\u017eiteln\u00e9 Poly Bag pr\u016fsvitn\u00e9 meru\u0148ka balen\u00ed Snack Bag<\/td>\n<\/tr>\n<tr>\n<td><strong>Pou\u017eit\u00ed<\/strong><\/td>\n<td>Balen\u00ed potravin , kontejner na potraviny, s\u00e1\u010dek na j\u00eddlo s sebou<\/td>\n<\/tr>\n<tr>\n<td><strong>Funkce<\/strong><\/td>\n<td>Jednoduch\u00e9, modern\u00ed<\/td>\n<\/tr>\n<tr>\n<td><strong>Barva<\/strong><\/td>\n<td>B\u00edl\u00e1, p\u0159\u00edrodn\u00ed d\u0159evo<\/td>\n<\/tr>\n<tr>\n<td><strong>MOQ<\/strong><\/td>\n<td>1000ks<\/td>\n<\/tr>\n<tr>\n<td><strong>Balen\u00ed<\/strong><\/td>\n<td>Poly Bag a exportn\u00ed kartony nebo p\u0159izp\u016fsoben\u00e9<\/td>\n<\/tr>\n<tr>\n<td><strong>P\u0159eprava<\/strong><\/td>\n<td>Letecky nebo po mo\u0159i<\/td>\n<\/tr>\n<tr>\n<td><strong>OEM<\/strong><\/td>\n<td>P\u0159ijateln\u00e9<\/td>\n<\/tr>\n<tr>\n<td><strong>Doba vzorkov\u00e1n\u00ed<\/strong><\/td>\n<td>1 ~ 3 pracovn\u00ed dny<\/td>\n<\/tr>\n<tr>\n<td><strong>Zku\u0161enosti<\/strong><\/td>\n<td>10 let zku\u0161enost\u00ed v\u00fdrobce v\u0161ech druh\u016f jednor\u00e1zov\u00e9ho n\u00e1dob\u00ed<\/td>\n<\/tr>\n<\/table>\n<p><img decoding=\"async\" class=\"detail-desc-decorate-image\" src=\"http:\/\/ibn.wyd.mybluehost.me\/reanpackaging.com\/wp-content\/uploads\/2023\/09\/1-description-Disposable-Stand-Up-Custom-Printed-Pouches-Takeaway-Plastic-Cookie-Candy-Sweet-Pastry-Snack-Food-Packaging-Christmas-Gift-Bags.jpg\" slate-data-type=\"image\" style=\"max-width: 100%; height: auto; display: block; margin: 0 auto;\"><br \/>\n<img decoding=\"async\" class=\"detail-desc-decorate-image\" src=\"http:\/\/ibn.wyd.mybluehost.me\/reanpackaging.com\/wp-content\/uploads\/2023\/09\/10-description-Disposable-Stand-Up-Custom-Printed-Pouches-Takeaway-Plastic-Cookie-Candy-Sweet-Pastry-Snack-Food-Packaging-Christmas-Gift-Bags.jpg\" slate-data-type=\"image\" style=\"max-width: 100%; height: auto; display: block; margin: 0 auto;\"><br \/>\n<img decoding=\"async\" class=\"detail-desc-decorate-image\" src=\"http:\/\/ibn.wyd.mybluehost.me\/reanpackaging.com\/wp-content\/uploads\/2023\/09\/11-description-Disposable-Stand-Up-Custom-Printed-Pouches-Takeaway-Plastic-Cookie-Candy-Sweet-Pastry-Snack-Food-Packaging-Christmas-Gift-Bags.jpg\" slate-data-type=\"image\" style=\"max-width: 100%; height: auto; display: block; margin: 0 auto;\"><br \/>\n<img decoding=\"async\" class=\"detail-desc-decorate-image\" src=\"http:\/\/ibn.wyd.mybluehost.me\/reanpackaging.com\/wp-content\/uploads\/2023\/09\/12-description-Disposable-Stand-Up-Custom-Printed-Pouches-Takeaway-Plastic-Cookie-Candy-Sweet-Pastry-Snack-Food-Packaging-Christmas-Gift-Bags.jpg\" slate-data-type=\"image\" style=\"max-width: 100%; height: auto; display: block; margin: 0 auto;\"><br \/>\n<img decoding=\"async\" class=\"detail-desc-decorate-image\" src=\"http:\/\/ibn.wyd.mybluehost.me\/reanpackaging.com\/wp-content\/uploads\/2023\/09\/13-description-Disposable-Stand-Up-Custom-Printed-Pouches-Takeaway-Plastic-Cookie-Candy-Sweet-Pastry-Snack-Food-Packaging-Christmas-Gift-Bags.jpg\" slate-data-type=\"image\" style=\"max-width: 100%; height: auto; display: block; margin: 0 auto;\"><br \/>\n<img decoding=\"async\" class=\"detail-desc-decorate-image\" src=\"http:\/\/ibn.wyd.mybluehost.me\/reanpackaging.com\/wp-content\/uploads\/2023\/09\/14-description-Disposable-Stand-Up-Custom-Printed-Pouches-Takeaway-Plastic-Cookie-Candy-Sweet-Pastry-Snack-Food-Packaging-Christmas-Gift-Bags.jpg\" slate-data-type=\"image\" style=\"max-width: 100%; height: auto; display: block; margin: 0 auto;\"><br \/>\n<img decoding=\"async\" class=\"detail-desc-decorate-image\" src=\"http:\/\/ibn.wyd.mybluehost.me\/reanpackaging.com\/wp-content\/uploads\/2023\/09\/2-description-Disposable-Stand-Up-Custom-Printed-Pouches-Takeaway-Plastic-Cookie-Candy-Sweet-Pastry-Snack-Food-Packaging-Christmas-Gift-Bags.jpg\" slate-data-type=\"image\" style=\"max-width: 100%; height: auto; display: block; margin: 0 auto;\"><br \/>\n<img decoding=\"async\" class=\"detail-desc-decorate-image\" src=\"http:\/\/ibn.wyd.mybluehost.me\/reanpackaging.com\/wp-content\/uploads\/2023\/09\/3-description-Disposable-Stand-Up-Custom-Printed-Pouches-Takeaway-Plastic-Cookie-Candy-Sweet-Pastry-Snack-Food-Packaging-Christmas-Gift-Bags.jpg\" slate-data-type=\"image\" style=\"max-width: 100%; height: auto; display: block; margin: 0 auto;\"><br \/>\n<img decoding=\"async\" class=\"detail-desc-decorate-image\" src=\"http:\/\/ibn.wyd.mybluehost.me\/reanpackaging.com\/wp-content\/uploads\/2023\/09\/4-description-Disposable-Stand-Up-Custom-Printed-Pouches-Takeaway-Plastic-Cookie-Candy-Sweet-Pastry-Snack-Food-Packaging-Christmas-Gift-Bags.jpg\" slate-data-type=\"image\" style=\"max-width: 100%; height: auto; display: block; margin: 0 auto;\"><br \/>\n<img decoding=\"async\" class=\"detail-desc-decorate-image\" src=\"http:\/\/ibn.wyd.mybluehost.me\/reanpackaging.com\/wp-content\/uploads\/2023\/09\/5-description-Disposable-Stand-Up-Custom-Printed-Pouches-Takeaway-Plastic-Cookie-Candy-Sweet-Pastry-Snack-Food-Packaging-Christmas-Gift-Bags.jpg\" slate-data-type=\"image\" style=\"max-width: 100%; height: auto; display: block; margin: 0 auto;\"><br \/>\n<img decoding=\"async\" class=\"detail-desc-decorate-image\" src=\"http:\/\/ibn.wyd.mybluehost.me\/reanpackaging.com\/wp-content\/uploads\/2023\/09\/6-description-Disposable-Stand-Up-Custom-Printed-Pouches-Takeaway-Plastic-Cookie-Candy-Sweet-Pastry-Snack-Food-Packaging-Christmas-Gift-Bags.jpg\" slate-data-type=\"image\" style=\"max-width: 100%; height: auto; display: block; margin: 0 auto;\"><br \/>\n<img decoding=\"async\" class=\"detail-desc-decorate-image\" src=\"http:\/\/ibn.wyd.mybluehost.me\/reanpackaging.com\/wp-content\/uploads\/2023\/09\/7-description-Disposable-Stand-Up-Custom-Printed-Pouches-Takeaway-Plastic-Cookie-Candy-Sweet-Pastry-Snack-Food-Packaging-Christmas-Gift-Bags.jpg\" slate-data-type=\"image\" style=\"max-width: 100%; height: auto; display: block; margin: 0 auto;\"><br \/>\n<img decoding=\"async\" class=\"detail-desc-decorate-image\" src=\"http:\/\/ibn.wyd.mybluehost.me\/reanpackaging.com\/wp-content\/uploads\/2023\/09\/8-description-Disposable-Stand-Up-Custom-Printed-Pouches-Takeaway-Plastic-Cookie-Candy-Sweet-Pastry-Snack-Food-Packaging-Christmas-Gift-Bags.jpg\" slate-data-type=\"image\" style=\"max-width: 100%; height: auto; display: block; margin: 0 auto;\"><br \/>\n<img decoding=\"async\" class=\"detail-desc-decorate-image\" src=\"http:\/\/ibn.wyd.mybluehost.me\/reanpackaging.com\/wp-content\/uploads\/2023\/09\/9-description-Disposable-Stand-Up-Custom-Printed-Pouches-Takeaway-Plastic-Cookie-Candy-Sweet-Pastry-Snack-Food-Packaging-Christmas-Gift-Bags.jpg\" slate-data-type=\"image\" style=\"max-width: 100%; height: auto; display: block; margin: 0 auto;\"><\/p>","protected":false},"excerpt":{"rendered":"<p>Industry-Specific Attributes Industrial Use Gift &#038; Craft Bag Type Stand Up Pouch Feature BIODEGRADABLE Plastic Type PP Other Attributes Surface Handling Hot Stamping Material Structure PP Sealing &#038; Handle Button Closure Custom Order Accept Product name Almond Biodegradable Poly Bag Translucent Apricot Packing Snack Bag Usage Food Packing , Food container, Takeaway Bag Feature Simple, [&hellip;]<\/p>\n","protected":false},"featured_media":9929,"template":"","meta":{"_seopress_robots_primary_cat":"none","_seopress_titles_title":"","_seopress_titles_desc":"","_seopress_robots_index":"","site-sidebar-layout":"default","site-content-layout":"","ast-site-content-layout":"default","site-content-style":"default","site-sidebar-style":"default","ast-global-header-display":"","ast-banner-title-visibility":"","ast-main-header-display":"","ast-hfb-above-header-display":"","ast-hfb-below-header-display":"","ast-hfb-mobile-header-display":"","site-post-title":"","ast-breadcrumbs-content":"","ast-featured-img":"","footer-sml-layout":"","ast-disable-related-posts":"","theme-transparent-header-meta":"default","adv-header-id-meta":"","stick-header-meta":"default","header-above-stick-meta":"","header-main-stick-meta":"","header-below-stick-meta":"","astra-migrate-meta-layouts":"set","ast-page-background-enabled":"default","ast-page-background-meta":{"desktop":{"background-color":"","background-image":"","background-repeat":"repeat","background-position":"center center","background-size":"auto","background-attachment":"scroll","background-type":"","background-media":"","overlay-type":"","overlay-color":"","overlay-opacity":"","overlay-gradient":""},"tablet":{"background-color":"","background-image":"","background-repeat":"repeat","background-position":"center center","background-size":"auto","background-attachment":"scroll","background-type":"","background-media":"","overlay-type":"","overlay-color":"","overlay-opacity":"","overlay-gradient":""},"mobile":{"background-color":"","background-image":"","background-repeat":"repeat","background-position":"center center","background-size":"auto","background-attachment":"scroll","background-type":"","background-media":"","overlay-type":"","overlay-color":"","overlay-opacity":"","overlay-gradient":""}},"ast-content-background-meta":{"desktop":{"background-color":"var(--ast-global-color-5)","background-image":"","background-repeat":"repeat","background-position":"center center","background-size":"auto","background-attachment":"scroll","background-type":"","background-media":"","overlay-type":"","overlay-color":"","overlay-opacity":"","overlay-gradient":""},"tablet":{"background-color":"var(--ast-global-color-5)","background-image":"","background-repeat":"repeat","background-position":"center center","background-size":"auto","background-attachment":"scroll","background-type":"","background-media":"","overlay-type":"","overlay-color":"","overlay-opacity":"","overlay-gradient":""},"mobile":{"background-color":"var(--ast-global-color-5)","background-image":"","background-repeat":"repeat","background-position":"center center","background-size":"auto","background-attachment":"scroll","background-type":"","background-media":"","overlay-type":"","overlay-color":"","overlay-opacity":"","overlay-gradient":""}}},"product_brand":[],"product_cat":[40,32],"product_tag":[],"class_list":{"0":"post-9999","1":"product","2":"type-product","3":"status-publish","4":"has-post-thumbnail","6":"product_cat-gift-bags","7":"product_cat-retail-packaging","8":"desktop-align-left","9":"tablet-align-left","10":"mobile-align-left","11":"ast-product-gallery-layout-horizontal","12":"ast-product-tabs-layout-horizontal","14":"first","15":"instock","16":"purchasable","17":"product-type-simple"},"_links":{"self":[{"href":"https:\/\/reanpackaging.com\/cs\/wp-json\/wp\/v2\/product\/9999","targetHints":{"allow":["GET"]}}],"collection":[{"href":"https:\/\/reanpackaging.com\/cs\/wp-json\/wp\/v2\/product"}],"about":[{"href":"https:\/\/reanpackaging.com\/cs\/wp-json\/wp\/v2\/types\/product"}],"wp:featuredmedia":[{"embeddable":true,"href":"https:\/\/reanpackaging.com\/cs\/wp-json\/wp\/v2\/media\/9929"}],"wp:attachment":[{"href":"https:\/\/reanpackaging.com\/cs\/wp-json\/wp\/v2\/media?parent=9999"}],"wp:term":[{"taxonomy":"product_brand","embeddable":true,"href":"https:\/\/reanpackaging.com\/cs\/wp-json\/wp\/v2\/product_brand?post=9999"},{"taxonomy":"product_cat","embeddable":true,"href":"https:\/\/reanpackaging.com\/cs\/wp-json\/wp\/v2\/product_cat?post=9999"},{"taxonomy":"product_tag","embeddable":true,"href":"https:\/\/reanpackaging.com\/cs\/wp-json\/wp\/v2\/product_tag?post=9999"}],"curies":[{"name":"wp","href":"https:\/\/api.w.org\/{rel}","templated":true}]}}