{"id":18084,"date":"2024-05-05T15:46:06","date_gmt":"2024-05-05T15:46:06","guid":{"rendered":"https:\/\/reanpackaging.com\/product\/e-commerce-custom-printing-logo-self-sealing-recycled-blue-shipping-box-e-flute-corrugated-transport-mailer-carton-2\/"},"modified":"2024-10-01T16:28:53","modified_gmt":"2024-10-01T16:28:53","slug":"e-commerce-custom-printing-logo-self-sealing-recycled-blue-shipping-box-e-flute-corrugated-transport-mailer-carton-2","status":"publish","type":"product","link":"https:\/\/reanpackaging.com\/da\/vare\/e-commerce-custom-printing-logo-self-sealing-recycled-blue-shipping-box-e-flute-corrugated-transport-mailer-carton-2\/","title":{"rendered":"E-handel Brugerdefineret udskrivning Logo Selvforseglende genanvendt bl\u00e5 forsendelses\u00e6ske E fl\u00f8jte b\u00f8lgepap transport postkasse"},"content":{"rendered":"<h4>Branchespecifikke egenskaber<\/h4>\n<table border=\"1\">\n<tr>\n<td><strong>Industriel anvendelse<\/strong><\/td>\n<td>Sko og t\u00f8j<\/td>\n<\/tr>\n<tr>\n<td><strong>Papirtype<\/strong><\/td>\n<td>B\u00f8lgepap<\/td>\n<\/tr>\n<tr>\n<td><strong>Funktion<\/strong><\/td>\n<td>Genanvendelig<\/td>\n<\/tr>\n<\/table>\n<h4>Andre egenskaber<\/h4>\n<table border=\"1\">\n<tr>\n<td><strong>Oprindelsessted<\/strong><\/td>\n<td>Fujian, Kina<\/td>\n<\/tr>\n<tr>\n<td><strong>Boks-type<\/strong><\/td>\n<td>Stive kasser<\/td>\n<\/tr>\n<tr>\n<td><strong>Varem\u00e6rke<\/strong><\/td>\n<td>Yixin<\/td>\n<\/tr>\n<tr>\n<td><strong>Modelnummer<\/strong><\/td>\n<td>X-LL-23031-01<\/td>\n<\/tr>\n<tr>\n<td><strong>H\u00e5ndtering af udskrivning<\/strong><\/td>\n<td>Pr\u00e6gning, blank laminering, mat laminering, stempling, UV-bel\u00e6gning, lakering, VANISHING, guldfolie<\/td>\n<\/tr>\n<tr>\n<td><strong>Brugerdefineret ordre<\/strong><\/td>\n<td>Accepter<\/td>\n<\/tr>\n<tr>\n<td><strong>Vare<\/strong><\/td>\n<td>E Flute b\u00f8lgepap til transport af forsendelser<\/td>\n<\/tr>\n<tr>\n<td><strong>Design<\/strong><\/td>\n<td>Selvforseglende postkasse<\/td>\n<\/tr>\n<tr>\n<td><strong>Anvendelse<\/strong><\/td>\n<td>T\u00f8j, sko, hudpleje, kosmetik, gave<\/td>\n<\/tr>\n<tr>\n<td><strong>Farve<\/strong><\/td>\n<td>CMYK, Pantone-farve, fulde farver til papirkasse engros<\/td>\n<\/tr>\n<tr>\n<td><strong>Form og st\u00f8rrelse<\/strong><\/td>\n<td>Tilpasset<\/td>\n<\/tr>\n<tr>\n<td><strong>Logo<\/strong><\/td>\n<td>Kundens logo<\/td>\n<\/tr>\n<tr>\n<td><strong>Fil med illustrationer<\/strong><\/td>\n<td>PDF-, Adobe Illustrator-, Photoshop- og Indesign-filer<\/td>\n<\/tr>\n<tr>\n<td><strong>Produktcertificering<\/strong><\/td>\n<td>ISO9001:2000, G7, GMI, Dinesy<\/td>\n<\/tr>\n<tr>\n<td><strong>Pr\u00f8vetid<\/strong><\/td>\n<td>3-5 arbejdsdage<\/td>\n<\/tr>\n<tr>\n<td><strong>Forsendelse<\/strong><\/td>\n<td>Med skib, fly og international ekspres<\/td>\n<\/tr>\n<\/table>\n<p><img decoding=\"async\" class=\"detail-desc-decorate-image\" src=\"https:\/\/reanpackaging.com\/wp-content\/uploads\/2024\/05\/6-description-E-Commerce-Custom-Printing-Logo-Self-Sealing-Recycled-Blue-Shipping-Box-E-Flute-Corrugated-Transport-Mailer-Carton.jpg\" slate-data-type=\"image\" style=\"max-width: 100%; height: auto; display: block; margin: 0 auto;\"><br \/>\n<img decoding=\"async\" class=\"detail-desc-decorate-image\" src=\"https:\/\/reanpackaging.com\/wp-content\/uploads\/2024\/05\/7-description-E-Commerce-Custom-Printing-Logo-Self-Sealing-Recycled-Blue-Shipping-Box-E-Flute-Corrugated-Transport-Mailer-Carton.jpg\" slate-data-type=\"image\" style=\"max-width: 100%; height: auto; display: block; margin: 0 auto;\"><br \/>\n<img decoding=\"async\" class=\"detail-desc-decorate-image\" src=\"https:\/\/reanpackaging.com\/wp-content\/uploads\/2024\/05\/8-description-E-Commerce-Custom-Printing-Logo-Self-Sealing-Recycled-Blue-Shipping-Box-E-Flute-Corrugated-Transport-Mailer-Carton.jpg\" slate-data-type=\"image\" style=\"max-width: 100%; height: auto; display: block; margin: 0 auto;\"><\/p>","protected":false},"excerpt":{"rendered":"<p>Industry-Specific Attributes Industrial Use Shoes &#038; clothing Paper Type Corrugated Board Feature Recyclable Other Attributes Place of Origin Fujian, China Box Type Rigid Boxes Brand Name Yixin Model Number X-LL-23031-01 Printing Handling Embossing, Glossy Lamination, Matt Lamination, Stamping, UV Coating, Varnishing, VANISHING, Gold Foil Custom Order Accept Item E Flute Corrugated Transport Mailer Carton Design [&hellip;]<\/p>\n","protected":false},"featured_media":18064,"template":"","meta":{"_seopress_robots_primary_cat":"none","_seopress_titles_title":"","_seopress_titles_desc":"","_seopress_robots_index":"","site-sidebar-layout":"default","site-content-layout":"","ast-site-content-layout":"default","site-content-style":"default","site-sidebar-style":"default","ast-global-header-display":"","ast-banner-title-visibility":"","ast-main-header-display":"","ast-hfb-above-header-display":"","ast-hfb-below-header-display":"","ast-hfb-mobile-header-display":"","site-post-title":"","ast-breadcrumbs-content":"","ast-featured-img":"","footer-sml-layout":"","ast-disable-related-posts":"","theme-transparent-header-meta":"default","adv-header-id-meta":"","stick-header-meta":"default","header-above-stick-meta":"","header-main-stick-meta":"","header-below-stick-meta":"","astra-migrate-meta-layouts":"set","ast-page-background-enabled":"default","ast-page-background-meta":{"desktop":{"background-color":"","background-image":"","background-repeat":"repeat","background-position":"center center","background-size":"auto","background-attachment":"scroll","background-type":"","background-media":"","overlay-type":"","overlay-color":"","overlay-opacity":"","overlay-gradient":""},"tablet":{"background-color":"","background-image":"","background-repeat":"repeat","background-position":"center center","background-size":"auto","background-attachment":"scroll","background-type":"","background-media":"","overlay-type":"","overlay-color":"","overlay-opacity":"","overlay-gradient":""},"mobile":{"background-color":"","background-image":"","background-repeat":"repeat","background-position":"center center","background-size":"auto","background-attachment":"scroll","background-type":"","background-media":"","overlay-type":"","overlay-color":"","overlay-opacity":"","overlay-gradient":""}},"ast-content-background-meta":{"desktop":{"background-color":"var(--ast-global-color-5)","background-image":"","background-repeat":"repeat","background-position":"center center","background-size":"auto","background-attachment":"scroll","background-type":"","background-media":"","overlay-type":"","overlay-color":"","overlay-opacity":"","overlay-gradient":""},"tablet":{"background-color":"var(--ast-global-color-5)","background-image":"","background-repeat":"repeat","background-position":"center center","background-size":"auto","background-attachment":"scroll","background-type":"","background-media":"","overlay-type":"","overlay-color":"","overlay-opacity":"","overlay-gradient":""},"mobile":{"background-color":"var(--ast-global-color-5)","background-image":"","background-repeat":"repeat","background-position":"center center","background-size":"auto","background-attachment":"scroll","background-type":"","background-media":"","overlay-type":"","overlay-color":"","overlay-opacity":"","overlay-gradient":""}}},"product_brand":[],"product_cat":[47],"product_tag":[],"class_list":{"0":"post-18084","1":"product","2":"type-product","3":"status-publish","4":"has-post-thumbnail","6":"product_cat-mailer-boxes","7":"desktop-align-left","8":"tablet-align-left","9":"mobile-align-left","10":"ast-product-gallery-layout-horizontal","11":"ast-product-tabs-layout-horizontal","13":"first","14":"instock","15":"purchasable","16":"product-type-simple"},"_links":{"self":[{"href":"https:\/\/reanpackaging.com\/da\/wp-json\/wp\/v2\/product\/18084","targetHints":{"allow":["GET"]}}],"collection":[{"href":"https:\/\/reanpackaging.com\/da\/wp-json\/wp\/v2\/product"}],"about":[{"href":"https:\/\/reanpackaging.com\/da\/wp-json\/wp\/v2\/types\/product"}],"wp:featuredmedia":[{"embeddable":true,"href":"https:\/\/reanpackaging.com\/da\/wp-json\/wp\/v2\/media\/18064"}],"wp:attachment":[{"href":"https:\/\/reanpackaging.com\/da\/wp-json\/wp\/v2\/media?parent=18084"}],"wp:term":[{"taxonomy":"product_brand","embeddable":true,"href":"https:\/\/reanpackaging.com\/da\/wp-json\/wp\/v2\/product_brand?post=18084"},{"taxonomy":"product_cat","embeddable":true,"href":"https:\/\/reanpackaging.com\/da\/wp-json\/wp\/v2\/product_cat?post=18084"},{"taxonomy":"product_tag","embeddable":true,"href":"https:\/\/reanpackaging.com\/da\/wp-json\/wp\/v2\/product_tag?post=18084"}],"curies":[{"name":"wp","href":"https:\/\/api.w.org\/{rel}","templated":true}]}}