{"id":19695,"date":"2024-07-07T05:47:29","date_gmt":"2024-07-07T05:47:29","guid":{"rendered":"https:\/\/reanpackaging.com\/product\/luxury-custom-logo-candle-rigid-cardboard-gift-box-set-fancy-white-packaging-boxes-candle-jars-with-lid\/"},"modified":"2024-10-01T16:26:44","modified_gmt":"2024-10-01T16:26:44","slug":"luxury-custom-logo-candle-rigid-cardboard-gift-box-set-fancy-white-packaging-boxes-candle-jars-with-lid","status":"publish","type":"product","link":"https:\/\/reanpackaging.com\/da\/vare\/luxury-custom-logo-candle-rigid-cardboard-gift-box-set-fancy-white-packaging-boxes-candle-jars-with-lid\/","title":{"rendered":"Luksus stearinlys med brugerdefineret logo i stiv pap Gave\u00e6skes\u00e6t Fancy hvide emballage\u00e6sker Stearinlysglas med l\u00e5g"},"content":{"rendered":"<h4>Branchespecifikke egenskaber<\/h4>\n<table border=\"1\">\n<tr>\n<td><strong>Industriel anvendelse<\/strong><\/td>\n<td>Gave og h\u00e5ndv\u00e6rk<\/td>\n<\/tr>\n<tr>\n<td><strong>Papirtype<\/strong><\/td>\n<td>Bestr\u00f8get papir<\/td>\n<\/tr>\n<tr>\n<td><strong>Funktion<\/strong><\/td>\n<td>Genbrugte materialer<\/td>\n<\/tr>\n<\/table>\n<h4>Andre egenskaber<\/h4>\n<table border=\"1\">\n<tr>\n<td><strong>Oprindelsessted<\/strong><\/td>\n<td>Guangdong, Kina<\/td>\n<\/tr>\n<tr>\n<td><strong>Boks-type<\/strong><\/td>\n<td>Stive kasser<\/td>\n<\/tr>\n<tr>\n<td><strong>Varem\u00e6rke<\/strong><\/td>\n<td>setinya<\/td>\n<\/tr>\n<tr>\n<td><strong>Modelnummer<\/strong><\/td>\n<td>setinya01<\/td>\n<\/tr>\n<tr>\n<td><strong>H\u00e5ndtering af udskrivning<\/strong><\/td>\n<td>Varnishing, UV Coating<\/td>\n<\/tr>\n<tr>\n<td><strong>Brugerdefineret ordre<\/strong><\/td>\n<td>Accepter<\/td>\n<\/tr>\n<tr>\n<td><strong>Form<\/strong><\/td>\n<td>Brugerdefineret<\/td>\n<\/tr>\n<tr>\n<td><strong>Tryk af logo<\/strong><\/td>\n<td>Brugerdefineret logo<\/td>\n<\/tr>\n<tr>\n<td><strong>Tilbeh\u00f8r<\/strong><\/td>\n<td>H\u00e5ndtag<\/td>\n<\/tr>\n<tr>\n<td><strong>Foringstype<\/strong><\/td>\n<td>Plast, pap, svamp<\/td>\n<\/tr>\n<tr>\n<td><strong>Materiale<\/strong><\/td>\n<td>Candle Jars With Lid And Boxes Packaging Candle Box<\/td>\n<\/tr>\n<tr>\n<td><strong>Produktets navn<\/strong><\/td>\n<td>Magnetic Gift Box Packaging Food Rigid Boxes With Ribbon<\/td>\n<\/tr>\n<tr>\n<td><strong>Design<\/strong><\/td>\n<td>Free design for packaging candle boxes<\/td>\n<\/tr>\n<tr>\n<td><strong>N\u00f8gleord<\/strong><\/td>\n<td>packaging food gifts box<\/td>\n<\/tr>\n<tr>\n<td><strong>Form<\/strong><\/td>\n<td>Udstillingsbokse<\/td>\n<\/tr>\n<tr>\n<td><strong>After service<\/strong><\/td>\n<td>24 hours response<\/td>\n<\/tr>\n<tr>\n<td><strong>Provide design service<\/strong><\/td>\n<td>48 hours for common products<\/td>\n<\/tr>\n<tr>\n<td><strong>Production delivery time<\/strong><\/td>\n<td>96 hours for common products<\/td>\n<\/tr>\n<tr>\n<td><strong>Kvalitetskontrol<\/strong><\/td>\n<td>ISO9001:2008<\/td>\n<\/tr>\n<tr>\n<td><strong>Funktion<\/strong><\/td>\n<td>recycled material,environment friendly<\/td>\n<\/tr>\n<\/table>\n<p><img decoding=\"async\" class=\"detail-desc-decorate-image\" src=\"https:\/\/reanpackaging.com\/wp-content\/uploads\/2024\/07\/3-description-Luxury-Custom-Logo-Candle-Rigid-Cardboard-Gift-Box-Set-Fancy-White-Packaging-Boxes-Candle-Jars-With-Lid.jpg\" slate-data-type=\"image\" style=\"max-width: 100%; height: auto; display: block; margin: 0 auto;\"><br \/>\n<img decoding=\"async\" class=\"detail-desc-decorate-image\" src=\"https:\/\/reanpackaging.com\/wp-content\/uploads\/2024\/07\/4-description-Luxury-Custom-Logo-Candle-Rigid-Cardboard-Gift-Box-Set-Fancy-White-Packaging-Boxes-Candle-Jars-With-Lid.jpg\" slate-data-type=\"image\" style=\"max-width: 100%; height: auto; display: block; margin: 0 auto;\"><br \/>\n<img decoding=\"async\" class=\"detail-desc-decorate-image\" src=\"https:\/\/reanpackaging.com\/wp-content\/uploads\/2024\/07\/5-description-Luxury-Custom-Logo-Candle-Rigid-Cardboard-Gift-Box-Set-Fancy-White-Packaging-Boxes-Candle-Jars-With-Lid.jpg\" slate-data-type=\"image\" style=\"max-width: 100%; height: auto; display: block; margin: 0 auto;\"><br \/>\n<img decoding=\"async\" class=\"detail-desc-decorate-image\" src=\"https:\/\/reanpackaging.com\/wp-content\/uploads\/2024\/07\/6-description-Luxury-Custom-Logo-Candle-Rigid-Cardboard-Gift-Box-Set-Fancy-White-Packaging-Boxes-Candle-Jars-With-Lid.jpg\" slate-data-type=\"image\" style=\"max-width: 100%; height: auto; display: block; margin: 0 auto;\"><\/p>","protected":false},"excerpt":{"rendered":"<p>Industry-Specific Attributes Industrial Use Gift &#038; Craft Paper Type Coated Paper Feature Recycled Materials Other Attributes Place of Origin Guangdong, China Box Type Rigid Boxes Brand Name setinya Model Number setinya01 Printing Handling Varnishing, UV Coating Custom Order Accept Shape Custom Logo printing Custom Logo Accessories Handle Liner type Plastics, Paperboard, Sponge Material Candle Jars [&hellip;]<\/p>\n","protected":false},"featured_media":19611,"template":"","meta":{"_seopress_robots_primary_cat":"none","_seopress_titles_title":"","_seopress_titles_desc":"","_seopress_robots_index":"","site-sidebar-layout":"default","site-content-layout":"","ast-site-content-layout":"default","site-content-style":"default","site-sidebar-style":"default","ast-global-header-display":"","ast-banner-title-visibility":"","ast-main-header-display":"","ast-hfb-above-header-display":"","ast-hfb-below-header-display":"","ast-hfb-mobile-header-display":"","site-post-title":"","ast-breadcrumbs-content":"","ast-featured-img":"","footer-sml-layout":"","ast-disable-related-posts":"","theme-transparent-header-meta":"default","adv-header-id-meta":"","stick-header-meta":"default","header-above-stick-meta":"","header-main-stick-meta":"","header-below-stick-meta":"","astra-migrate-meta-layouts":"set","ast-page-background-enabled":"default","ast-page-background-meta":{"desktop":{"background-color":"","background-image":"","background-repeat":"repeat","background-position":"center center","background-size":"auto","background-attachment":"scroll","background-type":"","background-media":"","overlay-type":"","overlay-color":"","overlay-opacity":"","overlay-gradient":""},"tablet":{"background-color":"","background-image":"","background-repeat":"repeat","background-position":"center center","background-size":"auto","background-attachment":"scroll","background-type":"","background-media":"","overlay-type":"","overlay-color":"","overlay-opacity":"","overlay-gradient":""},"mobile":{"background-color":"","background-image":"","background-repeat":"repeat","background-position":"center center","background-size":"auto","background-attachment":"scroll","background-type":"","background-media":"","overlay-type":"","overlay-color":"","overlay-opacity":"","overlay-gradient":""}},"ast-content-background-meta":{"desktop":{"background-color":"var(--ast-global-color-5)","background-image":"","background-repeat":"repeat","background-position":"center center","background-size":"auto","background-attachment":"scroll","background-type":"","background-media":"","overlay-type":"","overlay-color":"","overlay-opacity":"","overlay-gradient":""},"tablet":{"background-color":"var(--ast-global-color-5)","background-image":"","background-repeat":"repeat","background-position":"center center","background-size":"auto","background-attachment":"scroll","background-type":"","background-media":"","overlay-type":"","overlay-color":"","overlay-opacity":"","overlay-gradient":""},"mobile":{"background-color":"var(--ast-global-color-5)","background-image":"","background-repeat":"repeat","background-position":"center center","background-size":"auto","background-attachment":"scroll","background-type":"","background-media":"","overlay-type":"","overlay-color":"","overlay-opacity":"","overlay-gradient":""}}},"product_brand":[],"product_cat":[62],"product_tag":[],"class_list":{"0":"post-19695","1":"product","2":"type-product","3":"status-publish","4":"has-post-thumbnail","6":"product_cat-candle-boxes","7":"desktop-align-left","8":"tablet-align-left","9":"mobile-align-left","10":"ast-product-gallery-layout-horizontal","11":"ast-product-tabs-layout-horizontal","13":"first","14":"instock","15":"purchasable","16":"product-type-simple"},"_links":{"self":[{"href":"https:\/\/reanpackaging.com\/da\/wp-json\/wp\/v2\/product\/19695","targetHints":{"allow":["GET"]}}],"collection":[{"href":"https:\/\/reanpackaging.com\/da\/wp-json\/wp\/v2\/product"}],"about":[{"href":"https:\/\/reanpackaging.com\/da\/wp-json\/wp\/v2\/types\/product"}],"wp:featuredmedia":[{"embeddable":true,"href":"https:\/\/reanpackaging.com\/da\/wp-json\/wp\/v2\/media\/19611"}],"wp:attachment":[{"href":"https:\/\/reanpackaging.com\/da\/wp-json\/wp\/v2\/media?parent=19695"}],"wp:term":[{"taxonomy":"product_brand","embeddable":true,"href":"https:\/\/reanpackaging.com\/da\/wp-json\/wp\/v2\/product_brand?post=19695"},{"taxonomy":"product_cat","embeddable":true,"href":"https:\/\/reanpackaging.com\/da\/wp-json\/wp\/v2\/product_cat?post=19695"},{"taxonomy":"product_tag","embeddable":true,"href":"https:\/\/reanpackaging.com\/da\/wp-json\/wp\/v2\/product_tag?post=19695"}],"curies":[{"name":"wp","href":"https:\/\/api.w.org\/{rel}","templated":true}]}}