{"id":20176,"date":"2024-07-11T15:31:48","date_gmt":"2024-07-11T15:31:48","guid":{"rendered":"https:\/\/reanpackaging.com\/product\/customized-logo-paper-cardboard-christmas-hamper-packaging-eve-gift-boxes-christmas-box-with-ribbon\/"},"modified":"2024-10-01T16:24:44","modified_gmt":"2024-10-01T16:24:44","slug":"customized-logo-paper-cardboard-christmas-hamper-packaging-eve-gift-boxes-christmas-box-with-ribbon","status":"publish","type":"product","link":"https:\/\/reanpackaging.com\/da\/vare\/customized-logo-paper-cardboard-christmas-hamper-packaging-eve-gift-boxes-christmas-box-with-ribbon\/","title":{"rendered":"Tilpasset logo Papir Karton Julekurv Emballage Eve Gave\u00e6sker Jule\u00e6ske med b\u00e5nd"},"content":{"rendered":"<h4>Branchespecifikke egenskaber<\/h4>\n<table border=\"1\">\n<tr>\n<td><strong>Industriel anvendelse<\/strong><\/td>\n<td>Gave og h\u00e5ndv\u00e6rk<\/td>\n<\/tr>\n<tr>\n<td><strong>Papirtype<\/strong><\/td>\n<td>Kunstpapir<\/td>\n<\/tr>\n<tr>\n<td><strong>Funktion<\/strong><\/td>\n<td>Genanvendelig<\/td>\n<\/tr>\n<\/table>\n<h4>Andre egenskaber<\/h4>\n<table border=\"1\">\n<tr>\n<td><strong>Oprindelsessted<\/strong><\/td>\n<td>Guangdong, Kina<\/td>\n<\/tr>\n<tr>\n<td><strong>Boks-type<\/strong><\/td>\n<td>Stive kasser<\/td>\n<\/tr>\n<tr>\n<td><strong>Varem\u00e6rke<\/strong><\/td>\n<td>Crownwin<\/td>\n<\/tr>\n<tr>\n<td><strong>H\u00e5ndtering af udskrivning<\/strong><\/td>\n<td>Blank laminering, stempling, lakering, mat laminering, pr\u00e6gning, UV-bel\u00e6gning, VANISHING, guldfolie<\/td>\n<\/tr>\n<tr>\n<td><strong>Brugerdefineret ordre<\/strong><\/td>\n<td>Accepter<\/td>\n<\/tr>\n<tr>\n<td><strong>Form<\/strong><\/td>\n<td>rektangel<\/td>\n<\/tr>\n<tr>\n<td><strong>Tryk af logo<\/strong><\/td>\n<td>Accepter<\/td>\n<\/tr>\n<tr>\n<td><strong>Tilbeh\u00f8r<\/strong><\/td>\n<td>Magnetisk lukning, b\u00e5nd, h\u00e5ndtag<\/td>\n<\/tr>\n<tr>\n<td><strong>Foringstype<\/strong><\/td>\n<td>Plast, pap, svamp<\/td>\n<\/tr>\n<tr>\n<td><strong>Materiale<\/strong><\/td>\n<td>Karton<\/td>\n<\/tr>\n<tr>\n<td><strong>Funktion<\/strong><\/td>\n<td>Ekko-venligt materiale<\/td>\n<\/tr>\n<tr>\n<td><strong>Udskrivning<\/strong><\/td>\n<td>CMYK 4-farve Offest-udskrivning<\/td>\n<\/tr>\n<tr>\n<td><strong>Vare<\/strong><\/td>\n<td>Foldet papkasse<\/td>\n<\/tr>\n<tr>\n<td><strong>MOQ<\/strong><\/td>\n<td>500 stk.<\/td>\n<\/tr>\n<tr>\n<td><strong>Overfladefinish<\/strong><\/td>\n<td>4C\/UV\/laminering\/pr\u00e6gning\/stempling<\/td>\n<\/tr>\n<tr>\n<td><strong>Design<\/strong><\/td>\n<td>Tilpasset design<\/td>\n<\/tr>\n<tr>\n<td><strong>Funktion<\/strong><\/td>\n<td>Gave af pap<\/td>\n<\/tr>\n<tr>\n<td><strong>Industriel anvendelse<\/strong><\/td>\n<td>gaveindpakning<\/td>\n<\/tr>\n<tr>\n<td><strong>Leveringstid<\/strong><\/td>\n<td>15-25 dage<\/td>\n<\/tr>\n<\/table>","protected":false},"excerpt":{"rendered":"<p>Industry-Specific Attributes Industrial Use Gift &#038; Craft Paper Type Art Paper Feature Recyclable Other Attributes Place of Origin Guangdong, China Box Type Rigid Boxes Brand Name crownwin Printing Handling Glossy Lamination, Stamping, Varnishing, Matt Lamination, Embossing, UV Coating, VANISHING, Gold Foil Custom Order Accept Shape rectangle Logo printing Accept Accessories Magnetic closure, Ribbon, Handle Liner [&hellip;]<\/p>\n","protected":false},"featured_media":20071,"template":"","meta":{"_seopress_robots_primary_cat":"none","_seopress_titles_title":"","_seopress_titles_desc":"","_seopress_robots_index":"","site-sidebar-layout":"default","site-content-layout":"","ast-site-content-layout":"default","site-content-style":"default","site-sidebar-style":"default","ast-global-header-display":"","ast-banner-title-visibility":"","ast-main-header-display":"","ast-hfb-above-header-display":"","ast-hfb-below-header-display":"","ast-hfb-mobile-header-display":"","site-post-title":"","ast-breadcrumbs-content":"","ast-featured-img":"","footer-sml-layout":"","ast-disable-related-posts":"","theme-transparent-header-meta":"default","adv-header-id-meta":"","stick-header-meta":"default","header-above-stick-meta":"","header-main-stick-meta":"","header-below-stick-meta":"","astra-migrate-meta-layouts":"set","ast-page-background-enabled":"default","ast-page-background-meta":{"desktop":{"background-color":"","background-image":"","background-repeat":"repeat","background-position":"center center","background-size":"auto","background-attachment":"scroll","background-type":"","background-media":"","overlay-type":"","overlay-color":"","overlay-opacity":"","overlay-gradient":""},"tablet":{"background-color":"","background-image":"","background-repeat":"repeat","background-position":"center center","background-size":"auto","background-attachment":"scroll","background-type":"","background-media":"","overlay-type":"","overlay-color":"","overlay-opacity":"","overlay-gradient":""},"mobile":{"background-color":"","background-image":"","background-repeat":"repeat","background-position":"center center","background-size":"auto","background-attachment":"scroll","background-type":"","background-media":"","overlay-type":"","overlay-color":"","overlay-opacity":"","overlay-gradient":""}},"ast-content-background-meta":{"desktop":{"background-color":"var(--ast-global-color-5)","background-image":"","background-repeat":"repeat","background-position":"center center","background-size":"auto","background-attachment":"scroll","background-type":"","background-media":"","overlay-type":"","overlay-color":"","overlay-opacity":"","overlay-gradient":""},"tablet":{"background-color":"var(--ast-global-color-5)","background-image":"","background-repeat":"repeat","background-position":"center center","background-size":"auto","background-attachment":"scroll","background-type":"","background-media":"","overlay-type":"","overlay-color":"","overlay-opacity":"","overlay-gradient":""},"mobile":{"background-color":"var(--ast-global-color-5)","background-image":"","background-repeat":"repeat","background-position":"center center","background-size":"auto","background-attachment":"scroll","background-type":"","background-media":"","overlay-type":"","overlay-color":"","overlay-opacity":"","overlay-gradient":""}}},"product_brand":[],"product_cat":[63],"product_tag":[],"class_list":{"0":"post-20176","1":"product","2":"type-product","3":"status-publish","4":"has-post-thumbnail","6":"product_cat-christmas-gift-boxes","7":"desktop-align-left","8":"tablet-align-left","9":"mobile-align-left","10":"ast-product-gallery-layout-horizontal","11":"ast-product-tabs-layout-horizontal","13":"first","14":"instock","15":"purchasable","16":"product-type-simple"},"_links":{"self":[{"href":"https:\/\/reanpackaging.com\/da\/wp-json\/wp\/v2\/product\/20176","targetHints":{"allow":["GET"]}}],"collection":[{"href":"https:\/\/reanpackaging.com\/da\/wp-json\/wp\/v2\/product"}],"about":[{"href":"https:\/\/reanpackaging.com\/da\/wp-json\/wp\/v2\/types\/product"}],"wp:featuredmedia":[{"embeddable":true,"href":"https:\/\/reanpackaging.com\/da\/wp-json\/wp\/v2\/media\/20071"}],"wp:attachment":[{"href":"https:\/\/reanpackaging.com\/da\/wp-json\/wp\/v2\/media?parent=20176"}],"wp:term":[{"taxonomy":"product_brand","embeddable":true,"href":"https:\/\/reanpackaging.com\/da\/wp-json\/wp\/v2\/product_brand?post=20176"},{"taxonomy":"product_cat","embeddable":true,"href":"https:\/\/reanpackaging.com\/da\/wp-json\/wp\/v2\/product_cat?post=20176"},{"taxonomy":"product_tag","embeddable":true,"href":"https:\/\/reanpackaging.com\/da\/wp-json\/wp\/v2\/product_tag?post=20176"}],"curies":[{"name":"wp","href":"https:\/\/api.w.org\/{rel}","templated":true}]}}