{"id":20759,"date":"2024-07-14T16:20:37","date_gmt":"2024-07-14T16:20:37","guid":{"rendered":"https:\/\/reanpackaging.com\/product\/wholesale-ring-earring-necklace-bracelet-box-custom-luxury-velvet-jewelry-box-packaging\/"},"modified":"2024-10-01T16:23:30","modified_gmt":"2024-10-01T16:23:30","slug":"wholesale-ring-earring-necklace-bracelet-box-custom-luxury-velvet-jewelry-box-packaging","status":"publish","type":"product","link":"https:\/\/reanpackaging.com\/da\/vare\/wholesale-ring-earring-necklace-bracelet-box-custom-luxury-velvet-jewelry-box-packaging\/","title":{"rendered":"Engros ring \u00f8rering halsk\u00e6de armb\u00e5nd \u00e6ske brugerdefineret luksus fl\u00f8jl smykkeskrin emballage"},"content":{"rendered":"<h4>Branchespecifikke egenskaber<\/h4>\n<table border=\"1\">\n<tr>\n<td><strong>Smykkeskrin Materiale<\/strong><\/td>\n<td>Fl\u00f8jl<\/td>\n<\/tr>\n<\/table>\n<h4>Andre egenskaber<\/h4>\n<table border=\"1\">\n<tr>\n<td><strong>Modelnummer<\/strong><\/td>\n<td>emballage til smykker<\/td>\n<\/tr>\n<tr>\n<td><strong>Produktets navn<\/strong><\/td>\n<td>emballage til smykker<\/td>\n<\/tr>\n<tr>\n<td><strong>Materiale til smykkeskrin<\/strong><\/td>\n<td>Plastik + papir<\/td>\n<\/tr>\n<tr>\n<td><strong>Certifikat til smykkeskrin<\/strong><\/td>\n<td>TUV<\/td>\n<\/tr>\n<tr>\n<td><strong>Logo for smykkeskrin<\/strong><\/td>\n<td>Brugerdefineret logo<\/td>\n<\/tr>\n<tr>\n<td><strong>Eksempel p\u00e5 smykkeskrin<\/strong><\/td>\n<td>3-7 arbejdsdage<\/td>\n<\/tr>\n<tr>\n<td><strong>Farve<\/strong><\/td>\n<td>brun\/bl\u00e5 &amp; brugerdefineret<\/td>\n<\/tr>\n<tr>\n<td><strong>Smykkeskrinets funktion<\/strong><\/td>\n<td>Indpakning\/udstilling\/opbevaring af smykker<\/td>\n<\/tr>\n<tr>\n<td><strong>Fordel<\/strong><\/td>\n<td>100% Manugafabrikant<\/td>\n<\/tr>\n<tr>\n<td><strong>Stil<\/strong><\/td>\n<td>Luksus smykkeskrin<\/td>\n<\/tr>\n<tr>\n<td><strong>Smykkeskrinets funktion<\/strong><\/td>\n<td>Skr\u00e6ddersyet smykkeskrin<\/td>\n<\/tr>\n<tr>\n<td><strong>Forsyningsevne<\/strong><\/td>\n<td>Forsyningsevne<\/td>\n<\/tr>\n<tr>\n<td><strong>100000 stykker \/ stykker pr. m\u00e5ned<\/strong><\/td>\n<td>Vis mere<\/td>\n<\/tr>\n<\/table>\n<p><img decoding=\"async\" class=\"detail-desc-decorate-image\" src=\"https:\/\/reanpackaging.com\/wp-content\/uploads\/2024\/07\/2-description-Wholesale-Ring-Earring-Necklace-Bracelet-Box-Custom-Luxury-Velvet-Jewelry-Box-Packaging.jpg\" slate-data-type=\"image\" style=\"max-width: 100%; height: auto; display: block; margin: 0 auto;\"><br \/>\n<img decoding=\"async\" class=\"detail-desc-decorate-image\" src=\"https:\/\/reanpackaging.com\/wp-content\/uploads\/2024\/07\/3-description-Wholesale-Ring-Earring-Necklace-Bracelet-Box-Custom-Luxury-Velvet-Jewelry-Box-Packaging.jpg\" slate-data-type=\"image\" style=\"max-width: 100%; height: auto; display: block; margin: 0 auto;\"><br \/>\n<img decoding=\"async\" class=\"detail-desc-decorate-image\" src=\"https:\/\/reanpackaging.com\/wp-content\/uploads\/2024\/07\/4-description-Wholesale-Ring-Earring-Necklace-Bracelet-Box-Custom-Luxury-Velvet-Jewelry-Box-Packaging.jpg\" slate-data-type=\"image\" style=\"max-width: 100%; height: auto; display: block; margin: 0 auto;\"><br \/>\n<img decoding=\"async\" class=\"detail-desc-decorate-image\" src=\"https:\/\/reanpackaging.com\/wp-content\/uploads\/2024\/07\/5-description-Wholesale-Ring-Earring-Necklace-Bracelet-Box-Custom-Luxury-Velvet-Jewelry-Box-Packaging.jpg\" slate-data-type=\"image\" style=\"max-width: 100%; height: auto; display: block; margin: 0 auto;\"><br \/>\n<img decoding=\"async\" class=\"detail-desc-decorate-image\" src=\"https:\/\/reanpackaging.com\/wp-content\/uploads\/2024\/07\/6-description-Wholesale-Ring-Earring-Necklace-Bracelet-Box-Custom-Luxury-Velvet-Jewelry-Box-Packaging.jpg\" slate-data-type=\"image\" style=\"max-width: 100%; height: auto; display: block; margin: 0 auto;\"><br \/>\n<img decoding=\"async\" class=\"detail-desc-decorate-image\" src=\"https:\/\/reanpackaging.com\/wp-content\/uploads\/2024\/07\/7-description-Wholesale-Ring-Earring-Necklace-Bracelet-Box-Custom-Luxury-Velvet-Jewelry-Box-Packaging.jpg\" slate-data-type=\"image\" style=\"max-width: 100%; height: auto; display: block; margin: 0 auto;\"><br \/>\n<img decoding=\"async\" class=\"detail-desc-decorate-image\" src=\"https:\/\/reanpackaging.com\/wp-content\/uploads\/2024\/07\/8-description-Wholesale-Ring-Earring-Necklace-Bracelet-Box-Custom-Luxury-Velvet-Jewelry-Box-Packaging.jpg\" slate-data-type=\"image\" style=\"max-width: 100%; height: auto; display: block; margin: 0 auto;\"><br \/>\n<img decoding=\"async\" class=\"detail-desc-decorate-image\" src=\"https:\/\/reanpackaging.com\/wp-content\/uploads\/2024\/07\/9-description-Wholesale-Ring-Earring-Necklace-Bracelet-Box-Custom-Luxury-Velvet-Jewelry-Box-Packaging.jpg\" slate-data-type=\"image\" style=\"max-width: 100%; height: auto; display: block; margin: 0 auto;\"><br \/>\n<img decoding=\"async\" class=\"detail-desc-decorate-image\" src=\"https:\/\/reanpackaging.com\/wp-content\/uploads\/2024\/07\/10-description-Wholesale-Ring-Earring-Necklace-Bracelet-Box-Custom-Luxury-Velvet-Jewelry-Box-Packaging.jpg\" slate-data-type=\"image\" style=\"max-width: 100%; height: auto; display: block; margin: 0 auto;\"><br \/>\n<img decoding=\"async\" class=\"detail-desc-decorate-image\" src=\"https:\/\/reanpackaging.com\/wp-content\/uploads\/2024\/07\/11-description-Wholesale-Ring-Earring-Necklace-Bracelet-Box-Custom-Luxury-Velvet-Jewelry-Box-Packaging.jpg\" slate-data-type=\"image\" style=\"max-width: 100%; height: auto; display: block; margin: 0 auto;\"><br \/>\n<img decoding=\"async\" class=\"detail-desc-decorate-image\" src=\"https:\/\/reanpackaging.com\/wp-content\/uploads\/2024\/07\/12-description-Wholesale-Ring-Earring-Necklace-Bracelet-Box-Custom-Luxury-Velvet-Jewelry-Box-Packaging.jpg\" slate-data-type=\"image\" style=\"max-width: 100%; height: auto; display: block; margin: 0 auto;\"><\/p>","protected":false},"excerpt":{"rendered":"<p>Industry-Specific Attributes Jewelry Boxes Material Velvet Other Attributes Model Number jewelry packaging Product Name jewelry packaging Jewelry Box Material Plastic + Paper Jewelry Box Certificate TUV Jewelry Box Logo Custom Logo Jewelry Box Sample 3-7Workdays Color brown\/blue &#038; custom Jewelry Box Function Jewelry packaging\/display\/storage Advantage 100% Manugafacturer Style Luxury jewelry box Jewelry Box Feature Custom [&hellip;]<\/p>\n","protected":false},"featured_media":20728,"template":"","meta":{"_seopress_robots_primary_cat":"none","_seopress_titles_title":"","_seopress_titles_desc":"","_seopress_robots_index":"","site-sidebar-layout":"default","site-content-layout":"","ast-site-content-layout":"default","site-content-style":"default","site-sidebar-style":"default","ast-global-header-display":"","ast-banner-title-visibility":"","ast-main-header-display":"","ast-hfb-above-header-display":"","ast-hfb-below-header-display":"","ast-hfb-mobile-header-display":"","site-post-title":"","ast-breadcrumbs-content":"","ast-featured-img":"","footer-sml-layout":"","ast-disable-related-posts":"","theme-transparent-header-meta":"default","adv-header-id-meta":"","stick-header-meta":"default","header-above-stick-meta":"","header-main-stick-meta":"","header-below-stick-meta":"","astra-migrate-meta-layouts":"set","ast-page-background-enabled":"default","ast-page-background-meta":{"desktop":{"background-color":"","background-image":"","background-repeat":"repeat","background-position":"center center","background-size":"auto","background-attachment":"scroll","background-type":"","background-media":"","overlay-type":"","overlay-color":"","overlay-opacity":"","overlay-gradient":""},"tablet":{"background-color":"","background-image":"","background-repeat":"repeat","background-position":"center center","background-size":"auto","background-attachment":"scroll","background-type":"","background-media":"","overlay-type":"","overlay-color":"","overlay-opacity":"","overlay-gradient":""},"mobile":{"background-color":"","background-image":"","background-repeat":"repeat","background-position":"center center","background-size":"auto","background-attachment":"scroll","background-type":"","background-media":"","overlay-type":"","overlay-color":"","overlay-opacity":"","overlay-gradient":""}},"ast-content-background-meta":{"desktop":{"background-color":"var(--ast-global-color-5)","background-image":"","background-repeat":"repeat","background-position":"center center","background-size":"auto","background-attachment":"scroll","background-type":"","background-media":"","overlay-type":"","overlay-color":"","overlay-opacity":"","overlay-gradient":""},"tablet":{"background-color":"var(--ast-global-color-5)","background-image":"","background-repeat":"repeat","background-position":"center center","background-size":"auto","background-attachment":"scroll","background-type":"","background-media":"","overlay-type":"","overlay-color":"","overlay-opacity":"","overlay-gradient":""},"mobile":{"background-color":"var(--ast-global-color-5)","background-image":"","background-repeat":"repeat","background-position":"center center","background-size":"auto","background-attachment":"scroll","background-type":"","background-media":"","overlay-type":"","overlay-color":"","overlay-opacity":"","overlay-gradient":""}}},"product_brand":[],"product_cat":[64],"product_tag":[],"class_list":{"0":"post-20759","1":"product","2":"type-product","3":"status-publish","4":"has-post-thumbnail","6":"product_cat-jewelry-gift-boxes","7":"desktop-align-left","8":"tablet-align-left","9":"mobile-align-left","10":"ast-product-gallery-layout-horizontal","11":"ast-product-tabs-layout-horizontal","13":"first","14":"instock","15":"purchasable","16":"product-type-simple"},"_links":{"self":[{"href":"https:\/\/reanpackaging.com\/da\/wp-json\/wp\/v2\/product\/20759","targetHints":{"allow":["GET"]}}],"collection":[{"href":"https:\/\/reanpackaging.com\/da\/wp-json\/wp\/v2\/product"}],"about":[{"href":"https:\/\/reanpackaging.com\/da\/wp-json\/wp\/v2\/types\/product"}],"wp:featuredmedia":[{"embeddable":true,"href":"https:\/\/reanpackaging.com\/da\/wp-json\/wp\/v2\/media\/20728"}],"wp:attachment":[{"href":"https:\/\/reanpackaging.com\/da\/wp-json\/wp\/v2\/media?parent=20759"}],"wp:term":[{"taxonomy":"product_brand","embeddable":true,"href":"https:\/\/reanpackaging.com\/da\/wp-json\/wp\/v2\/product_brand?post=20759"},{"taxonomy":"product_cat","embeddable":true,"href":"https:\/\/reanpackaging.com\/da\/wp-json\/wp\/v2\/product_cat?post=20759"},{"taxonomy":"product_tag","embeddable":true,"href":"https:\/\/reanpackaging.com\/da\/wp-json\/wp\/v2\/product_tag?post=20759"}],"curies":[{"name":"wp","href":"https:\/\/api.w.org\/{rel}","templated":true}]}}