{"id":21218,"date":"2024-07-17T17:10:03","date_gmt":"2024-07-17T17:10:03","guid":{"rendered":"https:\/\/reanpackaging.com\/product\/heart-shaped-gift-packaging-flower-box-with-transparent-lid-mid-autumn-rigid-cardboard-festival-birthday-rose-fruit-boxes\/"},"modified":"2024-07-29T14:57:33","modified_gmt":"2024-07-29T14:57:33","slug":"heart-shaped-gift-packaging-flower-box-with-transparent-lid-mid-autumn-rigid-cardboard-festival-birthday-rose-fruit-boxes","status":"publish","type":"product","link":"https:\/\/reanpackaging.com\/da\/vare\/heart-shaped-gift-packaging-flower-box-with-transparent-lid-mid-autumn-rigid-cardboard-festival-birthday-rose-fruit-boxes\/","title":{"rendered":"Hjerteformet gaveemballage blomsterkasse med gennemsigtigt l\u00e5g Midth\u00f8st stiv pap Festival f\u00f8dselsdag rose frugtkasser"},"content":{"rendered":"<h4>Branchespecifikke egenskaber<\/h4>\n<table border=\"1\">\n<tr>\n<td><strong>Industriel anvendelse<\/strong><\/td>\n<td>Gave og h\u00e5ndv\u00e6rk<\/td>\n<\/tr>\n<tr>\n<td><strong>Papirtype<\/strong><\/td>\n<td>Pap<\/td>\n<\/tr>\n<tr>\n<td><strong>Funktion<\/strong><\/td>\n<td>Biologisk nedbrydelig<\/td>\n<\/tr>\n<\/table>\n<h4>Andre egenskaber<\/h4>\n<table border=\"1\">\n<tr>\n<td><strong>Boks-type<\/strong><\/td>\n<td>Stive kasser<\/td>\n<\/tr>\n<tr>\n<td><strong>H\u00e5ndtering af udskrivning<\/strong><\/td>\n<td>Mat laminering, lakering, stempling, pr\u00e6gning, blank laminering, UV-bel\u00e6gning, VANISHING, guldfolie<\/td>\n<\/tr>\n<tr>\n<td><strong>Brugerdefineret ordre<\/strong><\/td>\n<td>Accepter<\/td>\n<\/tr>\n<tr>\n<td><strong>Form<\/strong><\/td>\n<td>Brugerdefineret anderledes form<\/td>\n<\/tr>\n<tr>\n<td><strong>Produktets navn<\/strong><\/td>\n<td>Tilpassede gave\u00e6sker<\/td>\n<\/tr>\n<tr>\n<td><strong>Materiale<\/strong><\/td>\n<td>Karton<\/td>\n<\/tr>\n<tr>\n<td><strong>Anvendelse<\/strong><\/td>\n<td>Emballage Gave<\/td>\n<\/tr>\n<tr>\n<td><strong>Logo<\/strong><\/td>\n<td>Kundens logo<\/td>\n<\/tr>\n<tr>\n<td><strong>Farve<\/strong><\/td>\n<td>CMYK<\/td>\n<\/tr>\n<tr>\n<td><strong>Udskrivning<\/strong><\/td>\n<td>4c Offsettryk<\/td>\n<\/tr>\n<tr>\n<td><strong>Stil<\/strong><\/td>\n<td>Moderne luksus<\/td>\n<\/tr>\n<tr>\n<td><strong>OEM\/ODM<\/strong><\/td>\n<td>Leverer OEM ODM-service<\/td>\n<\/tr>\n<tr>\n<td><strong>Overfladefinish<\/strong><\/td>\n<td>4C\/UV\/laminering\/lak\/varmstempling\/pr\u00e6gning\/stempling<\/td>\n<\/tr>\n<tr>\n<td><strong>St\u00f8rrelse<\/strong><\/td>\n<td>Tilpasset st\u00f8rrelse accepteret<\/td>\n<\/tr>\n<\/table>","protected":false},"excerpt":{"rendered":"<p>Industry-Specific Attributes Industrial Use Gift &#038; Craft Paper Type Paperboard Feature Bio-degradable Other Attributes Box Type Rigid Boxes Printing Handling Matt Lamination, Varnishing, Stamping, Embossing, Glossy Lamination, UV Coating, VANISHING, Gold Foil Custom Order Accept Shape Custom Different Shape Product name Custom Gift Boxes Material Cardboard Usage Packaging Gift Logo Customer&#8217;s Logo Color CMYK Printing [&hellip;]<\/p>\n","protected":false},"featured_media":21107,"template":"","meta":{"_seopress_robots_primary_cat":"none","_seopress_titles_title":"","_seopress_titles_desc":"","_seopress_robots_index":"","site-sidebar-layout":"default","site-content-layout":"","ast-site-content-layout":"default","site-content-style":"default","site-sidebar-style":"default","ast-global-header-display":"","ast-banner-title-visibility":"","ast-main-header-display":"","ast-hfb-above-header-display":"","ast-hfb-below-header-display":"","ast-hfb-mobile-header-display":"","site-post-title":"","ast-breadcrumbs-content":"","ast-featured-img":"","footer-sml-layout":"","ast-disable-related-posts":"","theme-transparent-header-meta":"default","adv-header-id-meta":"","stick-header-meta":"default","header-above-stick-meta":"","header-main-stick-meta":"","header-below-stick-meta":"","astra-migrate-meta-layouts":"set","ast-page-background-enabled":"default","ast-page-background-meta":{"desktop":{"background-color":"","background-image":"","background-repeat":"repeat","background-position":"center center","background-size":"auto","background-attachment":"scroll","background-type":"","background-media":"","overlay-type":"","overlay-color":"","overlay-opacity":"","overlay-gradient":""},"tablet":{"background-color":"","background-image":"","background-repeat":"repeat","background-position":"center center","background-size":"auto","background-attachment":"scroll","background-type":"","background-media":"","overlay-type":"","overlay-color":"","overlay-opacity":"","overlay-gradient":""},"mobile":{"background-color":"","background-image":"","background-repeat":"repeat","background-position":"center center","background-size":"auto","background-attachment":"scroll","background-type":"","background-media":"","overlay-type":"","overlay-color":"","overlay-opacity":"","overlay-gradient":""}},"ast-content-background-meta":{"desktop":{"background-color":"var(--ast-global-color-5)","background-image":"","background-repeat":"repeat","background-position":"center center","background-size":"auto","background-attachment":"scroll","background-type":"","background-media":"","overlay-type":"","overlay-color":"","overlay-opacity":"","overlay-gradient":""},"tablet":{"background-color":"var(--ast-global-color-5)","background-image":"","background-repeat":"repeat","background-position":"center center","background-size":"auto","background-attachment":"scroll","background-type":"","background-media":"","overlay-type":"","overlay-color":"","overlay-opacity":"","overlay-gradient":""},"mobile":{"background-color":"var(--ast-global-color-5)","background-image":"","background-repeat":"repeat","background-position":"center center","background-size":"auto","background-attachment":"scroll","background-type":"","background-media":"","overlay-type":"","overlay-color":"","overlay-opacity":"","overlay-gradient":""}}},"product_brand":[],"product_cat":[65],"product_tag":[],"class_list":{"0":"post-21218","1":"product","2":"type-product","3":"status-publish","4":"has-post-thumbnail","6":"product_cat-transparent-gift-boxes","7":"desktop-align-left","8":"tablet-align-left","9":"mobile-align-left","10":"ast-product-gallery-layout-horizontal","11":"ast-product-tabs-layout-horizontal","13":"first","14":"instock","15":"product-type-simple"},"_links":{"self":[{"href":"https:\/\/reanpackaging.com\/da\/wp-json\/wp\/v2\/product\/21218","targetHints":{"allow":["GET"]}}],"collection":[{"href":"https:\/\/reanpackaging.com\/da\/wp-json\/wp\/v2\/product"}],"about":[{"href":"https:\/\/reanpackaging.com\/da\/wp-json\/wp\/v2\/types\/product"}],"wp:featuredmedia":[{"embeddable":true,"href":"https:\/\/reanpackaging.com\/da\/wp-json\/wp\/v2\/media\/21107"}],"wp:attachment":[{"href":"https:\/\/reanpackaging.com\/da\/wp-json\/wp\/v2\/media?parent=21218"}],"wp:term":[{"taxonomy":"product_brand","embeddable":true,"href":"https:\/\/reanpackaging.com\/da\/wp-json\/wp\/v2\/product_brand?post=21218"},{"taxonomy":"product_cat","embeddable":true,"href":"https:\/\/reanpackaging.com\/da\/wp-json\/wp\/v2\/product_cat?post=21218"},{"taxonomy":"product_tag","embeddable":true,"href":"https:\/\/reanpackaging.com\/da\/wp-json\/wp\/v2\/product_tag?post=21218"}],"curies":[{"name":"wp","href":"https:\/\/api.w.org\/{rel}","templated":true}]}}