{"id":23880,"date":"2024-08-03T06:18:26","date_gmt":"2024-08-03T06:18:26","guid":{"rendered":"https:\/\/reanpackaging.com\/product\/compliant-child-resistant-sliding-drawer-gift-box-with-cardboard-insert-pull-out-rigid-box-with-child-proof-button\/"},"modified":"2024-10-01T16:12:07","modified_gmt":"2024-10-01T16:12:07","slug":"compliant-child-resistant-sliding-drawer-gift-box-with-cardboard-insert-pull-out-rigid-box-with-child-proof-button","status":"publish","type":"product","link":"https:\/\/reanpackaging.com\/da\/vare\/compliant-child-resistant-sliding-drawer-gift-box-with-cardboard-insert-pull-out-rigid-box-with-child-proof-button\/","title":{"rendered":"Kompatibel b\u00f8rnesikret gave\u00e6ske med glidende skuffe og papindsats Stiv udtr\u00e6ks\u00e6ske med b\u00f8rnesikret knap"},"content":{"rendered":"<h4>Branchespecifikke egenskaber<\/h4>\n<table border=\"1\">\n<tbody>\n<tr>\n<td><strong>Industriel anvendelse<\/strong><\/td>\n<td>Levende harpiksb\u00e6lg<\/td>\n<\/tr>\n<tr>\n<td><strong>Papirtype<\/strong><\/td>\n<td>Pap<\/td>\n<\/tr>\n<tr>\n<td><strong>Funktion<\/strong><\/td>\n<td>H\u00e5ndlavet<\/td>\n<\/tr>\n<\/tbody>\n<\/table>\n<h4>Andre egenskaber<\/h4>\n<table border=\"1\">\n<tbody>\n<tr>\n<td><strong>Boks-type<\/strong><\/td>\n<td>Stive kasser<\/td>\n<\/tr>\n<tr>\n<td><strong>H\u00e5ndtering af udskrivning<\/strong><\/td>\n<td>Mat laminering, lakering, stempling, pr\u00e6gning, blank laminering, UV-bel\u00e6gning, VANISHING, guldfolie<\/td>\n<\/tr>\n<tr>\n<td><strong>Brugerdefineret ordre<\/strong><\/td>\n<td>Accepter<\/td>\n<\/tr>\n<tr>\n<td><strong>Form<\/strong><\/td>\n<td>Tilpasset form accepteret<\/td>\n<\/tr>\n<tr>\n<td><strong>Vare<\/strong><\/td>\n<td>B\u00f8rnesikret skuffeemballage<\/td>\n<\/tr>\n<tr>\n<td><strong>St\u00f8rrelse<\/strong><\/td>\n<td>120*90*40mm<\/td>\n<\/tr>\n<tr>\n<td><strong>Udskrivning<\/strong><\/td>\n<td>CMYK 4-farve Offest-udskrivning<\/td>\n<\/tr>\n<tr>\n<td><strong>MOQ<\/strong><\/td>\n<td>500 stk.<\/td>\n<\/tr>\n<tr>\n<td><strong>Certifikat<\/strong><\/td>\n<td>ISO9001 FSC<\/td>\n<\/tr>\n<tr>\n<td><strong>Stil<\/strong><\/td>\n<td>Tr\u00e6kker t\u00e6ndstik\u00e6ske ud<\/td>\n<\/tr>\n<tr>\n<td><strong>Pr\u00f8vetid<\/strong><\/td>\n<td>3-5 dage<\/td>\n<\/tr>\n<tr>\n<td><strong>Tilbeh\u00f8r<\/strong><\/td>\n<td>EVA-indsats og b\u00f8rnesikkerhedsl\u00e5s<\/td>\n<\/tr>\n<tr>\n<td><strong>Kunstv\u00e6rkets format<\/strong><\/td>\n<td>AI PDF PSD CDR DWG<\/td>\n<\/tr>\n<tr>\n<td><strong>Genneml\u00f8bstid<\/strong><\/td>\n<td>Inden for 10-12 dage<\/td>\n<\/tr>\n<\/tbody>\n<\/table>","protected":false},"excerpt":{"rendered":"<p>Industry-Specific Attributes Industrial Use Live Rosin Pod Paper Type Paperboard Feature Handmade Other Attributes Box Type Rigid Boxes Printing Handling Matt Lamination, Varnishing, Stamping, Embossing, Glossy Lamination, UV Coating, VANISHING, Gold Foil Custom Order Accept Shape Custom Shape Acceptable Item Child Resistant Drawer Packaging Size 120*90*40mm Printing CMYK 4 Color Offest Printing MOQ 500pcs Certificate [&hellip;]<\/p>\n","protected":false},"featured_media":23706,"template":"","meta":{"_seopress_robots_primary_cat":"none","_seopress_titles_title":"","_seopress_titles_desc":"","_seopress_robots_index":"","site-sidebar-layout":"default","site-content-layout":"","ast-site-content-layout":"default","site-content-style":"default","site-sidebar-style":"default","ast-global-header-display":"","ast-banner-title-visibility":"","ast-main-header-display":"","ast-hfb-above-header-display":"","ast-hfb-below-header-display":"","ast-hfb-mobile-header-display":"","site-post-title":"","ast-breadcrumbs-content":"","ast-featured-img":"","footer-sml-layout":"","ast-disable-related-posts":"","theme-transparent-header-meta":"default","adv-header-id-meta":"","stick-header-meta":"default","header-above-stick-meta":"","header-main-stick-meta":"","header-below-stick-meta":"","astra-migrate-meta-layouts":"set","ast-page-background-enabled":"default","ast-page-background-meta":{"desktop":{"background-color":"","background-image":"","background-repeat":"repeat","background-position":"center center","background-size":"auto","background-attachment":"scroll","background-type":"","background-media":"","overlay-type":"","overlay-color":"","overlay-opacity":"","overlay-gradient":""},"tablet":{"background-color":"","background-image":"","background-repeat":"repeat","background-position":"center center","background-size":"auto","background-attachment":"scroll","background-type":"","background-media":"","overlay-type":"","overlay-color":"","overlay-opacity":"","overlay-gradient":""},"mobile":{"background-color":"","background-image":"","background-repeat":"repeat","background-position":"center center","background-size":"auto","background-attachment":"scroll","background-type":"","background-media":"","overlay-type":"","overlay-color":"","overlay-opacity":"","overlay-gradient":""}},"ast-content-background-meta":{"desktop":{"background-color":"var(--ast-global-color-5)","background-image":"","background-repeat":"repeat","background-position":"center center","background-size":"auto","background-attachment":"scroll","background-type":"","background-media":"","overlay-type":"","overlay-color":"","overlay-opacity":"","overlay-gradient":""},"tablet":{"background-color":"var(--ast-global-color-5)","background-image":"","background-repeat":"repeat","background-position":"center center","background-size":"auto","background-attachment":"scroll","background-type":"","background-media":"","overlay-type":"","overlay-color":"","overlay-opacity":"","overlay-gradient":""},"mobile":{"background-color":"var(--ast-global-color-5)","background-image":"","background-repeat":"repeat","background-position":"center center","background-size":"auto","background-attachment":"scroll","background-type":"","background-media":"","overlay-type":"","overlay-color":"","overlay-opacity":"","overlay-gradient":""}}},"product_brand":[],"product_cat":[70],"product_tag":[],"class_list":{"0":"post-23880","1":"product","2":"type-product","3":"status-publish","4":"has-post-thumbnail","6":"product_cat-rigid-boxes","7":"desktop-align-left","8":"tablet-align-left","9":"mobile-align-left","10":"ast-product-gallery-layout-horizontal","11":"ast-product-tabs-layout-horizontal","13":"first","14":"instock","15":"purchasable","16":"product-type-simple"},"_links":{"self":[{"href":"https:\/\/reanpackaging.com\/da\/wp-json\/wp\/v2\/product\/23880","targetHints":{"allow":["GET"]}}],"collection":[{"href":"https:\/\/reanpackaging.com\/da\/wp-json\/wp\/v2\/product"}],"about":[{"href":"https:\/\/reanpackaging.com\/da\/wp-json\/wp\/v2\/types\/product"}],"wp:featuredmedia":[{"embeddable":true,"href":"https:\/\/reanpackaging.com\/da\/wp-json\/wp\/v2\/media\/23706"}],"wp:attachment":[{"href":"https:\/\/reanpackaging.com\/da\/wp-json\/wp\/v2\/media?parent=23880"}],"wp:term":[{"taxonomy":"product_brand","embeddable":true,"href":"https:\/\/reanpackaging.com\/da\/wp-json\/wp\/v2\/product_brand?post=23880"},{"taxonomy":"product_cat","embeddable":true,"href":"https:\/\/reanpackaging.com\/da\/wp-json\/wp\/v2\/product_cat?post=23880"},{"taxonomy":"product_tag","embeddable":true,"href":"https:\/\/reanpackaging.com\/da\/wp-json\/wp\/v2\/product_tag?post=23880"}],"curies":[{"name":"wp","href":"https:\/\/api.w.org\/{rel}","templated":true}]}}