{"id":24553,"date":"2024-08-06T14:34:05","date_gmt":"2024-08-06T14:34:05","guid":{"rendered":"https:\/\/reanpackaging.com\/product\/wholesale-custom-logo-printed-food-grade-caja-para-de-pizza-cardboard-corrugated-carton-reusable-pizza-box\/"},"modified":"2024-10-01T16:10:58","modified_gmt":"2024-10-01T16:10:58","slug":"wholesale-custom-logo-printed-food-grade-caja-para-de-pizza-cardboard-corrugated-carton-reusable-pizza-box","status":"publish","type":"product","link":"https:\/\/reanpackaging.com\/da\/vare\/wholesale-custom-logo-printed-food-grade-caja-para-de-pizza-cardboard-corrugated-carton-reusable-pizza-box\/","title":{"rendered":"Engros Custom Logo Printed Food Grade Caja Para De Pizza Cardboard Corrugated Carton Reusable Pizza Box"},"content":{"rendered":"<h4>Branchespecifikke egenskaber<\/h4>\n<table border=\"1\">\n<tbody>\n<tr>\n<td><strong>Industriel anvendelse<\/strong><\/td>\n<td>F\u00f8devarer<\/td>\n<\/tr>\n<tr>\n<td><strong>Papirtype<\/strong><\/td>\n<td>B\u00f8lgepap<\/td>\n<\/tr>\n<tr>\n<td><strong>Funktion<\/strong><\/td>\n<td>Genbrugte materialer<\/td>\n<\/tr>\n<\/tbody>\n<\/table>\n<h4>Andre egenskaber<\/h4>\n<table border=\"1\">\n<tbody>\n<tr>\n<td><strong>Boks-type<\/strong><\/td>\n<td>Mapper<\/td>\n<\/tr>\n<tr>\n<td><strong>Brugerdefineret ordre<\/strong><\/td>\n<td>Accepter<\/td>\n<\/tr>\n<tr>\n<td><strong>Form<\/strong><\/td>\n<td>Rund, Retangle<\/td>\n<\/tr>\n<tr>\n<td><strong>Tryk af logo<\/strong><\/td>\n<td>Brugerdefineret<\/td>\n<\/tr>\n<tr>\n<td><strong>Foringstype<\/strong><\/td>\n<td>Pap<\/td>\n<\/tr>\n<tr>\n<td><strong>Materiale<\/strong><\/td>\n<td>E B\u00f8lgepap<\/td>\n<\/tr>\n<tr>\n<td><strong>Udskrivning<\/strong><\/td>\n<td>Vandbaseret bl\u00e6k<\/td>\n<\/tr>\n<\/tbody>\n<\/table>\n<p><img decoding=\"async\" class=\"detail-desc-decorate-image\" style=\"max-width: 100%; height: auto; display: block; margin: 0 auto;\" src=\"https:\/\/reanpackaging.com\/wp-content\/uploads\/2024\/08\/1-description-Wholesale-Custom-Logo-Printed-Food-Grade-Caja-Para-De-Pizza-Cardboard-Corrugated-Carton-Reusable-Pizza-Box.png\" \/><br \/>\n<img decoding=\"async\" class=\"detail-desc-decorate-image\" style=\"max-width: 100%; height: auto; display: block; margin: 0 auto;\" src=\"https:\/\/reanpackaging.com\/wp-content\/uploads\/2024\/08\/2-description-Wholesale-Custom-Logo-Printed-Food-Grade-Caja-Para-De-Pizza-Cardboard-Corrugated-Carton-Reusable-Pizza-Box.png\" \/><\/p>","protected":false},"excerpt":{"rendered":"<p>Branchespecifikke egenskaber Industriel anvendelse F\u00f8devarer Papirtype B\u00f8lgepap Funktion Genbrugsmaterialer Andre egenskaber \u00c6sketype Mapper Tilpasset ordre Accepter form Rund, retvinklet Logotryk Tilpasset Foringstype Pap Materiale E-b\u00f8lgepap Tryk af vandbaseret bl\u00e6k<\/p>","protected":false},"featured_media":24502,"template":"","meta":{"_seopress_robots_primary_cat":"none","_seopress_titles_title":"","_seopress_titles_desc":"","_seopress_robots_index":"","site-sidebar-layout":"default","site-content-layout":"","ast-site-content-layout":"default","site-content-style":"default","site-sidebar-style":"default","ast-global-header-display":"","ast-banner-title-visibility":"","ast-main-header-display":"","ast-hfb-above-header-display":"","ast-hfb-below-header-display":"","ast-hfb-mobile-header-display":"","site-post-title":"","ast-breadcrumbs-content":"","ast-featured-img":"","footer-sml-layout":"","ast-disable-related-posts":"","theme-transparent-header-meta":"default","adv-header-id-meta":"","stick-header-meta":"default","header-above-stick-meta":"","header-main-stick-meta":"","header-below-stick-meta":"","astra-migrate-meta-layouts":"set","ast-page-background-enabled":"default","ast-page-background-meta":{"desktop":{"background-color":"","background-image":"","background-repeat":"repeat","background-position":"center center","background-size":"auto","background-attachment":"scroll","background-type":"","background-media":"","overlay-type":"","overlay-color":"","overlay-opacity":"","overlay-gradient":""},"tablet":{"background-color":"","background-image":"","background-repeat":"repeat","background-position":"center center","background-size":"auto","background-attachment":"scroll","background-type":"","background-media":"","overlay-type":"","overlay-color":"","overlay-opacity":"","overlay-gradient":""},"mobile":{"background-color":"","background-image":"","background-repeat":"repeat","background-position":"center center","background-size":"auto","background-attachment":"scroll","background-type":"","background-media":"","overlay-type":"","overlay-color":"","overlay-opacity":"","overlay-gradient":""}},"ast-content-background-meta":{"desktop":{"background-color":"var(--ast-global-color-5)","background-image":"","background-repeat":"repeat","background-position":"center center","background-size":"auto","background-attachment":"scroll","background-type":"","background-media":"","overlay-type":"","overlay-color":"","overlay-opacity":"","overlay-gradient":""},"tablet":{"background-color":"var(--ast-global-color-5)","background-image":"","background-repeat":"repeat","background-position":"center center","background-size":"auto","background-attachment":"scroll","background-type":"","background-media":"","overlay-type":"","overlay-color":"","overlay-opacity":"","overlay-gradient":""},"mobile":{"background-color":"var(--ast-global-color-5)","background-image":"","background-repeat":"repeat","background-position":"center center","background-size":"auto","background-attachment":"scroll","background-type":"","background-media":"","overlay-type":"","overlay-color":"","overlay-opacity":"","overlay-gradient":""}}},"product_brand":[],"product_cat":[71],"product_tag":[],"class_list":{"0":"post-24553","1":"product","2":"type-product","3":"status-publish","4":"has-post-thumbnail","6":"product_cat-pizza-boxes","7":"desktop-align-left","8":"tablet-align-left","9":"mobile-align-left","10":"ast-product-gallery-layout-horizontal","11":"ast-product-tabs-layout-horizontal","13":"first","14":"instock","15":"purchasable","16":"product-type-simple"},"_links":{"self":[{"href":"https:\/\/reanpackaging.com\/da\/wp-json\/wp\/v2\/product\/24553","targetHints":{"allow":["GET"]}}],"collection":[{"href":"https:\/\/reanpackaging.com\/da\/wp-json\/wp\/v2\/product"}],"about":[{"href":"https:\/\/reanpackaging.com\/da\/wp-json\/wp\/v2\/types\/product"}],"wp:featuredmedia":[{"embeddable":true,"href":"https:\/\/reanpackaging.com\/da\/wp-json\/wp\/v2\/media\/24502"}],"wp:attachment":[{"href":"https:\/\/reanpackaging.com\/da\/wp-json\/wp\/v2\/media?parent=24553"}],"wp:term":[{"taxonomy":"product_brand","embeddable":true,"href":"https:\/\/reanpackaging.com\/da\/wp-json\/wp\/v2\/product_brand?post=24553"},{"taxonomy":"product_cat","embeddable":true,"href":"https:\/\/reanpackaging.com\/da\/wp-json\/wp\/v2\/product_cat?post=24553"},{"taxonomy":"product_tag","embeddable":true,"href":"https:\/\/reanpackaging.com\/da\/wp-json\/wp\/v2\/product_tag?post=24553"}],"curies":[{"name":"wp","href":"https:\/\/api.w.org\/{rel}","templated":true}]}}