{"id":27808,"date":"2024-11-24T16:30:07","date_gmt":"2024-11-24T16:30:07","guid":{"rendered":"https:\/\/reanpackaging.com\/product\/custom-printed-luxury-kraft-paper-shopping-bags-cheap-retail-packaging-for-clothing-gifts-with-ribbon-handle-for-business\/"},"modified":"2024-11-24T16:43:48","modified_gmt":"2024-11-24T16:43:48","slug":"custom-printed-luxury-kraft-paper-shopping-bags-cheap-retail-packaging-for-clothing-gifts-with-ribbon-handle-for-business","status":"publish","type":"product","link":"https:\/\/reanpackaging.com\/da\/vare\/custom-printed-luxury-kraft-paper-shopping-bags-cheap-retail-packaging-for-clothing-gifts-with-ribbon-handle-for-business\/","title":{"rendered":"Custom Printed Luxury Kraft Paper Shopping Bags Cheap Retail Packaging for Clothing Gifts with Ribbon Handle for business"},"content":{"rendered":"<h4>Branchespecifikke egenskaber<\/h4>\n<table border=\"1\">\n<tbody>\n<tr>\n<td><strong>Industriel anvendelse<\/strong><\/td>\n<td>Kosmetisk<\/td>\n<\/tr>\n<tr>\n<td><strong>Papirtype<\/strong><\/td>\n<td>Bestr\u00f8get papir<\/td>\n<\/tr>\n<tr>\n<td><strong>Funktion<\/strong><\/td>\n<td>Genanvendelig<\/td>\n<\/tr>\n<\/tbody>\n<\/table>\n<h4>Andre egenskaber<\/h4>\n<table border=\"1\">\n<tbody>\n<tr>\n<td><strong>H\u00e5ndtering af overflader<\/strong><\/td>\n<td>Varm stempling<\/td>\n<\/tr>\n<tr>\n<td><strong>Forsegling og h\u00e5ndtag<\/strong><\/td>\n<td>H\u00e5ndl\u00e6ngde H\u00e5ndtag<\/td>\n<\/tr>\n<tr>\n<td><strong>Brugerdefineret ordre<\/strong><\/td>\n<td>Accepter<\/td>\n<\/tr>\n<tr>\n<td><strong>Materiale<\/strong><\/td>\n<td>200GSM C1S kunstpapir<\/td>\n<\/tr>\n<tr>\n<td><strong>St\u00f8rrelse<\/strong><\/td>\n<td>18x9x11.5cm eller tilpasset st\u00f8rrelse<\/td>\n<\/tr>\n<tr>\n<td><strong>Anvendelse<\/strong><\/td>\n<td>Kraftbrun papirpose<\/td>\n<\/tr>\n<tr>\n<td><strong>Vare<\/strong><\/td>\n<td>taske luksus shopping papirpose bryllup taske gave<\/td>\n<\/tr>\n<tr>\n<td><strong>Varens navn<\/strong><\/td>\n<td>kraftpapirpose hvid kraftpapirpose med vindue<\/td>\n<\/tr>\n<tr>\n<td><strong>Indstillinger for h\u00e5ndtag<\/strong><\/td>\n<td>H\u00e5ndtag med b\u00e5nd<\/td>\n<\/tr>\n<tr>\n<td><strong>N\u00f8gleord<\/strong><\/td>\n<td>Papirposer med dit eget logo<\/td>\n<\/tr>\n<tr>\n<td><strong>Produkt<\/strong><\/td>\n<td>Emballage af papirposer<\/td>\n<\/tr>\n<\/tbody>\n<\/table>","protected":false},"excerpt":{"rendered":"<p>Industry-Specific Attributes Industrial Use Cosmetic Paper Type Coated Paper Feature Recyclable Other Attributes Surface Handling Hot Stamping Sealing &amp; Handle Hand Length Handle Custom Order Accept Material 200GSM C1S Art paper Size 18x9x11.5cm or Customized Size Usage kraft brown paper bag Item bag luxury shopping paper bag wedding bag gift Item name kraft paper bag [&hellip;]<\/p>\n","protected":false},"featured_media":27676,"template":"","meta":{"_seopress_robots_primary_cat":"none","_seopress_titles_title":"","_seopress_titles_desc":"","_seopress_robots_index":"","site-sidebar-layout":"default","site-content-layout":"","ast-site-content-layout":"default","site-content-style":"default","site-sidebar-style":"default","ast-global-header-display":"","ast-banner-title-visibility":"","ast-main-header-display":"","ast-hfb-above-header-display":"","ast-hfb-below-header-display":"","ast-hfb-mobile-header-display":"","site-post-title":"","ast-breadcrumbs-content":"","ast-featured-img":"","footer-sml-layout":"","ast-disable-related-posts":"","theme-transparent-header-meta":"default","adv-header-id-meta":"","stick-header-meta":"default","header-above-stick-meta":"","header-main-stick-meta":"","header-below-stick-meta":"","astra-migrate-meta-layouts":"set","ast-page-background-enabled":"default","ast-page-background-meta":{"desktop":{"background-color":"","background-image":"","background-repeat":"repeat","background-position":"center center","background-size":"auto","background-attachment":"scroll","background-type":"","background-media":"","overlay-type":"","overlay-color":"","overlay-opacity":"","overlay-gradient":""},"tablet":{"background-color":"","background-image":"","background-repeat":"repeat","background-position":"center center","background-size":"auto","background-attachment":"scroll","background-type":"","background-media":"","overlay-type":"","overlay-color":"","overlay-opacity":"","overlay-gradient":""},"mobile":{"background-color":"","background-image":"","background-repeat":"repeat","background-position":"center center","background-size":"auto","background-attachment":"scroll","background-type":"","background-media":"","overlay-type":"","overlay-color":"","overlay-opacity":"","overlay-gradient":""}},"ast-content-background-meta":{"desktop":{"background-color":"var(--ast-global-color-5)","background-image":"","background-repeat":"repeat","background-position":"center center","background-size":"auto","background-attachment":"scroll","background-type":"","background-media":"","overlay-type":"","overlay-color":"","overlay-opacity":"","overlay-gradient":""},"tablet":{"background-color":"var(--ast-global-color-5)","background-image":"","background-repeat":"repeat","background-position":"center center","background-size":"auto","background-attachment":"scroll","background-type":"","background-media":"","overlay-type":"","overlay-color":"","overlay-opacity":"","overlay-gradient":""},"mobile":{"background-color":"var(--ast-global-color-5)","background-image":"","background-repeat":"repeat","background-position":"center center","background-size":"auto","background-attachment":"scroll","background-type":"","background-media":"","overlay-type":"","overlay-color":"","overlay-opacity":"","overlay-gradient":""}}},"product_brand":[],"product_cat":[76],"product_tag":[],"class_list":{"0":"post-27808","1":"product","2":"type-product","3":"status-publish","4":"has-post-thumbnail","6":"product_cat-white-paper-bags-with-handels","7":"desktop-align-left","8":"tablet-align-left","9":"mobile-align-left","10":"ast-product-gallery-layout-horizontal","11":"ast-product-tabs-layout-horizontal","13":"first","14":"instock","15":"product-type-simple"},"_links":{"self":[{"href":"https:\/\/reanpackaging.com\/da\/wp-json\/wp\/v2\/product\/27808","targetHints":{"allow":["GET"]}}],"collection":[{"href":"https:\/\/reanpackaging.com\/da\/wp-json\/wp\/v2\/product"}],"about":[{"href":"https:\/\/reanpackaging.com\/da\/wp-json\/wp\/v2\/types\/product"}],"wp:featuredmedia":[{"embeddable":true,"href":"https:\/\/reanpackaging.com\/da\/wp-json\/wp\/v2\/media\/27676"}],"wp:attachment":[{"href":"https:\/\/reanpackaging.com\/da\/wp-json\/wp\/v2\/media?parent=27808"}],"wp:term":[{"taxonomy":"product_brand","embeddable":true,"href":"https:\/\/reanpackaging.com\/da\/wp-json\/wp\/v2\/product_brand?post=27808"},{"taxonomy":"product_cat","embeddable":true,"href":"https:\/\/reanpackaging.com\/da\/wp-json\/wp\/v2\/product_cat?post=27808"},{"taxonomy":"product_tag","embeddable":true,"href":"https:\/\/reanpackaging.com\/da\/wp-json\/wp\/v2\/product_tag?post=27808"}],"curies":[{"name":"wp","href":"https:\/\/api.w.org\/{rel}","templated":true}]}}