{"id":27824,"date":"2024-11-24T16:30:42","date_gmt":"2024-11-24T16:30:42","guid":{"rendered":"https:\/\/reanpackaging.com\/product\/wholesale-recyclable-multi-color-large-capacity-clothing-packaging-ribbon-craft-custom-print-logo-paper-bags\/"},"modified":"2024-11-24T16:39:47","modified_gmt":"2024-11-24T16:39:47","slug":"wholesale-recyclable-multi-color-large-capacity-clothing-packaging-ribbon-craft-custom-print-logo-paper-bags","status":"publish","type":"product","link":"https:\/\/reanpackaging.com\/da\/vare\/wholesale-recyclable-multi-color-large-capacity-clothing-packaging-ribbon-craft-custom-print-logo-paper-bags\/","title":{"rendered":"Engros genanvendelig flerfarvet stor kapacitet t\u00f8jemballage b\u00e5nd h\u00e5ndv\u00e6rk brugerdefineret print logo papirposer"},"content":{"rendered":"<h4>Branchespecifikke egenskaber<\/h4>\n<table border=\"1\">\n<tbody>\n<tr>\n<td><strong>Industriel anvendelse<\/strong><\/td>\n<td>Gave og h\u00e5ndv\u00e6rk<\/td>\n<\/tr>\n<tr>\n<td><strong>Papirtype<\/strong><\/td>\n<td>Kunstpapir<\/td>\n<\/tr>\n<tr>\n<td><strong>Funktion<\/strong><\/td>\n<td>Genanvendelig<\/td>\n<\/tr>\n<\/tbody>\n<\/table>\n<h4>Andre egenskaber<\/h4>\n<table border=\"1\">\n<tbody>\n<tr>\n<td><strong>H\u00e5ndtering af overflader<\/strong><\/td>\n<td>Flexo-udskrivning<\/td>\n<\/tr>\n<tr>\n<td><strong>Forsegling og h\u00e5ndtag<\/strong><\/td>\n<td>Varmeforsegling<\/td>\n<\/tr>\n<tr>\n<td><strong>Brugerdefineret ordre<\/strong><\/td>\n<td>Accepter<\/td>\n<\/tr>\n<tr>\n<td><strong>Vare<\/strong><\/td>\n<td>Papirpose<\/td>\n<\/tr>\n<tr>\n<td><strong>Papirfarve<\/strong><\/td>\n<td>Hvid\/brun\/gr\u00e5\/PMS-farve<\/td>\n<\/tr>\n<tr>\n<td><strong>Udskrivning<\/strong><\/td>\n<td>Dybtryk\/pr\u00e6getryk\/varmstempling\/CMYK<\/td>\n<\/tr>\n<tr>\n<td><strong>Materiale til h\u00e5ndtag<\/strong><\/td>\n<td>PP-b\u00e5nd\/papirsnor\/b\u00e5nd\/reb<\/td>\n<\/tr>\n<tr>\n<td><strong>Funktion<\/strong><\/td>\n<td>Genbrugte materialer<\/td>\n<\/tr>\n<tr>\n<td><strong>Mateial<\/strong><\/td>\n<td>Kraftpapir\/elfenbenskarton\/kunstpapir\/coated papir,50GSM-450GSM<\/td>\n<\/tr>\n<tr>\n<td><strong>Brugerdefineret pr\u00f8vetid<\/strong><\/td>\n<td>: 7-10 dage inklusive forsendelse<\/td>\n<\/tr>\n<tr>\n<td><strong>Bortskaffelse p\u00e5 overfladen<\/strong><\/td>\n<td>Laminering (blank\/mat)\/UV-bel\u00e6gning<\/td>\n<\/tr>\n<tr>\n<td><strong>H\u00e5ndtag<\/strong><\/td>\n<td>Flexiloop-h\u00e5ndtag\/H\u00e5ndl\u00e6ngdeh\u00e5ndtag\/Patch-h\u00e5ndtag\/Skulderl\u00e6ngde<\/td>\n<\/tr>\n<tr>\n<td><strong>OEM&amp;ODM<\/strong><\/td>\n<td>Accepter<\/td>\n<\/tr>\n<\/tbody>\n<\/table>","protected":false},"excerpt":{"rendered":"<p>Industry-Specific Attributes Industrial Use Gift &amp; Craft Paper Type Art Paper Feature Recyclable Other Attributes Surface Handling Flexo Printing Sealing &amp; Handle Heat Seal Custom Order Accept Item Paper bag Paper Color White\/Brown\/Grey\/PMS Color Printing Gravure printing\/Embossing printing\/Hot stamping\/CMYK Handle material PP webbing\/Paper string\/Ribbon\/Rope Feature Recycled Materials Mateial Kraft paper\/Ivory board\/Art Paper\/Coated paper,50GSM-450GSM Custom sample [&hellip;]<\/p>\n","protected":false},"featured_media":27793,"template":"","meta":{"_seopress_robots_primary_cat":"none","_seopress_titles_title":"","_seopress_titles_desc":"","_seopress_robots_index":"","site-sidebar-layout":"default","site-content-layout":"","ast-site-content-layout":"default","site-content-style":"default","site-sidebar-style":"default","ast-global-header-display":"","ast-banner-title-visibility":"","ast-main-header-display":"","ast-hfb-above-header-display":"","ast-hfb-below-header-display":"","ast-hfb-mobile-header-display":"","site-post-title":"","ast-breadcrumbs-content":"","ast-featured-img":"","footer-sml-layout":"","ast-disable-related-posts":"","theme-transparent-header-meta":"default","adv-header-id-meta":"","stick-header-meta":"default","header-above-stick-meta":"","header-main-stick-meta":"","header-below-stick-meta":"","astra-migrate-meta-layouts":"set","ast-page-background-enabled":"default","ast-page-background-meta":{"desktop":{"background-color":"","background-image":"","background-repeat":"repeat","background-position":"center center","background-size":"auto","background-attachment":"scroll","background-type":"","background-media":"","overlay-type":"","overlay-color":"","overlay-opacity":"","overlay-gradient":""},"tablet":{"background-color":"","background-image":"","background-repeat":"repeat","background-position":"center center","background-size":"auto","background-attachment":"scroll","background-type":"","background-media":"","overlay-type":"","overlay-color":"","overlay-opacity":"","overlay-gradient":""},"mobile":{"background-color":"","background-image":"","background-repeat":"repeat","background-position":"center center","background-size":"auto","background-attachment":"scroll","background-type":"","background-media":"","overlay-type":"","overlay-color":"","overlay-opacity":"","overlay-gradient":""}},"ast-content-background-meta":{"desktop":{"background-color":"var(--ast-global-color-5)","background-image":"","background-repeat":"repeat","background-position":"center center","background-size":"auto","background-attachment":"scroll","background-type":"","background-media":"","overlay-type":"","overlay-color":"","overlay-opacity":"","overlay-gradient":""},"tablet":{"background-color":"var(--ast-global-color-5)","background-image":"","background-repeat":"repeat","background-position":"center center","background-size":"auto","background-attachment":"scroll","background-type":"","background-media":"","overlay-type":"","overlay-color":"","overlay-opacity":"","overlay-gradient":""},"mobile":{"background-color":"var(--ast-global-color-5)","background-image":"","background-repeat":"repeat","background-position":"center center","background-size":"auto","background-attachment":"scroll","background-type":"","background-media":"","overlay-type":"","overlay-color":"","overlay-opacity":"","overlay-gradient":""}}},"product_brand":[],"product_cat":[76],"product_tag":[],"class_list":{"0":"post-27824","1":"product","2":"type-product","3":"status-publish","4":"has-post-thumbnail","6":"product_cat-white-paper-bags-with-handels","7":"desktop-align-left","8":"tablet-align-left","9":"mobile-align-left","10":"ast-product-gallery-layout-horizontal","11":"ast-product-tabs-layout-horizontal","13":"first","14":"instock","15":"product-type-simple"},"_links":{"self":[{"href":"https:\/\/reanpackaging.com\/da\/wp-json\/wp\/v2\/product\/27824","targetHints":{"allow":["GET"]}}],"collection":[{"href":"https:\/\/reanpackaging.com\/da\/wp-json\/wp\/v2\/product"}],"about":[{"href":"https:\/\/reanpackaging.com\/da\/wp-json\/wp\/v2\/types\/product"}],"wp:featuredmedia":[{"embeddable":true,"href":"https:\/\/reanpackaging.com\/da\/wp-json\/wp\/v2\/media\/27793"}],"wp:attachment":[{"href":"https:\/\/reanpackaging.com\/da\/wp-json\/wp\/v2\/media?parent=27824"}],"wp:term":[{"taxonomy":"product_brand","embeddable":true,"href":"https:\/\/reanpackaging.com\/da\/wp-json\/wp\/v2\/product_brand?post=27824"},{"taxonomy":"product_cat","embeddable":true,"href":"https:\/\/reanpackaging.com\/da\/wp-json\/wp\/v2\/product_cat?post=27824"},{"taxonomy":"product_tag","embeddable":true,"href":"https:\/\/reanpackaging.com\/da\/wp-json\/wp\/v2\/product_tag?post=27824"}],"curies":[{"name":"wp","href":"https:\/\/api.w.org\/{rel}","templated":true}]}}