{"id":29133,"date":"2024-12-16T09:00:31","date_gmt":"2024-12-16T09:00:31","guid":{"rendered":"https:\/\/reanpackaging.com\/product\/new-fashion-creative-explosion-valentine-gift-denture-magnetic-stash-gift-paper-packaging-surprise-box-set-for-women-recyclable\/"},"modified":"2024-12-16T09:08:24","modified_gmt":"2024-12-16T09:08:24","slug":"new-fashion-creative-explosion-valentine-gift-denture-magnetic-stash-gift-paper-packaging-surprise-box-set-for-women-recyclable","status":"publish","type":"product","link":"https:\/\/reanpackaging.com\/da\/vare\/new-fashion-creative-explosion-valentine-gift-denture-magnetic-stash-gift-paper-packaging-surprise-box-set-for-women-recyclable\/","title":{"rendered":"New Fashion Creative Explosion Valentine Gift Denture Magnetic Stash Gift Paper Packaging Surprise Box Set for Women Recyclable"},"content":{"rendered":"<h4>Branchespecifikke egenskaber<\/h4>\n<table border=\"1\">\n<tbody>\n<tr>\n<td><strong>Materiale<\/strong><\/td>\n<td>papir<\/td>\n<\/tr>\n<tr>\n<td><strong>Produkttype<\/strong><\/td>\n<td>Papirklipning<\/td>\n<\/tr>\n<tr>\n<td><strong>Tema<\/strong><\/td>\n<td>K\u00e6rlighed<\/td>\n<\/tr>\n<\/tbody>\n<\/table>\n<h4>Andre egenskaber<\/h4>\n<table border=\"1\">\n<tbody>\n<tr>\n<td><strong>Udskrivning<\/strong><\/td>\n<td>Termotransfertryk, offsettryk, silketryk, dybtryk, bogtryk, stansetryk, UV-tryk, pr\u00e6getryk, digitaltryk<\/td>\n<\/tr>\n<tr>\n<td><strong>Materiale<\/strong><\/td>\n<td>Gr\u00e5t karton, kraftpapir\/specialpapir, bestr\u00f8get papir, kunstpapir osv.<\/td>\n<\/tr>\n<tr>\n<td><strong>Boks-stil<\/strong><\/td>\n<td>L\u00e5gbund, magnetisk \u00e6ske, folde\u00e6ske, manchet\u00e6ske, \u00e6ske med s\u00e6rlig form osv.<\/td>\n<\/tr>\n<tr>\n<td><strong>MOQ<\/strong><\/td>\n<td>1 stk, MOQ for tilpasning er 500 stk<\/td>\n<\/tr>\n<tr>\n<td><strong>Pr\u00f8vetid<\/strong><\/td>\n<td>3-7 arbejdsdage<\/td>\n<\/tr>\n<tr>\n<td><strong>Design\/trykning<\/strong><\/td>\n<td>Cutomized, CMYK, Pantone-farve, UV-udskrivning osv.<\/td>\n<\/tr>\n<tr>\n<td><strong>OEM\/ODM<\/strong><\/td>\n<td>Acceptabelt<\/td>\n<\/tr>\n<tr>\n<td><strong>Brug<\/strong><\/td>\n<td>Papiremballage, opbevaring, pakning, beskyttelse af produkter, v\u00e6rdifor\u00f8gelse<\/td>\n<\/tr>\n<tr>\n<td><strong>St\u00f8rrelse<\/strong><\/td>\n<td>20x15x7, 21x21x8, 24x24x9, 29x21x11, 34x22x12cm eller tilpasset st\u00f8rrelse<\/td>\n<\/tr>\n<tr>\n<td><strong>Logo<\/strong><\/td>\n<td>Cutomized, CMYK, foliestempling, pr\u00e6gning\/deboss, UV, silketryk osv.<\/td>\n<\/tr>\n<tr>\n<td><strong>Betaling<\/strong><\/td>\n<td>T\/T, Alipay, PayPal, L\/C osv.<\/td>\n<\/tr>\n<\/tbody>\n<\/table>","protected":false},"excerpt":{"rendered":"<p>Industry-Specific Attributes Material paper Product Type Paper Cutting Theme Love Other Attributes Printing Thermal transfer printing, Offset printing, Silk screen printing, Gravure printing, Letterpress printing, Die cutting printing, UV printing, Embossing printing, Digital printing Material Grey Board, Kraft Paper\/Specialty Paper, Coated Paper, Art Paper, etc. Box Style Lid Base, Magnetic Box, Folding Box, Cuff Box, [&hellip;]<\/p>\n","protected":false},"featured_media":29019,"template":"","meta":{"_seopress_robots_primary_cat":"none","_seopress_titles_title":"","_seopress_titles_desc":"","_seopress_robots_index":"","site-sidebar-layout":"default","site-content-layout":"","ast-site-content-layout":"default","site-content-style":"default","site-sidebar-style":"default","ast-global-header-display":"","ast-banner-title-visibility":"","ast-main-header-display":"","ast-hfb-above-header-display":"","ast-hfb-below-header-display":"","ast-hfb-mobile-header-display":"","site-post-title":"","ast-breadcrumbs-content":"","ast-featured-img":"","footer-sml-layout":"","ast-disable-related-posts":"","theme-transparent-header-meta":"default","adv-header-id-meta":"","stick-header-meta":"default","header-above-stick-meta":"","header-main-stick-meta":"","header-below-stick-meta":"","astra-migrate-meta-layouts":"set","ast-page-background-enabled":"default","ast-page-background-meta":{"desktop":{"background-color":"","background-image":"","background-repeat":"repeat","background-position":"center center","background-size":"auto","background-attachment":"scroll","background-type":"","background-media":"","overlay-type":"","overlay-color":"","overlay-opacity":"","overlay-gradient":""},"tablet":{"background-color":"","background-image":"","background-repeat":"repeat","background-position":"center center","background-size":"auto","background-attachment":"scroll","background-type":"","background-media":"","overlay-type":"","overlay-color":"","overlay-opacity":"","overlay-gradient":""},"mobile":{"background-color":"","background-image":"","background-repeat":"repeat","background-position":"center center","background-size":"auto","background-attachment":"scroll","background-type":"","background-media":"","overlay-type":"","overlay-color":"","overlay-opacity":"","overlay-gradient":""}},"ast-content-background-meta":{"desktop":{"background-color":"var(--ast-global-color-5)","background-image":"","background-repeat":"repeat","background-position":"center center","background-size":"auto","background-attachment":"scroll","background-type":"","background-media":"","overlay-type":"","overlay-color":"","overlay-opacity":"","overlay-gradient":""},"tablet":{"background-color":"var(--ast-global-color-5)","background-image":"","background-repeat":"repeat","background-position":"center center","background-size":"auto","background-attachment":"scroll","background-type":"","background-media":"","overlay-type":"","overlay-color":"","overlay-opacity":"","overlay-gradient":""},"mobile":{"background-color":"var(--ast-global-color-5)","background-image":"","background-repeat":"repeat","background-position":"center center","background-size":"auto","background-attachment":"scroll","background-type":"","background-media":"","overlay-type":"","overlay-color":"","overlay-opacity":"","overlay-gradient":""}}},"product_brand":[],"product_cat":[79],"product_tag":[],"class_list":{"0":"post-29133","1":"product","2":"type-product","3":"status-publish","4":"has-post-thumbnail","6":"product_cat-valentine-gift-boxes","7":"desktop-align-left","8":"tablet-align-left","9":"mobile-align-left","10":"ast-product-gallery-layout-horizontal","11":"ast-product-tabs-layout-horizontal","13":"first","14":"instock","15":"product-type-simple"},"_links":{"self":[{"href":"https:\/\/reanpackaging.com\/da\/wp-json\/wp\/v2\/product\/29133","targetHints":{"allow":["GET"]}}],"collection":[{"href":"https:\/\/reanpackaging.com\/da\/wp-json\/wp\/v2\/product"}],"about":[{"href":"https:\/\/reanpackaging.com\/da\/wp-json\/wp\/v2\/types\/product"}],"wp:featuredmedia":[{"embeddable":true,"href":"https:\/\/reanpackaging.com\/da\/wp-json\/wp\/v2\/media\/29019"}],"wp:attachment":[{"href":"https:\/\/reanpackaging.com\/da\/wp-json\/wp\/v2\/media?parent=29133"}],"wp:term":[{"taxonomy":"product_brand","embeddable":true,"href":"https:\/\/reanpackaging.com\/da\/wp-json\/wp\/v2\/product_brand?post=29133"},{"taxonomy":"product_cat","embeddable":true,"href":"https:\/\/reanpackaging.com\/da\/wp-json\/wp\/v2\/product_cat?post=29133"},{"taxonomy":"product_tag","embeddable":true,"href":"https:\/\/reanpackaging.com\/da\/wp-json\/wp\/v2\/product_tag?post=29133"}],"curies":[{"name":"wp","href":"https:\/\/api.w.org\/{rel}","templated":true}]}}