{"id":29718,"date":"2024-12-18T12:40:54","date_gmt":"2024-12-18T12:40:54","guid":{"rendered":"https:\/\/reanpackaging.com\/product\/custom-black-cardboard-paper-perfume-box-with-top-and-lid-gift-packaging-box-with-ribbon-and-sponge-empty-perfume-oil-box\/"},"modified":"2024-12-18T12:54:08","modified_gmt":"2024-12-18T12:54:08","slug":"custom-black-cardboard-paper-perfume-box-with-top-and-lid-gift-packaging-box-with-ribbon-and-sponge-empty-perfume-oil-box","status":"publish","type":"product","link":"https:\/\/reanpackaging.com\/da\/vare\/custom-black-cardboard-paper-perfume-box-with-top-and-lid-gift-packaging-box-with-ribbon-and-sponge-empty-perfume-oil-box\/","title":{"rendered":"Brugerdefineret sort kartonpapirparfume\u00e6ske med top og l\u00e5g Gaveemballage\u00e6ske med b\u00e5nd og svamp Tom parfumeolie\u00e6ske"},"content":{"rendered":"<h4>Branchespecifikke egenskaber<\/h4>\n<table border=\"1\">\n<tbody>\n<tr>\n<td><strong>Industriel anvendelse<\/strong><\/td>\n<td>Gave og h\u00e5ndv\u00e6rk<\/td>\n<\/tr>\n<tr>\n<td><strong>Papirtype<\/strong><\/td>\n<td>Pap<\/td>\n<\/tr>\n<tr>\n<td><strong>Funktion<\/strong><\/td>\n<td>Genanvendelig<\/td>\n<\/tr>\n<tr>\n<td><strong>Boks-type<\/strong><\/td>\n<td>Stive kasser<\/td>\n<\/tr>\n<\/tbody>\n<\/table>\n<h4>Andre egenskaber<\/h4>\n<table border=\"1\">\n<tbody>\n<tr>\n<td><strong>Form<\/strong><\/td>\n<td>Firkantet<\/td>\n<\/tr>\n<tr>\n<td><strong>H\u00e5ndtering af udskrivning<\/strong><\/td>\n<td>Mat laminering, lakering, stempling, pr\u00e6gning, blank laminering, UV-bel\u00e6gning, VANISHING, guldfolie<\/td>\n<\/tr>\n<tr>\n<td><strong>Brugerdefineret ordre<\/strong><\/td>\n<td>Accepter<\/td>\n<\/tr>\n<tr>\n<td><strong>Tryk af logo<\/strong><\/td>\n<td>Brugerdefineret<\/td>\n<\/tr>\n<tr>\n<td><strong>Tilbeh\u00f8r<\/strong><\/td>\n<td>Magnetisk lukning, b\u00e5nd, h\u00e5ndtag, brugerdefineret<\/td>\n<\/tr>\n<tr>\n<td><strong>Foringstype<\/strong><\/td>\n<td>Plast, pap, svamp, specialfremstillet<\/td>\n<\/tr>\n<\/tbody>\n<\/table>","protected":false},"excerpt":{"rendered":"<p>Industry-Specific Attributes Industrial Use Gift &amp; Craft Paper Type Paperboard Feature Recyclable box type Rigid Boxes Other Attributes Shape Square Printing Handling Matt Lamination, Varnishing, Stamping, Embossing, Glossy Lamination, UV Coating, VANISHING, Gold Foil Custom Order Accept Logo printing Custom Accessories Magnetic closure, Ribbon, Handle, Custom Liner type Plastics, Paperboard, Sponge, Custom<\/p>","protected":false},"featured_media":29520,"template":"","meta":{"_seopress_robots_primary_cat":"none","_seopress_titles_title":"","_seopress_titles_desc":"","_seopress_robots_index":"","site-sidebar-layout":"default","site-content-layout":"","ast-site-content-layout":"default","site-content-style":"default","site-sidebar-style":"default","ast-global-header-display":"","ast-banner-title-visibility":"","ast-main-header-display":"","ast-hfb-above-header-display":"","ast-hfb-below-header-display":"","ast-hfb-mobile-header-display":"","site-post-title":"","ast-breadcrumbs-content":"","ast-featured-img":"","footer-sml-layout":"","ast-disable-related-posts":"","theme-transparent-header-meta":"default","adv-header-id-meta":"","stick-header-meta":"default","header-above-stick-meta":"","header-main-stick-meta":"","header-below-stick-meta":"","astra-migrate-meta-layouts":"set","ast-page-background-enabled":"default","ast-page-background-meta":{"desktop":{"background-color":"","background-image":"","background-repeat":"repeat","background-position":"center center","background-size":"auto","background-attachment":"scroll","background-type":"","background-media":"","overlay-type":"","overlay-color":"","overlay-opacity":"","overlay-gradient":""},"tablet":{"background-color":"","background-image":"","background-repeat":"repeat","background-position":"center center","background-size":"auto","background-attachment":"scroll","background-type":"","background-media":"","overlay-type":"","overlay-color":"","overlay-opacity":"","overlay-gradient":""},"mobile":{"background-color":"","background-image":"","background-repeat":"repeat","background-position":"center center","background-size":"auto","background-attachment":"scroll","background-type":"","background-media":"","overlay-type":"","overlay-color":"","overlay-opacity":"","overlay-gradient":""}},"ast-content-background-meta":{"desktop":{"background-color":"var(--ast-global-color-5)","background-image":"","background-repeat":"repeat","background-position":"center center","background-size":"auto","background-attachment":"scroll","background-type":"","background-media":"","overlay-type":"","overlay-color":"","overlay-opacity":"","overlay-gradient":""},"tablet":{"background-color":"var(--ast-global-color-5)","background-image":"","background-repeat":"repeat","background-position":"center center","background-size":"auto","background-attachment":"scroll","background-type":"","background-media":"","overlay-type":"","overlay-color":"","overlay-opacity":"","overlay-gradient":""},"mobile":{"background-color":"var(--ast-global-color-5)","background-image":"","background-repeat":"repeat","background-position":"center center","background-size":"auto","background-attachment":"scroll","background-type":"","background-media":"","overlay-type":"","overlay-color":"","overlay-opacity":"","overlay-gradient":""}}},"product_brand":[],"product_cat":[81],"product_tag":[],"class_list":{"0":"post-29718","1":"product","2":"type-product","3":"status-publish","4":"has-post-thumbnail","6":"product_cat-gift-boxes-with-ribbon","7":"desktop-align-left","8":"tablet-align-left","9":"mobile-align-left","10":"ast-product-gallery-layout-horizontal","11":"ast-product-tabs-layout-horizontal","13":"first","14":"instock","15":"product-type-simple"},"_links":{"self":[{"href":"https:\/\/reanpackaging.com\/da\/wp-json\/wp\/v2\/product\/29718","targetHints":{"allow":["GET"]}}],"collection":[{"href":"https:\/\/reanpackaging.com\/da\/wp-json\/wp\/v2\/product"}],"about":[{"href":"https:\/\/reanpackaging.com\/da\/wp-json\/wp\/v2\/types\/product"}],"wp:featuredmedia":[{"embeddable":true,"href":"https:\/\/reanpackaging.com\/da\/wp-json\/wp\/v2\/media\/29520"}],"wp:attachment":[{"href":"https:\/\/reanpackaging.com\/da\/wp-json\/wp\/v2\/media?parent=29718"}],"wp:term":[{"taxonomy":"product_brand","embeddable":true,"href":"https:\/\/reanpackaging.com\/da\/wp-json\/wp\/v2\/product_brand?post=29718"},{"taxonomy":"product_cat","embeddable":true,"href":"https:\/\/reanpackaging.com\/da\/wp-json\/wp\/v2\/product_cat?post=29718"},{"taxonomy":"product_tag","embeddable":true,"href":"https:\/\/reanpackaging.com\/da\/wp-json\/wp\/v2\/product_tag?post=29718"}],"curies":[{"name":"wp","href":"https:\/\/api.w.org\/{rel}","templated":true}]}}