{"id":30225,"date":"2024-12-21T03:34:55","date_gmt":"2024-12-21T03:34:55","guid":{"rendered":"https:\/\/reanpackaging.com\/product\/custom-logo-green-velvet-lights-lints-flannel-case-necklace-bracelet-bangle-jewelry-packaging-ring-box-jewelry-boxes\/"},"modified":"2024-12-21T03:42:29","modified_gmt":"2024-12-21T03:42:29","slug":"custom-logo-green-velvet-lights-lints-flannel-case-necklace-bracelet-bangle-jewelry-packaging-ring-box-jewelry-boxes","status":"publish","type":"product","link":"https:\/\/reanpackaging.com\/da\/vare\/custom-logo-green-velvet-lights-lints-flannel-case-necklace-bracelet-bangle-jewelry-packaging-ring-box-jewelry-boxes\/","title":{"rendered":"Smykkeskrin med brugerdefineret logo, gr\u00f8nt fl\u00f8jl, lys, flannel, halsk\u00e6de, armb\u00e5nd, armb\u00e5nd, smykkeemballage, ring\u00e6ske, smykkeskrin"},"content":{"rendered":"<h4>Branchespecifikke egenskaber<\/h4>\n<table border=\"1\">\n<tbody>\n<tr>\n<td><strong>Smykkeskrin Materiale<\/strong><\/td>\n<td>PU-l\u00e6der + plastik<\/td>\n<\/tr>\n<\/tbody>\n<\/table>\n<h4>Andre egenskaber<\/h4>\n<table border=\"1\">\n<tbody>\n<tr>\n<td><strong>st\u00f8rrelse<\/strong><\/td>\n<td>andre<\/td>\n<\/tr>\n<tr>\n<td><strong>Artikel nr. (artikelnummer)<\/strong><\/td>\n<td>pu-ringkasse<\/td>\n<\/tr>\n<tr>\n<td><strong>brug<\/strong><\/td>\n<td>Emballage til smykker<\/td>\n<\/tr>\n<tr>\n<td><strong>farve<\/strong><\/td>\n<td>Hvid Sort beige (abrikos) m\u00f8rkegr\u00f8n kongebl\u00e5<\/td>\n<\/tr>\n<tr>\n<td><strong>Specifikation<\/strong><\/td>\n<td>50*60*46mm<\/td>\n<\/tr>\n<tr>\n<td><strong>fejl<\/strong><\/td>\n<td>0,1 mm<\/td>\n<\/tr>\n<tr>\n<td><strong>Vigtigste downstream-platform<\/strong><\/td>\n<td>ebay Amazon \u00f8nsker AliExpress uafh\u00e6ngig station LA<\/td>\n<\/tr>\n<tr>\n<td><strong>Der er licenserede private m\u00e6rker<\/strong><\/td>\n<td>er<\/td>\n<\/tr>\n<tr>\n<td><strong>Tilpasning af LOGO<\/strong><\/td>\n<td>Hver model m\u00f8der 50 for at levere tilpassede tjenester<\/td>\n<\/tr>\n<tr>\n<td><strong>Tilpasning af farvemateriale<\/strong><\/td>\n<td>En enkelt model kan opfylde 500 brugerdefinerede<\/td>\n<\/tr>\n<tr>\n<td><strong>Pakningstype<\/strong><\/td>\n<td>Indpakningskasse<\/td>\n<\/tr>\n<\/tbody>\n<\/table>","protected":false},"excerpt":{"rendered":"<p>Industry-Specific Attributes Jewelry Boxes Material PU leather + plastic Other Attributes size other Article No. (Article number) pu ring box use Jewelry packaging color White Black beige (apricot) dark green royal blue specification 50*60*46mm error 0.1mm Main downstream platform ebay Amazon wish AliExpress independent station LA There are licensed private brands is LOGO customization Each [&hellip;]<\/p>\n","protected":false},"featured_media":30005,"template":"","meta":{"_seopress_robots_primary_cat":"none","_seopress_titles_title":"","_seopress_titles_desc":"","_seopress_robots_index":"","site-sidebar-layout":"default","site-content-layout":"","ast-site-content-layout":"default","site-content-style":"default","site-sidebar-style":"default","ast-global-header-display":"","ast-banner-title-visibility":"","ast-main-header-display":"","ast-hfb-above-header-display":"","ast-hfb-below-header-display":"","ast-hfb-mobile-header-display":"","site-post-title":"","ast-breadcrumbs-content":"","ast-featured-img":"","footer-sml-layout":"","ast-disable-related-posts":"","theme-transparent-header-meta":"default","adv-header-id-meta":"","stick-header-meta":"default","header-above-stick-meta":"","header-main-stick-meta":"","header-below-stick-meta":"","astra-migrate-meta-layouts":"set","ast-page-background-enabled":"default","ast-page-background-meta":{"desktop":{"background-color":"","background-image":"","background-repeat":"repeat","background-position":"center center","background-size":"auto","background-attachment":"scroll","background-type":"","background-media":"","overlay-type":"","overlay-color":"","overlay-opacity":"","overlay-gradient":""},"tablet":{"background-color":"","background-image":"","background-repeat":"repeat","background-position":"center center","background-size":"auto","background-attachment":"scroll","background-type":"","background-media":"","overlay-type":"","overlay-color":"","overlay-opacity":"","overlay-gradient":""},"mobile":{"background-color":"","background-image":"","background-repeat":"repeat","background-position":"center center","background-size":"auto","background-attachment":"scroll","background-type":"","background-media":"","overlay-type":"","overlay-color":"","overlay-opacity":"","overlay-gradient":""}},"ast-content-background-meta":{"desktop":{"background-color":"var(--ast-global-color-5)","background-image":"","background-repeat":"repeat","background-position":"center center","background-size":"auto","background-attachment":"scroll","background-type":"","background-media":"","overlay-type":"","overlay-color":"","overlay-opacity":"","overlay-gradient":""},"tablet":{"background-color":"var(--ast-global-color-5)","background-image":"","background-repeat":"repeat","background-position":"center center","background-size":"auto","background-attachment":"scroll","background-type":"","background-media":"","overlay-type":"","overlay-color":"","overlay-opacity":"","overlay-gradient":""},"mobile":{"background-color":"var(--ast-global-color-5)","background-image":"","background-repeat":"repeat","background-position":"center center","background-size":"auto","background-attachment":"scroll","background-type":"","background-media":"","overlay-type":"","overlay-color":"","overlay-opacity":"","overlay-gradient":""}}},"product_brand":[],"product_cat":[82],"product_tag":[],"class_list":{"0":"post-30225","1":"product","2":"type-product","3":"status-publish","4":"has-post-thumbnail","6":"product_cat-ring-box","7":"desktop-align-left","8":"tablet-align-left","9":"mobile-align-left","10":"ast-product-gallery-layout-horizontal","11":"ast-product-tabs-layout-horizontal","13":"first","14":"instock","15":"product-type-simple"},"_links":{"self":[{"href":"https:\/\/reanpackaging.com\/da\/wp-json\/wp\/v2\/product\/30225","targetHints":{"allow":["GET"]}}],"collection":[{"href":"https:\/\/reanpackaging.com\/da\/wp-json\/wp\/v2\/product"}],"about":[{"href":"https:\/\/reanpackaging.com\/da\/wp-json\/wp\/v2\/types\/product"}],"wp:featuredmedia":[{"embeddable":true,"href":"https:\/\/reanpackaging.com\/da\/wp-json\/wp\/v2\/media\/30005"}],"wp:attachment":[{"href":"https:\/\/reanpackaging.com\/da\/wp-json\/wp\/v2\/media?parent=30225"}],"wp:term":[{"taxonomy":"product_brand","embeddable":true,"href":"https:\/\/reanpackaging.com\/da\/wp-json\/wp\/v2\/product_brand?post=30225"},{"taxonomy":"product_cat","embeddable":true,"href":"https:\/\/reanpackaging.com\/da\/wp-json\/wp\/v2\/product_cat?post=30225"},{"taxonomy":"product_tag","embeddable":true,"href":"https:\/\/reanpackaging.com\/da\/wp-json\/wp\/v2\/product_tag?post=30225"}],"curies":[{"name":"wp","href":"https:\/\/api.w.org\/{rel}","templated":true}]}}