{"id":30858,"date":"2024-12-27T16:40:17","date_gmt":"2024-12-27T16:40:17","guid":{"rendered":"https:\/\/reanpackaging.com\/product\/9x9-box-with-pouch-necklace-packaging-jewelry-box-with-logo-microfiber-jewelry-bag-pouch-drawer-necklace-earring-box\/"},"modified":"2024-12-27T17:32:42","modified_gmt":"2024-12-27T17:32:42","slug":"9x9-box-with-pouch-necklace-packaging-jewelry-box-with-logo-microfiber-jewelry-bag-pouch-drawer-necklace-earring-box","status":"publish","type":"product","link":"https:\/\/reanpackaging.com\/da\/vare\/9x9-box-with-pouch-necklace-packaging-jewelry-box-with-logo-microfiber-jewelry-bag-pouch-drawer-necklace-earring-box\/","title":{"rendered":"9\u00d79 \u00c6ske med pose Halsk\u00e6deemballage Smykkeskrin med logo Mikrofiber Smykketaske Pose Skuffe Halsk\u00e6de \u00d8reringe \u00c6ske"},"content":{"rendered":"<h4>Branchespecifikke egenskaber<\/h4>\n<table border=\"1\">\n<tbody>\n<tr>\n<td><strong>Smykkeskrin Materiale<\/strong><\/td>\n<td>pap<\/td>\n<\/tr>\n<\/tbody>\n<\/table>\n<h4>Andre egenskaber<\/h4>\n<table border=\"1\">\n<tbody>\n<tr>\n<td><strong>st\u00f8rrelse<\/strong><\/td>\n<td>9X9X3,2 cm<\/td>\n<\/tr>\n<tr>\n<td><strong>Produktets navn<\/strong><\/td>\n<td>smykkeskrin med etui<\/td>\n<\/tr>\n<tr>\n<td><strong>Materiale<\/strong><\/td>\n<td>Papir og mikrofiber<\/td>\n<\/tr>\n<tr>\n<td><strong>Udskrivning<\/strong><\/td>\n<td>Brugerdefineret LOGO MOQ 500 stk.<\/td>\n<\/tr>\n<tr>\n<td><strong>Anvendelse<\/strong><\/td>\n<td>Opbevaring af smykker<\/td>\n<\/tr>\n<tr>\n<td><strong>Pr\u00f8ve<\/strong><\/td>\n<td>Pr\u00f8ve tilg\u00e6ngelig<\/td>\n<\/tr>\n<tr>\n<td><strong>Pakning<\/strong><\/td>\n<td>Opp taske<\/td>\n<\/tr>\n<\/tbody>\n<\/table>\n<p><img decoding=\"async\" class=\"detail-desc-decorate-image\" style=\"max-width: 100%; height: auto; display: block; margin: 0 auto;\" src=\"https:\/\/reanpackaging.com\/wp-content\/uploads\/2024\/12\/1-description-9\u00d79-\u00e6ske-med-pose-halsk\u00e6de-emballage-smykke-\u00e6ske-med-logo-mikrofiber-smykke-taske-pose-skuffe-halsk\u00e6de-\u00f8reringe-\u00e6ske.jpg\" \/><br \/>\n<img decoding=\"async\" class=\"detail-desc-decorate-image\" style=\"max-width: 100%; height: auto; display: block; margin: 0 auto;\" src=\"https:\/\/reanpackaging.com\/wp-content\/uploads\/2024\/12\/2-description-9\u00d79-\u00e6ske-med-pose-halsk\u00e6de-emballage-smykke-\u00e6ske-med-logo-mikrofiber-smykke-taske-pose-skuffe-halsk\u00e6de-\u00f8reringe-\u00e6ske.jpg\" \/><br \/>\n<img decoding=\"async\" class=\"detail-desc-decorate-image\" style=\"max-width: 100%; height: auto; display: block; margin: 0 auto;\" src=\"https:\/\/reanpackaging.com\/wp-content\/uploads\/2024\/12\/3-description-9\u00d79-\u00e6ske-med-pose-halsk\u00e6de-emballage-smykke-\u00e6ske-med-logo-mikrofiber-smykke-taske-pose-skuffe-halsk\u00e6de-\u00f8reringe-\u00e6ske.jpg\" \/><br \/>\n<img decoding=\"async\" class=\"detail-desc-decorate-image\" style=\"max-width: 100%; height: auto; display: block; margin: 0 auto;\" src=\"https:\/\/reanpackaging.com\/wp-content\/uploads\/2024\/12\/4-description-9\u00d79-\u00e6ske-med-pose-halsk\u00e6de-emballage-smykke-\u00e6ske-med-logo-mikrofiber-smykke-taske-pose-skuffe-halsk\u00e6de-\u00f8reringe-\u00e6ske.jpg\" \/><br \/>\n<img decoding=\"async\" class=\"detail-desc-decorate-image\" style=\"max-width: 100%; height: auto; display: block; margin: 0 auto;\" src=\"https:\/\/reanpackaging.com\/wp-content\/uploads\/2024\/12\/5-description-9\u00d79-\u00e6ske-med-pose-halsk\u00e6de-emballage-smykke-\u00e6ske-med-logo-mikrofiber-smykke-taske-pose-skuffe-halsk\u00e6de-\u00f8reringe-\u00e6ske.jpg\" \/><br \/>\n<img decoding=\"async\" class=\"detail-desc-decorate-image\" style=\"max-width: 100%; height: auto; display: block; margin: 0 auto;\" src=\"https:\/\/reanpackaging.com\/wp-content\/uploads\/2024\/12\/6-description-9\u00d79-\u00e6ske-med-pose-halsk\u00e6de-emballage-smykke-\u00e6ske-med-logo-mikrofiber-smykke-taske-pose-skuffe-halsk\u00e6de-\u00f8reringe-\u00e6ske.jpg\" \/><br \/>\n<img decoding=\"async\" class=\"detail-desc-decorate-image\" style=\"max-width: 100%; height: auto; display: block; margin: 0 auto;\" src=\"https:\/\/reanpackaging.com\/wp-content\/uploads\/2024\/12\/7-description-9\u00d79-\u00e6ske-med-pose-halsk\u00e6de-emballage-smykke-\u00e6ske-med-logo-mikrofiber-smykke-taske-pose-skuffe-halsk\u00e6de-\u00f8reringe-\u00e6ske.jpg\" \/><br \/>\n<img decoding=\"async\" class=\"detail-desc-decorate-image\" style=\"max-width: 100%; height: auto; display: block; margin: 0 auto;\" src=\"https:\/\/reanpackaging.com\/wp-content\/uploads\/2024\/12\/8-description-9\u00d79-\u00e6ske-med-pose-halsk\u00e6de-emballage-smykke-\u00e6ske-med-logo-mikrofiber-smykke-taske-pose-skuffe-halsk\u00e6de-\u00f8reringe-\u00e6ske.jpg\" \/><br \/>\n<img decoding=\"async\" class=\"detail-desc-decorate-image\" style=\"max-width: 100%; height: auto; display: block; margin: 0 auto;\" src=\"https:\/\/reanpackaging.com\/wp-content\/uploads\/2024\/12\/9-description-9\u00d79-\u00e6ske-med-pose-halsk\u00e6de-emballage-smykke-\u00e6ske-med-logo-mikrofiber-smykke-taske-pose-skuffe-halsk\u00e6de-\u00f8reringe-\u00e6ske.jpg\" \/><\/p>","protected":false},"excerpt":{"rendered":"<p>Branchespecifikke attributter Smykkeskrin Materiale pap Andre attributter st\u00f8rrelse 9X9X3.2 cm Produktnavn smykkeskrin med pose Materiale Papir og mikrofiber Udskrivning Brugerdefineret LOGO MOQ 500 stk Anvendelse Smykkeopbevaring Pr\u00f8ve Pr\u00f8ve Tilg\u00e6ngelig Pakning opp taske<\/p>","protected":false},"featured_media":30998,"template":"","meta":{"_seopress_robots_primary_cat":"none","_seopress_titles_title":"","_seopress_titles_desc":"","_seopress_robots_index":"","site-sidebar-layout":"default","site-content-layout":"","ast-site-content-layout":"default","site-content-style":"default","site-sidebar-style":"default","ast-global-header-display":"","ast-banner-title-visibility":"","ast-main-header-display":"","ast-hfb-above-header-display":"","ast-hfb-below-header-display":"","ast-hfb-mobile-header-display":"","site-post-title":"","ast-breadcrumbs-content":"","ast-featured-img":"","footer-sml-layout":"","ast-disable-related-posts":"","theme-transparent-header-meta":"default","adv-header-id-meta":"","stick-header-meta":"default","header-above-stick-meta":"","header-main-stick-meta":"","header-below-stick-meta":"","astra-migrate-meta-layouts":"set","ast-page-background-enabled":"default","ast-page-background-meta":{"desktop":{"background-color":"","background-image":"","background-repeat":"repeat","background-position":"center center","background-size":"auto","background-attachment":"scroll","background-type":"","background-media":"","overlay-type":"","overlay-color":"","overlay-opacity":"","overlay-gradient":""},"tablet":{"background-color":"","background-image":"","background-repeat":"repeat","background-position":"center center","background-size":"auto","background-attachment":"scroll","background-type":"","background-media":"","overlay-type":"","overlay-color":"","overlay-opacity":"","overlay-gradient":""},"mobile":{"background-color":"","background-image":"","background-repeat":"repeat","background-position":"center center","background-size":"auto","background-attachment":"scroll","background-type":"","background-media":"","overlay-type":"","overlay-color":"","overlay-opacity":"","overlay-gradient":""}},"ast-content-background-meta":{"desktop":{"background-color":"var(--ast-global-color-5)","background-image":"","background-repeat":"repeat","background-position":"center center","background-size":"auto","background-attachment":"scroll","background-type":"","background-media":"","overlay-type":"","overlay-color":"","overlay-opacity":"","overlay-gradient":""},"tablet":{"background-color":"var(--ast-global-color-5)","background-image":"","background-repeat":"repeat","background-position":"center center","background-size":"auto","background-attachment":"scroll","background-type":"","background-media":"","overlay-type":"","overlay-color":"","overlay-opacity":"","overlay-gradient":""},"mobile":{"background-color":"var(--ast-global-color-5)","background-image":"","background-repeat":"repeat","background-position":"center center","background-size":"auto","background-attachment":"scroll","background-type":"","background-media":"","overlay-type":"","overlay-color":"","overlay-opacity":"","overlay-gradient":""}}},"product_brand":[],"product_cat":[84],"product_tag":[],"class_list":{"0":"post-30858","1":"product","2":"type-product","3":"status-publish","4":"has-post-thumbnail","6":"product_cat-earring-box","7":"desktop-align-left","8":"tablet-align-left","9":"mobile-align-left","10":"ast-product-gallery-layout-horizontal","11":"ast-product-tabs-layout-horizontal","13":"first","14":"instock","15":"product-type-simple"},"_links":{"self":[{"href":"https:\/\/reanpackaging.com\/da\/wp-json\/wp\/v2\/product\/30858","targetHints":{"allow":["GET"]}}],"collection":[{"href":"https:\/\/reanpackaging.com\/da\/wp-json\/wp\/v2\/product"}],"about":[{"href":"https:\/\/reanpackaging.com\/da\/wp-json\/wp\/v2\/types\/product"}],"wp:featuredmedia":[{"embeddable":true,"href":"https:\/\/reanpackaging.com\/da\/wp-json\/wp\/v2\/media\/30998"}],"wp:attachment":[{"href":"https:\/\/reanpackaging.com\/da\/wp-json\/wp\/v2\/media?parent=30858"}],"wp:term":[{"taxonomy":"product_brand","embeddable":true,"href":"https:\/\/reanpackaging.com\/da\/wp-json\/wp\/v2\/product_brand?post=30858"},{"taxonomy":"product_cat","embeddable":true,"href":"https:\/\/reanpackaging.com\/da\/wp-json\/wp\/v2\/product_cat?post=30858"},{"taxonomy":"product_tag","embeddable":true,"href":"https:\/\/reanpackaging.com\/da\/wp-json\/wp\/v2\/product_tag?post=30858"}],"curies":[{"name":"wp","href":"https:\/\/api.w.org\/{rel}","templated":true}]}}