{"id":36354,"date":"2025-01-09T16:05:24","date_gmt":"2025-01-09T16:05:24","guid":{"rendered":"https:\/\/reanpackaging.com\/product\/high-grade-pu-leather-jewellery-packaging-boxes-leather-bracelet-ring-box-jewelry-packaging\/"},"modified":"2025-01-09T16:28:21","modified_gmt":"2025-01-09T16:28:21","slug":"high-grade-pu-leather-jewellery-packaging-boxes-leather-bracelet-ring-box-jewelry-packaging","status":"publish","type":"product","link":"https:\/\/reanpackaging.com\/da\/vare\/high-grade-pu-leather-jewellery-packaging-boxes-leather-bracelet-ring-box-jewelry-packaging\/","title":{"rendered":"H\u00f8jkvalitets PU-l\u00e6der smykkeemballage\u00e6sker L\u00e6derarmb\u00e5nd Ring\u00e6ske Smykkeemballage"},"content":{"rendered":"<h4>Branchespecifikke egenskaber<\/h4>\n<table border=\"1\">\n<tbody>\n<tr>\n<td><strong>Smykkeskrin Materiale<\/strong><\/td>\n<td>PU-l\u00e6der og fl\u00f8jl<\/td>\n<\/tr>\n<\/tbody>\n<\/table>\n<h4>Andre egenskaber<\/h4>\n<table border=\"1\">\n<tbody>\n<tr>\n<td><strong>st\u00f8rrelse<\/strong><\/td>\n<td>St\u00f8rrelse p\u00e5 vedh\u00e6ngsboks: 7,3 * 8,4 * 3,5 cm<\/td>\n<\/tr>\n<tr>\n<td><strong>Materiale<\/strong><\/td>\n<td>PU-l\u00e6der og flannelette<\/td>\n<\/tr>\n<tr>\n<td><strong>Anvendelse<\/strong><\/td>\n<td>Smykkeudstilling og -opbevaring,Gave<\/td>\n<\/tr>\n<tr>\n<td><strong>Funktion<\/strong><\/td>\n<td>Luksus Elegance Enkelhed<\/td>\n<\/tr>\n<tr>\n<td><strong>Anvendelse<\/strong><\/td>\n<td>Halsk\u00e6de \u00d8reringe Ringe Armb\u00e5nd Organizer<\/td>\n<\/tr>\n<tr>\n<td><strong>Stil<\/strong><\/td>\n<td>Klassisk elegant luksus<\/td>\n<\/tr>\n<tr>\n<td><strong>Type<\/strong><\/td>\n<td>Smykkeskrin til udstilling<\/td>\n<\/tr>\n<tr>\n<td><strong>Brug<\/strong><\/td>\n<td>Halsk\u00e6de Armb\u00e5nd Smykkedisplay<\/td>\n<\/tr>\n<tr>\n<td><strong>Design<\/strong><\/td>\n<td>Accepter tilpassede designs<\/td>\n<\/tr>\n<\/tbody>\n<\/table>\n<p><img decoding=\"async\" class=\"detail-desc-decorate-image\" style=\"max-width: 100%; height: auto; display: block; margin: 0 auto;\" src=\"https:\/\/reanpackaging.com\/wp-content\/uploads\/2025\/01\/1-description-High-Grade-PU-Leather-Jewellery-Packaging-Boxes-Leather-Bracelet-Ring-Box-Jewelry-Packaging.jpg\" \/><br \/>\n<img decoding=\"async\" class=\"detail-desc-decorate-image\" style=\"max-width: 100%; height: auto; display: block; margin: 0 auto;\" src=\"https:\/\/reanpackaging.com\/wp-content\/uploads\/2025\/01\/2-description-High-Grade-PU-Leather-Jewellery-Packaging-Boxes-Leather-Bracelet-Ring-Box-Jewelry-Packaging.jpg\" \/><br \/>\n<img decoding=\"async\" class=\"detail-desc-decorate-image\" style=\"max-width: 100%; height: auto; display: block; margin: 0 auto;\" src=\"https:\/\/reanpackaging.com\/wp-content\/uploads\/2025\/01\/3-description-High-Grade-PU-Leather-Jewellery-Packaging-Boxes-Leather-Bracelet-Ring-Box-Jewelry-Packaging.jpg\" \/><br \/>\n<img decoding=\"async\" class=\"detail-desc-decorate-image\" style=\"max-width: 100%; height: auto; display: block; margin: 0 auto;\" src=\"https:\/\/reanpackaging.com\/wp-content\/uploads\/2025\/01\/4-description-High-Grade-PU-Leather-Jewellery-Packaging-Boxes-Leather-Bracelet-Ring-Box-Jewelry-Packaging.jpg\" \/><br \/>\n<img decoding=\"async\" class=\"detail-desc-decorate-image\" style=\"max-width: 100%; height: auto; display: block; margin: 0 auto;\" src=\"https:\/\/reanpackaging.com\/wp-content\/uploads\/2025\/01\/5-description-High-Grade-PU-Leather-Jewellery-Packaging-Boxes-Leather-Bracelet-Ring-Box-Jewelry-Packaging.jpg\" \/><\/p>","protected":false},"excerpt":{"rendered":"<p>Industry-Specific Attributes Jewelry Boxes Material PU Leather And Velvet Other Attributes size Pendant Box Size: 7.3*8.4*3.5CM Material PU Leather And Flannelette Usage Jewelry Display And Storage,Gift Feature Luxury Elegance Simplicity Application Necklace Earrings Rings Bracelet Organizer Style Classic Elegant Luxury Type Jewelery Display Box Use Necklace Bracelet Jewelry Display Design Accept Customized Designs<\/p>","protected":false},"featured_media":36217,"template":"","meta":{"_seopress_robots_primary_cat":"none","_seopress_titles_title":"High Grade PU Leather Jewellery Packaging Boxes Leather Bracelet Ring Box Jewelry Packaging","_seopress_titles_desc":"","_seopress_robots_index":"","site-sidebar-layout":"default","site-content-layout":"","ast-site-content-layout":"default","site-content-style":"default","site-sidebar-style":"default","ast-global-header-display":"","ast-banner-title-visibility":"","ast-main-header-display":"","ast-hfb-above-header-display":"","ast-hfb-below-header-display":"","ast-hfb-mobile-header-display":"","site-post-title":"","ast-breadcrumbs-content":"","ast-featured-img":"","footer-sml-layout":"","ast-disable-related-posts":"","theme-transparent-header-meta":"default","adv-header-id-meta":"","stick-header-meta":"default","header-above-stick-meta":"","header-main-stick-meta":"","header-below-stick-meta":"","astra-migrate-meta-layouts":"set","ast-page-background-enabled":"default","ast-page-background-meta":{"desktop":{"background-color":"","background-image":"","background-repeat":"repeat","background-position":"center center","background-size":"auto","background-attachment":"scroll","background-type":"","background-media":"","overlay-type":"","overlay-color":"","overlay-opacity":"","overlay-gradient":""},"tablet":{"background-color":"","background-image":"","background-repeat":"repeat","background-position":"center center","background-size":"auto","background-attachment":"scroll","background-type":"","background-media":"","overlay-type":"","overlay-color":"","overlay-opacity":"","overlay-gradient":""},"mobile":{"background-color":"","background-image":"","background-repeat":"repeat","background-position":"center center","background-size":"auto","background-attachment":"scroll","background-type":"","background-media":"","overlay-type":"","overlay-color":"","overlay-opacity":"","overlay-gradient":""}},"ast-content-background-meta":{"desktop":{"background-color":"var(--ast-global-color-5)","background-image":"","background-repeat":"repeat","background-position":"center center","background-size":"auto","background-attachment":"scroll","background-type":"","background-media":"","overlay-type":"","overlay-color":"","overlay-opacity":"","overlay-gradient":""},"tablet":{"background-color":"var(--ast-global-color-5)","background-image":"","background-repeat":"repeat","background-position":"center center","background-size":"auto","background-attachment":"scroll","background-type":"","background-media":"","overlay-type":"","overlay-color":"","overlay-opacity":"","overlay-gradient":""},"mobile":{"background-color":"var(--ast-global-color-5)","background-image":"","background-repeat":"repeat","background-position":"center center","background-size":"auto","background-attachment":"scroll","background-type":"","background-media":"","overlay-type":"","overlay-color":"","overlay-opacity":"","overlay-gradient":""}}},"product_brand":[],"product_cat":[86],"product_tag":[],"class_list":{"0":"post-36354","1":"product","2":"type-product","3":"status-publish","4":"has-post-thumbnail","6":"product_cat-bracelet-box","7":"desktop-align-left","8":"tablet-align-left","9":"mobile-align-left","10":"ast-product-gallery-layout-horizontal","11":"ast-product-tabs-layout-horizontal","13":"first","14":"instock","15":"product-type-simple"},"_links":{"self":[{"href":"https:\/\/reanpackaging.com\/da\/wp-json\/wp\/v2\/product\/36354","targetHints":{"allow":["GET"]}}],"collection":[{"href":"https:\/\/reanpackaging.com\/da\/wp-json\/wp\/v2\/product"}],"about":[{"href":"https:\/\/reanpackaging.com\/da\/wp-json\/wp\/v2\/types\/product"}],"wp:featuredmedia":[{"embeddable":true,"href":"https:\/\/reanpackaging.com\/da\/wp-json\/wp\/v2\/media\/36217"}],"wp:attachment":[{"href":"https:\/\/reanpackaging.com\/da\/wp-json\/wp\/v2\/media?parent=36354"}],"wp:term":[{"taxonomy":"product_brand","embeddable":true,"href":"https:\/\/reanpackaging.com\/da\/wp-json\/wp\/v2\/product_brand?post=36354"},{"taxonomy":"product_cat","embeddable":true,"href":"https:\/\/reanpackaging.com\/da\/wp-json\/wp\/v2\/product_cat?post=36354"},{"taxonomy":"product_tag","embeddable":true,"href":"https:\/\/reanpackaging.com\/da\/wp-json\/wp\/v2\/product_tag?post=36354"}],"curies":[{"name":"wp","href":"https:\/\/api.w.org\/{rel}","templated":true}]}}